{"id":120060,"date":"2023-06-15T15:56:00","date_gmt":"2023-06-15T13:56:00","guid":{"rendered":"https:\/\/leathermed.pl\/sklep\/leather-bonder\/"},"modified":"2024-01-09T17:30:52","modified_gmt":"2024-01-09T16:30:52","slug":"leather-bonder","status":"publish","type":"product","link":"https:\/\/leathermed.pl\/en\/e-sklep\/leather-bonder\/","title":{"rendered":"Leather Filler Paste Black 25ml &#8211; Szpachla do sk\u00f3ry czarna"},"content":{"rendered":"<h2>Leather Filler Paste \u2013 szpachla do sk\u00f3ry<\/h2>\n<p><strong>Szpachla do sk\u00f3ry Leather Filler Paste<\/strong> to nowoczesny produkt, idealnie sprawdzaj\u0105cy si\u0119 przy naprawie sk\u00f3ry czy ekosk\u00f3ry. Produkt rekomendowany jest do wype\u0142niania ubytk\u00f3w takich jak: dziury, zadrapania, rozci\u0119cia, sp\u0119kania, g\u0142\u0119bokie marszczenia.<\/p>\n<h3>Dlaczego warto wybra\u0107 nasz produkt?<\/h3>\n<ul>\n<li><strong><b>\ud83d\udc49<\/b>skuteczno\u015b\u0107-<\/strong> Rewelacyjne wype\u0142nianie wszelkich ubytk\u00f3w w sk\u00f3rze, trwa\u0142a naprawa, elastyczna formu\u0142a.<\/li>\n<li><strong><b>\ud83d\udc49<\/b>uniwersalno\u015b\u0107<\/strong>&#8211; Leather Filler Paste \u015bwietnie sprawdzi si\u0119 w naprawie czy renowacji sk\u00f3r samochodowych, meblowych, galanterii czy torebek.<\/li>\n<\/ul>\n<h3>Jak u\u017cywa\u0107 szpachli Leather Filler Paste? To takie proste!<\/h3>\n<ul>\n<li>Przed na\u0142o\u017ceniem szpachli Leather Filler Paste, dok\u0142adnie oczy\u015b\u0107 powierzchni\u0119 naprawianej sk\u00f3ry\/ekosk\u00f3ry preparatami Leather Pro Cleaner lub Leather Foam Cleaner. Produkty s\u0105 dost\u0119pne na innych naszych aukcjach.<\/li>\n<li>Odt\u0142u\u015b\u0107 naprawian\u0105 powierzchni\u0119 przy pomocy Leather Grease Remover \u2013 zwi\u0119kszy to przyczepno\u015b\u0107 wype\u0142niacza.<\/li>\n<li>Nanie\u015b produkt Leather Filler Paste na such\u0105 sk\u00f3r\u0119\/ekosk\u00f3r\u0119 za pomoc\u0105 szpachelki lub aplikatora. W przypadku g\u0142\u0119bszych ubytk\u00f3w wype\u0142niaj je stopniowo, nak\u0142adaj\u0105c cienkie warstwy. Dobrze wysusz ka\u017cd\u0105 warstw\u0119 po na\u0142o\u017ceniu.<\/li>\n<li>Po zako\u0144czeniu wype\u0142niania ubytk\u00f3w oraz dok\u0142adnym wysuszeniu wype\u0142niacza pomaluj sk\u00f3r\u0119\/ekosk\u00f3r\u0119 farb\u0105 Leather Pro Colourant. Po malowaniu zabezpiecz farb\u0119 lakierem do sk\u00f3r Leather Top Finish \u2013 zapewni to d\u0142ugotrwa\u0142e utrzymanie efekt\u00f3w.<\/li>\n<\/ul>\n","protected":false},"excerpt":{"rendered":"<p>Leather Filler Paste &#8211; elastyczna pasta do wype\u0142niania ubytk\u00f3w w sk\u00f3rze i ekosk\u00f3rze.<\/p>\n","protected":false},"featured_media":121840,"template":"","meta":{"_acf_changed":false},"product_brand":[],"product_cat":[239],"product_tag":[],"class_list":{"0":"post-120060","1":"product","2":"type-product","3":"status-publish","4":"has-post-thumbnail","6":"product_cat-leather-renovation","8":"first","9":"instock","10":"taxable","11":"shipping-taxable","12":"purchasable","13":"product-type-simple"},"acf":[],"yoast_head":"<!-- This site is optimized with the Yoast SEO plugin v23.6 - https:\/\/yoast.com\/wordpress\/plugins\/seo\/ -->\n<title>Leather Filler Paste Black 25ml - Szpachla do sk\u00f3ry czarna - Leathermed<\/title>\n<meta name=\"robots\" content=\"index, follow, max-snippet:-1, max-image-preview:large, max-video-preview:-1\" \/>\n<link rel=\"canonical\" href=\"https:\/\/leathermed.pl\/en\/e-sklep\/leather-bonder\/\" \/>\n<meta property=\"og:locale\" content=\"en_US\" \/>\n<meta property=\"og:type\" content=\"article\" \/>\n<meta property=\"og:title\" content=\"Leather Filler Paste Black 25ml - Szpachla do sk\u00f3ry czarna - Leathermed\" \/>\n<meta property=\"og:description\" content=\"Leather Filler Paste - elastyczna pasta do wype\u0142niania ubytk\u00f3w w sk\u00f3rze i ekosk\u00f3rze.\" \/>\n<meta property=\"og:url\" content=\"https:\/\/leathermed.pl\/en\/e-sklep\/leather-bonder\/\" \/>\n<meta property=\"og:site_name\" content=\"Leathermed\" \/>\n<meta property=\"article:publisher\" content=\"https:\/\/www.facebook.com\/p\/Leathermed-61557229173629\/\" \/>\n<meta property=\"article:modified_time\" content=\"2024-01-09T16:30:52+00:00\" \/>\n<meta property=\"og:image\" content=\"https:\/\/leathermed.pl\/wp-content\/uploads\/2023\/06\/25ml-CZARNA-Leather-Filler-Paste-BLACK-zestaw.png\" \/>\n\t<meta property=\"og:image:width\" content=\"600\" \/>\n\t<meta property=\"og:image:height\" content=\"600\" \/>\n\t<meta property=\"og:image:type\" content=\"image\/png\" \/>\n<meta name=\"twitter:card\" content=\"summary_large_image\" \/>\n<meta name=\"twitter:label1\" content=\"Est. reading time\" \/>\n\t<meta name=\"twitter:data1\" content=\"1 minute\" \/>\n<script type=\"application\/ld+json\" class=\"yoast-schema-graph\">{\"@context\":\"https:\/\/schema.org\",\"@graph\":[{\"@type\":\"WebPage\",\"@id\":\"https:\/\/leathermed.pl\/en\/e-sklep\/leather-bonder\/\",\"url\":\"https:\/\/leathermed.pl\/en\/e-sklep\/leather-bonder\/\",\"name\":\"Leather Filler Paste Black 25ml - Szpachla do sk\u00f3ry czarna - Leathermed\",\"isPartOf\":{\"@id\":\"https:\/\/leathermed.pl\/#website\"},\"primaryImageOfPage\":{\"@id\":\"https:\/\/leathermed.pl\/en\/e-sklep\/leather-bonder\/#primaryimage\"},\"image\":{\"@id\":\"https:\/\/leathermed.pl\/en\/e-sklep\/leather-bonder\/#primaryimage\"},\"thumbnailUrl\":\"https:\/\/leathermed.pl\/wp-content\/uploads\/2023\/06\/25ml-CZARNA-Leather-Filler-Paste-BLACK-zestaw.png\",\"datePublished\":\"2023-06-15T13:56:00+00:00\",\"dateModified\":\"2024-01-09T16:30:52+00:00\",\"breadcrumb\":{\"@id\":\"https:\/\/leathermed.pl\/en\/e-sklep\/leather-bonder\/#breadcrumb\"},\"inLanguage\":\"en-US\",\"potentialAction\":[{\"@type\":\"ReadAction\",\"target\":[\"https:\/\/leathermed.pl\/en\/e-sklep\/leather-bonder\/\"]}]},{\"@type\":\"ImageObject\",\"inLanguage\":\"en-US\",\"@id\":\"https:\/\/leathermed.pl\/en\/e-sklep\/leather-bonder\/#primaryimage\",\"url\":\"https:\/\/leathermed.pl\/wp-content\/uploads\/2023\/06\/25ml-CZARNA-Leather-Filler-Paste-BLACK-zestaw.png\",\"contentUrl\":\"https:\/\/leathermed.pl\/wp-content\/uploads\/2023\/06\/25ml-CZARNA-Leather-Filler-Paste-BLACK-zestaw.png\",\"width\":600,\"height\":600},{\"@type\":\"BreadcrumbList\",\"@id\":\"https:\/\/leathermed.pl\/en\/e-sklep\/leather-bonder\/#breadcrumb\",\"itemListElement\":[{\"@type\":\"ListItem\",\"position\":1,\"name\":\"Strona g\u0142\u00f3wna\",\"item\":\"https:\/\/leathermed.pl\/en\/\"},{\"@type\":\"ListItem\",\"position\":2,\"name\":\"E-shop\",\"item\":\"https:\/\/leathermed.pl\/en\/e-sklep\/\"},{\"@type\":\"ListItem\",\"position\":3,\"name\":\"Leather Filler Paste Black 25ml &#8211; Szpachla do sk\u00f3ry czarna\"}]},{\"@type\":\"WebSite\",\"@id\":\"https:\/\/leathermed.pl\/#website\",\"url\":\"https:\/\/leathermed.pl\/\",\"name\":\"Leathermed\",\"description\":\"\",\"publisher\":{\"@id\":\"https:\/\/leathermed.pl\/#organization\"},\"potentialAction\":[{\"@type\":\"SearchAction\",\"target\":{\"@type\":\"EntryPoint\",\"urlTemplate\":\"https:\/\/leathermed.pl\/?s={search_term_string}\"},\"query-input\":{\"@type\":\"PropertyValueSpecification\",\"valueRequired\":true,\"valueName\":\"search_term_string\"}}],\"inLanguage\":\"en-US\"},{\"@type\":\"Organization\",\"@id\":\"https:\/\/leathermed.pl\/#organization\",\"name\":\"Leathermed\",\"url\":\"https:\/\/leathermed.pl\/\",\"logo\":{\"@type\":\"ImageObject\",\"inLanguage\":\"en-US\",\"@id\":\"https:\/\/leathermed.pl\/#\/schema\/logo\/image\/\",\"url\":\"https:\/\/leathermed.pl\/wp-content\/uploads\/2023\/10\/Logo_Easy-Resize.com_.jpg\",\"contentUrl\":\"https:\/\/leathermed.pl\/wp-content\/uploads\/2023\/10\/Logo_Easy-Resize.com_.jpg\",\"width\":787,\"height\":600,\"caption\":\"Leathermed\"},\"image\":{\"@id\":\"https:\/\/leathermed.pl\/#\/schema\/logo\/image\/\"},\"sameAs\":[\"https:\/\/www.facebook.com\/p\/Leathermed-61557229173629\/\"]}]}<\/script>\n<!-- \/ Yoast SEO plugin. -->","yoast_head_json":{"title":"Leather Filler Paste Black 25ml - Szpachla do sk\u00f3ry czarna - Leathermed","robots":{"index":"index","follow":"follow","max-snippet":"max-snippet:-1","max-image-preview":"max-image-preview:large","max-video-preview":"max-video-preview:-1"},"canonical":"https:\/\/leathermed.pl\/en\/e-sklep\/leather-bonder\/","og_locale":"en_US","og_type":"article","og_title":"Leather Filler Paste Black 25ml - Szpachla do sk\u00f3ry czarna - Leathermed","og_description":"Leather Filler Paste - elastyczna pasta do wype\u0142niania ubytk\u00f3w w sk\u00f3rze i ekosk\u00f3rze.","og_url":"https:\/\/leathermed.pl\/en\/e-sklep\/leather-bonder\/","og_site_name":"Leathermed","article_publisher":"https:\/\/www.facebook.com\/p\/Leathermed-61557229173629\/","article_modified_time":"2024-01-09T16:30:52+00:00","og_image":[{"width":600,"height":600,"url":"https:\/\/leathermed.pl\/wp-content\/uploads\/2023\/06\/25ml-CZARNA-Leather-Filler-Paste-BLACK-zestaw.png","type":"image\/png"}],"twitter_card":"summary_large_image","twitter_misc":{"Est. reading time":"1 minute"},"schema":{"@context":"https:\/\/schema.org","@graph":[{"@type":"WebPage","@id":"https:\/\/leathermed.pl\/en\/e-sklep\/leather-bonder\/","url":"https:\/\/leathermed.pl\/en\/e-sklep\/leather-bonder\/","name":"Leather Filler Paste Black 25ml - Szpachla do sk\u00f3ry czarna - Leathermed","isPartOf":{"@id":"https:\/\/leathermed.pl\/#website"},"primaryImageOfPage":{"@id":"https:\/\/leathermed.pl\/en\/e-sklep\/leather-bonder\/#primaryimage"},"image":{"@id":"https:\/\/leathermed.pl\/en\/e-sklep\/leather-bonder\/#primaryimage"},"thumbnailUrl":"https:\/\/leathermed.pl\/wp-content\/uploads\/2023\/06\/25ml-CZARNA-Leather-Filler-Paste-BLACK-zestaw.png","datePublished":"2023-06-15T13:56:00+00:00","dateModified":"2024-01-09T16:30:52+00:00","breadcrumb":{"@id":"https:\/\/leathermed.pl\/en\/e-sklep\/leather-bonder\/#breadcrumb"},"inLanguage":"en-US","potentialAction":[{"@type":"ReadAction","target":["https:\/\/leathermed.pl\/en\/e-sklep\/leather-bonder\/"]}]},{"@type":"ImageObject","inLanguage":"en-US","@id":"https:\/\/leathermed.pl\/en\/e-sklep\/leather-bonder\/#primaryimage","url":"https:\/\/leathermed.pl\/wp-content\/uploads\/2023\/06\/25ml-CZARNA-Leather-Filler-Paste-BLACK-zestaw.png","contentUrl":"https:\/\/leathermed.pl\/wp-content\/uploads\/2023\/06\/25ml-CZARNA-Leather-Filler-Paste-BLACK-zestaw.png","width":600,"height":600},{"@type":"BreadcrumbList","@id":"https:\/\/leathermed.pl\/en\/e-sklep\/leather-bonder\/#breadcrumb","itemListElement":[{"@type":"ListItem","position":1,"name":"Strona g\u0142\u00f3wna","item":"https:\/\/leathermed.pl\/en\/"},{"@type":"ListItem","position":2,"name":"E-shop","item":"https:\/\/leathermed.pl\/en\/e-sklep\/"},{"@type":"ListItem","position":3,"name":"Leather Filler Paste Black 25ml &#8211; Szpachla do sk\u00f3ry czarna"}]},{"@type":"WebSite","@id":"https:\/\/leathermed.pl\/#website","url":"https:\/\/leathermed.pl\/","name":"Leathermed","description":"","publisher":{"@id":"https:\/\/leathermed.pl\/#organization"},"potentialAction":[{"@type":"SearchAction","target":{"@type":"EntryPoint","urlTemplate":"https:\/\/leathermed.pl\/?s={search_term_string}"},"query-input":{"@type":"PropertyValueSpecification","valueRequired":true,"valueName":"search_term_string"}}],"inLanguage":"en-US"},{"@type":"Organization","@id":"https:\/\/leathermed.pl\/#organization","name":"Leathermed","url":"https:\/\/leathermed.pl\/","logo":{"@type":"ImageObject","inLanguage":"en-US","@id":"https:\/\/leathermed.pl\/#\/schema\/logo\/image\/","url":"https:\/\/leathermed.pl\/wp-content\/uploads\/2023\/10\/Logo_Easy-Resize.com_.jpg","contentUrl":"https:\/\/leathermed.pl\/wp-content\/uploads\/2023\/10\/Logo_Easy-Resize.com_.jpg","width":787,"height":600,"caption":"Leathermed"},"image":{"@id":"https:\/\/leathermed.pl\/#\/schema\/logo\/image\/"},"sameAs":["https:\/\/www.facebook.com\/p\/Leathermed-61557229173629\/"]}]}},"_links":{"self":[{"href":"https:\/\/leathermed.pl\/en\/wp-json\/wp\/v2\/product\/120060","targetHints":{"allow":["GET"]}}],"collection":[{"href":"https:\/\/leathermed.pl\/en\/wp-json\/wp\/v2\/product"}],"about":[{"href":"https:\/\/leathermed.pl\/en\/wp-json\/wp\/v2\/types\/product"}],"wp:featuredmedia":[{"embeddable":true,"href":"https:\/\/leathermed.pl\/en\/wp-json\/wp\/v2\/media\/121840"}],"wp:attachment":[{"href":"https:\/\/leathermed.pl\/en\/wp-json\/wp\/v2\/media?parent=120060"}],"wp:term":[{"taxonomy":"product_brand","embeddable":true,"href":"https:\/\/leathermed.pl\/en\/wp-json\/wp\/v2\/product_brand?post=120060"},{"taxonomy":"product_cat","embeddable":true,"href":"https:\/\/leathermed.pl\/en\/wp-json\/wp\/v2\/product_cat?post=120060"},{"taxonomy":"product_tag","embeddable":true,"href":"https:\/\/leathermed.pl\/en\/wp-json\/wp\/v2\/product_tag?post=120060"}],"curies":[{"name":"wp","href":"https:\/\/api.w.org\/{rel}","templated":true}]}}