{"id":120036,"date":"2023-10-06T17:24:32","date_gmt":"2023-10-06T15:24:32","guid":{"rendered":"https:\/\/leathermed.pl\/sklep\/leather-fresh-mist\/"},"modified":"2023-12-05T10:45:37","modified_gmt":"2023-12-05T09:45:37","slug":"leather-fresh-mist","status":"publish","type":"product","link":"https:\/\/leathermed.pl\/en\/e-sklep\/leather-fresh-mist\/","title":{"rendered":"Leather Fresh Mist &#8211; Fresh Leather Scent Refresher"},"content":{"rendered":"<h2><strong>Leather Fresh Mist &#8211; Fresh Leather Scent Refresher<\/strong><\/h2>\n<p><strong>Leather Fresh Mist<\/strong> is a scented refresher that fills spaces with the natural and traditional scent of fresh new leather. It transforms interiors, giving them the distinctive fragrance of luxurious, natural leather.<\/p>\n<h3>Why choose our product?<\/h3>\n<ul>\n<li><strong><b>\ud83d\udc49<\/b><\/strong>Quality: The refresher is formulated with authentic aromas, providing an elegant scent of new leather.<\/li>\n<li><strong><b>\ud83d\udc49<\/b><\/strong>Convenience: The scent is ready to use; simply spray and enjoy the fragrance.<\/li>\n<li><strong><b>\ud83d\udc49<\/b><\/strong>Versatility: You can use the product in various places, making it perfect for leather-focused stores, cars, or even as a home air freshener.<\/li>\n<\/ul>\n<h3><span class=\"HwtZe\" lang=\"en\"><span class=\"jCAhz ChMk0b\"><span class=\"ryNqvb\">How to use the Leather Fresh Mist air freshener?<\/span><\/span> <span class=\"jCAhz ChMk0b\"><span class=\"ryNqvb\">It&#8217;s so simple!<\/span><\/span><\/span><\/h3>\n<h3>Shake the product before use, then:<\/h3>\n<ol>\n<li><strong>AT HOME:<\/strong> Spray the refresher around the entry doors. This will allow people entering to experience the scent of fresh, natural leather. You can also use the product to eliminate unpleasant odors by spraying it inside the room.<\/li>\n<li><strong>IN THE CAR<\/strong>: Spray Leather Fresh Mist under the seats or introduce it into the car&#8217;s ventilation grilles. This will make the entire car smell like leather.<\/li>\n<li><strong>IN STORE:<\/strong> Spray the product around the entrance of the store that sells leather products. This will immediately greet customers with the scent of leather, positively influencing their perception of your offered products.<\/li>\n<\/ol>\n<p><strong>Do not spray the refresher directly on leather or wipe leather with product-soaked materials. Do not spray on synthetic materials.<\/strong><\/p>\n<p>&nbsp;<\/p>\n","protected":false},"excerpt":{"rendered":"<p>Leather Fresh Mist &#8211; Fresh Leather Scent Refresher Leather Fresh Mist is a scented refresher that fills spaces with the [&hellip;]<\/p>\n","protected":false},"featured_media":121820,"template":"","meta":{"_acf_changed":false},"product_brand":[],"product_cat":[241],"product_tag":[],"class_list":{"0":"post-120036","1":"product","2":"type-product","3":"status-publish","4":"has-post-thumbnail","6":"product_cat-leather-care","8":"first","9":"instock","10":"taxable","11":"shipping-taxable","12":"purchasable","13":"product-type-simple"},"acf":[],"yoast_head":"<!-- This site is optimized with the Yoast SEO plugin v23.6 - https:\/\/yoast.com\/wordpress\/plugins\/seo\/ -->\n<title>Leather Fresh Mist - Fresh Leather Scent Refresher - Leathermed<\/title>\n<meta name=\"robots\" content=\"index, follow, max-snippet:-1, max-image-preview:large, max-video-preview:-1\" \/>\n<link rel=\"canonical\" href=\"https:\/\/leathermed.pl\/e-sklep\/odswiezacz-o-zapachu-skory-leather-fresh-mist\/\" \/>\n<meta property=\"og:locale\" content=\"en_US\" \/>\n<meta property=\"og:type\" content=\"article\" \/>\n<meta property=\"og:title\" content=\"Leather Fresh Mist - Fresh Leather Scent Refresher - Leathermed\" \/>\n<meta property=\"og:description\" content=\"Leather Fresh Mist &#8211; Fresh Leather Scent Refresher Leather Fresh Mist is a scented refresher that fills spaces with the [&hellip;]\" \/>\n<meta property=\"og:url\" content=\"https:\/\/leathermed.pl\/e-sklep\/odswiezacz-o-zapachu-skory-leather-fresh-mist\/\" \/>\n<meta property=\"og:site_name\" content=\"Leathermed\" \/>\n<meta property=\"article:publisher\" content=\"https:\/\/www.facebook.com\/p\/Leathermed-61557229173629\/\" \/>\n<meta property=\"article:modified_time\" content=\"2023-12-05T09:45:37+00:00\" \/>\n<meta property=\"og:image\" content=\"https:\/\/leathermed.pl\/wp-content\/uploads\/2023\/10\/Leather-Fresh-Mist_Easy-Resize.com_.png\" \/>\n\t<meta property=\"og:image:width\" content=\"600\" \/>\n\t<meta property=\"og:image:height\" content=\"600\" \/>\n\t<meta property=\"og:image:type\" content=\"image\/png\" \/>\n<meta name=\"twitter:card\" content=\"summary_large_image\" \/>\n<meta name=\"twitter:label1\" content=\"Est. reading time\" \/>\n\t<meta name=\"twitter:data1\" content=\"1 minute\" \/>\n<script type=\"application\/ld+json\" class=\"yoast-schema-graph\">{\"@context\":\"https:\/\/schema.org\",\"@graph\":[{\"@type\":\"WebPage\",\"@id\":\"https:\/\/leathermed.pl\/e-sklep\/odswiezacz-o-zapachu-skory-leather-fresh-mist\/\",\"url\":\"https:\/\/leathermed.pl\/e-sklep\/odswiezacz-o-zapachu-skory-leather-fresh-mist\/\",\"name\":\"Leather Fresh Mist - Fresh Leather Scent Refresher - Leathermed\",\"isPartOf\":{\"@id\":\"https:\/\/leathermed.pl\/#website\"},\"primaryImageOfPage\":{\"@id\":\"https:\/\/leathermed.pl\/e-sklep\/odswiezacz-o-zapachu-skory-leather-fresh-mist\/#primaryimage\"},\"image\":{\"@id\":\"https:\/\/leathermed.pl\/e-sklep\/odswiezacz-o-zapachu-skory-leather-fresh-mist\/#primaryimage\"},\"thumbnailUrl\":\"https:\/\/leathermed.pl\/wp-content\/uploads\/2023\/10\/Leather-Fresh-Mist_Easy-Resize.com_.png\",\"datePublished\":\"2023-10-06T15:24:32+00:00\",\"dateModified\":\"2023-12-05T09:45:37+00:00\",\"breadcrumb\":{\"@id\":\"https:\/\/leathermed.pl\/e-sklep\/odswiezacz-o-zapachu-skory-leather-fresh-mist\/#breadcrumb\"},\"inLanguage\":\"en-US\",\"potentialAction\":[{\"@type\":\"ReadAction\",\"target\":[\"https:\/\/leathermed.pl\/e-sklep\/odswiezacz-o-zapachu-skory-leather-fresh-mist\/\"]}]},{\"@type\":\"ImageObject\",\"inLanguage\":\"en-US\",\"@id\":\"https:\/\/leathermed.pl\/e-sklep\/odswiezacz-o-zapachu-skory-leather-fresh-mist\/#primaryimage\",\"url\":\"https:\/\/leathermed.pl\/wp-content\/uploads\/2023\/10\/Leather-Fresh-Mist_Easy-Resize.com_.png\",\"contentUrl\":\"https:\/\/leathermed.pl\/wp-content\/uploads\/2023\/10\/Leather-Fresh-Mist_Easy-Resize.com_.png\",\"width\":600,\"height\":600,\"caption\":\"Od\u015bwie\u017cacz o zapachu sk\u00f3ry\"},{\"@type\":\"BreadcrumbList\",\"@id\":\"https:\/\/leathermed.pl\/e-sklep\/odswiezacz-o-zapachu-skory-leather-fresh-mist\/#breadcrumb\",\"itemListElement\":[{\"@type\":\"ListItem\",\"position\":1,\"name\":\"Strona g\u0142\u00f3wna\",\"item\":\"https:\/\/leathermed.pl\/en\/\"},{\"@type\":\"ListItem\",\"position\":2,\"name\":\"E-shop\",\"item\":\"https:\/\/leathermed.pl\/en\/e-sklep\/\"},{\"@type\":\"ListItem\",\"position\":3,\"name\":\"Leather Fresh Mist &#8211; Fresh Leather Scent Refresher\"}]},{\"@type\":\"WebSite\",\"@id\":\"https:\/\/leathermed.pl\/#website\",\"url\":\"https:\/\/leathermed.pl\/\",\"name\":\"Leathermed\",\"description\":\"\",\"publisher\":{\"@id\":\"https:\/\/leathermed.pl\/#organization\"},\"potentialAction\":[{\"@type\":\"SearchAction\",\"target\":{\"@type\":\"EntryPoint\",\"urlTemplate\":\"https:\/\/leathermed.pl\/?s={search_term_string}\"},\"query-input\":{\"@type\":\"PropertyValueSpecification\",\"valueRequired\":true,\"valueName\":\"search_term_string\"}}],\"inLanguage\":\"en-US\"},{\"@type\":\"Organization\",\"@id\":\"https:\/\/leathermed.pl\/#organization\",\"name\":\"Leathermed\",\"url\":\"https:\/\/leathermed.pl\/\",\"logo\":{\"@type\":\"ImageObject\",\"inLanguage\":\"en-US\",\"@id\":\"https:\/\/leathermed.pl\/#\/schema\/logo\/image\/\",\"url\":\"https:\/\/leathermed.pl\/wp-content\/uploads\/2023\/10\/Logo_Easy-Resize.com_.jpg\",\"contentUrl\":\"https:\/\/leathermed.pl\/wp-content\/uploads\/2023\/10\/Logo_Easy-Resize.com_.jpg\",\"width\":787,\"height\":600,\"caption\":\"Leathermed\"},\"image\":{\"@id\":\"https:\/\/leathermed.pl\/#\/schema\/logo\/image\/\"},\"sameAs\":[\"https:\/\/www.facebook.com\/p\/Leathermed-61557229173629\/\"]}]}<\/script>\n<!-- \/ Yoast SEO plugin. -->","yoast_head_json":{"title":"Leather Fresh Mist - Fresh Leather Scent Refresher - Leathermed","robots":{"index":"index","follow":"follow","max-snippet":"max-snippet:-1","max-image-preview":"max-image-preview:large","max-video-preview":"max-video-preview:-1"},"canonical":"https:\/\/leathermed.pl\/e-sklep\/odswiezacz-o-zapachu-skory-leather-fresh-mist\/","og_locale":"en_US","og_type":"article","og_title":"Leather Fresh Mist - Fresh Leather Scent Refresher - Leathermed","og_description":"Leather Fresh Mist &#8211; Fresh Leather Scent Refresher Leather Fresh Mist is a scented refresher that fills spaces with the [&hellip;]","og_url":"https:\/\/leathermed.pl\/e-sklep\/odswiezacz-o-zapachu-skory-leather-fresh-mist\/","og_site_name":"Leathermed","article_publisher":"https:\/\/www.facebook.com\/p\/Leathermed-61557229173629\/","article_modified_time":"2023-12-05T09:45:37+00:00","og_image":[{"width":600,"height":600,"url":"https:\/\/leathermed.pl\/wp-content\/uploads\/2023\/10\/Leather-Fresh-Mist_Easy-Resize.com_.png","type":"image\/png"}],"twitter_card":"summary_large_image","twitter_misc":{"Est. reading time":"1 minute"},"schema":{"@context":"https:\/\/schema.org","@graph":[{"@type":"WebPage","@id":"https:\/\/leathermed.pl\/e-sklep\/odswiezacz-o-zapachu-skory-leather-fresh-mist\/","url":"https:\/\/leathermed.pl\/e-sklep\/odswiezacz-o-zapachu-skory-leather-fresh-mist\/","name":"Leather Fresh Mist - Fresh Leather Scent Refresher - Leathermed","isPartOf":{"@id":"https:\/\/leathermed.pl\/#website"},"primaryImageOfPage":{"@id":"https:\/\/leathermed.pl\/e-sklep\/odswiezacz-o-zapachu-skory-leather-fresh-mist\/#primaryimage"},"image":{"@id":"https:\/\/leathermed.pl\/e-sklep\/odswiezacz-o-zapachu-skory-leather-fresh-mist\/#primaryimage"},"thumbnailUrl":"https:\/\/leathermed.pl\/wp-content\/uploads\/2023\/10\/Leather-Fresh-Mist_Easy-Resize.com_.png","datePublished":"2023-10-06T15:24:32+00:00","dateModified":"2023-12-05T09:45:37+00:00","breadcrumb":{"@id":"https:\/\/leathermed.pl\/e-sklep\/odswiezacz-o-zapachu-skory-leather-fresh-mist\/#breadcrumb"},"inLanguage":"en-US","potentialAction":[{"@type":"ReadAction","target":["https:\/\/leathermed.pl\/e-sklep\/odswiezacz-o-zapachu-skory-leather-fresh-mist\/"]}]},{"@type":"ImageObject","inLanguage":"en-US","@id":"https:\/\/leathermed.pl\/e-sklep\/odswiezacz-o-zapachu-skory-leather-fresh-mist\/#primaryimage","url":"https:\/\/leathermed.pl\/wp-content\/uploads\/2023\/10\/Leather-Fresh-Mist_Easy-Resize.com_.png","contentUrl":"https:\/\/leathermed.pl\/wp-content\/uploads\/2023\/10\/Leather-Fresh-Mist_Easy-Resize.com_.png","width":600,"height":600,"caption":"Od\u015bwie\u017cacz o zapachu sk\u00f3ry"},{"@type":"BreadcrumbList","@id":"https:\/\/leathermed.pl\/e-sklep\/odswiezacz-o-zapachu-skory-leather-fresh-mist\/#breadcrumb","itemListElement":[{"@type":"ListItem","position":1,"name":"Strona g\u0142\u00f3wna","item":"https:\/\/leathermed.pl\/en\/"},{"@type":"ListItem","position":2,"name":"E-shop","item":"https:\/\/leathermed.pl\/en\/e-sklep\/"},{"@type":"ListItem","position":3,"name":"Leather Fresh Mist &#8211; Fresh Leather Scent Refresher"}]},{"@type":"WebSite","@id":"https:\/\/leathermed.pl\/#website","url":"https:\/\/leathermed.pl\/","name":"Leathermed","description":"","publisher":{"@id":"https:\/\/leathermed.pl\/#organization"},"potentialAction":[{"@type":"SearchAction","target":{"@type":"EntryPoint","urlTemplate":"https:\/\/leathermed.pl\/?s={search_term_string}"},"query-input":{"@type":"PropertyValueSpecification","valueRequired":true,"valueName":"search_term_string"}}],"inLanguage":"en-US"},{"@type":"Organization","@id":"https:\/\/leathermed.pl\/#organization","name":"Leathermed","url":"https:\/\/leathermed.pl\/","logo":{"@type":"ImageObject","inLanguage":"en-US","@id":"https:\/\/leathermed.pl\/#\/schema\/logo\/image\/","url":"https:\/\/leathermed.pl\/wp-content\/uploads\/2023\/10\/Logo_Easy-Resize.com_.jpg","contentUrl":"https:\/\/leathermed.pl\/wp-content\/uploads\/2023\/10\/Logo_Easy-Resize.com_.jpg","width":787,"height":600,"caption":"Leathermed"},"image":{"@id":"https:\/\/leathermed.pl\/#\/schema\/logo\/image\/"},"sameAs":["https:\/\/www.facebook.com\/p\/Leathermed-61557229173629\/"]}]}},"_links":{"self":[{"href":"https:\/\/leathermed.pl\/en\/wp-json\/wp\/v2\/product\/120036","targetHints":{"allow":["GET"]}}],"collection":[{"href":"https:\/\/leathermed.pl\/en\/wp-json\/wp\/v2\/product"}],"about":[{"href":"https:\/\/leathermed.pl\/en\/wp-json\/wp\/v2\/types\/product"}],"wp:featuredmedia":[{"embeddable":true,"href":"https:\/\/leathermed.pl\/en\/wp-json\/wp\/v2\/media\/121820"}],"wp:attachment":[{"href":"https:\/\/leathermed.pl\/en\/wp-json\/wp\/v2\/media?parent=120036"}],"wp:term":[{"taxonomy":"product_brand","embeddable":true,"href":"https:\/\/leathermed.pl\/en\/wp-json\/wp\/v2\/product_brand?post=120036"},{"taxonomy":"product_cat","embeddable":true,"href":"https:\/\/leathermed.pl\/en\/wp-json\/wp\/v2\/product_cat?post=120036"},{"taxonomy":"product_tag","embeddable":true,"href":"https:\/\/leathermed.pl\/en\/wp-json\/wp\/v2\/product_tag?post=120036"}],"curies":[{"name":"wp","href":"https:\/\/api.w.org\/{rel}","templated":true}]}}