{"id":119924,"date":"2023-10-10T13:24:30","date_gmt":"2023-10-10T11:24:30","guid":{"rendered":"https:\/\/leathermed.pl\/sklep\/zestaw-naprawczy-kolor\/"},"modified":"2024-01-17T21:43:40","modified_gmt":"2024-01-17T20:43:40","slug":"zestaw-naprawczy-kolor","status":"publish","type":"product","link":"https:\/\/leathermed.pl\/en\/e-sklep\/zestaw-naprawczy-kolor\/","title":{"rendered":"Leather Colour Matching Repair Kit Kompletny zestaw naprawczy sk\u00f3ry  poprawi\u0107 rozbie\u017cno\u015b\u0107"},"content":{"rendered":"<h2 class=\"western\"><span style=\"color: #00000a;\"><span style=\"font-family: Times New Roman, serif;\"><span style=\"font-size: large;\"><b>Leather Colour Matching Repair Kit \u2013 zestaw naprawczy do sk\u00f3ry\/ekosk\u00f3ry z mo\u017cliwo\u015bci\u0105 dopasowania koloru.<\/b><\/span><\/span><\/span><\/h2>\n<p class=\"western\" align=\"justify\"><span style=\"color: #00000a;\"><span style=\"font-family: Times New Roman, serif;\"><span style=\"font-size: medium;\"><b>Leather Colour Matching Repair Kit \u2013 <\/b><\/span><\/span><\/span><span style=\"color: #00000a;\"><span style=\"font-family: Times New Roman, serif;\"><span style=\"font-size: medium;\"> kompletny zestaw do naprawy sk\u00f3ry\/ekosk\u00f3ry. Wyposa\u017cony we wszystkie niezb\u0119dne produkty i akcesoria, aby przeprowadzi\u0107 napraw\u0119 w prawid\u0142owy spos\u00f3b. Komplet zawiera r\u00f3wnie\u017c bazowy kolor farby i pigmenty, dzi\u0119ki kt\u00f3rym dopasujesz kolor do swojej sk\u00f3ry. Dzi\u0119ki dodanym lakierom Leather Top Finish z \u0142atwo\u015bci\u0105 nadasz pow\u0142oce odpowiedni stopie\u0144 po\u0142ysku, a naprawa b\u0119dzie niezauwa\u017calna.<\/span><\/span><\/span><\/p>\n<h3 class=\"western\" align=\"justify\"><span style=\"color: #00000a;\"><span style=\"font-family: Times New Roman, serif;\"><span style=\"font-size: medium;\"><b>Zawarto\u015b\u0107:<\/b><\/span><\/span><\/span><\/h3>\n<ul>\n<li class=\"western\"><span style=\"color: #00000a;\"><span style=\"font-family: Times New Roman, serif;\"><span style=\"font-size: medium;\">\u2714\ufe0fLeather Grease Remover 30 ml<\/span><\/span><\/span><\/li>\n<li class=\"western\"><span style=\"color: #00000a;\"><span style=\"font-family: Times New Roman, serif;\"><span style=\"font-size: medium;\">\u2714\ufe0fLeather Strong Glue 30 ml<\/span><\/span><\/span><\/li>\n<li class=\"western\"><span style=\"color: #00000a;\"><span style=\"font-family: Times New Roman, serif;\"><span style=\"font-size: medium;\">\u2714\ufe0fLeather Filler Paste 25 ml<\/span><\/span><\/span><\/li>\n<li class=\"western\"><span style=\"color: #00000a;\"><span style=\"font-family: Times New Roman, serif;\"><span style=\"font-size: medium;\">\u2714\ufe0fLeather Pro Coloutant 50 ml<\/span><\/span><\/span><\/li>\n<li class=\"western\"><span style=\"color: #00000a;\"><span style=\"font-family: Times New Roman, serif;\"><span style=\"font-size: medium;\">\u2714\ufe0f5 x 10 ml \u2013 pigmenty do dopasowania koloru<\/span><\/span><\/span><\/li>\n<li class=\"western\"><span style=\"color: #00000a;\"><span style=\"font-family: Times New Roman, serif;\"><span style=\"font-size: medium;\">\u2714\ufe0fLeather Top Finish MAT 30 ml<\/span><\/span><\/span><\/li>\n<li class=\"western\"><span style=\"color: #00000a;\"><span style=\"font-family: Times New Roman, serif;\"><span style=\"font-size: medium;\">\u2714\ufe0fLeather Top Finish PO\u0141YSK 30 ml<\/span><\/span><\/span><\/li>\n<li class=\"western\"><span style=\"color: #00000a;\"><span style=\"font-family: Times New Roman, serif;\"><span style=\"font-size: medium;\">\u2714\ufe0fP\u0142\u00f3tno do podklejenia<\/span><\/span><\/span><\/li>\n<li class=\"western\"><span style=\"color: #00000a;\"><span style=\"font-family: Times New Roman, serif;\"><span style=\"font-size: medium;\">\u2714\ufe0fAplikator do szpachli<\/span><\/span><\/span><\/li>\n<li class=\"western\"><span style=\"color: #00000a;\"><span style=\"font-family: Times New Roman, serif;\"><span style=\"font-size: medium;\">\u2714\ufe0fPapier \u015bcierny na g\u0105bce<\/span><\/span><\/span><\/li>\n<li class=\"western\"><span style=\"color: #00000a;\"><span style=\"font-family: Times New Roman, serif;\"><span style=\"font-size: medium;\">\u2714\ufe0fKubeczek do mieszania<\/span><\/span><\/span><\/li>\n<li class=\"western\"><span style=\"color: #00000a;\"><span style=\"font-family: Times New Roman, serif;\"><span style=\"font-size: medium;\">\u2714\ufe0fMieszade\u0142ko<\/span><\/span><\/span><\/li>\n<li class=\"western\"><span style=\"color: #00000a;\"><span style=\"font-family: Times New Roman, serif;\"><span style=\"font-size: medium;\">\u2714\ufe0f2 x g\u0105bka<\/span><\/span><\/span><\/li>\n<li class=\"western\"><span style=\"color: #00000a;\"><span style=\"font-family: Times New Roman, serif;\"><span style=\"font-size: medium;\">\u2714\ufe0f\u015aciereczka z mikrofibry<\/span><\/span><\/span><\/li>\n<li class=\"western\"><span style=\"color: #00000a;\"><span style=\"font-family: Times New Roman, serif;\"><span style=\"font-size: medium;\">\u2714\ufe0fInstrukcja stosowania<\/span><\/span><\/span><\/li>\n<\/ul>\n<p class=\"western\" align=\"justify\"><b>Leather Grease Remover<\/b> &#8211; \u015brodek, przeznaczony do odt\u0142uszczania sk\u00f3r przed uzupe\u0142nieniem ubytk\u00f3w i malowaniem. Jego u\u017cycie jest kluczowe dla przylegania \u015brodk\u00f3w wype\u0142niaj\u0105cych oraz farby do sk\u00f3ry. Na\u0142\u00f3\u017c \u015brodek na bawe\u0142nian\u0105 szmatk\u0119 lub \u015bciereczk\u0119 z mikrofibry i u\u017cyj go do odt\u0142uszczenia powierzchni.<\/p>\n<p class=\"western\" align=\"justify\"><b>Leather Strong Glue &#8211; <\/b>bardzo elastyczny klej do sk\u00f3ry, kt\u00f3rego baza oparta jest na wodnych poliuretanach. Produkt cechuje si\u0119 bardzo du\u017c\u0105 si\u0142\u0105 klejenia i jest bardzo wydajny. Sk\u00f3r\u0119 sklejaj od wewn\u0119trznej strony, podklejaj\u0105c j\u0105 w\u0142\u00f3knami do siebie. Na\u0142\u00f3\u017c cienk\u0105 warstw\u0119 produktu na obie klejone powierzchnie. W przypadku wi\u0119kszych uszkodze\u0144 u\u017cyj cienkiego p\u0142\u00f3tna lub cienkiej sk\u00f3ry, aby podklei\u0107 klejon\u0105 powierzchni\u0119.<\/p>\n<p class=\"western\" align=\"justify\"><b>Leather Filler Paste &#8211; s<\/b>zpachla do sk\u00f3ry to nowoczesny produkt, idealnie sprawdzaj\u0105cy si\u0119 przy naprawie sk\u00f3ry czy ekosk\u00f3ry. Produkt rekomendowany jest do wype\u0142niania ubytk\u00f3w takich jak: dziury, zadrapania, rozci\u0119cia, sp\u0119kania, g\u0142\u0119bokie marszczenia. Nanie\u015b produkt Leather Filler Paste na such\u0105 sk\u00f3r\u0119\/ekosk\u00f3r\u0119 za pomoc\u0105 szpachelki lub aplikatora. W przypadku g\u0142\u0119bszych ubytk\u00f3w wype\u0142niaj je stopniowo, nak\u0142adaj\u0105c cienkie warstwy. Dobrze wysusz ka\u017cd\u0105 warstw\u0119 po na\u0142o\u017ceniu.<\/p>\n<p class=\"western\" align=\"justify\"><b>Leather Pro Colourant<\/b> &#8211; Nowoczesna, kryj\u0105ca farba Lether Pro Colourant to praktyczny w u\u017cyciu, gotowy produkt na bazie wody \u2013 doskona\u0142y do przywracania i nadawania koloru elementom sk\u00f3rzanym (zar\u00f3wno ze sk\u00f3ry naturalnej, jak i ekosk\u00f3ry).<\/p>\n<h3 class=\"western\" align=\"justify\"><span style=\"font-family: Times New Roman, serif;\"><span style=\"font-size: medium;\"><b>Dlaczego warto wybra\u0107 nasz produkt? <\/b><\/span><\/span><\/h3>\n<ul>\n<li class=\"western\"><span style=\"font-family: Times New Roman, serif;\"><span style=\"font-size: medium;\"><b><strong>\u27a1\ufe0f<\/strong>trwa\u0142o\u015b\u0107<\/b><\/span><\/span><span style=\"font-family: Times New Roman, serif;\"><span style=\"font-size: medium;\"> \u2013 komplet sk\u0142adnik\u00f3w i akcesori\u00f3w pozwoli Ci na przeprowadzenie renowacji w prawid\u0142owy spos\u00f3b<\/span><\/span><\/li>\n<li class=\"western\"><span style=\"font-family: Times New Roman, serif;\"><span style=\"font-size: medium;\"><b><strong>\u27a1\ufe0f<\/strong>uniwersalno\u015b\u0107\u2013 <\/b><\/span><\/span><span style=\"font-family: Times New Roman, serif;\"><span style=\"font-size: medium;\">zestaw sprawdzi si\u0119 r\u00f3wnie\u017c przy renowacji sk\u00f3rzanych tapicerek samochodowych, mebli wykonanych ze sk\u00f3ry, galanterii oraz torebek<\/span><\/span><\/li>\n<li class=\"western\"><span style=\"font-family: Times New Roman, serif;\"><span style=\"font-size: medium;\"><b><strong>\u27a1\ufe0f<\/strong>estetyka<\/b><\/span><\/span><span style=\"font-family: Times New Roman, serif;\"><span style=\"font-size: medium;\"> \u2013 produkty zapakowane w eleganckim pude\u0142ku doskonale nadaj\u0105 si\u0119 jako prezent<\/span><\/span><\/li>\n<\/ul>\n<p class=\"western\" align=\"justify\"><strong><span style=\"font-family: Times New Roman, serif;\"><span style=\"font-size: medium;\">Dobierz kolor do swojej sk\u00f3ry zgodnie z instrukcj\u0105.<\/span><\/span><\/strong><\/p>\n<p class=\"western\" align=\"justify\"><span style=\"font-family: Times New Roman, serif;\"><span style=\"font-size: medium;\">Aplikuj, nak\u0142adaj\u0105c pierwsz\u0105 warstw\u0119 produktu g\u0105beczk\u0105 \u2013 pami\u0119taj o rozprowadzeniu farbki okr\u0119\u017cnymi ruchami. <\/span><\/span><span style=\"font-family: Times New Roman, serif;\"><span style=\"font-size: medium;\"><b>Poczekaj, a\u017c pierwsza warstwa dok\u0142adnie wyschnie<\/b><\/span><\/span><span style=\"font-family: Times New Roman, serif;\"><span style=\"font-size: medium;\">. Mo\u017cesz przyspieszy\u0107 proces wysychania, u\u017cywaj\u0105c suszarki do w\u0142os\u00f3w. W<\/span><\/span><span style=\"font-family: Times New Roman, serif;\"><span style=\"font-size: medium;\"><b>a\u017cne jest aby ka\u017cda warstwa farby zosta\u0142a dok\u0142adnie wysuszona przed po\u0142o\u017ceniem kolejnej warstwy.<\/b><\/span><\/span><span style=\"font-family: Times New Roman, serif;\"><span style=\"font-size: medium;\"> Pozosta\u0142e warstwy na\u0142\u00f3\u017c g\u0105beczk\u0105-zwr\u00f3\u0107 uwag\u0119 na to, aby warstwy by\u0142y cienkie i estetyczne.<\/span><\/span><\/p>\n<p class=\"western\" align=\"justify\"><span style=\"font-family: Times New Roman, serif;\"><span style=\"font-size: medium;\"><b>Leather Top Finish<\/b><\/span><\/span><span style=\"font-family: Times New Roman, serif;\"><span style=\"font-size: medium;\"> &#8211; bezbarwny poliuretanowy lakier wyko\u0144czeniowy do sk\u00f3ry. Zabezpiecza sk\u00f3r\u0119 przed tarciem, wilgoci\u0105, wysok\u0105 temperatur\u0105 oraz warunkami atmosferycznymi.<\/span><\/span><\/p>\n<p class=\"western\" align=\"justify\"><span style=\"font-family: Times New Roman, serif;\"><span style=\"font-size: medium;\">Dopasuj stopie\u0144 po\u0142ysku do swojej sk\u00f3ry zgodnie z instrukcj\u0105.<\/span><\/span><\/p>\n<p class=\"western\" align=\"justify\"><span style=\"font-family: Times New Roman, serif;\"><span style=\"font-size: medium;\">Na pomalowan\u0105 such\u0105 powierzchni\u0119 sk\u00f3ry\/ekosk\u00f3ry nanie\u015b cienk\u0105 warstw\u0119 produktu za pomoc\u0105 pistoletu natryskowego, aerografu lub g\u0105bki. Na\u0142\u00f3\u017c 3 lub 4 cienkie warstwy produktu. Pami\u0119taj, \u017ce <\/span><\/span><span style=\"font-family: Times New Roman, serif;\"><span style=\"font-size: medium;\"><b>ka\u017cda nak\u0142adana warstwa produktu musi by\u0107 dok\u0142adnie wysuszona przed na\u0142o\u017ceniem kolejnej.<\/b><\/span><\/span><\/p>\n<p align=\"justify\">\n","protected":false},"excerpt":{"rendered":"<p><b>Leather Colour Matching Repair Kit \u2013 Kompletny zestaw naprawczy do sk\u00f3ry<\/b>.<\/p>\n","protected":false},"featured_media":119239,"template":"","meta":{"_acf_changed":false},"product_brand":[],"product_cat":[239],"product_tag":[],"class_list":{"0":"post-119924","1":"product","2":"type-product","3":"status-publish","4":"has-post-thumbnail","6":"product_cat-leather-renovation","8":"first","9":"outofstock","10":"taxable","11":"shipping-taxable","12":"purchasable","13":"product-type-simple"},"acf":[],"yoast_head":"<!-- This site is optimized with the Yoast SEO plugin v23.6 - https:\/\/yoast.com\/wordpress\/plugins\/seo\/ -->\n<title>Leather Colour Matching Repair Kit Kompletny zestaw naprawczy sk\u00f3ry poprawi\u0107 rozbie\u017cno\u015b\u0107 - Leathermed<\/title>\n<meta name=\"robots\" content=\"index, follow, max-snippet:-1, max-image-preview:large, max-video-preview:-1\" \/>\n<link rel=\"canonical\" href=\"https:\/\/leathermed.pl\/e-sklep\/zestaw-naprawczy-kolor\/\" \/>\n<meta property=\"og:locale\" content=\"en_US\" \/>\n<meta property=\"og:type\" content=\"article\" \/>\n<meta property=\"og:title\" content=\"Leather Colour Matching Repair Kit Kompletny zestaw naprawczy sk\u00f3ry poprawi\u0107 rozbie\u017cno\u015b\u0107 - Leathermed\" \/>\n<meta property=\"og:description\" content=\"Leather Colour Matching Repair Kit \u2013 Kompletny zestaw naprawczy do sk\u00f3ry.\" \/>\n<meta property=\"og:url\" content=\"https:\/\/leathermed.pl\/e-sklep\/zestaw-naprawczy-kolor\/\" \/>\n<meta property=\"og:site_name\" content=\"Leathermed\" \/>\n<meta property=\"article:publisher\" content=\"https:\/\/www.facebook.com\/p\/Leathermed-61557229173629\/\" \/>\n<meta property=\"article:modified_time\" content=\"2024-01-17T20:43:40+00:00\" \/>\n<meta property=\"og:image\" content=\"https:\/\/leathermed.pl\/wp-content\/uploads\/2023\/10\/Zestaw-do-naprawy-skory.png\" \/>\n\t<meta property=\"og:image:width\" content=\"1600\" \/>\n\t<meta property=\"og:image:height\" content=\"1600\" \/>\n\t<meta property=\"og:image:type\" content=\"image\/png\" \/>\n<meta name=\"twitter:card\" content=\"summary_large_image\" \/>\n<meta name=\"twitter:label1\" content=\"Est. reading time\" \/>\n\t<meta name=\"twitter:data1\" content=\"3 minutes\" \/>\n<script type=\"application\/ld+json\" class=\"yoast-schema-graph\">{\"@context\":\"https:\/\/schema.org\",\"@graph\":[{\"@type\":\"WebPage\",\"@id\":\"https:\/\/leathermed.pl\/e-sklep\/zestaw-naprawczy-kolor\/\",\"url\":\"https:\/\/leathermed.pl\/e-sklep\/zestaw-naprawczy-kolor\/\",\"name\":\"Leather Colour Matching Repair Kit Kompletny zestaw naprawczy sk\u00f3ry poprawi\u0107 rozbie\u017cno\u015b\u0107 - Leathermed\",\"isPartOf\":{\"@id\":\"https:\/\/leathermed.pl\/#website\"},\"primaryImageOfPage\":{\"@id\":\"https:\/\/leathermed.pl\/e-sklep\/zestaw-naprawczy-kolor\/#primaryimage\"},\"image\":{\"@id\":\"https:\/\/leathermed.pl\/e-sklep\/zestaw-naprawczy-kolor\/#primaryimage\"},\"thumbnailUrl\":\"https:\/\/leathermed.pl\/wp-content\/uploads\/2023\/10\/Zestaw-do-naprawy-skory.png\",\"datePublished\":\"2023-10-10T11:24:30+00:00\",\"dateModified\":\"2024-01-17T20:43:40+00:00\",\"breadcrumb\":{\"@id\":\"https:\/\/leathermed.pl\/e-sklep\/zestaw-naprawczy-kolor\/#breadcrumb\"},\"inLanguage\":\"en-US\",\"potentialAction\":[{\"@type\":\"ReadAction\",\"target\":[\"https:\/\/leathermed.pl\/e-sklep\/zestaw-naprawczy-kolor\/\"]}]},{\"@type\":\"ImageObject\",\"inLanguage\":\"en-US\",\"@id\":\"https:\/\/leathermed.pl\/e-sklep\/zestaw-naprawczy-kolor\/#primaryimage\",\"url\":\"https:\/\/leathermed.pl\/wp-content\/uploads\/2023\/10\/Zestaw-do-naprawy-skory.png\",\"contentUrl\":\"https:\/\/leathermed.pl\/wp-content\/uploads\/2023\/10\/Zestaw-do-naprawy-skory.png\",\"width\":1600,\"height\":1600},{\"@type\":\"BreadcrumbList\",\"@id\":\"https:\/\/leathermed.pl\/e-sklep\/zestaw-naprawczy-kolor\/#breadcrumb\",\"itemListElement\":[{\"@type\":\"ListItem\",\"position\":1,\"name\":\"Strona g\u0142\u00f3wna\",\"item\":\"https:\/\/leathermed.pl\/en\/\"},{\"@type\":\"ListItem\",\"position\":2,\"name\":\"E-shop\",\"item\":\"https:\/\/leathermed.pl\/en\/e-sklep\/\"},{\"@type\":\"ListItem\",\"position\":3,\"name\":\"Leather Colour Matching Repair Kit Kompletny zestaw naprawczy sk\u00f3ry poprawi\u0107 rozbie\u017cno\u015b\u0107\"}]},{\"@type\":\"WebSite\",\"@id\":\"https:\/\/leathermed.pl\/#website\",\"url\":\"https:\/\/leathermed.pl\/\",\"name\":\"Leathermed\",\"description\":\"\",\"publisher\":{\"@id\":\"https:\/\/leathermed.pl\/#organization\"},\"potentialAction\":[{\"@type\":\"SearchAction\",\"target\":{\"@type\":\"EntryPoint\",\"urlTemplate\":\"https:\/\/leathermed.pl\/?s={search_term_string}\"},\"query-input\":{\"@type\":\"PropertyValueSpecification\",\"valueRequired\":true,\"valueName\":\"search_term_string\"}}],\"inLanguage\":\"en-US\"},{\"@type\":\"Organization\",\"@id\":\"https:\/\/leathermed.pl\/#organization\",\"name\":\"Leathermed\",\"url\":\"https:\/\/leathermed.pl\/\",\"logo\":{\"@type\":\"ImageObject\",\"inLanguage\":\"en-US\",\"@id\":\"https:\/\/leathermed.pl\/#\/schema\/logo\/image\/\",\"url\":\"https:\/\/leathermed.pl\/wp-content\/uploads\/2023\/10\/Logo_Easy-Resize.com_.jpg\",\"contentUrl\":\"https:\/\/leathermed.pl\/wp-content\/uploads\/2023\/10\/Logo_Easy-Resize.com_.jpg\",\"width\":787,\"height\":600,\"caption\":\"Leathermed\"},\"image\":{\"@id\":\"https:\/\/leathermed.pl\/#\/schema\/logo\/image\/\"},\"sameAs\":[\"https:\/\/www.facebook.com\/p\/Leathermed-61557229173629\/\"]}]}<\/script>\n<!-- \/ Yoast SEO plugin. -->","yoast_head_json":{"title":"Leather Colour Matching Repair Kit Kompletny zestaw naprawczy sk\u00f3ry poprawi\u0107 rozbie\u017cno\u015b\u0107 - Leathermed","robots":{"index":"index","follow":"follow","max-snippet":"max-snippet:-1","max-image-preview":"max-image-preview:large","max-video-preview":"max-video-preview:-1"},"canonical":"https:\/\/leathermed.pl\/e-sklep\/zestaw-naprawczy-kolor\/","og_locale":"en_US","og_type":"article","og_title":"Leather Colour Matching Repair Kit Kompletny zestaw naprawczy sk\u00f3ry poprawi\u0107 rozbie\u017cno\u015b\u0107 - Leathermed","og_description":"Leather Colour Matching Repair Kit \u2013 Kompletny zestaw naprawczy do sk\u00f3ry.","og_url":"https:\/\/leathermed.pl\/e-sklep\/zestaw-naprawczy-kolor\/","og_site_name":"Leathermed","article_publisher":"https:\/\/www.facebook.com\/p\/Leathermed-61557229173629\/","article_modified_time":"2024-01-17T20:43:40+00:00","og_image":[{"width":1600,"height":1600,"url":"https:\/\/leathermed.pl\/wp-content\/uploads\/2023\/10\/Zestaw-do-naprawy-skory.png","type":"image\/png"}],"twitter_card":"summary_large_image","twitter_misc":{"Est. reading time":"3 minutes"},"schema":{"@context":"https:\/\/schema.org","@graph":[{"@type":"WebPage","@id":"https:\/\/leathermed.pl\/e-sklep\/zestaw-naprawczy-kolor\/","url":"https:\/\/leathermed.pl\/e-sklep\/zestaw-naprawczy-kolor\/","name":"Leather Colour Matching Repair Kit Kompletny zestaw naprawczy sk\u00f3ry poprawi\u0107 rozbie\u017cno\u015b\u0107 - Leathermed","isPartOf":{"@id":"https:\/\/leathermed.pl\/#website"},"primaryImageOfPage":{"@id":"https:\/\/leathermed.pl\/e-sklep\/zestaw-naprawczy-kolor\/#primaryimage"},"image":{"@id":"https:\/\/leathermed.pl\/e-sklep\/zestaw-naprawczy-kolor\/#primaryimage"},"thumbnailUrl":"https:\/\/leathermed.pl\/wp-content\/uploads\/2023\/10\/Zestaw-do-naprawy-skory.png","datePublished":"2023-10-10T11:24:30+00:00","dateModified":"2024-01-17T20:43:40+00:00","breadcrumb":{"@id":"https:\/\/leathermed.pl\/e-sklep\/zestaw-naprawczy-kolor\/#breadcrumb"},"inLanguage":"en-US","potentialAction":[{"@type":"ReadAction","target":["https:\/\/leathermed.pl\/e-sklep\/zestaw-naprawczy-kolor\/"]}]},{"@type":"ImageObject","inLanguage":"en-US","@id":"https:\/\/leathermed.pl\/e-sklep\/zestaw-naprawczy-kolor\/#primaryimage","url":"https:\/\/leathermed.pl\/wp-content\/uploads\/2023\/10\/Zestaw-do-naprawy-skory.png","contentUrl":"https:\/\/leathermed.pl\/wp-content\/uploads\/2023\/10\/Zestaw-do-naprawy-skory.png","width":1600,"height":1600},{"@type":"BreadcrumbList","@id":"https:\/\/leathermed.pl\/e-sklep\/zestaw-naprawczy-kolor\/#breadcrumb","itemListElement":[{"@type":"ListItem","position":1,"name":"Strona g\u0142\u00f3wna","item":"https:\/\/leathermed.pl\/en\/"},{"@type":"ListItem","position":2,"name":"E-shop","item":"https:\/\/leathermed.pl\/en\/e-sklep\/"},{"@type":"ListItem","position":3,"name":"Leather Colour Matching Repair Kit Kompletny zestaw naprawczy sk\u00f3ry poprawi\u0107 rozbie\u017cno\u015b\u0107"}]},{"@type":"WebSite","@id":"https:\/\/leathermed.pl\/#website","url":"https:\/\/leathermed.pl\/","name":"Leathermed","description":"","publisher":{"@id":"https:\/\/leathermed.pl\/#organization"},"potentialAction":[{"@type":"SearchAction","target":{"@type":"EntryPoint","urlTemplate":"https:\/\/leathermed.pl\/?s={search_term_string}"},"query-input":{"@type":"PropertyValueSpecification","valueRequired":true,"valueName":"search_term_string"}}],"inLanguage":"en-US"},{"@type":"Organization","@id":"https:\/\/leathermed.pl\/#organization","name":"Leathermed","url":"https:\/\/leathermed.pl\/","logo":{"@type":"ImageObject","inLanguage":"en-US","@id":"https:\/\/leathermed.pl\/#\/schema\/logo\/image\/","url":"https:\/\/leathermed.pl\/wp-content\/uploads\/2023\/10\/Logo_Easy-Resize.com_.jpg","contentUrl":"https:\/\/leathermed.pl\/wp-content\/uploads\/2023\/10\/Logo_Easy-Resize.com_.jpg","width":787,"height":600,"caption":"Leathermed"},"image":{"@id":"https:\/\/leathermed.pl\/#\/schema\/logo\/image\/"},"sameAs":["https:\/\/www.facebook.com\/p\/Leathermed-61557229173629\/"]}]}},"_links":{"self":[{"href":"https:\/\/leathermed.pl\/en\/wp-json\/wp\/v2\/product\/119924","targetHints":{"allow":["GET"]}}],"collection":[{"href":"https:\/\/leathermed.pl\/en\/wp-json\/wp\/v2\/product"}],"about":[{"href":"https:\/\/leathermed.pl\/en\/wp-json\/wp\/v2\/types\/product"}],"wp:featuredmedia":[{"embeddable":true,"href":"https:\/\/leathermed.pl\/en\/wp-json\/wp\/v2\/media\/119239"}],"wp:attachment":[{"href":"https:\/\/leathermed.pl\/en\/wp-json\/wp\/v2\/media?parent=119924"}],"wp:term":[{"taxonomy":"product_brand","embeddable":true,"href":"https:\/\/leathermed.pl\/en\/wp-json\/wp\/v2\/product_brand?post=119924"},{"taxonomy":"product_cat","embeddable":true,"href":"https:\/\/leathermed.pl\/en\/wp-json\/wp\/v2\/product_cat?post=119924"},{"taxonomy":"product_tag","embeddable":true,"href":"https:\/\/leathermed.pl\/en\/wp-json\/wp\/v2\/product_tag?post=119924"}],"curies":[{"name":"wp","href":"https:\/\/api.w.org\/{rel}","templated":true}]}}