{"id":119751,"date":"2023-11-18T19:01:09","date_gmt":"2023-11-18T18:01:09","guid":{"rendered":"https:\/\/leathermed.pl\/?post_type=product&#038;p=119751"},"modified":"2023-11-19T19:38:24","modified_gmt":"2023-11-19T18:38:24","slug":"leather-care-balm-ochronna-odzywka-do-skory-kopia-en","status":"publish","type":"product","link":"https:\/\/leathermed.pl\/en\/e-sklep\/leather-care-balm-ochronna-odzywka-do-skory-kopia-en\/","title":{"rendered":"Leather Care Balm &#8211; Ochronna od\u017cywka do sk\u00f3ry (Kopia en)"},"content":{"rendered":"<h2><span class=\"hiddenSpellError\">Leather<\/span> <span class=\"hiddenSpellError\">Care<\/span> <span class=\"hiddenSpellError\">Balm<\/span> \u2013 ochronny balsam do sk\u00f3r en<\/h2>\n<p><strong><span class=\"hiddenSpellError\">Leather<\/span> <span class=\"hiddenSpellError\">Care<\/span> <span class=\"hiddenSpellError\">Balm<\/span><\/strong> to od\u017cywka powsta\u0142a na bazie naturalnych olejk\u00f3w oraz wosk\u00f3w. Idealnie sprawdzi si\u0119 do od\u017cywiania zar\u00f3wno sk\u00f3r nowych, jak i u\u017cywanych. Produkt skutecznie od\u017cywia sk\u00f3r\u0119, wydobywa g\u0142\u0119bi\u0119 koloru. Pozostawia satynowe wyko\u0144czenie, sk\u00f3ra staje si\u0119 mi\u0119kka i delikatna w dotyku.<\/p>\n<h3>Dlaczego warto wybra\u0107 nasz produkt?<\/h3>\n<ul>\n<li><strong>sk\u0142ad<\/strong> \u2013 do produkcji zosta\u0142y u\u017cyte tylko naturalne sk\u0142adniki, dzi\u0119ki czemu masz pewno\u015b\u0107, \u017ce Twoja sk\u00f3ra zostanie prawid\u0142owo zakonserwowana i <span class=\"hiddenGrammarError\">zabezpieczona<\/span><\/li>\n<li><strong><span class=\"hiddenGrammarError\">bezpiecze\u0144stwo<\/span><\/strong>&#8211; \u0142agodny naturalny \u015brodek, kt\u00f3ry mo\u017cesz zastosowa\u0107 na ka\u017cdym kolorze sk\u00f3ry bez ryzyka odbarwie\u0144 czy <span class=\"hiddenGrammarError\">przebarwie\u0144<\/span><\/li>\n<li><strong><span class=\"hiddenGrammarError\">zapach<\/span> <\/strong>\u2013 bogaty i delikatny zapach nowej wysokiej jako\u015bci luksusowej sk\u00f3ry<\/li>\n<li><strong><span class=\"hiddenSpellError\">trwa\u0142o\u015b\u0107<\/span><\/strong>&#8211; wystarczy u\u017cy\u0107 2 lub 3 razy w roku, aby prawid\u0142owo zakonserwowa\u0107 i zabezpieczy\u0107 <span class=\"hiddenGrammarError\">sk\u00f3r\u0119<\/span><\/li>\n<\/ul>\n<p><strong><span class=\"hiddenSpellError\">Leather<\/span> <span class=\"hiddenSpellError\">Care<\/span> <span class=\"hiddenSpellError\">Balm<\/span><\/strong> idealnie sprawdzi przy konserwacji i zabezpieczeniu tapicerek samochodowych, mebli wykonanych ze sk\u00f3ry, galanterii oraz torebek.<br \/>\nDo produktu dodawana jest g\u0105bka oraz \u015bciereczka z mikrofibry GRATIS!!!<\/p>\n<h3>Jak u\u017cywa\u0107 balsamu ochronnego <span class=\"hiddenSpellError\">Leather<\/span> <span class=\"hiddenSpellError\">Care<\/span> <span class=\"hiddenSpellError\">Balm<\/span>? To takie proste!<\/h3>\n<ol>\n<li>Przed u\u017cyciem od\u017cywki oczy\u015b\u0107 sk\u00f3r\u0119 za pomoc\u0105 produkt\u00f3w <span class=\"hiddenSpellError\">Leather<\/span> Pro <span class=\"hiddenSpellError\">Cleaner<\/span> lub <span class=\"hiddenSpellError\">Leather<\/span> <span class=\"hiddenSpellError\">Foam<\/span> <span class=\"hiddenSpellError\">Cleaner<\/span>, kt\u00f3re znajdziesz na naszych innych aukcjach.<\/li>\n<li>Ruchami okr\u0119\u017cnymi na\u0142\u00f3\u017c cienk\u0105 warstw\u0119 <span class=\"hiddenSpellError\">Leather<\/span> <span class=\"hiddenSpellError\">Care<\/span> <span class=\"hiddenSpellError\">Balm<\/span> przy pomocy g\u0105bki lub \u015bciereczki z mikrofibry do\u0142\u0105czonej do produktu.<\/li>\n<li>Po na\u0142o\u017ceniu od\u017cywki pozw\u00f3l jej wch\u0142ania\u0107 si\u0119 przez kolejne 5 minut. Nast\u0119pnie usu\u0144 nadmiar, delikatnie poleruj\u0105c sk\u00f3r\u0119.<\/li>\n<\/ol>\n<h4>Nie stosuj produktu do zamszu i nubuku.<\/h4>\n","protected":false},"excerpt":{"rendered":"<p>Leather Care Balm &#8211; krem ochronny do sk\u00f3ry. en<\/p>\n","protected":false},"featured_media":119088,"template":"","meta":{"_acf_changed":false},"product_brand":[],"product_cat":[241],"product_tag":[],"class_list":{"0":"post-119751","1":"product","2":"type-product","3":"status-publish","4":"has-post-thumbnail","6":"product_cat-leather-care","8":"first","9":"instock","10":"taxable","11":"shipping-taxable","12":"purchasable","13":"product-type-variable","14":"has-default-attributes"},"acf":[],"yoast_head":"<!-- This site is optimized with the Yoast SEO plugin v23.6 - https:\/\/yoast.com\/wordpress\/plugins\/seo\/ -->\n<title>Leather Care Balm - Ochronna od\u017cywka do sk\u00f3ry (Kopia en) - Leathermed<\/title>\n<meta name=\"robots\" content=\"index, follow, max-snippet:-1, max-image-preview:large, max-video-preview:-1\" \/>\n<link rel=\"canonical\" href=\"https:\/\/leathermed.pl\/en\/e-sklep\/leather-care-balm-ochronna-odzywka-do-skory-kopia-en\/\" \/>\n<meta property=\"og:locale\" content=\"en_US\" \/>\n<meta property=\"og:type\" content=\"article\" \/>\n<meta property=\"og:title\" content=\"Leather Care Balm - Ochronna od\u017cywka do sk\u00f3ry (Kopia en) - Leathermed\" \/>\n<meta property=\"og:description\" content=\"Leather Care Balm - krem ochronny do sk\u00f3ry. en\" \/>\n<meta property=\"og:url\" content=\"https:\/\/leathermed.pl\/en\/e-sklep\/leather-care-balm-ochronna-odzywka-do-skory-kopia-en\/\" \/>\n<meta property=\"og:site_name\" content=\"Leathermed\" \/>\n<meta property=\"article:publisher\" content=\"https:\/\/www.facebook.com\/p\/Leathermed-61557229173629\/\" \/>\n<meta property=\"article:modified_time\" content=\"2023-11-19T18:38:24+00:00\" \/>\n<meta property=\"og:image\" content=\"https:\/\/leathermed.pl\/wp-content\/uploads\/2023\/10\/Leather-Care-Balm100ML.png\" \/>\n\t<meta property=\"og:image:width\" content=\"1600\" \/>\n\t<meta property=\"og:image:height\" content=\"1600\" \/>\n\t<meta property=\"og:image:type\" content=\"image\/png\" \/>\n<meta name=\"twitter:card\" content=\"summary_large_image\" \/>\n<meta name=\"twitter:label1\" content=\"Est. reading time\" \/>\n\t<meta name=\"twitter:data1\" content=\"1 minute\" \/>\n<script type=\"application\/ld+json\" class=\"yoast-schema-graph\">{\"@context\":\"https:\/\/schema.org\",\"@graph\":[{\"@type\":\"WebPage\",\"@id\":\"https:\/\/leathermed.pl\/en\/e-sklep\/leather-care-balm-ochronna-odzywka-do-skory-kopia-en\/\",\"url\":\"https:\/\/leathermed.pl\/en\/e-sklep\/leather-care-balm-ochronna-odzywka-do-skory-kopia-en\/\",\"name\":\"Leather Care Balm - Ochronna od\u017cywka do sk\u00f3ry (Kopia en) - Leathermed\",\"isPartOf\":{\"@id\":\"https:\/\/leathermed.pl\/#website\"},\"primaryImageOfPage\":{\"@id\":\"https:\/\/leathermed.pl\/en\/e-sklep\/leather-care-balm-ochronna-odzywka-do-skory-kopia-en\/#primaryimage\"},\"image\":{\"@id\":\"https:\/\/leathermed.pl\/en\/e-sklep\/leather-care-balm-ochronna-odzywka-do-skory-kopia-en\/#primaryimage\"},\"thumbnailUrl\":\"https:\/\/leathermed.pl\/wp-content\/uploads\/2023\/10\/Leather-Care-Balm100ML.png\",\"datePublished\":\"2023-11-18T18:01:09+00:00\",\"dateModified\":\"2023-11-19T18:38:24+00:00\",\"breadcrumb\":{\"@id\":\"https:\/\/leathermed.pl\/en\/e-sklep\/leather-care-balm-ochronna-odzywka-do-skory-kopia-en\/#breadcrumb\"},\"inLanguage\":\"en-US\",\"potentialAction\":[{\"@type\":\"ReadAction\",\"target\":[\"https:\/\/leathermed.pl\/en\/e-sklep\/leather-care-balm-ochronna-odzywka-do-skory-kopia-en\/\"]}]},{\"@type\":\"ImageObject\",\"inLanguage\":\"en-US\",\"@id\":\"https:\/\/leathermed.pl\/en\/e-sklep\/leather-care-balm-ochronna-odzywka-do-skory-kopia-en\/#primaryimage\",\"url\":\"https:\/\/leathermed.pl\/wp-content\/uploads\/2023\/10\/Leather-Care-Balm100ML.png\",\"contentUrl\":\"https:\/\/leathermed.pl\/wp-content\/uploads\/2023\/10\/Leather-Care-Balm100ML.png\",\"width\":1600,\"height\":1600},{\"@type\":\"BreadcrumbList\",\"@id\":\"https:\/\/leathermed.pl\/en\/e-sklep\/leather-care-balm-ochronna-odzywka-do-skory-kopia-en\/#breadcrumb\",\"itemListElement\":[{\"@type\":\"ListItem\",\"position\":1,\"name\":\"Strona g\u0142\u00f3wna\",\"item\":\"https:\/\/leathermed.pl\/en\/\"},{\"@type\":\"ListItem\",\"position\":2,\"name\":\"E-shop\",\"item\":\"https:\/\/leathermed.pl\/en\/e-sklep\/\"},{\"@type\":\"ListItem\",\"position\":3,\"name\":\"Leather Care Balm &#8211; Ochronna od\u017cywka do sk\u00f3ry (Kopia en)\"}]},{\"@type\":\"WebSite\",\"@id\":\"https:\/\/leathermed.pl\/#website\",\"url\":\"https:\/\/leathermed.pl\/\",\"name\":\"Leathermed\",\"description\":\"\",\"publisher\":{\"@id\":\"https:\/\/leathermed.pl\/#organization\"},\"potentialAction\":[{\"@type\":\"SearchAction\",\"target\":{\"@type\":\"EntryPoint\",\"urlTemplate\":\"https:\/\/leathermed.pl\/?s={search_term_string}\"},\"query-input\":{\"@type\":\"PropertyValueSpecification\",\"valueRequired\":true,\"valueName\":\"search_term_string\"}}],\"inLanguage\":\"en-US\"},{\"@type\":\"Organization\",\"@id\":\"https:\/\/leathermed.pl\/#organization\",\"name\":\"Leathermed\",\"url\":\"https:\/\/leathermed.pl\/\",\"logo\":{\"@type\":\"ImageObject\",\"inLanguage\":\"en-US\",\"@id\":\"https:\/\/leathermed.pl\/#\/schema\/logo\/image\/\",\"url\":\"https:\/\/leathermed.pl\/wp-content\/uploads\/2023\/10\/Logo_Easy-Resize.com_.jpg\",\"contentUrl\":\"https:\/\/leathermed.pl\/wp-content\/uploads\/2023\/10\/Logo_Easy-Resize.com_.jpg\",\"width\":787,\"height\":600,\"caption\":\"Leathermed\"},\"image\":{\"@id\":\"https:\/\/leathermed.pl\/#\/schema\/logo\/image\/\"},\"sameAs\":[\"https:\/\/www.facebook.com\/p\/Leathermed-61557229173629\/\"]}]}<\/script>\n<!-- \/ Yoast SEO plugin. -->","yoast_head_json":{"title":"Leather Care Balm - Ochronna od\u017cywka do sk\u00f3ry (Kopia en) - Leathermed","robots":{"index":"index","follow":"follow","max-snippet":"max-snippet:-1","max-image-preview":"max-image-preview:large","max-video-preview":"max-video-preview:-1"},"canonical":"https:\/\/leathermed.pl\/en\/e-sklep\/leather-care-balm-ochronna-odzywka-do-skory-kopia-en\/","og_locale":"en_US","og_type":"article","og_title":"Leather Care Balm - Ochronna od\u017cywka do sk\u00f3ry (Kopia en) - Leathermed","og_description":"Leather Care Balm - krem ochronny do sk\u00f3ry. en","og_url":"https:\/\/leathermed.pl\/en\/e-sklep\/leather-care-balm-ochronna-odzywka-do-skory-kopia-en\/","og_site_name":"Leathermed","article_publisher":"https:\/\/www.facebook.com\/p\/Leathermed-61557229173629\/","article_modified_time":"2023-11-19T18:38:24+00:00","og_image":[{"width":1600,"height":1600,"url":"https:\/\/leathermed.pl\/wp-content\/uploads\/2023\/10\/Leather-Care-Balm100ML.png","type":"image\/png"}],"twitter_card":"summary_large_image","twitter_misc":{"Est. reading time":"1 minute"},"schema":{"@context":"https:\/\/schema.org","@graph":[{"@type":"WebPage","@id":"https:\/\/leathermed.pl\/en\/e-sklep\/leather-care-balm-ochronna-odzywka-do-skory-kopia-en\/","url":"https:\/\/leathermed.pl\/en\/e-sklep\/leather-care-balm-ochronna-odzywka-do-skory-kopia-en\/","name":"Leather Care Balm - Ochronna od\u017cywka do sk\u00f3ry (Kopia en) - Leathermed","isPartOf":{"@id":"https:\/\/leathermed.pl\/#website"},"primaryImageOfPage":{"@id":"https:\/\/leathermed.pl\/en\/e-sklep\/leather-care-balm-ochronna-odzywka-do-skory-kopia-en\/#primaryimage"},"image":{"@id":"https:\/\/leathermed.pl\/en\/e-sklep\/leather-care-balm-ochronna-odzywka-do-skory-kopia-en\/#primaryimage"},"thumbnailUrl":"https:\/\/leathermed.pl\/wp-content\/uploads\/2023\/10\/Leather-Care-Balm100ML.png","datePublished":"2023-11-18T18:01:09+00:00","dateModified":"2023-11-19T18:38:24+00:00","breadcrumb":{"@id":"https:\/\/leathermed.pl\/en\/e-sklep\/leather-care-balm-ochronna-odzywka-do-skory-kopia-en\/#breadcrumb"},"inLanguage":"en-US","potentialAction":[{"@type":"ReadAction","target":["https:\/\/leathermed.pl\/en\/e-sklep\/leather-care-balm-ochronna-odzywka-do-skory-kopia-en\/"]}]},{"@type":"ImageObject","inLanguage":"en-US","@id":"https:\/\/leathermed.pl\/en\/e-sklep\/leather-care-balm-ochronna-odzywka-do-skory-kopia-en\/#primaryimage","url":"https:\/\/leathermed.pl\/wp-content\/uploads\/2023\/10\/Leather-Care-Balm100ML.png","contentUrl":"https:\/\/leathermed.pl\/wp-content\/uploads\/2023\/10\/Leather-Care-Balm100ML.png","width":1600,"height":1600},{"@type":"BreadcrumbList","@id":"https:\/\/leathermed.pl\/en\/e-sklep\/leather-care-balm-ochronna-odzywka-do-skory-kopia-en\/#breadcrumb","itemListElement":[{"@type":"ListItem","position":1,"name":"Strona g\u0142\u00f3wna","item":"https:\/\/leathermed.pl\/en\/"},{"@type":"ListItem","position":2,"name":"E-shop","item":"https:\/\/leathermed.pl\/en\/e-sklep\/"},{"@type":"ListItem","position":3,"name":"Leather Care Balm &#8211; Ochronna od\u017cywka do sk\u00f3ry (Kopia en)"}]},{"@type":"WebSite","@id":"https:\/\/leathermed.pl\/#website","url":"https:\/\/leathermed.pl\/","name":"Leathermed","description":"","publisher":{"@id":"https:\/\/leathermed.pl\/#organization"},"potentialAction":[{"@type":"SearchAction","target":{"@type":"EntryPoint","urlTemplate":"https:\/\/leathermed.pl\/?s={search_term_string}"},"query-input":{"@type":"PropertyValueSpecification","valueRequired":true,"valueName":"search_term_string"}}],"inLanguage":"en-US"},{"@type":"Organization","@id":"https:\/\/leathermed.pl\/#organization","name":"Leathermed","url":"https:\/\/leathermed.pl\/","logo":{"@type":"ImageObject","inLanguage":"en-US","@id":"https:\/\/leathermed.pl\/#\/schema\/logo\/image\/","url":"https:\/\/leathermed.pl\/wp-content\/uploads\/2023\/10\/Logo_Easy-Resize.com_.jpg","contentUrl":"https:\/\/leathermed.pl\/wp-content\/uploads\/2023\/10\/Logo_Easy-Resize.com_.jpg","width":787,"height":600,"caption":"Leathermed"},"image":{"@id":"https:\/\/leathermed.pl\/#\/schema\/logo\/image\/"},"sameAs":["https:\/\/www.facebook.com\/p\/Leathermed-61557229173629\/"]}]}},"_links":{"self":[{"href":"https:\/\/leathermed.pl\/en\/wp-json\/wp\/v2\/product\/119751","targetHints":{"allow":["GET"]}}],"collection":[{"href":"https:\/\/leathermed.pl\/en\/wp-json\/wp\/v2\/product"}],"about":[{"href":"https:\/\/leathermed.pl\/en\/wp-json\/wp\/v2\/types\/product"}],"wp:featuredmedia":[{"embeddable":true,"href":"https:\/\/leathermed.pl\/en\/wp-json\/wp\/v2\/media\/119088"}],"wp:attachment":[{"href":"https:\/\/leathermed.pl\/en\/wp-json\/wp\/v2\/media?parent=119751"}],"wp:term":[{"taxonomy":"product_brand","embeddable":true,"href":"https:\/\/leathermed.pl\/en\/wp-json\/wp\/v2\/product_brand?post=119751"},{"taxonomy":"product_cat","embeddable":true,"href":"https:\/\/leathermed.pl\/en\/wp-json\/wp\/v2\/product_cat?post=119751"},{"taxonomy":"product_tag","embeddable":true,"href":"https:\/\/leathermed.pl\/en\/wp-json\/wp\/v2\/product_tag?post=119751"}],"curies":[{"name":"wp","href":"https:\/\/api.w.org\/{rel}","templated":true}]}}