{"id":117953,"date":"2023-06-21T23:59:42","date_gmt":"2023-06-21T21:59:42","guid":{"rendered":"https:\/\/leathermed.pl\/?page_id=117953"},"modified":"2024-01-09T21:48:25","modified_gmt":"2024-01-09T20:48:25","slug":"dostawa-i-platnosc","status":"publish","type":"page","link":"https:\/\/leathermed.pl\/en\/dostawa-i-platnosc\/","title":{"rendered":"Dostawa i p\u0142atno\u015b\u0107"},"content":{"rendered":"<p align=\"JUSTIFY\">Zam\u00f3wienia mo\u017cna sk\u0142ada\u0107 wy\u0142\u0105cznie poprzez sklep internetowy <a href=\"http:\/\/www.leathermed.pl\">www.leathermed.pl<\/a>. P\u0142atno\u015bci za zam\u00f3wienia mo\u017cna dokona\u0107 za po\u015brednictwem systemu p\u0142atno\u015bci elektronicznych Przelewy24.<\/p>\n<p align=\"JUSTIFY\">Dok\u0142adamy wszelkich stara\u0144, aby przesy\u0142ki dociera\u0142y do Was jak najszybciej! Wi\u0119kszo\u015b\u0107 zam\u00f3wie\u0144 realizujemy w ci\u0105gu 24 godzin roboczych od zaksi\u0119gowania p\u0142atno\u015bci. Maksymalny czas realizacji zam\u00f3wienia to 5 dni roboczych. W rzadkich przypadkach, a w szczeg\u00f3lno\u015bci w przypadku zam\u00f3wie\u0144 personalizowanych czas wysy\u0142ki mo\u017ce si\u0119 wyd\u0142u\u017cy\u0107 (o szczeg\u00f3\u0142ach realizacji informujemy wtedy w indywidualnym powiadomieniu).<\/p>\n<p align=\"JUSTIFY\">Wysy\u0142ka zam\u00f3wie\u0144 realizowana jest od poniedzia\u0142ku do pi\u0105tku.<\/p>\n<p align=\"JUSTIFY\"><strong>Przesy\u0142ki nadajemy za po\u015brednictwem:<\/strong><\/p>\n<ol>\n<li>\n<p align=\"JUSTIFY\">InPost Kurier<\/p>\n<\/li>\n<li>\n<p align=\"JUSTIFY\">InPost Paczkomat\u00ae 24\/7<\/p>\n<\/li>\n<li>\n<p align=\"JUSTIFY\">DPD Kurier<\/p>\n<\/li>\n<li>\n<p align=\"JUSTIFY\">DPD Pickup<\/p>\n<\/li>\n<\/ol>\n<p><strong><span style=\"color: #ff9900;\">Darmowa dostawa obowi\u0105zuje przy zakupie min. 130 z\u0142.<\/span><\/strong><\/p>\n<p align=\"JUSTIFY\">Przesy\u0142ki zagraniczne wysy\u0142amy wy\u0142\u0105cznie kurierem. Celem ustalenia terminu i koszt\u00f3w dostawy prosimy o kontakt pod adresem email: <a href=\"mailto:biuro@leathermed.pl\">biuro@leathermed.pl<\/a><\/p>\n","protected":false},"excerpt":{"rendered":"<p>Zam\u00f3wienia mo\u017cna sk\u0142ada\u0107 wy\u0142\u0105cznie poprzez sklep internetowy www.leathermed.pl. P\u0142atno\u015bci za zam\u00f3wienia mo\u017cna dokona\u0107 za po\u015brednictwem systemu p\u0142atno\u015bci elektronicznych Przelewy24. Dok\u0142adamy [&hellip;]<\/p>\n","protected":false},"author":1,"featured_media":0,"parent":0,"menu_order":0,"comment_status":"closed","ping_status":"closed","template":"","meta":{"_acf_changed":false,"footnotes":""},"class_list":["post-117953","page","type-page","status-publish","hentry"],"acf":[],"yoast_head":"<!-- This site is optimized with the Yoast SEO plugin v23.6 - https:\/\/yoast.com\/wordpress\/plugins\/seo\/ -->\n<title>Dostawa i p\u0142atno\u015b\u0107 - Leathermed<\/title>\n<meta name=\"robots\" content=\"index, follow, max-snippet:-1, max-image-preview:large, max-video-preview:-1\" \/>\n<link rel=\"canonical\" href=\"https:\/\/leathermed.pl\/dostawa-i-platnosc\/\" \/>\n<meta property=\"og:locale\" content=\"en_US\" \/>\n<meta property=\"og:type\" content=\"article\" \/>\n<meta property=\"og:title\" content=\"Dostawa i p\u0142atno\u015b\u0107 - Leathermed\" \/>\n<meta property=\"og:description\" content=\"Zam\u00f3wienia mo\u017cna sk\u0142ada\u0107 wy\u0142\u0105cznie poprzez sklep internetowy www.leathermed.pl. P\u0142atno\u015bci za zam\u00f3wienia mo\u017cna dokona\u0107 za po\u015brednictwem systemu p\u0142atno\u015bci elektronicznych Przelewy24. Dok\u0142adamy [&hellip;]\" \/>\n<meta property=\"og:url\" content=\"https:\/\/leathermed.pl\/dostawa-i-platnosc\/\" \/>\n<meta property=\"og:site_name\" content=\"Leathermed\" \/>\n<meta property=\"article:publisher\" content=\"https:\/\/www.facebook.com\/p\/Leathermed-61557229173629\/\" \/>\n<meta property=\"article:modified_time\" content=\"2024-01-09T20:48:25+00:00\" \/>\n<meta name=\"twitter:card\" content=\"summary_large_image\" \/>\n<meta name=\"twitter:label1\" content=\"Est. reading time\" \/>\n\t<meta name=\"twitter:data1\" content=\"1 minute\" \/>\n<script type=\"application\/ld+json\" class=\"yoast-schema-graph\">{\"@context\":\"https:\/\/schema.org\",\"@graph\":[{\"@type\":\"WebPage\",\"@id\":\"https:\/\/leathermed.pl\/dostawa-i-platnosc\/\",\"url\":\"https:\/\/leathermed.pl\/dostawa-i-platnosc\/\",\"name\":\"Dostawa i p\u0142atno\u015b\u0107 - Leathermed\",\"isPartOf\":{\"@id\":\"https:\/\/leathermed.pl\/#website\"},\"datePublished\":\"2023-06-21T21:59:42+00:00\",\"dateModified\":\"2024-01-09T20:48:25+00:00\",\"breadcrumb\":{\"@id\":\"https:\/\/leathermed.pl\/dostawa-i-platnosc\/#breadcrumb\"},\"inLanguage\":\"en-US\",\"potentialAction\":[{\"@type\":\"ReadAction\",\"target\":[\"https:\/\/leathermed.pl\/dostawa-i-platnosc\/\"]}]},{\"@type\":\"BreadcrumbList\",\"@id\":\"https:\/\/leathermed.pl\/dostawa-i-platnosc\/#breadcrumb\",\"itemListElement\":[{\"@type\":\"ListItem\",\"position\":1,\"name\":\"Strona g\u0142\u00f3wna\",\"item\":\"https:\/\/leathermed.pl\/en\/\"},{\"@type\":\"ListItem\",\"position\":2,\"name\":\"Dostawa i p\u0142atno\u015b\u0107\"}]},{\"@type\":\"WebSite\",\"@id\":\"https:\/\/leathermed.pl\/#website\",\"url\":\"https:\/\/leathermed.pl\/\",\"name\":\"Leathermed\",\"description\":\"\",\"publisher\":{\"@id\":\"https:\/\/leathermed.pl\/#organization\"},\"potentialAction\":[{\"@type\":\"SearchAction\",\"target\":{\"@type\":\"EntryPoint\",\"urlTemplate\":\"https:\/\/leathermed.pl\/?s={search_term_string}\"},\"query-input\":{\"@type\":\"PropertyValueSpecification\",\"valueRequired\":true,\"valueName\":\"search_term_string\"}}],\"inLanguage\":\"en-US\"},{\"@type\":\"Organization\",\"@id\":\"https:\/\/leathermed.pl\/#organization\",\"name\":\"Leathermed\",\"url\":\"https:\/\/leathermed.pl\/\",\"logo\":{\"@type\":\"ImageObject\",\"inLanguage\":\"en-US\",\"@id\":\"https:\/\/leathermed.pl\/#\/schema\/logo\/image\/\",\"url\":\"https:\/\/leathermed.pl\/wp-content\/uploads\/2023\/10\/Logo_Easy-Resize.com_.jpg\",\"contentUrl\":\"https:\/\/leathermed.pl\/wp-content\/uploads\/2023\/10\/Logo_Easy-Resize.com_.jpg\",\"width\":787,\"height\":600,\"caption\":\"Leathermed\"},\"image\":{\"@id\":\"https:\/\/leathermed.pl\/#\/schema\/logo\/image\/\"},\"sameAs\":[\"https:\/\/www.facebook.com\/p\/Leathermed-61557229173629\/\"]}]}<\/script>\n<!-- \/ Yoast SEO plugin. -->","yoast_head_json":{"title":"Dostawa i p\u0142atno\u015b\u0107 - Leathermed","robots":{"index":"index","follow":"follow","max-snippet":"max-snippet:-1","max-image-preview":"max-image-preview:large","max-video-preview":"max-video-preview:-1"},"canonical":"https:\/\/leathermed.pl\/dostawa-i-platnosc\/","og_locale":"en_US","og_type":"article","og_title":"Dostawa i p\u0142atno\u015b\u0107 - Leathermed","og_description":"Zam\u00f3wienia mo\u017cna sk\u0142ada\u0107 wy\u0142\u0105cznie poprzez sklep internetowy www.leathermed.pl. P\u0142atno\u015bci za zam\u00f3wienia mo\u017cna dokona\u0107 za po\u015brednictwem systemu p\u0142atno\u015bci elektronicznych Przelewy24. Dok\u0142adamy [&hellip;]","og_url":"https:\/\/leathermed.pl\/dostawa-i-platnosc\/","og_site_name":"Leathermed","article_publisher":"https:\/\/www.facebook.com\/p\/Leathermed-61557229173629\/","article_modified_time":"2024-01-09T20:48:25+00:00","twitter_card":"summary_large_image","twitter_misc":{"Est. reading time":"1 minute"},"schema":{"@context":"https:\/\/schema.org","@graph":[{"@type":"WebPage","@id":"https:\/\/leathermed.pl\/dostawa-i-platnosc\/","url":"https:\/\/leathermed.pl\/dostawa-i-platnosc\/","name":"Dostawa i p\u0142atno\u015b\u0107 - Leathermed","isPartOf":{"@id":"https:\/\/leathermed.pl\/#website"},"datePublished":"2023-06-21T21:59:42+00:00","dateModified":"2024-01-09T20:48:25+00:00","breadcrumb":{"@id":"https:\/\/leathermed.pl\/dostawa-i-platnosc\/#breadcrumb"},"inLanguage":"en-US","potentialAction":[{"@type":"ReadAction","target":["https:\/\/leathermed.pl\/dostawa-i-platnosc\/"]}]},{"@type":"BreadcrumbList","@id":"https:\/\/leathermed.pl\/dostawa-i-platnosc\/#breadcrumb","itemListElement":[{"@type":"ListItem","position":1,"name":"Strona g\u0142\u00f3wna","item":"https:\/\/leathermed.pl\/en\/"},{"@type":"ListItem","position":2,"name":"Dostawa i p\u0142atno\u015b\u0107"}]},{"@type":"WebSite","@id":"https:\/\/leathermed.pl\/#website","url":"https:\/\/leathermed.pl\/","name":"Leathermed","description":"","publisher":{"@id":"https:\/\/leathermed.pl\/#organization"},"potentialAction":[{"@type":"SearchAction","target":{"@type":"EntryPoint","urlTemplate":"https:\/\/leathermed.pl\/?s={search_term_string}"},"query-input":{"@type":"PropertyValueSpecification","valueRequired":true,"valueName":"search_term_string"}}],"inLanguage":"en-US"},{"@type":"Organization","@id":"https:\/\/leathermed.pl\/#organization","name":"Leathermed","url":"https:\/\/leathermed.pl\/","logo":{"@type":"ImageObject","inLanguage":"en-US","@id":"https:\/\/leathermed.pl\/#\/schema\/logo\/image\/","url":"https:\/\/leathermed.pl\/wp-content\/uploads\/2023\/10\/Logo_Easy-Resize.com_.jpg","contentUrl":"https:\/\/leathermed.pl\/wp-content\/uploads\/2023\/10\/Logo_Easy-Resize.com_.jpg","width":787,"height":600,"caption":"Leathermed"},"image":{"@id":"https:\/\/leathermed.pl\/#\/schema\/logo\/image\/"},"sameAs":["https:\/\/www.facebook.com\/p\/Leathermed-61557229173629\/"]}]}},"_links":{"self":[{"href":"https:\/\/leathermed.pl\/en\/wp-json\/wp\/v2\/pages\/117953","targetHints":{"allow":["GET"]}}],"collection":[{"href":"https:\/\/leathermed.pl\/en\/wp-json\/wp\/v2\/pages"}],"about":[{"href":"https:\/\/leathermed.pl\/en\/wp-json\/wp\/v2\/types\/page"}],"author":[{"embeddable":true,"href":"https:\/\/leathermed.pl\/en\/wp-json\/wp\/v2\/users\/1"}],"replies":[{"embeddable":true,"href":"https:\/\/leathermed.pl\/en\/wp-json\/wp\/v2\/comments?post=117953"}],"version-history":[{"count":0,"href":"https:\/\/leathermed.pl\/en\/wp-json\/wp\/v2\/pages\/117953\/revisions"}],"wp:attachment":[{"href":"https:\/\/leathermed.pl\/en\/wp-json\/wp\/v2\/media?parent=117953"}],"curies":[{"name":"wp","href":"https:\/\/api.w.org\/{rel}","templated":true}]}}