{"id":120067,"date":"2023-06-14T22:43:56","date_gmt":"2023-06-14T20:43:56","guid":{"rendered":"https:\/\/leathermed.pl\/sklep\/leather-foam-cleaner-200ml\/"},"modified":"2023-11-24T11:12:30","modified_gmt":"2023-11-24T10:12:30","slug":"leather-foam-cleaner-200ml","status":"publish","type":"product","link":"https:\/\/leathermed.pl\/de\/e-sklep\/leather-foam-cleaner-200ml\/","title":{"rendered":"Leather Foam Cleaner &#8211; Schaumreiniger f\u00fcr Leder 200ml"},"content":{"rendered":"<h2><span class=\"font-555555 font-119811\">Leather Foam Cleaner &#8211; Schaumreiniger f\u00fcr Leder<\/span><\/h2>\n<p class=\"western\" align=\"justify\"><span style=\"font-size: medium;\"><strong>Leather Foam Cleaner<\/strong> ist ein effektiver Schaumreiniger f\u00fcr Leder\/Kunstleder. Das Produkt entfernt Schmutz wirkungsvoll und neutralisiert gleichzeitig Ger\u00fcche wie Schwei\u00df oder Zigarettenrauch. Der Reiniger ist sicher und f\u00fcr helle und dunkle Leder unabh\u00e4ngig von der Farbe geeignet.<\/span><\/p>\n<h3 class=\"western\"><span style=\"font-size: medium;\"><b>Warum unser Produkt w\u00e4hlen?<\/b><\/span><\/h3>\n<ul>\n<li class=\"western\"><span style=\"font-size: medium;\"><b>\ud83d\udc49Zusammensetzung<\/b><\/span><span style=\"font-size: medium;\"> &#8211; Bew\u00e4hrte Rezeptur ohne Alkohol, abrasive Materialien oder L\u00f6sungsmittel<\/span><\/li>\n<li class=\"western\"><span style=\"font-size: medium;\"><b>\ud83d\udc49Wirksamkeit<\/b><\/span><span style=\"font-size: medium;\"> &#8211; Reinigt auch sehr verschmutzte Leder gr\u00fcndlich<\/span><\/li>\n<li class=\"western\"><span style=\"font-size: medium;\"><b>\ud83d\udc49Vielseitigkeit<\/b><\/span><span style=\"font-size: medium;\"> &#8211; Ideal zum Reinigen von Ledersitzen im Auto, M\u00f6beln aus Leder\/Kunstleder, Accessoires und Taschen<\/span><\/li>\n<\/ul>\n<h3 class=\"western\"><span style=\"font-size: medium;\"><b>Wie wird der Leather Foam Cleaner verwendet? So einfach!<\/b><\/span><\/h3>\n<ol>\n<li><span style=\"font-size: medium;\">Tragen Sie den Leather Foam Cleaner mit einem Schwamm oder einer B\u00fcrste auf das Leder\/Kunstleder auf.<\/span><\/li>\n<li><span style=\"font-size: medium;\">Warten Sie etwa 15 Sekunden &#8211; nach dieser Zeit sollte sich der Schmutz aufl\u00f6sen.<\/span><\/li>\n<li><span style=\"font-size: medium;\">Reinigen Sie das Leder mit kreisenden Bewegungen. Bei stark verschmutzten Oberfl\u00e4chen oder schwer zug\u00e4nglichen Stellen verwenden Sie unsere B\u00fcrste mit weichen Naturborsten.<\/span><\/li>\n<\/ol>\n<p><strong><span style=\"font-size: medium;\">Nach dem Reinigen sch\u00fctzen Sie die Oberfl\u00e4che mit dem Leather Care Balm.<\/span><\/strong><\/p>\n<p><span style=\"font-size: medium;\">Das Produkt ist auf einer anderen unserer Auktionen erh\u00e4ltlich.<\/span><\/p>\n<p><span style=\"font-size: medium;\"><b>Verwenden Sie das Produkt nicht auf Wildleder oder Nubukleder!<\/b><\/span><\/p>\n<h4>Gratis zum Produkt!<\/h4>\n<ul>\n<li><strong>\u2705 2x Gro\u00dfer Schwamm<\/strong><\/li>\n<li><strong>\u2705 1x Mikrofasertuch<\/strong><\/li>\n<li><strong>\u2705 1x B\u00fcrste zum Reinigen<\/strong><\/li>\n<\/ul>\n<p>&nbsp;<\/p>\n","protected":false},"excerpt":{"rendered":"<p><span class=\"font-555555 font-119811\">Leather Foam Cleaner &#8211; Schaumreiniger f\u00fcr Leder<\/span><\/p>\n","protected":false},"featured_media":119099,"template":"","meta":{"_acf_changed":false},"product_brand":[],"product_cat":[264],"product_tag":[],"class_list":{"0":"post-120067","1":"product","2":"type-product","3":"status-publish","4":"has-post-thumbnail","6":"product_cat-hautpflege","8":"first","9":"instock","10":"taxable","11":"shipping-taxable","12":"purchasable","13":"product-type-simple"},"acf":[],"yoast_head":"<!-- This site is optimized with the Yoast SEO plugin v23.6 - https:\/\/yoast.com\/wordpress\/plugins\/seo\/ -->\n<title>Leather Foam Cleaner - Schaumreiniger f\u00fcr Leder 200ml - Leathermed<\/title>\n<meta name=\"robots\" content=\"index, follow, max-snippet:-1, max-image-preview:large, max-video-preview:-1\" \/>\n<link rel=\"canonical\" href=\"https:\/\/leathermed.pl\/e-sklep\/pianka-do-czyszczenia-skory\/\" \/>\n<meta property=\"og:locale\" content=\"de_DE\" \/>\n<meta property=\"og:type\" content=\"article\" \/>\n<meta property=\"og:title\" content=\"Leather Foam Cleaner - Schaumreiniger f\u00fcr Leder 200ml - Leathermed\" \/>\n<meta property=\"og:description\" content=\"Leather Foam Cleaner - Schaumreiniger f\u00fcr Leder\" \/>\n<meta property=\"og:url\" content=\"https:\/\/leathermed.pl\/e-sklep\/pianka-do-czyszczenia-skory\/\" \/>\n<meta property=\"og:site_name\" content=\"Leathermed\" \/>\n<meta property=\"article:publisher\" content=\"https:\/\/www.facebook.com\/p\/Leathermed-61557229173629\/\" \/>\n<meta property=\"article:modified_time\" content=\"2023-11-24T10:12:30+00:00\" \/>\n<meta property=\"og:image\" content=\"https:\/\/leathermed.pl\/wp-content\/uploads\/2023\/06\/Leather-Foam-Cleaner.png\" \/>\n\t<meta property=\"og:image:width\" content=\"1600\" \/>\n\t<meta property=\"og:image:height\" content=\"1600\" \/>\n\t<meta property=\"og:image:type\" content=\"image\/png\" \/>\n<meta name=\"twitter:card\" content=\"summary_large_image\" \/>\n<meta name=\"twitter:label1\" content=\"Gesch\u00e4tzte Lesezeit\" \/>\n\t<meta name=\"twitter:data1\" content=\"1\u00a0Minute\" \/>\n<script type=\"application\/ld+json\" class=\"yoast-schema-graph\">{\"@context\":\"https:\/\/schema.org\",\"@graph\":[{\"@type\":\"WebPage\",\"@id\":\"https:\/\/leathermed.pl\/e-sklep\/pianka-do-czyszczenia-skory\/\",\"url\":\"https:\/\/leathermed.pl\/e-sklep\/pianka-do-czyszczenia-skory\/\",\"name\":\"Leather Foam Cleaner - Schaumreiniger f\u00fcr Leder 200ml - Leathermed\",\"isPartOf\":{\"@id\":\"https:\/\/leathermed.pl\/#website\"},\"primaryImageOfPage\":{\"@id\":\"https:\/\/leathermed.pl\/e-sklep\/pianka-do-czyszczenia-skory\/#primaryimage\"},\"image\":{\"@id\":\"https:\/\/leathermed.pl\/e-sklep\/pianka-do-czyszczenia-skory\/#primaryimage\"},\"thumbnailUrl\":\"https:\/\/leathermed.pl\/wp-content\/uploads\/2023\/06\/Leather-Foam-Cleaner.png\",\"datePublished\":\"2023-06-14T20:43:56+00:00\",\"dateModified\":\"2023-11-24T10:12:30+00:00\",\"breadcrumb\":{\"@id\":\"https:\/\/leathermed.pl\/e-sklep\/pianka-do-czyszczenia-skory\/#breadcrumb\"},\"inLanguage\":\"de\",\"potentialAction\":[{\"@type\":\"ReadAction\",\"target\":[\"https:\/\/leathermed.pl\/e-sklep\/pianka-do-czyszczenia-skory\/\"]}]},{\"@type\":\"ImageObject\",\"inLanguage\":\"de\",\"@id\":\"https:\/\/leathermed.pl\/e-sklep\/pianka-do-czyszczenia-skory\/#primaryimage\",\"url\":\"https:\/\/leathermed.pl\/wp-content\/uploads\/2023\/06\/Leather-Foam-Cleaner.png\",\"contentUrl\":\"https:\/\/leathermed.pl\/wp-content\/uploads\/2023\/06\/Leather-Foam-Cleaner.png\",\"width\":1600,\"height\":1600,\"caption\":\"Pianka do czyszczenia sk\u00f3ry\"},{\"@type\":\"BreadcrumbList\",\"@id\":\"https:\/\/leathermed.pl\/e-sklep\/pianka-do-czyszczenia-skory\/#breadcrumb\",\"itemListElement\":[{\"@type\":\"ListItem\",\"position\":1,\"name\":\"Strona g\u0142\u00f3wna\",\"item\":\"https:\/\/leathermed.pl\/de\/\"},{\"@type\":\"ListItem\",\"position\":2,\"name\":\"E-sklep\",\"item\":\"https:\/\/leathermed.pl\/e-sklep\/\"},{\"@type\":\"ListItem\",\"position\":3,\"name\":\"Leather Foam Cleaner &#8211; Schaumreiniger f\u00fcr Leder 200ml\"}]},{\"@type\":\"WebSite\",\"@id\":\"https:\/\/leathermed.pl\/#website\",\"url\":\"https:\/\/leathermed.pl\/\",\"name\":\"Leathermed\",\"description\":\"\",\"publisher\":{\"@id\":\"https:\/\/leathermed.pl\/#organization\"},\"potentialAction\":[{\"@type\":\"SearchAction\",\"target\":{\"@type\":\"EntryPoint\",\"urlTemplate\":\"https:\/\/leathermed.pl\/?s={search_term_string}\"},\"query-input\":{\"@type\":\"PropertyValueSpecification\",\"valueRequired\":true,\"valueName\":\"search_term_string\"}}],\"inLanguage\":\"de\"},{\"@type\":\"Organization\",\"@id\":\"https:\/\/leathermed.pl\/#organization\",\"name\":\"Leathermed\",\"url\":\"https:\/\/leathermed.pl\/\",\"logo\":{\"@type\":\"ImageObject\",\"inLanguage\":\"de\",\"@id\":\"https:\/\/leathermed.pl\/#\/schema\/logo\/image\/\",\"url\":\"https:\/\/leathermed.pl\/wp-content\/uploads\/2023\/10\/Logo_Easy-Resize.com_.jpg\",\"contentUrl\":\"https:\/\/leathermed.pl\/wp-content\/uploads\/2023\/10\/Logo_Easy-Resize.com_.jpg\",\"width\":787,\"height\":600,\"caption\":\"Leathermed\"},\"image\":{\"@id\":\"https:\/\/leathermed.pl\/#\/schema\/logo\/image\/\"},\"sameAs\":[\"https:\/\/www.facebook.com\/p\/Leathermed-61557229173629\/\"]}]}<\/script>\n<!-- \/ Yoast SEO plugin. -->","yoast_head_json":{"title":"Leather Foam Cleaner - Schaumreiniger f\u00fcr Leder 200ml - Leathermed","robots":{"index":"index","follow":"follow","max-snippet":"max-snippet:-1","max-image-preview":"max-image-preview:large","max-video-preview":"max-video-preview:-1"},"canonical":"https:\/\/leathermed.pl\/e-sklep\/pianka-do-czyszczenia-skory\/","og_locale":"de_DE","og_type":"article","og_title":"Leather Foam Cleaner - Schaumreiniger f\u00fcr Leder 200ml - Leathermed","og_description":"Leather Foam Cleaner - Schaumreiniger f\u00fcr Leder","og_url":"https:\/\/leathermed.pl\/e-sklep\/pianka-do-czyszczenia-skory\/","og_site_name":"Leathermed","article_publisher":"https:\/\/www.facebook.com\/p\/Leathermed-61557229173629\/","article_modified_time":"2023-11-24T10:12:30+00:00","og_image":[{"width":1600,"height":1600,"url":"https:\/\/leathermed.pl\/wp-content\/uploads\/2023\/06\/Leather-Foam-Cleaner.png","type":"image\/png"}],"twitter_card":"summary_large_image","twitter_misc":{"Gesch\u00e4tzte Lesezeit":"1\u00a0Minute"},"schema":{"@context":"https:\/\/schema.org","@graph":[{"@type":"WebPage","@id":"https:\/\/leathermed.pl\/e-sklep\/pianka-do-czyszczenia-skory\/","url":"https:\/\/leathermed.pl\/e-sklep\/pianka-do-czyszczenia-skory\/","name":"Leather Foam Cleaner - Schaumreiniger f\u00fcr Leder 200ml - Leathermed","isPartOf":{"@id":"https:\/\/leathermed.pl\/#website"},"primaryImageOfPage":{"@id":"https:\/\/leathermed.pl\/e-sklep\/pianka-do-czyszczenia-skory\/#primaryimage"},"image":{"@id":"https:\/\/leathermed.pl\/e-sklep\/pianka-do-czyszczenia-skory\/#primaryimage"},"thumbnailUrl":"https:\/\/leathermed.pl\/wp-content\/uploads\/2023\/06\/Leather-Foam-Cleaner.png","datePublished":"2023-06-14T20:43:56+00:00","dateModified":"2023-11-24T10:12:30+00:00","breadcrumb":{"@id":"https:\/\/leathermed.pl\/e-sklep\/pianka-do-czyszczenia-skory\/#breadcrumb"},"inLanguage":"de","potentialAction":[{"@type":"ReadAction","target":["https:\/\/leathermed.pl\/e-sklep\/pianka-do-czyszczenia-skory\/"]}]},{"@type":"ImageObject","inLanguage":"de","@id":"https:\/\/leathermed.pl\/e-sklep\/pianka-do-czyszczenia-skory\/#primaryimage","url":"https:\/\/leathermed.pl\/wp-content\/uploads\/2023\/06\/Leather-Foam-Cleaner.png","contentUrl":"https:\/\/leathermed.pl\/wp-content\/uploads\/2023\/06\/Leather-Foam-Cleaner.png","width":1600,"height":1600,"caption":"Pianka do czyszczenia sk\u00f3ry"},{"@type":"BreadcrumbList","@id":"https:\/\/leathermed.pl\/e-sklep\/pianka-do-czyszczenia-skory\/#breadcrumb","itemListElement":[{"@type":"ListItem","position":1,"name":"Strona g\u0142\u00f3wna","item":"https:\/\/leathermed.pl\/de\/"},{"@type":"ListItem","position":2,"name":"E-sklep","item":"https:\/\/leathermed.pl\/e-sklep\/"},{"@type":"ListItem","position":3,"name":"Leather Foam Cleaner &#8211; Schaumreiniger f\u00fcr Leder 200ml"}]},{"@type":"WebSite","@id":"https:\/\/leathermed.pl\/#website","url":"https:\/\/leathermed.pl\/","name":"Leathermed","description":"","publisher":{"@id":"https:\/\/leathermed.pl\/#organization"},"potentialAction":[{"@type":"SearchAction","target":{"@type":"EntryPoint","urlTemplate":"https:\/\/leathermed.pl\/?s={search_term_string}"},"query-input":{"@type":"PropertyValueSpecification","valueRequired":true,"valueName":"search_term_string"}}],"inLanguage":"de"},{"@type":"Organization","@id":"https:\/\/leathermed.pl\/#organization","name":"Leathermed","url":"https:\/\/leathermed.pl\/","logo":{"@type":"ImageObject","inLanguage":"de","@id":"https:\/\/leathermed.pl\/#\/schema\/logo\/image\/","url":"https:\/\/leathermed.pl\/wp-content\/uploads\/2023\/10\/Logo_Easy-Resize.com_.jpg","contentUrl":"https:\/\/leathermed.pl\/wp-content\/uploads\/2023\/10\/Logo_Easy-Resize.com_.jpg","width":787,"height":600,"caption":"Leathermed"},"image":{"@id":"https:\/\/leathermed.pl\/#\/schema\/logo\/image\/"},"sameAs":["https:\/\/www.facebook.com\/p\/Leathermed-61557229173629\/"]}]}},"_links":{"self":[{"href":"https:\/\/leathermed.pl\/de\/wp-json\/wp\/v2\/product\/120067","targetHints":{"allow":["GET"]}}],"collection":[{"href":"https:\/\/leathermed.pl\/de\/wp-json\/wp\/v2\/product"}],"about":[{"href":"https:\/\/leathermed.pl\/de\/wp-json\/wp\/v2\/types\/product"}],"wp:featuredmedia":[{"embeddable":true,"href":"https:\/\/leathermed.pl\/de\/wp-json\/wp\/v2\/media\/119099"}],"wp:attachment":[{"href":"https:\/\/leathermed.pl\/de\/wp-json\/wp\/v2\/media?parent=120067"}],"wp:term":[{"taxonomy":"product_brand","embeddable":true,"href":"https:\/\/leathermed.pl\/de\/wp-json\/wp\/v2\/product_brand?post=120067"},{"taxonomy":"product_cat","embeddable":true,"href":"https:\/\/leathermed.pl\/de\/wp-json\/wp\/v2\/product_cat?post=120067"},{"taxonomy":"product_tag","embeddable":true,"href":"https:\/\/leathermed.pl\/de\/wp-json\/wp\/v2\/product_tag?post=120067"}],"curies":[{"name":"wp","href":"https:\/\/api.w.org\/{rel}","templated":true}]}}