{"id":120061,"date":"2023-06-15T15:56:00","date_gmt":"2023-06-15T13:56:00","guid":{"rendered":"https:\/\/leathermed.pl\/sklep\/leather-bonder\/"},"modified":"2023-11-24T13:00:40","modified_gmt":"2023-11-24T12:00:40","slug":"leather-bonder","status":"publish","type":"product","link":"https:\/\/leathermed.pl\/de\/e-sklep\/leather-bonder\/","title":{"rendered":"Leather Filler Paste \u2013 Lederf\u00fcllpaste"},"content":{"rendered":"<h2><span class=\"font-555555 font-119811\" style=\"color: #00000a;\">Leather Filler Paste \u2013 Lederf\u00fcllpaste<\/span><\/h2>\n<p class=\"western\" align=\"justify\"><span style=\"font-size: medium;\">Leather Filler Paste ist ein modernes Produkt, das sich ideal zur Reparatur von Leder oder Kunstleder eignet. Das Produkt wird empfohlen, um L\u00f6cher, Kratzer, Schnitte, Risse und tiefe Falten zu f\u00fcllen.<\/span><\/p>\n<h3 class=\"western\"><span style=\"font-size: medium;\"><b>Warum sollten Sie unser Produkt w\u00e4hlen?<\/b><\/span><\/h3>\n<ul>\n<li class=\"western\"><span style=\"font-size: medium;\"><b>\ud83d\udc49Effektivit\u00e4t<\/b><\/span><span style=\"font-size: medium;\"> &#8211; Hervorragende F\u00fcllung aller Lederdefekte, dauerhafte Reparatur, elastische Formel.<\/span><\/li>\n<li class=\"western\"><span style=\"font-size: medium;\"><b>\ud83d\udc49Vielseitigkeit<\/b><\/span><span style=\"font-size: medium;\"> &#8211; Leather Filler Paste eignet sich hervorragend zur Reparatur oder Renovierung von Autositzen, M\u00f6beln, Accessoires oder Handtaschen.<\/span><\/li>\n<\/ul>\n<h3 class=\"western\"><span style=\"font-size: medium;\"><b>Wie wird Leather Filler Paste verwendet? Das ist so einfach!<\/b><\/span><\/h3>\n<ol>\n<li><span style=\"font-size: medium;\">Reinigen Sie die zu reparierende Leder- oder Kunstlederoberfl\u00e4che gr\u00fcndlich mit Produkten wie Leather Pro Cleaner oder Leather Foam Cleaner, die auf unseren anderen Auktionen erh\u00e4ltlich sind.<\/span><\/li>\n<li><span style=\"font-size: medium;\">Entfetten Sie die zu reparierende Oberfl\u00e4che mit Leather Grease Remover &#8211; dies erh\u00f6ht die Haftung des F\u00fcllers.<\/span><\/li>\n<li><span style=\"font-size: medium;\">Tragen Sie Leather Filler Paste mit einem Spachtel oder Applikator auf die trockene Leder- oder Kunstlederoberfl\u00e4che auf. Bei tieferen Defekten schichten Sie sie allm\u00e4hlich auf, indem Sie d\u00fcnne Schichten auftragen. Lassen Sie jede Schicht gut trocknen, nachdem Sie sie aufgetragen haben.<\/span><\/li>\n<li><span style=\"font-size: medium;\">Nach Abschluss des F\u00fcllens von Defekten und gr\u00fcndlichem Trocknen des F\u00fcllers malen Sie das Leder oder Kunstleder mit Leather Pro Colourant. Nach dem Malen sch\u00fctzen Sie die Farbe mit Leather Top Finish Lederlack &#8211; dies gew\u00e4hrleistet lang anhaltende Ergebnisse.<\/span><\/li>\n<\/ol>\n<p>&nbsp;<\/p>\n","protected":false},"excerpt":{"rendered":"<p>Leather Filler Paste &#8211; elastische Paste zur F\u00fcllung von L\u00f6chern in Leder und Kunstleder<\/p>\n","protected":false},"featured_media":121841,"template":"","meta":{"_acf_changed":false},"product_brand":[],"product_cat":[325],"product_tag":[],"class_list":{"0":"post-120061","1":"product","2":"type-product","3":"status-publish","4":"has-post-thumbnail","6":"product_cat-renovierung-von-leder","8":"first","9":"instock","10":"taxable","11":"shipping-taxable","12":"purchasable","13":"product-type-simple"},"acf":[],"yoast_head":"<!-- This site is optimized with the Yoast SEO plugin v23.6 - https:\/\/yoast.com\/wordpress\/plugins\/seo\/ -->\n<title>Leather Filler Paste \u2013 Lederf\u00fcllpaste - Leathermed<\/title>\n<meta name=\"robots\" content=\"index, follow, max-snippet:-1, max-image-preview:large, max-video-preview:-1\" \/>\n<link rel=\"canonical\" href=\"https:\/\/leathermed.pl\/de\/e-sklep\/leather-bonder\/\" \/>\n<meta property=\"og:locale\" content=\"de_DE\" \/>\n<meta property=\"og:type\" content=\"article\" \/>\n<meta property=\"og:title\" content=\"Leather Filler Paste \u2013 Lederf\u00fcllpaste - Leathermed\" \/>\n<meta property=\"og:description\" content=\"Leather Filler Paste - elastische Paste zur F\u00fcllung von L\u00f6chern in Leder und Kunstleder\" \/>\n<meta property=\"og:url\" content=\"https:\/\/leathermed.pl\/de\/e-sklep\/leather-bonder\/\" \/>\n<meta property=\"og:site_name\" content=\"Leathermed\" \/>\n<meta property=\"article:publisher\" content=\"https:\/\/www.facebook.com\/p\/Leathermed-61557229173629\/\" \/>\n<meta property=\"article:modified_time\" content=\"2023-11-24T12:00:40+00:00\" \/>\n<meta property=\"og:image\" content=\"https:\/\/leathermed.pl\/wp-content\/uploads\/2023\/06\/25ml-CZARNA-Leather-Filler-Paste-BLACK-zestaw.png\" \/>\n\t<meta property=\"og:image:width\" content=\"600\" \/>\n\t<meta property=\"og:image:height\" content=\"600\" \/>\n\t<meta property=\"og:image:type\" content=\"image\/png\" \/>\n<meta name=\"twitter:card\" content=\"summary_large_image\" \/>\n<meta name=\"twitter:label1\" content=\"Gesch\u00e4tzte Lesezeit\" \/>\n\t<meta name=\"twitter:data1\" content=\"1\u00a0Minute\" \/>\n<script type=\"application\/ld+json\" class=\"yoast-schema-graph\">{\"@context\":\"https:\/\/schema.org\",\"@graph\":[{\"@type\":\"WebPage\",\"@id\":\"https:\/\/leathermed.pl\/de\/e-sklep\/leather-bonder\/\",\"url\":\"https:\/\/leathermed.pl\/de\/e-sklep\/leather-bonder\/\",\"name\":\"Leather Filler Paste \u2013 Lederf\u00fcllpaste - Leathermed\",\"isPartOf\":{\"@id\":\"https:\/\/leathermed.pl\/#website\"},\"primaryImageOfPage\":{\"@id\":\"https:\/\/leathermed.pl\/de\/e-sklep\/leather-bonder\/#primaryimage\"},\"image\":{\"@id\":\"https:\/\/leathermed.pl\/de\/e-sklep\/leather-bonder\/#primaryimage\"},\"thumbnailUrl\":\"https:\/\/leathermed.pl\/wp-content\/uploads\/2023\/06\/25ml-CZARNA-Leather-Filler-Paste-BLACK-zestaw.png\",\"datePublished\":\"2023-06-15T13:56:00+00:00\",\"dateModified\":\"2023-11-24T12:00:40+00:00\",\"breadcrumb\":{\"@id\":\"https:\/\/leathermed.pl\/de\/e-sklep\/leather-bonder\/#breadcrumb\"},\"inLanguage\":\"de\",\"potentialAction\":[{\"@type\":\"ReadAction\",\"target\":[\"https:\/\/leathermed.pl\/de\/e-sklep\/leather-bonder\/\"]}]},{\"@type\":\"ImageObject\",\"inLanguage\":\"de\",\"@id\":\"https:\/\/leathermed.pl\/de\/e-sklep\/leather-bonder\/#primaryimage\",\"url\":\"https:\/\/leathermed.pl\/wp-content\/uploads\/2023\/06\/25ml-CZARNA-Leather-Filler-Paste-BLACK-zestaw.png\",\"contentUrl\":\"https:\/\/leathermed.pl\/wp-content\/uploads\/2023\/06\/25ml-CZARNA-Leather-Filler-Paste-BLACK-zestaw.png\",\"width\":600,\"height\":600},{\"@type\":\"BreadcrumbList\",\"@id\":\"https:\/\/leathermed.pl\/de\/e-sklep\/leather-bonder\/#breadcrumb\",\"itemListElement\":[{\"@type\":\"ListItem\",\"position\":1,\"name\":\"Strona g\u0142\u00f3wna\",\"item\":\"https:\/\/leathermed.pl\/de\/\"},{\"@type\":\"ListItem\",\"position\":2,\"name\":\"E-sklep\",\"item\":\"https:\/\/leathermed.pl\/e-sklep\/\"},{\"@type\":\"ListItem\",\"position\":3,\"name\":\"Leather Filler Paste \u2013 Lederf\u00fcllpaste\"}]},{\"@type\":\"WebSite\",\"@id\":\"https:\/\/leathermed.pl\/#website\",\"url\":\"https:\/\/leathermed.pl\/\",\"name\":\"Leathermed\",\"description\":\"\",\"publisher\":{\"@id\":\"https:\/\/leathermed.pl\/#organization\"},\"potentialAction\":[{\"@type\":\"SearchAction\",\"target\":{\"@type\":\"EntryPoint\",\"urlTemplate\":\"https:\/\/leathermed.pl\/?s={search_term_string}\"},\"query-input\":{\"@type\":\"PropertyValueSpecification\",\"valueRequired\":true,\"valueName\":\"search_term_string\"}}],\"inLanguage\":\"de\"},{\"@type\":\"Organization\",\"@id\":\"https:\/\/leathermed.pl\/#organization\",\"name\":\"Leathermed\",\"url\":\"https:\/\/leathermed.pl\/\",\"logo\":{\"@type\":\"ImageObject\",\"inLanguage\":\"de\",\"@id\":\"https:\/\/leathermed.pl\/#\/schema\/logo\/image\/\",\"url\":\"https:\/\/leathermed.pl\/wp-content\/uploads\/2023\/10\/Logo_Easy-Resize.com_.jpg\",\"contentUrl\":\"https:\/\/leathermed.pl\/wp-content\/uploads\/2023\/10\/Logo_Easy-Resize.com_.jpg\",\"width\":787,\"height\":600,\"caption\":\"Leathermed\"},\"image\":{\"@id\":\"https:\/\/leathermed.pl\/#\/schema\/logo\/image\/\"},\"sameAs\":[\"https:\/\/www.facebook.com\/p\/Leathermed-61557229173629\/\"]}]}<\/script>\n<!-- \/ Yoast SEO plugin. -->","yoast_head_json":{"title":"Leather Filler Paste \u2013 Lederf\u00fcllpaste - Leathermed","robots":{"index":"index","follow":"follow","max-snippet":"max-snippet:-1","max-image-preview":"max-image-preview:large","max-video-preview":"max-video-preview:-1"},"canonical":"https:\/\/leathermed.pl\/de\/e-sklep\/leather-bonder\/","og_locale":"de_DE","og_type":"article","og_title":"Leather Filler Paste \u2013 Lederf\u00fcllpaste - Leathermed","og_description":"Leather Filler Paste - elastische Paste zur F\u00fcllung von L\u00f6chern in Leder und Kunstleder","og_url":"https:\/\/leathermed.pl\/de\/e-sklep\/leather-bonder\/","og_site_name":"Leathermed","article_publisher":"https:\/\/www.facebook.com\/p\/Leathermed-61557229173629\/","article_modified_time":"2023-11-24T12:00:40+00:00","og_image":[{"width":600,"height":600,"url":"https:\/\/leathermed.pl\/wp-content\/uploads\/2023\/06\/25ml-CZARNA-Leather-Filler-Paste-BLACK-zestaw.png","type":"image\/png"}],"twitter_card":"summary_large_image","twitter_misc":{"Gesch\u00e4tzte Lesezeit":"1\u00a0Minute"},"schema":{"@context":"https:\/\/schema.org","@graph":[{"@type":"WebPage","@id":"https:\/\/leathermed.pl\/de\/e-sklep\/leather-bonder\/","url":"https:\/\/leathermed.pl\/de\/e-sklep\/leather-bonder\/","name":"Leather Filler Paste \u2013 Lederf\u00fcllpaste - Leathermed","isPartOf":{"@id":"https:\/\/leathermed.pl\/#website"},"primaryImageOfPage":{"@id":"https:\/\/leathermed.pl\/de\/e-sklep\/leather-bonder\/#primaryimage"},"image":{"@id":"https:\/\/leathermed.pl\/de\/e-sklep\/leather-bonder\/#primaryimage"},"thumbnailUrl":"https:\/\/leathermed.pl\/wp-content\/uploads\/2023\/06\/25ml-CZARNA-Leather-Filler-Paste-BLACK-zestaw.png","datePublished":"2023-06-15T13:56:00+00:00","dateModified":"2023-11-24T12:00:40+00:00","breadcrumb":{"@id":"https:\/\/leathermed.pl\/de\/e-sklep\/leather-bonder\/#breadcrumb"},"inLanguage":"de","potentialAction":[{"@type":"ReadAction","target":["https:\/\/leathermed.pl\/de\/e-sklep\/leather-bonder\/"]}]},{"@type":"ImageObject","inLanguage":"de","@id":"https:\/\/leathermed.pl\/de\/e-sklep\/leather-bonder\/#primaryimage","url":"https:\/\/leathermed.pl\/wp-content\/uploads\/2023\/06\/25ml-CZARNA-Leather-Filler-Paste-BLACK-zestaw.png","contentUrl":"https:\/\/leathermed.pl\/wp-content\/uploads\/2023\/06\/25ml-CZARNA-Leather-Filler-Paste-BLACK-zestaw.png","width":600,"height":600},{"@type":"BreadcrumbList","@id":"https:\/\/leathermed.pl\/de\/e-sklep\/leather-bonder\/#breadcrumb","itemListElement":[{"@type":"ListItem","position":1,"name":"Strona g\u0142\u00f3wna","item":"https:\/\/leathermed.pl\/de\/"},{"@type":"ListItem","position":2,"name":"E-sklep","item":"https:\/\/leathermed.pl\/e-sklep\/"},{"@type":"ListItem","position":3,"name":"Leather Filler Paste \u2013 Lederf\u00fcllpaste"}]},{"@type":"WebSite","@id":"https:\/\/leathermed.pl\/#website","url":"https:\/\/leathermed.pl\/","name":"Leathermed","description":"","publisher":{"@id":"https:\/\/leathermed.pl\/#organization"},"potentialAction":[{"@type":"SearchAction","target":{"@type":"EntryPoint","urlTemplate":"https:\/\/leathermed.pl\/?s={search_term_string}"},"query-input":{"@type":"PropertyValueSpecification","valueRequired":true,"valueName":"search_term_string"}}],"inLanguage":"de"},{"@type":"Organization","@id":"https:\/\/leathermed.pl\/#organization","name":"Leathermed","url":"https:\/\/leathermed.pl\/","logo":{"@type":"ImageObject","inLanguage":"de","@id":"https:\/\/leathermed.pl\/#\/schema\/logo\/image\/","url":"https:\/\/leathermed.pl\/wp-content\/uploads\/2023\/10\/Logo_Easy-Resize.com_.jpg","contentUrl":"https:\/\/leathermed.pl\/wp-content\/uploads\/2023\/10\/Logo_Easy-Resize.com_.jpg","width":787,"height":600,"caption":"Leathermed"},"image":{"@id":"https:\/\/leathermed.pl\/#\/schema\/logo\/image\/"},"sameAs":["https:\/\/www.facebook.com\/p\/Leathermed-61557229173629\/"]}]}},"_links":{"self":[{"href":"https:\/\/leathermed.pl\/de\/wp-json\/wp\/v2\/product\/120061","targetHints":{"allow":["GET"]}}],"collection":[{"href":"https:\/\/leathermed.pl\/de\/wp-json\/wp\/v2\/product"}],"about":[{"href":"https:\/\/leathermed.pl\/de\/wp-json\/wp\/v2\/types\/product"}],"wp:featuredmedia":[{"embeddable":true,"href":"https:\/\/leathermed.pl\/de\/wp-json\/wp\/v2\/media\/121841"}],"wp:attachment":[{"href":"https:\/\/leathermed.pl\/de\/wp-json\/wp\/v2\/media?parent=120061"}],"wp:term":[{"taxonomy":"product_brand","embeddable":true,"href":"https:\/\/leathermed.pl\/de\/wp-json\/wp\/v2\/product_brand?post=120061"},{"taxonomy":"product_cat","embeddable":true,"href":"https:\/\/leathermed.pl\/de\/wp-json\/wp\/v2\/product_cat?post=120061"},{"taxonomy":"product_tag","embeddable":true,"href":"https:\/\/leathermed.pl\/de\/wp-json\/wp\/v2\/product_tag?post=120061"}],"curies":[{"name":"wp","href":"https:\/\/api.w.org\/{rel}","templated":true}]}}