{"id":120055,"date":"2023-10-06T16:32:42","date_gmt":"2023-10-06T14:32:42","guid":{"rendered":"https:\/\/leathermed.pl\/sklep\/leather-care-balm\/"},"modified":"2023-12-05T20:29:53","modified_gmt":"2023-12-05T19:29:53","slug":"leather-care-balm","status":"publish","type":"product","link":"https:\/\/leathermed.pl\/de\/e-sklep\/leather-care-balm\/","title":{"rendered":"Leather Care Balm &#8211; Schutzpflegebalsam f\u00fcr Leder"},"content":{"rendered":"<h2>Leather Care Balm \u2013 Schutzbalsam f\u00fcr Leder<\/h2>\n<p><strong>Leather Care Balm<\/strong> ist eine Pflegecreme auf Basis nat\u00fcrlicher \u00d6le und Wachse. Sie eignet sich perfekt zur Pflege sowohl neuer als auch gebrauchter Lederwaren. Das Produkt pflegt das Leder effektiv, bringt die Farbtiefe zur Geltung und hinterl\u00e4sst einen seidigen Glanz. Die Haut wird weich und angenehm im Griff.<\/p>\n<h3>Warum unser Produkt w\u00e4hlen?<\/h3>\n<ul>\n<li><strong>Inhaltsstoffe<\/strong> \u2013 Nur nat\u00fcrliche Inhaltsstoffe wurden verwendet, um sicherzustellen, dass Ihr Leder richtig konserviert und gesch\u00fctzt wird.<\/li>\n<li><strong>Sicherheit<\/strong> \u2013 Ein sanftes, nat\u00fcrliches Mittel, das Sie auf Leder in allen Farben anwenden k\u00f6nnen, ohne das Risiko von Verf\u00e4rbungen oder Flecken.<\/li>\n<li><strong>Duft<\/strong> \u2013 Ein reichhaltiger und dezenter Duft von hochwertigem Luxusleder.<\/li>\n<li><strong>Haltbarkeit<\/strong> \u2013 Nur 2 oder 3 Anwendungen pro Jahr reichen aus, um das Leder optimal zu konservieren und zu sch\u00fctzen.<\/li>\n<\/ul>\n<p><strong>Leather Care Balm<\/strong> eignet sich hervorragend zur Pflege und zum Schutz von <span class=\"HwtZe\" lang=\"de\"><span class=\"jCAhz ChMk0b\"><span class=\"ryNqvb\">Autoleder<\/span><\/span><\/span>, Lederm\u00f6beln, Lederwaren und Taschen. Ein Schwamm und ein Mikrofasertuch sind KOSTENLOS enthalten!<\/p>\n<h3>So wenden Sie den Schutzbalsam Leather Care Balm an \u2013 ganz einfach!<\/h3>\n<ol>\n<li>Reinigen Sie das Leder vor der Anwendung der Pflegecreme mit Leather Pro Cleaner oder Leather Foam Cleaner, die Sie in unseren anderen Auktionen finden k\u00f6nnen.<\/li>\n<li>Tragen Sie mit der beigef\u00fcgten Schwamm- oder Mikrofasertuch eine d\u00fcnne Schicht <strong>Leather Care Balm<\/strong> auf das Leder auf.<\/li>\n<li>Lassen Sie die Creme 5 Minuten einwirken und entfernen Sie dann den \u00dcberschuss, indem Sie das Leder vorsichtig polieren.<\/li>\n<\/ol>\n<h4>Bitte verwenden Sie das Produkt nicht auf Wildleder und Nubukleder.<\/h4>\n","protected":false},"excerpt":{"rendered":"<p>Leather Care Balm \u2013 Schutzbalsam f\u00fcr Leder<\/p>\n","protected":false},"featured_media":121829,"template":"","meta":{"_acf_changed":false},"product_brand":[],"product_cat":[264],"product_tag":[],"class_list":{"0":"post-120055","1":"product","2":"type-product","3":"status-publish","4":"has-post-thumbnail","6":"product_cat-hautpflege","8":"first","9":"instock","10":"taxable","11":"shipping-taxable","12":"purchasable","13":"product-type-variable","14":"has-default-attributes"},"acf":[],"yoast_head":"<!-- This site is optimized with the Yoast SEO plugin v23.6 - https:\/\/yoast.com\/wordpress\/plugins\/seo\/ -->\n<title>Leather Care Balm - Schutzpflegebalsam f\u00fcr Leder - Leathermed<\/title>\n<meta name=\"robots\" content=\"index, follow, max-snippet:-1, max-image-preview:large, max-video-preview:-1\" \/>\n<link rel=\"canonical\" href=\"https:\/\/leathermed.pl\/e-sklep\/ochronny-balsam-do-skor-leathermed\/\" \/>\n<meta property=\"og:locale\" content=\"de_DE\" \/>\n<meta property=\"og:type\" content=\"article\" \/>\n<meta property=\"og:title\" content=\"Leather Care Balm - Schutzpflegebalsam f\u00fcr Leder - Leathermed\" \/>\n<meta property=\"og:description\" content=\"Leather Care Balm \u2013 Schutzbalsam f\u00fcr Leder\" \/>\n<meta property=\"og:url\" content=\"https:\/\/leathermed.pl\/e-sklep\/ochronny-balsam-do-skor-leathermed\/\" \/>\n<meta property=\"og:site_name\" content=\"Leathermed\" \/>\n<meta property=\"article:publisher\" content=\"https:\/\/www.facebook.com\/p\/Leathermed-61557229173629\/\" \/>\n<meta property=\"article:modified_time\" content=\"2023-12-05T19:29:53+00:00\" \/>\n<meta property=\"og:image\" content=\"https:\/\/leathermed.pl\/wp-content\/uploads\/2023\/10\/100ml-Leather-Care-Balm-zestaw_Easy-Resize.com_.png\" \/>\n\t<meta property=\"og:image:width\" content=\"600\" \/>\n\t<meta property=\"og:image:height\" content=\"600\" \/>\n\t<meta property=\"og:image:type\" content=\"image\/png\" \/>\n<meta name=\"twitter:card\" content=\"summary_large_image\" \/>\n<meta name=\"twitter:label1\" content=\"Gesch\u00e4tzte Lesezeit\" \/>\n\t<meta name=\"twitter:data1\" content=\"1\u00a0Minute\" \/>\n<script type=\"application\/ld+json\" class=\"yoast-schema-graph\">{\"@context\":\"https:\/\/schema.org\",\"@graph\":[{\"@type\":\"WebPage\",\"@id\":\"https:\/\/leathermed.pl\/e-sklep\/ochronny-balsam-do-skor-leathermed\/\",\"url\":\"https:\/\/leathermed.pl\/e-sklep\/ochronny-balsam-do-skor-leathermed\/\",\"name\":\"Leather Care Balm - Schutzpflegebalsam f\u00fcr Leder - Leathermed\",\"isPartOf\":{\"@id\":\"https:\/\/leathermed.pl\/#website\"},\"primaryImageOfPage\":{\"@id\":\"https:\/\/leathermed.pl\/e-sklep\/ochronny-balsam-do-skor-leathermed\/#primaryimage\"},\"image\":{\"@id\":\"https:\/\/leathermed.pl\/e-sklep\/ochronny-balsam-do-skor-leathermed\/#primaryimage\"},\"thumbnailUrl\":\"https:\/\/leathermed.pl\/wp-content\/uploads\/2023\/10\/100ml-Leather-Care-Balm-zestaw_Easy-Resize.com_.png\",\"datePublished\":\"2023-10-06T14:32:42+00:00\",\"dateModified\":\"2023-12-05T19:29:53+00:00\",\"breadcrumb\":{\"@id\":\"https:\/\/leathermed.pl\/e-sklep\/ochronny-balsam-do-skor-leathermed\/#breadcrumb\"},\"inLanguage\":\"de\",\"potentialAction\":[{\"@type\":\"ReadAction\",\"target\":[\"https:\/\/leathermed.pl\/e-sklep\/ochronny-balsam-do-skor-leathermed\/\"]}]},{\"@type\":\"ImageObject\",\"inLanguage\":\"de\",\"@id\":\"https:\/\/leathermed.pl\/e-sklep\/ochronny-balsam-do-skor-leathermed\/#primaryimage\",\"url\":\"https:\/\/leathermed.pl\/wp-content\/uploads\/2023\/10\/100ml-Leather-Care-Balm-zestaw_Easy-Resize.com_.png\",\"contentUrl\":\"https:\/\/leathermed.pl\/wp-content\/uploads\/2023\/10\/100ml-Leather-Care-Balm-zestaw_Easy-Resize.com_.png\",\"width\":600,\"height\":600,\"caption\":\"ochronny balsam do sk\u00f3r\"},{\"@type\":\"BreadcrumbList\",\"@id\":\"https:\/\/leathermed.pl\/e-sklep\/ochronny-balsam-do-skor-leathermed\/#breadcrumb\",\"itemListElement\":[{\"@type\":\"ListItem\",\"position\":1,\"name\":\"Strona g\u0142\u00f3wna\",\"item\":\"https:\/\/leathermed.pl\/de\/\"},{\"@type\":\"ListItem\",\"position\":2,\"name\":\"E-sklep\",\"item\":\"https:\/\/leathermed.pl\/e-sklep\/\"},{\"@type\":\"ListItem\",\"position\":3,\"name\":\"Leather Care Balm &#8211; Schutzpflegebalsam f\u00fcr Leder\"}]},{\"@type\":\"WebSite\",\"@id\":\"https:\/\/leathermed.pl\/#website\",\"url\":\"https:\/\/leathermed.pl\/\",\"name\":\"Leathermed\",\"description\":\"\",\"publisher\":{\"@id\":\"https:\/\/leathermed.pl\/#organization\"},\"potentialAction\":[{\"@type\":\"SearchAction\",\"target\":{\"@type\":\"EntryPoint\",\"urlTemplate\":\"https:\/\/leathermed.pl\/?s={search_term_string}\"},\"query-input\":{\"@type\":\"PropertyValueSpecification\",\"valueRequired\":true,\"valueName\":\"search_term_string\"}}],\"inLanguage\":\"de\"},{\"@type\":\"Organization\",\"@id\":\"https:\/\/leathermed.pl\/#organization\",\"name\":\"Leathermed\",\"url\":\"https:\/\/leathermed.pl\/\",\"logo\":{\"@type\":\"ImageObject\",\"inLanguage\":\"de\",\"@id\":\"https:\/\/leathermed.pl\/#\/schema\/logo\/image\/\",\"url\":\"https:\/\/leathermed.pl\/wp-content\/uploads\/2023\/10\/Logo_Easy-Resize.com_.jpg\",\"contentUrl\":\"https:\/\/leathermed.pl\/wp-content\/uploads\/2023\/10\/Logo_Easy-Resize.com_.jpg\",\"width\":787,\"height\":600,\"caption\":\"Leathermed\"},\"image\":{\"@id\":\"https:\/\/leathermed.pl\/#\/schema\/logo\/image\/\"},\"sameAs\":[\"https:\/\/www.facebook.com\/p\/Leathermed-61557229173629\/\"]}]}<\/script>\n<!-- \/ Yoast SEO plugin. -->","yoast_head_json":{"title":"Leather Care Balm - Schutzpflegebalsam f\u00fcr Leder - Leathermed","robots":{"index":"index","follow":"follow","max-snippet":"max-snippet:-1","max-image-preview":"max-image-preview:large","max-video-preview":"max-video-preview:-1"},"canonical":"https:\/\/leathermed.pl\/e-sklep\/ochronny-balsam-do-skor-leathermed\/","og_locale":"de_DE","og_type":"article","og_title":"Leather Care Balm - Schutzpflegebalsam f\u00fcr Leder - Leathermed","og_description":"Leather Care Balm \u2013 Schutzbalsam f\u00fcr Leder","og_url":"https:\/\/leathermed.pl\/e-sklep\/ochronny-balsam-do-skor-leathermed\/","og_site_name":"Leathermed","article_publisher":"https:\/\/www.facebook.com\/p\/Leathermed-61557229173629\/","article_modified_time":"2023-12-05T19:29:53+00:00","og_image":[{"width":600,"height":600,"url":"https:\/\/leathermed.pl\/wp-content\/uploads\/2023\/10\/100ml-Leather-Care-Balm-zestaw_Easy-Resize.com_.png","type":"image\/png"}],"twitter_card":"summary_large_image","twitter_misc":{"Gesch\u00e4tzte Lesezeit":"1\u00a0Minute"},"schema":{"@context":"https:\/\/schema.org","@graph":[{"@type":"WebPage","@id":"https:\/\/leathermed.pl\/e-sklep\/ochronny-balsam-do-skor-leathermed\/","url":"https:\/\/leathermed.pl\/e-sklep\/ochronny-balsam-do-skor-leathermed\/","name":"Leather Care Balm - Schutzpflegebalsam f\u00fcr Leder - Leathermed","isPartOf":{"@id":"https:\/\/leathermed.pl\/#website"},"primaryImageOfPage":{"@id":"https:\/\/leathermed.pl\/e-sklep\/ochronny-balsam-do-skor-leathermed\/#primaryimage"},"image":{"@id":"https:\/\/leathermed.pl\/e-sklep\/ochronny-balsam-do-skor-leathermed\/#primaryimage"},"thumbnailUrl":"https:\/\/leathermed.pl\/wp-content\/uploads\/2023\/10\/100ml-Leather-Care-Balm-zestaw_Easy-Resize.com_.png","datePublished":"2023-10-06T14:32:42+00:00","dateModified":"2023-12-05T19:29:53+00:00","breadcrumb":{"@id":"https:\/\/leathermed.pl\/e-sklep\/ochronny-balsam-do-skor-leathermed\/#breadcrumb"},"inLanguage":"de","potentialAction":[{"@type":"ReadAction","target":["https:\/\/leathermed.pl\/e-sklep\/ochronny-balsam-do-skor-leathermed\/"]}]},{"@type":"ImageObject","inLanguage":"de","@id":"https:\/\/leathermed.pl\/e-sklep\/ochronny-balsam-do-skor-leathermed\/#primaryimage","url":"https:\/\/leathermed.pl\/wp-content\/uploads\/2023\/10\/100ml-Leather-Care-Balm-zestaw_Easy-Resize.com_.png","contentUrl":"https:\/\/leathermed.pl\/wp-content\/uploads\/2023\/10\/100ml-Leather-Care-Balm-zestaw_Easy-Resize.com_.png","width":600,"height":600,"caption":"ochronny balsam do sk\u00f3r"},{"@type":"BreadcrumbList","@id":"https:\/\/leathermed.pl\/e-sklep\/ochronny-balsam-do-skor-leathermed\/#breadcrumb","itemListElement":[{"@type":"ListItem","position":1,"name":"Strona g\u0142\u00f3wna","item":"https:\/\/leathermed.pl\/de\/"},{"@type":"ListItem","position":2,"name":"E-sklep","item":"https:\/\/leathermed.pl\/e-sklep\/"},{"@type":"ListItem","position":3,"name":"Leather Care Balm &#8211; Schutzpflegebalsam f\u00fcr Leder"}]},{"@type":"WebSite","@id":"https:\/\/leathermed.pl\/#website","url":"https:\/\/leathermed.pl\/","name":"Leathermed","description":"","publisher":{"@id":"https:\/\/leathermed.pl\/#organization"},"potentialAction":[{"@type":"SearchAction","target":{"@type":"EntryPoint","urlTemplate":"https:\/\/leathermed.pl\/?s={search_term_string}"},"query-input":{"@type":"PropertyValueSpecification","valueRequired":true,"valueName":"search_term_string"}}],"inLanguage":"de"},{"@type":"Organization","@id":"https:\/\/leathermed.pl\/#organization","name":"Leathermed","url":"https:\/\/leathermed.pl\/","logo":{"@type":"ImageObject","inLanguage":"de","@id":"https:\/\/leathermed.pl\/#\/schema\/logo\/image\/","url":"https:\/\/leathermed.pl\/wp-content\/uploads\/2023\/10\/Logo_Easy-Resize.com_.jpg","contentUrl":"https:\/\/leathermed.pl\/wp-content\/uploads\/2023\/10\/Logo_Easy-Resize.com_.jpg","width":787,"height":600,"caption":"Leathermed"},"image":{"@id":"https:\/\/leathermed.pl\/#\/schema\/logo\/image\/"},"sameAs":["https:\/\/www.facebook.com\/p\/Leathermed-61557229173629\/"]}]}},"_links":{"self":[{"href":"https:\/\/leathermed.pl\/de\/wp-json\/wp\/v2\/product\/120055","targetHints":{"allow":["GET"]}}],"collection":[{"href":"https:\/\/leathermed.pl\/de\/wp-json\/wp\/v2\/product"}],"about":[{"href":"https:\/\/leathermed.pl\/de\/wp-json\/wp\/v2\/types\/product"}],"wp:featuredmedia":[{"embeddable":true,"href":"https:\/\/leathermed.pl\/de\/wp-json\/wp\/v2\/media\/121829"}],"wp:attachment":[{"href":"https:\/\/leathermed.pl\/de\/wp-json\/wp\/v2\/media?parent=120055"}],"wp:term":[{"taxonomy":"product_brand","embeddable":true,"href":"https:\/\/leathermed.pl\/de\/wp-json\/wp\/v2\/product_brand?post=120055"},{"taxonomy":"product_cat","embeddable":true,"href":"https:\/\/leathermed.pl\/de\/wp-json\/wp\/v2\/product_cat?post=120055"},{"taxonomy":"product_tag","embeddable":true,"href":"https:\/\/leathermed.pl\/de\/wp-json\/wp\/v2\/product_tag?post=120055"}],"curies":[{"name":"wp","href":"https:\/\/api.w.org\/{rel}","templated":true}]}}