{"id":120044,"date":"2023-10-06T16:46:47","date_gmt":"2023-10-06T14:46:47","guid":{"rendered":"https:\/\/leathermed.pl\/sklep\/leather-pro-cleaner100ml\/"},"modified":"2023-12-01T22:54:28","modified_gmt":"2023-12-01T21:54:28","slug":"leather-pro-cleaner100ml","status":"publish","type":"product","link":"https:\/\/leathermed.pl\/de\/e-sklep\/leather-pro-cleaner100ml\/","title":{"rendered":"Leather Pro Cleaner 100ml &#8211; Reinigungsmittel f\u00fcr Leder"},"content":{"rendered":"<h2>Leather Pro Cleaner \u2013 Effektives Lederreinigungsmittel<\/h2>\n<p><strong>Leather Pro Cleaner<\/strong> ist ein hochwertiges Reinigungsmittel f\u00fcr glattes Leder. Das Produkt entfernt effektiv Verschmutzungen und neutralisiert Ger\u00fcche von menschlichem Schwei\u00df oder Zigarettenrauch. Es ist wirksam und sicher f\u00fcr helle und dunkle Lederoberfl\u00e4chen, unabh\u00e4ngig von der Farbe.<\/p>\n<h3>Warum unser Produkt w\u00e4hlen?<\/h3>\n<ul>\n<li><strong><b>\ud83d\udc49<\/b>Zusammensetzung<\/strong> \u2013 bew\u00e4hrte Rezeptur ohne Alkohol, abrasive Materialien oder L\u00f6sungsmittel<\/li>\n<li><strong><b>\ud83d\udc49<\/b>Effektivit\u00e4t<\/strong> \u2013 reinigt selbst stark verschmutzte Lederfl\u00e4chen hervorragend<\/li>\n<li><strong><b>\ud83d\udc49<\/b>Vielseitigkeit<\/strong> \u2013 eignet sich perfekt f\u00fcr die Reinigung von Lederautositzen, M\u00f6beln, Lederwaren und Handtaschen.<\/li>\n<\/ul>\n<h3>Wie verwendet man Leather Pro Cleaner? Es ist ganz einfach!<\/h3>\n<ol>\n<li>Spr\u00fchen Sie Leather Pro Cleaner auf ein Tuch oder einen Schwamm und tragen Sie es auf das Leder auf.<\/li>\n<li>Warten Sie etwa 15 Sekunden \u2013 in dieser Zeit sollte sich der Schmutz aufl\u00f6sen.<\/li>\n<li>Reinigen Sie das Leder mit kreisenden Bewegungen. Bei sehr verschmutzten Oberfl\u00e4chen oder schwer zug\u00e4nglichen Stellen verwenden Sie unsere B\u00fcrste mit weichen, nat\u00fcrlichen Borsten.<\/li>\n<\/ol>\n<h4>Nach der Lederreinigung sch\u00fctzen Sie die Oberfl\u00e4che mit dem Produkt Leather Care Balm.<\/h4>\n<h4>Verwenden Sie das Produkt nicht auf Wildleder oder Nubuk.<\/h4>\n","protected":false},"excerpt":{"rendered":"<p>Leather Pro Cleaner &#8211; Lederreinigungsmittel<\/p>\n","protected":false},"featured_media":119085,"template":"","meta":{"_acf_changed":false},"product_brand":[],"product_cat":[264],"product_tag":[],"class_list":{"0":"post-120044","1":"product","2":"type-product","3":"status-publish","4":"has-post-thumbnail","6":"product_cat-hautpflege","8":"first","9":"instock","10":"taxable","11":"shipping-taxable","12":"purchasable","13":"product-type-variable","14":"has-default-attributes"},"acf":[],"yoast_head":"<!-- This site is optimized with the Yoast SEO plugin v23.6 - https:\/\/yoast.com\/wordpress\/plugins\/seo\/ -->\n<title>Leather Pro Cleaner 100ml - Reinigungsmittel f\u00fcr Leder - Leathermed<\/title>\n<meta name=\"robots\" content=\"index, follow, max-snippet:-1, max-image-preview:large, max-video-preview:-1\" \/>\n<link rel=\"canonical\" href=\"https:\/\/leathermed.pl\/de\/e-sklep\/leather-pro-cleaner100ml\/\" \/>\n<meta property=\"og:locale\" content=\"de_DE\" \/>\n<meta property=\"og:type\" content=\"article\" \/>\n<meta property=\"og:title\" content=\"Leather Pro Cleaner 100ml - Reinigungsmittel f\u00fcr Leder - Leathermed\" \/>\n<meta property=\"og:description\" content=\"Leather Pro Cleaner - Lederreinigungsmittel\" \/>\n<meta property=\"og:url\" content=\"https:\/\/leathermed.pl\/de\/e-sklep\/leather-pro-cleaner100ml\/\" \/>\n<meta property=\"og:site_name\" content=\"Leathermed\" \/>\n<meta property=\"article:publisher\" content=\"https:\/\/www.facebook.com\/p\/Leathermed-61557229173629\/\" \/>\n<meta property=\"article:modified_time\" content=\"2023-12-01T21:54:28+00:00\" \/>\n<meta property=\"og:image\" content=\"https:\/\/leathermed.pl\/wp-content\/uploads\/2023\/10\/Leather-Pro-Cleaner100ml.png\" \/>\n\t<meta property=\"og:image:width\" content=\"1600\" \/>\n\t<meta property=\"og:image:height\" content=\"1600\" \/>\n\t<meta property=\"og:image:type\" content=\"image\/png\" \/>\n<meta name=\"twitter:card\" content=\"summary_large_image\" \/>\n<meta name=\"twitter:label1\" content=\"Gesch\u00e4tzte Lesezeit\" \/>\n\t<meta name=\"twitter:data1\" content=\"1\u00a0Minute\" \/>\n<script type=\"application\/ld+json\" class=\"yoast-schema-graph\">{\"@context\":\"https:\/\/schema.org\",\"@graph\":[{\"@type\":\"WebPage\",\"@id\":\"https:\/\/leathermed.pl\/de\/e-sklep\/leather-pro-cleaner100ml\/\",\"url\":\"https:\/\/leathermed.pl\/de\/e-sklep\/leather-pro-cleaner100ml\/\",\"name\":\"Leather Pro Cleaner 100ml - Reinigungsmittel f\u00fcr Leder - Leathermed\",\"isPartOf\":{\"@id\":\"https:\/\/leathermed.pl\/#website\"},\"primaryImageOfPage\":{\"@id\":\"https:\/\/leathermed.pl\/de\/e-sklep\/leather-pro-cleaner100ml\/#primaryimage\"},\"image\":{\"@id\":\"https:\/\/leathermed.pl\/de\/e-sklep\/leather-pro-cleaner100ml\/#primaryimage\"},\"thumbnailUrl\":\"https:\/\/leathermed.pl\/wp-content\/uploads\/2023\/10\/Leather-Pro-Cleaner100ml.png\",\"datePublished\":\"2023-10-06T14:46:47+00:00\",\"dateModified\":\"2023-12-01T21:54:28+00:00\",\"breadcrumb\":{\"@id\":\"https:\/\/leathermed.pl\/de\/e-sklep\/leather-pro-cleaner100ml\/#breadcrumb\"},\"inLanguage\":\"de\",\"potentialAction\":[{\"@type\":\"ReadAction\",\"target\":[\"https:\/\/leathermed.pl\/de\/e-sklep\/leather-pro-cleaner100ml\/\"]}]},{\"@type\":\"ImageObject\",\"inLanguage\":\"de\",\"@id\":\"https:\/\/leathermed.pl\/de\/e-sklep\/leather-pro-cleaner100ml\/#primaryimage\",\"url\":\"https:\/\/leathermed.pl\/wp-content\/uploads\/2023\/10\/Leather-Pro-Cleaner100ml.png\",\"contentUrl\":\"https:\/\/leathermed.pl\/wp-content\/uploads\/2023\/10\/Leather-Pro-Cleaner100ml.png\",\"width\":1600,\"height\":1600},{\"@type\":\"BreadcrumbList\",\"@id\":\"https:\/\/leathermed.pl\/de\/e-sklep\/leather-pro-cleaner100ml\/#breadcrumb\",\"itemListElement\":[{\"@type\":\"ListItem\",\"position\":1,\"name\":\"Strona g\u0142\u00f3wna\",\"item\":\"https:\/\/leathermed.pl\/de\/\"},{\"@type\":\"ListItem\",\"position\":2,\"name\":\"E-sklep\",\"item\":\"https:\/\/leathermed.pl\/e-sklep\/\"},{\"@type\":\"ListItem\",\"position\":3,\"name\":\"Leather Pro Cleaner 100ml &#8211; Reinigungsmittel f\u00fcr Leder\"}]},{\"@type\":\"WebSite\",\"@id\":\"https:\/\/leathermed.pl\/#website\",\"url\":\"https:\/\/leathermed.pl\/\",\"name\":\"Leathermed\",\"description\":\"\",\"publisher\":{\"@id\":\"https:\/\/leathermed.pl\/#organization\"},\"potentialAction\":[{\"@type\":\"SearchAction\",\"target\":{\"@type\":\"EntryPoint\",\"urlTemplate\":\"https:\/\/leathermed.pl\/?s={search_term_string}\"},\"query-input\":{\"@type\":\"PropertyValueSpecification\",\"valueRequired\":true,\"valueName\":\"search_term_string\"}}],\"inLanguage\":\"de\"},{\"@type\":\"Organization\",\"@id\":\"https:\/\/leathermed.pl\/#organization\",\"name\":\"Leathermed\",\"url\":\"https:\/\/leathermed.pl\/\",\"logo\":{\"@type\":\"ImageObject\",\"inLanguage\":\"de\",\"@id\":\"https:\/\/leathermed.pl\/#\/schema\/logo\/image\/\",\"url\":\"https:\/\/leathermed.pl\/wp-content\/uploads\/2023\/10\/Logo_Easy-Resize.com_.jpg\",\"contentUrl\":\"https:\/\/leathermed.pl\/wp-content\/uploads\/2023\/10\/Logo_Easy-Resize.com_.jpg\",\"width\":787,\"height\":600,\"caption\":\"Leathermed\"},\"image\":{\"@id\":\"https:\/\/leathermed.pl\/#\/schema\/logo\/image\/\"},\"sameAs\":[\"https:\/\/www.facebook.com\/p\/Leathermed-61557229173629\/\"]}]}<\/script>\n<!-- \/ Yoast SEO plugin. -->","yoast_head_json":{"title":"Leather Pro Cleaner 100ml - Reinigungsmittel f\u00fcr Leder - Leathermed","robots":{"index":"index","follow":"follow","max-snippet":"max-snippet:-1","max-image-preview":"max-image-preview:large","max-video-preview":"max-video-preview:-1"},"canonical":"https:\/\/leathermed.pl\/de\/e-sklep\/leather-pro-cleaner100ml\/","og_locale":"de_DE","og_type":"article","og_title":"Leather Pro Cleaner 100ml - Reinigungsmittel f\u00fcr Leder - Leathermed","og_description":"Leather Pro Cleaner - Lederreinigungsmittel","og_url":"https:\/\/leathermed.pl\/de\/e-sklep\/leather-pro-cleaner100ml\/","og_site_name":"Leathermed","article_publisher":"https:\/\/www.facebook.com\/p\/Leathermed-61557229173629\/","article_modified_time":"2023-12-01T21:54:28+00:00","og_image":[{"width":1600,"height":1600,"url":"https:\/\/leathermed.pl\/wp-content\/uploads\/2023\/10\/Leather-Pro-Cleaner100ml.png","type":"image\/png"}],"twitter_card":"summary_large_image","twitter_misc":{"Gesch\u00e4tzte Lesezeit":"1\u00a0Minute"},"schema":{"@context":"https:\/\/schema.org","@graph":[{"@type":"WebPage","@id":"https:\/\/leathermed.pl\/de\/e-sklep\/leather-pro-cleaner100ml\/","url":"https:\/\/leathermed.pl\/de\/e-sklep\/leather-pro-cleaner100ml\/","name":"Leather Pro Cleaner 100ml - Reinigungsmittel f\u00fcr Leder - Leathermed","isPartOf":{"@id":"https:\/\/leathermed.pl\/#website"},"primaryImageOfPage":{"@id":"https:\/\/leathermed.pl\/de\/e-sklep\/leather-pro-cleaner100ml\/#primaryimage"},"image":{"@id":"https:\/\/leathermed.pl\/de\/e-sklep\/leather-pro-cleaner100ml\/#primaryimage"},"thumbnailUrl":"https:\/\/leathermed.pl\/wp-content\/uploads\/2023\/10\/Leather-Pro-Cleaner100ml.png","datePublished":"2023-10-06T14:46:47+00:00","dateModified":"2023-12-01T21:54:28+00:00","breadcrumb":{"@id":"https:\/\/leathermed.pl\/de\/e-sklep\/leather-pro-cleaner100ml\/#breadcrumb"},"inLanguage":"de","potentialAction":[{"@type":"ReadAction","target":["https:\/\/leathermed.pl\/de\/e-sklep\/leather-pro-cleaner100ml\/"]}]},{"@type":"ImageObject","inLanguage":"de","@id":"https:\/\/leathermed.pl\/de\/e-sklep\/leather-pro-cleaner100ml\/#primaryimage","url":"https:\/\/leathermed.pl\/wp-content\/uploads\/2023\/10\/Leather-Pro-Cleaner100ml.png","contentUrl":"https:\/\/leathermed.pl\/wp-content\/uploads\/2023\/10\/Leather-Pro-Cleaner100ml.png","width":1600,"height":1600},{"@type":"BreadcrumbList","@id":"https:\/\/leathermed.pl\/de\/e-sklep\/leather-pro-cleaner100ml\/#breadcrumb","itemListElement":[{"@type":"ListItem","position":1,"name":"Strona g\u0142\u00f3wna","item":"https:\/\/leathermed.pl\/de\/"},{"@type":"ListItem","position":2,"name":"E-sklep","item":"https:\/\/leathermed.pl\/e-sklep\/"},{"@type":"ListItem","position":3,"name":"Leather Pro Cleaner 100ml &#8211; Reinigungsmittel f\u00fcr Leder"}]},{"@type":"WebSite","@id":"https:\/\/leathermed.pl\/#website","url":"https:\/\/leathermed.pl\/","name":"Leathermed","description":"","publisher":{"@id":"https:\/\/leathermed.pl\/#organization"},"potentialAction":[{"@type":"SearchAction","target":{"@type":"EntryPoint","urlTemplate":"https:\/\/leathermed.pl\/?s={search_term_string}"},"query-input":{"@type":"PropertyValueSpecification","valueRequired":true,"valueName":"search_term_string"}}],"inLanguage":"de"},{"@type":"Organization","@id":"https:\/\/leathermed.pl\/#organization","name":"Leathermed","url":"https:\/\/leathermed.pl\/","logo":{"@type":"ImageObject","inLanguage":"de","@id":"https:\/\/leathermed.pl\/#\/schema\/logo\/image\/","url":"https:\/\/leathermed.pl\/wp-content\/uploads\/2023\/10\/Logo_Easy-Resize.com_.jpg","contentUrl":"https:\/\/leathermed.pl\/wp-content\/uploads\/2023\/10\/Logo_Easy-Resize.com_.jpg","width":787,"height":600,"caption":"Leathermed"},"image":{"@id":"https:\/\/leathermed.pl\/#\/schema\/logo\/image\/"},"sameAs":["https:\/\/www.facebook.com\/p\/Leathermed-61557229173629\/"]}]}},"_links":{"self":[{"href":"https:\/\/leathermed.pl\/de\/wp-json\/wp\/v2\/product\/120044","targetHints":{"allow":["GET"]}}],"collection":[{"href":"https:\/\/leathermed.pl\/de\/wp-json\/wp\/v2\/product"}],"about":[{"href":"https:\/\/leathermed.pl\/de\/wp-json\/wp\/v2\/types\/product"}],"wp:featuredmedia":[{"embeddable":true,"href":"https:\/\/leathermed.pl\/de\/wp-json\/wp\/v2\/media\/119085"}],"wp:attachment":[{"href":"https:\/\/leathermed.pl\/de\/wp-json\/wp\/v2\/media?parent=120044"}],"wp:term":[{"taxonomy":"product_brand","embeddable":true,"href":"https:\/\/leathermed.pl\/de\/wp-json\/wp\/v2\/product_brand?post=120044"},{"taxonomy":"product_cat","embeddable":true,"href":"https:\/\/leathermed.pl\/de\/wp-json\/wp\/v2\/product_cat?post=120044"},{"taxonomy":"product_tag","embeddable":true,"href":"https:\/\/leathermed.pl\/de\/wp-json\/wp\/v2\/product_tag?post=120044"}],"curies":[{"name":"wp","href":"https:\/\/api.w.org\/{rel}","templated":true}]}}