{"id":120037,"date":"2023-10-06T17:24:32","date_gmt":"2023-10-06T15:24:32","guid":{"rendered":"https:\/\/leathermed.pl\/sklep\/leather-fresh-mist\/"},"modified":"2023-12-05T19:57:08","modified_gmt":"2023-12-05T18:57:08","slug":"leather-fresh-mist","status":"publish","type":"product","link":"https:\/\/leathermed.pl\/de\/e-sklep\/leather-fresh-mist\/","title":{"rendered":"Leather Fresh Mist 150ml &#8211; Geruchserfrischer mit dem Duft von neuem Naturleder"},"content":{"rendered":"<h3>Leather Fresh Mist &#8211; <span style=\"font-size: medium;\"><b>Lederfrisches Spray &#8211; Geruchserfrischer mit dem Duft von neuem Naturleder<\/b><\/span><\/h3>\n<p><strong>Leather Fresh Mist<\/strong> ist ein Duftnebel, der R\u00e4ume mit dem nat\u00fcrlichen und traditionellen Duft von frischem, neuem Leder erf\u00fcllt. Er verwandelt Innenr\u00e4ume und verleiht ihnen den charakteristischen Duft von luxuri\u00f6sem Naturleder.<\/p>\n<h3>Warum unser Produkt w\u00e4hlen?<\/h3>\n<ul>\n<li><strong><b>\ud83d\udc49<\/b>Qualit\u00e4t<\/strong> \u2013 Die Formel des Duftnebels basiert auf authentischen Aromen, die einen eleganten Duft von neuem Leder gew\u00e4hrleisten.<\/li>\n<li><strong><b>\ud83d\udc49<\/b>Verf\u00fcgbarkeit<\/strong> \u2013 Der Duft ist gebrauchsfertig, es gen\u00fcgt, ihn zu verspr\u00fchen, um den Duft zu genie\u00dfen.<\/li>\n<li><strong><b>\ud83d\udc49<\/b>Vielseitigkeit<\/strong> \u2013 Das Produkt kann an vielen Orten verwendet werden \u2013 es eignet sich hervorragend f\u00fcr Gesch\u00e4fte, die sich auf Lederwaren konzentrieren, in Autos oder sogar als Luftbefeuchter f\u00fcr den Heimgebrauch.<\/li>\n<\/ul>\n<h3>Wie verwendet man den Luftduft Leather Fresh Mist? Es ist ganz einfach!<\/h3>\n<h4>Sch\u00fctteln Sie das Produkt vor Gebrauch und dann:<\/h4>\n<ul>\n<li><strong>ZU HAUSE:<\/strong> Spr\u00fchen Sie den Duftnebel um die Eingangst\u00fcren. Dadurch k\u00f6nnen eintretende Personen den Duft von frischem, nat\u00fcrlichem Leder wahrnehmen. Sie k\u00f6nnen das Produkt auch verwenden, um unangenehme Ger\u00fcche zu beseitigen, indem Sie es im Raum verspr\u00fchen.<\/li>\n<li><strong>IM AUTO:<\/strong> Spr\u00fchen Sie Leather Fresh Mist unter die Sitze oder f\u00fchren Sie das Produkt in die L\u00fcftungsgitter des Autos ein. Dies wird dazu f\u00fchren, dass das gesamte Auto nach Lederduft duftet.<\/li>\n<li><strong>IM GESCH\u00c4FT:<\/strong> Spr\u00fchen Sie das Produkt um den Eingangsbereich des Ladens, in dem Lederwaren verkauft werden. Dadurch werden Kunden sofort beim Betreten des Gesch\u00e4fts den Duft von Leder wahrnehmen, was sie positiv auf die von Ihnen angebotenen Produkte einstellen wird.<\/li>\n<\/ul>\n<h4>Spr\u00fchen Sie den Duft nicht direkt auf die Haut und reiben Sie die Haut nicht mit mit dem Produkt getr\u00e4nkten Materialien ab.<\/h4>\n<h4>Spr\u00fchen Sie keine Kunststoffe ein.<\/h4>\n","protected":false},"excerpt":{"rendered":"<p>Leather Fresh Mist &#8211; Duftnebel mit dem Geruch von frischem, luxuri\u00f6sem Leder.<\/p>\n","protected":false},"featured_media":121821,"template":"","meta":{"_acf_changed":false},"product_brand":[],"product_cat":[264],"product_tag":[],"class_list":{"0":"post-120037","1":"product","2":"type-product","3":"status-publish","4":"has-post-thumbnail","6":"product_cat-hautpflege","8":"first","9":"instock","10":"taxable","11":"shipping-taxable","12":"purchasable","13":"product-type-simple"},"acf":[],"yoast_head":"<!-- This site is optimized with the Yoast SEO plugin v23.6 - https:\/\/yoast.com\/wordpress\/plugins\/seo\/ -->\n<title>Leather Fresh Mist 150ml - Geruchserfrischer mit dem Duft von neuem Naturleder - Leathermed<\/title>\n<meta name=\"robots\" content=\"index, follow, max-snippet:-1, max-image-preview:large, max-video-preview:-1\" \/>\n<link rel=\"canonical\" href=\"https:\/\/leathermed.pl\/e-sklep\/odswiezacz-o-zapachu-skory-leather-fresh-mist\/\" \/>\n<meta property=\"og:locale\" content=\"de_DE\" \/>\n<meta property=\"og:type\" content=\"article\" \/>\n<meta property=\"og:title\" content=\"Leather Fresh Mist 150ml - Geruchserfrischer mit dem Duft von neuem Naturleder - Leathermed\" \/>\n<meta property=\"og:description\" content=\"Leather Fresh Mist - Duftnebel mit dem Geruch von frischem, luxuri\u00f6sem Leder.\" \/>\n<meta property=\"og:url\" content=\"https:\/\/leathermed.pl\/e-sklep\/odswiezacz-o-zapachu-skory-leather-fresh-mist\/\" \/>\n<meta property=\"og:site_name\" content=\"Leathermed\" \/>\n<meta property=\"article:publisher\" content=\"https:\/\/www.facebook.com\/p\/Leathermed-61557229173629\/\" \/>\n<meta property=\"article:modified_time\" content=\"2023-12-05T18:57:08+00:00\" \/>\n<meta property=\"og:image\" content=\"https:\/\/leathermed.pl\/wp-content\/uploads\/2023\/10\/Leather-Fresh-Mist_Easy-Resize.com_.png\" \/>\n\t<meta property=\"og:image:width\" content=\"600\" \/>\n\t<meta property=\"og:image:height\" content=\"600\" \/>\n\t<meta property=\"og:image:type\" content=\"image\/png\" \/>\n<meta name=\"twitter:card\" content=\"summary_large_image\" \/>\n<meta name=\"twitter:label1\" content=\"Gesch\u00e4tzte Lesezeit\" \/>\n\t<meta name=\"twitter:data1\" content=\"1\u00a0Minute\" \/>\n<script type=\"application\/ld+json\" class=\"yoast-schema-graph\">{\"@context\":\"https:\/\/schema.org\",\"@graph\":[{\"@type\":\"WebPage\",\"@id\":\"https:\/\/leathermed.pl\/e-sklep\/odswiezacz-o-zapachu-skory-leather-fresh-mist\/\",\"url\":\"https:\/\/leathermed.pl\/e-sklep\/odswiezacz-o-zapachu-skory-leather-fresh-mist\/\",\"name\":\"Leather Fresh Mist 150ml - Geruchserfrischer mit dem Duft von neuem Naturleder - Leathermed\",\"isPartOf\":{\"@id\":\"https:\/\/leathermed.pl\/#website\"},\"primaryImageOfPage\":{\"@id\":\"https:\/\/leathermed.pl\/e-sklep\/odswiezacz-o-zapachu-skory-leather-fresh-mist\/#primaryimage\"},\"image\":{\"@id\":\"https:\/\/leathermed.pl\/e-sklep\/odswiezacz-o-zapachu-skory-leather-fresh-mist\/#primaryimage\"},\"thumbnailUrl\":\"https:\/\/leathermed.pl\/wp-content\/uploads\/2023\/10\/Leather-Fresh-Mist_Easy-Resize.com_.png\",\"datePublished\":\"2023-10-06T15:24:32+00:00\",\"dateModified\":\"2023-12-05T18:57:08+00:00\",\"breadcrumb\":{\"@id\":\"https:\/\/leathermed.pl\/e-sklep\/odswiezacz-o-zapachu-skory-leather-fresh-mist\/#breadcrumb\"},\"inLanguage\":\"de\",\"potentialAction\":[{\"@type\":\"ReadAction\",\"target\":[\"https:\/\/leathermed.pl\/e-sklep\/odswiezacz-o-zapachu-skory-leather-fresh-mist\/\"]}]},{\"@type\":\"ImageObject\",\"inLanguage\":\"de\",\"@id\":\"https:\/\/leathermed.pl\/e-sklep\/odswiezacz-o-zapachu-skory-leather-fresh-mist\/#primaryimage\",\"url\":\"https:\/\/leathermed.pl\/wp-content\/uploads\/2023\/10\/Leather-Fresh-Mist_Easy-Resize.com_.png\",\"contentUrl\":\"https:\/\/leathermed.pl\/wp-content\/uploads\/2023\/10\/Leather-Fresh-Mist_Easy-Resize.com_.png\",\"width\":600,\"height\":600,\"caption\":\"Od\u015bwie\u017cacz o zapachu sk\u00f3ry\"},{\"@type\":\"BreadcrumbList\",\"@id\":\"https:\/\/leathermed.pl\/e-sklep\/odswiezacz-o-zapachu-skory-leather-fresh-mist\/#breadcrumb\",\"itemListElement\":[{\"@type\":\"ListItem\",\"position\":1,\"name\":\"Strona g\u0142\u00f3wna\",\"item\":\"https:\/\/leathermed.pl\/de\/\"},{\"@type\":\"ListItem\",\"position\":2,\"name\":\"E-sklep\",\"item\":\"https:\/\/leathermed.pl\/e-sklep\/\"},{\"@type\":\"ListItem\",\"position\":3,\"name\":\"Leather Fresh Mist 150ml &#8211; Geruchserfrischer mit dem Duft von neuem Naturleder\"}]},{\"@type\":\"WebSite\",\"@id\":\"https:\/\/leathermed.pl\/#website\",\"url\":\"https:\/\/leathermed.pl\/\",\"name\":\"Leathermed\",\"description\":\"\",\"publisher\":{\"@id\":\"https:\/\/leathermed.pl\/#organization\"},\"potentialAction\":[{\"@type\":\"SearchAction\",\"target\":{\"@type\":\"EntryPoint\",\"urlTemplate\":\"https:\/\/leathermed.pl\/?s={search_term_string}\"},\"query-input\":{\"@type\":\"PropertyValueSpecification\",\"valueRequired\":true,\"valueName\":\"search_term_string\"}}],\"inLanguage\":\"de\"},{\"@type\":\"Organization\",\"@id\":\"https:\/\/leathermed.pl\/#organization\",\"name\":\"Leathermed\",\"url\":\"https:\/\/leathermed.pl\/\",\"logo\":{\"@type\":\"ImageObject\",\"inLanguage\":\"de\",\"@id\":\"https:\/\/leathermed.pl\/#\/schema\/logo\/image\/\",\"url\":\"https:\/\/leathermed.pl\/wp-content\/uploads\/2023\/10\/Logo_Easy-Resize.com_.jpg\",\"contentUrl\":\"https:\/\/leathermed.pl\/wp-content\/uploads\/2023\/10\/Logo_Easy-Resize.com_.jpg\",\"width\":787,\"height\":600,\"caption\":\"Leathermed\"},\"image\":{\"@id\":\"https:\/\/leathermed.pl\/#\/schema\/logo\/image\/\"},\"sameAs\":[\"https:\/\/www.facebook.com\/p\/Leathermed-61557229173629\/\"]}]}<\/script>\n<!-- \/ Yoast SEO plugin. -->","yoast_head_json":{"title":"Leather Fresh Mist 150ml - Geruchserfrischer mit dem Duft von neuem Naturleder - Leathermed","robots":{"index":"index","follow":"follow","max-snippet":"max-snippet:-1","max-image-preview":"max-image-preview:large","max-video-preview":"max-video-preview:-1"},"canonical":"https:\/\/leathermed.pl\/e-sklep\/odswiezacz-o-zapachu-skory-leather-fresh-mist\/","og_locale":"de_DE","og_type":"article","og_title":"Leather Fresh Mist 150ml - Geruchserfrischer mit dem Duft von neuem Naturleder - Leathermed","og_description":"Leather Fresh Mist - Duftnebel mit dem Geruch von frischem, luxuri\u00f6sem Leder.","og_url":"https:\/\/leathermed.pl\/e-sklep\/odswiezacz-o-zapachu-skory-leather-fresh-mist\/","og_site_name":"Leathermed","article_publisher":"https:\/\/www.facebook.com\/p\/Leathermed-61557229173629\/","article_modified_time":"2023-12-05T18:57:08+00:00","og_image":[{"width":600,"height":600,"url":"https:\/\/leathermed.pl\/wp-content\/uploads\/2023\/10\/Leather-Fresh-Mist_Easy-Resize.com_.png","type":"image\/png"}],"twitter_card":"summary_large_image","twitter_misc":{"Gesch\u00e4tzte Lesezeit":"1\u00a0Minute"},"schema":{"@context":"https:\/\/schema.org","@graph":[{"@type":"WebPage","@id":"https:\/\/leathermed.pl\/e-sklep\/odswiezacz-o-zapachu-skory-leather-fresh-mist\/","url":"https:\/\/leathermed.pl\/e-sklep\/odswiezacz-o-zapachu-skory-leather-fresh-mist\/","name":"Leather Fresh Mist 150ml - Geruchserfrischer mit dem Duft von neuem Naturleder - Leathermed","isPartOf":{"@id":"https:\/\/leathermed.pl\/#website"},"primaryImageOfPage":{"@id":"https:\/\/leathermed.pl\/e-sklep\/odswiezacz-o-zapachu-skory-leather-fresh-mist\/#primaryimage"},"image":{"@id":"https:\/\/leathermed.pl\/e-sklep\/odswiezacz-o-zapachu-skory-leather-fresh-mist\/#primaryimage"},"thumbnailUrl":"https:\/\/leathermed.pl\/wp-content\/uploads\/2023\/10\/Leather-Fresh-Mist_Easy-Resize.com_.png","datePublished":"2023-10-06T15:24:32+00:00","dateModified":"2023-12-05T18:57:08+00:00","breadcrumb":{"@id":"https:\/\/leathermed.pl\/e-sklep\/odswiezacz-o-zapachu-skory-leather-fresh-mist\/#breadcrumb"},"inLanguage":"de","potentialAction":[{"@type":"ReadAction","target":["https:\/\/leathermed.pl\/e-sklep\/odswiezacz-o-zapachu-skory-leather-fresh-mist\/"]}]},{"@type":"ImageObject","inLanguage":"de","@id":"https:\/\/leathermed.pl\/e-sklep\/odswiezacz-o-zapachu-skory-leather-fresh-mist\/#primaryimage","url":"https:\/\/leathermed.pl\/wp-content\/uploads\/2023\/10\/Leather-Fresh-Mist_Easy-Resize.com_.png","contentUrl":"https:\/\/leathermed.pl\/wp-content\/uploads\/2023\/10\/Leather-Fresh-Mist_Easy-Resize.com_.png","width":600,"height":600,"caption":"Od\u015bwie\u017cacz o zapachu sk\u00f3ry"},{"@type":"BreadcrumbList","@id":"https:\/\/leathermed.pl\/e-sklep\/odswiezacz-o-zapachu-skory-leather-fresh-mist\/#breadcrumb","itemListElement":[{"@type":"ListItem","position":1,"name":"Strona g\u0142\u00f3wna","item":"https:\/\/leathermed.pl\/de\/"},{"@type":"ListItem","position":2,"name":"E-sklep","item":"https:\/\/leathermed.pl\/e-sklep\/"},{"@type":"ListItem","position":3,"name":"Leather Fresh Mist 150ml &#8211; Geruchserfrischer mit dem Duft von neuem Naturleder"}]},{"@type":"WebSite","@id":"https:\/\/leathermed.pl\/#website","url":"https:\/\/leathermed.pl\/","name":"Leathermed","description":"","publisher":{"@id":"https:\/\/leathermed.pl\/#organization"},"potentialAction":[{"@type":"SearchAction","target":{"@type":"EntryPoint","urlTemplate":"https:\/\/leathermed.pl\/?s={search_term_string}"},"query-input":{"@type":"PropertyValueSpecification","valueRequired":true,"valueName":"search_term_string"}}],"inLanguage":"de"},{"@type":"Organization","@id":"https:\/\/leathermed.pl\/#organization","name":"Leathermed","url":"https:\/\/leathermed.pl\/","logo":{"@type":"ImageObject","inLanguage":"de","@id":"https:\/\/leathermed.pl\/#\/schema\/logo\/image\/","url":"https:\/\/leathermed.pl\/wp-content\/uploads\/2023\/10\/Logo_Easy-Resize.com_.jpg","contentUrl":"https:\/\/leathermed.pl\/wp-content\/uploads\/2023\/10\/Logo_Easy-Resize.com_.jpg","width":787,"height":600,"caption":"Leathermed"},"image":{"@id":"https:\/\/leathermed.pl\/#\/schema\/logo\/image\/"},"sameAs":["https:\/\/www.facebook.com\/p\/Leathermed-61557229173629\/"]}]}},"_links":{"self":[{"href":"https:\/\/leathermed.pl\/de\/wp-json\/wp\/v2\/product\/120037","targetHints":{"allow":["GET"]}}],"collection":[{"href":"https:\/\/leathermed.pl\/de\/wp-json\/wp\/v2\/product"}],"about":[{"href":"https:\/\/leathermed.pl\/de\/wp-json\/wp\/v2\/types\/product"}],"wp:featuredmedia":[{"embeddable":true,"href":"https:\/\/leathermed.pl\/de\/wp-json\/wp\/v2\/media\/121821"}],"wp:attachment":[{"href":"https:\/\/leathermed.pl\/de\/wp-json\/wp\/v2\/media?parent=120037"}],"wp:term":[{"taxonomy":"product_brand","embeddable":true,"href":"https:\/\/leathermed.pl\/de\/wp-json\/wp\/v2\/product_brand?post=120037"},{"taxonomy":"product_cat","embeddable":true,"href":"https:\/\/leathermed.pl\/de\/wp-json\/wp\/v2\/product_cat?post=120037"},{"taxonomy":"product_tag","embeddable":true,"href":"https:\/\/leathermed.pl\/de\/wp-json\/wp\/v2\/product_tag?post=120037"}],"curies":[{"name":"wp","href":"https:\/\/api.w.org\/{rel}","templated":true}]}}