{"id":120024,"date":"2023-10-06T17:59:45","date_gmt":"2023-10-06T15:59:45","guid":{"rendered":"https:\/\/leathermed.pl\/sklep\/car-leather-leather-clean-care-kit-2x250ml-meblecare-kit-2x250ml-meble\/"},"modified":"2023-12-05T20:12:05","modified_gmt":"2023-12-05T19:12:05","slug":"car-leather-leather-clean-care-kit-2x250ml-meblecare-kit-2x250ml-meble","status":"publish","type":"product","link":"https:\/\/leathermed.pl\/de\/e-sklep\/car-leather-leather-clean-care-kit-2x250ml-meblecare-kit-2x250ml-meble\/","title":{"rendered":"Leather Clean &#038; Care Kit Meble &#8211; Komplettes Set zur Reinigung von Lederm\u00f6beln"},"content":{"rendered":"<h2>Leather Clean &amp; Care Kit \u2013 Set zur Reinigung und Pflege von Lederm\u00f6beln<\/h2>\n<p><strong>Leather Clean &amp; Care Kit<\/strong> sind bew\u00e4hrte Produkte zur Reinigung und Pflege von Ledersofabez\u00fcgen. Das Set enth\u00e4lt effektive und sichere Reinigungsmittel sowie notwendiges Zubeh\u00f6r. Es eignet sich f\u00fcr helle und dunkle Lederoberfl\u00e4chen, unabh\u00e4ngig von der Farbe.<\/p>\n<h3>Beschreibung der Produkte:<\/h3>\n<p><strong>Leather Pro Cleaner<\/strong> ist ein hochwertiges Reinigungsmittel f\u00fcr glattes Leder. Das Produkt entfernt effektiv Verschmutzungen und neutralisiert Ger\u00fcche von menschlichem Schwei\u00df oder Zigarettenrauch. Die bew\u00e4hrte Rezeptur enth\u00e4lt keine Alkohole, abrasiven Materialien oder L\u00f6sungsmittel. Es bildet einen stabilen Schaum und erm\u00f6glicht die Arbeit ohne Durchn\u00e4ssung des Leders. Sicher und gebrauchsfertig.<\/p>\n<p><strong>Leather Care Balm<\/strong> ist eine Pflegelotion auf Basis nat\u00fcrlicher \u00d6le und Wachse. Es eignet sich ideal zur Pflege von neuen und gebrauchten Lederoberfl\u00e4chen. Das Produkt n\u00e4hrt die Haut effektiv und bringt die Tiefe der Farbe zur Geltung. Es hinterl\u00e4sst ein seidiges Finish, die Haut wird weich und angenehm im Griff. Reichhaltiger und dezenter Duft nach neuem, hochwertigem Luxusleder.<\/p>\n<h3>Warum unser Produkt w\u00e4hlen?<\/h3>\n<ul>\n<li><strong>\u27a1\ufe0f Wirksamkeit<\/strong> \u2013 Reinigt auch sehr verschmutzte Lederfl\u00e4chen hervorragend.<\/li>\n<li><strong>\u27a1\ufe0f Zusammensetzung<\/strong> \u2013 Bew\u00e4hrte Rezeptur des Reinigungsmittels ohne Alkohol, abrasive Materialien oder L\u00f6sungsmittel.<\/li>\n<li><strong>\u27a1\ufe0f Duft<\/strong> \u2013 Schutzcreme mit dem Duft von neuem Luxusleder.<\/li>\n<li><strong>\u27a1\ufe0f Vielseitigkeit<\/strong> \u2013 Ideal f\u00fcr die Reinigung und Pflege neuer und gebrauchter Ledersofabez\u00fcge. Geeignet f\u00fcr helle und dunkle Lederoberfl\u00e4chen, unabh\u00e4ngig von der Farbe.<\/li>\n<\/ul>\n<h3>So verwenden Sie unser Set? &#8211; Es ist ganz einfach!<\/h3>\n<p><strong>SCHRITT 1<\/strong><\/p>\n<p>Spr\u00fchen Sie <strong>Leather Pro Cleaner<\/strong> auf ein Tuch oder einen Schwamm und tragen Sie es auf das Leder auf.<\/p>\n<p>Warten Sie etwa 15 Sekunden \u2013 in dieser Zeit sollte sich der Schmutz aufl\u00f6sen.<\/p>\n<p>Reinigen Sie das Leder mit kreisenden Bewegungen. Bei sehr verschmutzten Oberfl\u00e4chen oder schwer zug\u00e4nglichen Stellen verwenden Sie unsere B\u00fcrste mit weichen, nat\u00fcrlichen Borsten.<\/p>\n<p><strong>SCHRITT 2<\/strong><\/p>\n<p>Tragen Sie auf das trockene und saubere Leder in kreisenden Bewegungen eine d\u00fcnne Schicht <strong>Leather Care Balm<\/strong> mit einem Schwamm oder dem im Set enthaltenen Mikrofasertuch auf.<\/p>\n<p>Nach dem Auftragen der Pflegelotion lassen Sie diese weitere 5 Minuten einwirken. Entfernen Sie dann \u00dcbersch\u00fcsse, indem Sie das Leder sanft polieren.<\/p>\n<p>Verwenden Sie das Produkt nicht auf Wildleder und Nubuk.<\/p>\n","protected":false},"excerpt":{"rendered":"<p><strong>Leather Clean &amp; Care Kit &#8211; Set zur Reinigung und Pflege von Lederm\u00f6beln<\/strong><\/p>\n","protected":false},"featured_media":121812,"template":"","meta":{"_acf_changed":false},"product_brand":[],"product_cat":[264],"product_tag":[],"class_list":{"0":"post-120024","1":"product","2":"type-product","3":"status-publish","4":"has-post-thumbnail","6":"product_cat-hautpflege","8":"first","9":"instock","10":"taxable","11":"shipping-taxable","12":"purchasable","13":"product-type-variable","14":"has-default-attributes"},"acf":[],"yoast_head":"<!-- This site is optimized with the Yoast SEO plugin v23.6 - https:\/\/yoast.com\/wordpress\/plugins\/seo\/ -->\n<title>Leather Clean &amp; Care Kit Meble - Komplettes Set zur Reinigung von Lederm\u00f6beln - Leathermed<\/title>\n<meta name=\"robots\" content=\"index, follow, max-snippet:-1, max-image-preview:large, max-video-preview:-1\" \/>\n<link rel=\"canonical\" href=\"https:\/\/leathermed.pl\/e-sklep\/zestaw-do-czyszczenia-skor-meblowych\/\" \/>\n<meta property=\"og:locale\" content=\"de_DE\" \/>\n<meta property=\"og:type\" content=\"article\" \/>\n<meta property=\"og:title\" content=\"Leather Clean &amp; Care Kit Meble - Komplettes Set zur Reinigung von Lederm\u00f6beln - Leathermed\" \/>\n<meta property=\"og:description\" content=\"Leather Clean &amp; Care Kit - Set zur Reinigung und Pflege von Lederm\u00f6beln\" \/>\n<meta property=\"og:url\" content=\"https:\/\/leathermed.pl\/e-sklep\/zestaw-do-czyszczenia-skor-meblowych\/\" \/>\n<meta property=\"og:site_name\" content=\"Leathermed\" \/>\n<meta property=\"article:publisher\" content=\"https:\/\/www.facebook.com\/p\/Leathermed-61557229173629\/\" \/>\n<meta property=\"article:modified_time\" content=\"2023-12-05T19:12:05+00:00\" \/>\n<meta property=\"og:image\" content=\"https:\/\/leathermed.pl\/wp-content\/uploads\/2023\/10\/2x250ml-Leather-Clean-Care-Kit-Zestaw_Easy-Resize.com_.png\" \/>\n\t<meta property=\"og:image:width\" content=\"600\" \/>\n\t<meta property=\"og:image:height\" content=\"600\" \/>\n\t<meta property=\"og:image:type\" content=\"image\/png\" \/>\n<meta name=\"twitter:card\" content=\"summary_large_image\" \/>\n<meta name=\"twitter:label1\" content=\"Gesch\u00e4tzte Lesezeit\" \/>\n\t<meta name=\"twitter:data1\" content=\"2\u00a0Minuten\" \/>\n<script type=\"application\/ld+json\" class=\"yoast-schema-graph\">{\"@context\":\"https:\/\/schema.org\",\"@graph\":[{\"@type\":\"WebPage\",\"@id\":\"https:\/\/leathermed.pl\/e-sklep\/zestaw-do-czyszczenia-skor-meblowych\/\",\"url\":\"https:\/\/leathermed.pl\/e-sklep\/zestaw-do-czyszczenia-skor-meblowych\/\",\"name\":\"Leather Clean & Care Kit Meble - Komplettes Set zur Reinigung von Lederm\u00f6beln - Leathermed\",\"isPartOf\":{\"@id\":\"https:\/\/leathermed.pl\/#website\"},\"primaryImageOfPage\":{\"@id\":\"https:\/\/leathermed.pl\/e-sklep\/zestaw-do-czyszczenia-skor-meblowych\/#primaryimage\"},\"image\":{\"@id\":\"https:\/\/leathermed.pl\/e-sklep\/zestaw-do-czyszczenia-skor-meblowych\/#primaryimage\"},\"thumbnailUrl\":\"https:\/\/leathermed.pl\/wp-content\/uploads\/2023\/10\/2x250ml-Leather-Clean-Care-Kit-Zestaw_Easy-Resize.com_.png\",\"datePublished\":\"2023-10-06T15:59:45+00:00\",\"dateModified\":\"2023-12-05T19:12:05+00:00\",\"breadcrumb\":{\"@id\":\"https:\/\/leathermed.pl\/e-sklep\/zestaw-do-czyszczenia-skor-meblowych\/#breadcrumb\"},\"inLanguage\":\"de\",\"potentialAction\":[{\"@type\":\"ReadAction\",\"target\":[\"https:\/\/leathermed.pl\/e-sklep\/zestaw-do-czyszczenia-skor-meblowych\/\"]}]},{\"@type\":\"ImageObject\",\"inLanguage\":\"de\",\"@id\":\"https:\/\/leathermed.pl\/e-sklep\/zestaw-do-czyszczenia-skor-meblowych\/#primaryimage\",\"url\":\"https:\/\/leathermed.pl\/wp-content\/uploads\/2023\/10\/2x250ml-Leather-Clean-Care-Kit-Zestaw_Easy-Resize.com_.png\",\"contentUrl\":\"https:\/\/leathermed.pl\/wp-content\/uploads\/2023\/10\/2x250ml-Leather-Clean-Care-Kit-Zestaw_Easy-Resize.com_.png\",\"width\":600,\"height\":600,\"caption\":\"Leather Clean & Care Kit\"},{\"@type\":\"BreadcrumbList\",\"@id\":\"https:\/\/leathermed.pl\/e-sklep\/zestaw-do-czyszczenia-skor-meblowych\/#breadcrumb\",\"itemListElement\":[{\"@type\":\"ListItem\",\"position\":1,\"name\":\"Strona g\u0142\u00f3wna\",\"item\":\"https:\/\/leathermed.pl\/de\/\"},{\"@type\":\"ListItem\",\"position\":2,\"name\":\"E-sklep\",\"item\":\"https:\/\/leathermed.pl\/e-sklep\/\"},{\"@type\":\"ListItem\",\"position\":3,\"name\":\"Leather Clean &#038; Care Kit Meble &#8211; Komplettes Set zur Reinigung von Lederm\u00f6beln\"}]},{\"@type\":\"WebSite\",\"@id\":\"https:\/\/leathermed.pl\/#website\",\"url\":\"https:\/\/leathermed.pl\/\",\"name\":\"Leathermed\",\"description\":\"\",\"publisher\":{\"@id\":\"https:\/\/leathermed.pl\/#organization\"},\"potentialAction\":[{\"@type\":\"SearchAction\",\"target\":{\"@type\":\"EntryPoint\",\"urlTemplate\":\"https:\/\/leathermed.pl\/?s={search_term_string}\"},\"query-input\":{\"@type\":\"PropertyValueSpecification\",\"valueRequired\":true,\"valueName\":\"search_term_string\"}}],\"inLanguage\":\"de\"},{\"@type\":\"Organization\",\"@id\":\"https:\/\/leathermed.pl\/#organization\",\"name\":\"Leathermed\",\"url\":\"https:\/\/leathermed.pl\/\",\"logo\":{\"@type\":\"ImageObject\",\"inLanguage\":\"de\",\"@id\":\"https:\/\/leathermed.pl\/#\/schema\/logo\/image\/\",\"url\":\"https:\/\/leathermed.pl\/wp-content\/uploads\/2023\/10\/Logo_Easy-Resize.com_.jpg\",\"contentUrl\":\"https:\/\/leathermed.pl\/wp-content\/uploads\/2023\/10\/Logo_Easy-Resize.com_.jpg\",\"width\":787,\"height\":600,\"caption\":\"Leathermed\"},\"image\":{\"@id\":\"https:\/\/leathermed.pl\/#\/schema\/logo\/image\/\"},\"sameAs\":[\"https:\/\/www.facebook.com\/p\/Leathermed-61557229173629\/\"]}]}<\/script>\n<!-- \/ Yoast SEO plugin. -->","yoast_head_json":{"title":"Leather Clean & Care Kit Meble - Komplettes Set zur Reinigung von Lederm\u00f6beln - Leathermed","robots":{"index":"index","follow":"follow","max-snippet":"max-snippet:-1","max-image-preview":"max-image-preview:large","max-video-preview":"max-video-preview:-1"},"canonical":"https:\/\/leathermed.pl\/e-sklep\/zestaw-do-czyszczenia-skor-meblowych\/","og_locale":"de_DE","og_type":"article","og_title":"Leather Clean & Care Kit Meble - Komplettes Set zur Reinigung von Lederm\u00f6beln - Leathermed","og_description":"Leather Clean &amp; Care Kit - Set zur Reinigung und Pflege von Lederm\u00f6beln","og_url":"https:\/\/leathermed.pl\/e-sklep\/zestaw-do-czyszczenia-skor-meblowych\/","og_site_name":"Leathermed","article_publisher":"https:\/\/www.facebook.com\/p\/Leathermed-61557229173629\/","article_modified_time":"2023-12-05T19:12:05+00:00","og_image":[{"width":600,"height":600,"url":"https:\/\/leathermed.pl\/wp-content\/uploads\/2023\/10\/2x250ml-Leather-Clean-Care-Kit-Zestaw_Easy-Resize.com_.png","type":"image\/png"}],"twitter_card":"summary_large_image","twitter_misc":{"Gesch\u00e4tzte Lesezeit":"2\u00a0Minuten"},"schema":{"@context":"https:\/\/schema.org","@graph":[{"@type":"WebPage","@id":"https:\/\/leathermed.pl\/e-sklep\/zestaw-do-czyszczenia-skor-meblowych\/","url":"https:\/\/leathermed.pl\/e-sklep\/zestaw-do-czyszczenia-skor-meblowych\/","name":"Leather Clean & Care Kit Meble - Komplettes Set zur Reinigung von Lederm\u00f6beln - Leathermed","isPartOf":{"@id":"https:\/\/leathermed.pl\/#website"},"primaryImageOfPage":{"@id":"https:\/\/leathermed.pl\/e-sklep\/zestaw-do-czyszczenia-skor-meblowych\/#primaryimage"},"image":{"@id":"https:\/\/leathermed.pl\/e-sklep\/zestaw-do-czyszczenia-skor-meblowych\/#primaryimage"},"thumbnailUrl":"https:\/\/leathermed.pl\/wp-content\/uploads\/2023\/10\/2x250ml-Leather-Clean-Care-Kit-Zestaw_Easy-Resize.com_.png","datePublished":"2023-10-06T15:59:45+00:00","dateModified":"2023-12-05T19:12:05+00:00","breadcrumb":{"@id":"https:\/\/leathermed.pl\/e-sklep\/zestaw-do-czyszczenia-skor-meblowych\/#breadcrumb"},"inLanguage":"de","potentialAction":[{"@type":"ReadAction","target":["https:\/\/leathermed.pl\/e-sklep\/zestaw-do-czyszczenia-skor-meblowych\/"]}]},{"@type":"ImageObject","inLanguage":"de","@id":"https:\/\/leathermed.pl\/e-sklep\/zestaw-do-czyszczenia-skor-meblowych\/#primaryimage","url":"https:\/\/leathermed.pl\/wp-content\/uploads\/2023\/10\/2x250ml-Leather-Clean-Care-Kit-Zestaw_Easy-Resize.com_.png","contentUrl":"https:\/\/leathermed.pl\/wp-content\/uploads\/2023\/10\/2x250ml-Leather-Clean-Care-Kit-Zestaw_Easy-Resize.com_.png","width":600,"height":600,"caption":"Leather Clean & Care Kit"},{"@type":"BreadcrumbList","@id":"https:\/\/leathermed.pl\/e-sklep\/zestaw-do-czyszczenia-skor-meblowych\/#breadcrumb","itemListElement":[{"@type":"ListItem","position":1,"name":"Strona g\u0142\u00f3wna","item":"https:\/\/leathermed.pl\/de\/"},{"@type":"ListItem","position":2,"name":"E-sklep","item":"https:\/\/leathermed.pl\/e-sklep\/"},{"@type":"ListItem","position":3,"name":"Leather Clean &#038; Care Kit Meble &#8211; Komplettes Set zur Reinigung von Lederm\u00f6beln"}]},{"@type":"WebSite","@id":"https:\/\/leathermed.pl\/#website","url":"https:\/\/leathermed.pl\/","name":"Leathermed","description":"","publisher":{"@id":"https:\/\/leathermed.pl\/#organization"},"potentialAction":[{"@type":"SearchAction","target":{"@type":"EntryPoint","urlTemplate":"https:\/\/leathermed.pl\/?s={search_term_string}"},"query-input":{"@type":"PropertyValueSpecification","valueRequired":true,"valueName":"search_term_string"}}],"inLanguage":"de"},{"@type":"Organization","@id":"https:\/\/leathermed.pl\/#organization","name":"Leathermed","url":"https:\/\/leathermed.pl\/","logo":{"@type":"ImageObject","inLanguage":"de","@id":"https:\/\/leathermed.pl\/#\/schema\/logo\/image\/","url":"https:\/\/leathermed.pl\/wp-content\/uploads\/2023\/10\/Logo_Easy-Resize.com_.jpg","contentUrl":"https:\/\/leathermed.pl\/wp-content\/uploads\/2023\/10\/Logo_Easy-Resize.com_.jpg","width":787,"height":600,"caption":"Leathermed"},"image":{"@id":"https:\/\/leathermed.pl\/#\/schema\/logo\/image\/"},"sameAs":["https:\/\/www.facebook.com\/p\/Leathermed-61557229173629\/"]}]}},"_links":{"self":[{"href":"https:\/\/leathermed.pl\/de\/wp-json\/wp\/v2\/product\/120024","targetHints":{"allow":["GET"]}}],"collection":[{"href":"https:\/\/leathermed.pl\/de\/wp-json\/wp\/v2\/product"}],"about":[{"href":"https:\/\/leathermed.pl\/de\/wp-json\/wp\/v2\/types\/product"}],"wp:featuredmedia":[{"embeddable":true,"href":"https:\/\/leathermed.pl\/de\/wp-json\/wp\/v2\/media\/121812"}],"wp:attachment":[{"href":"https:\/\/leathermed.pl\/de\/wp-json\/wp\/v2\/media?parent=120024"}],"wp:term":[{"taxonomy":"product_brand","embeddable":true,"href":"https:\/\/leathermed.pl\/de\/wp-json\/wp\/v2\/product_brand?post=120024"},{"taxonomy":"product_cat","embeddable":true,"href":"https:\/\/leathermed.pl\/de\/wp-json\/wp\/v2\/product_cat?post=120024"},{"taxonomy":"product_tag","embeddable":true,"href":"https:\/\/leathermed.pl\/de\/wp-json\/wp\/v2\/product_tag?post=120024"}],"curies":[{"name":"wp","href":"https:\/\/api.w.org\/{rel}","templated":true}]}}