{"id":120019,"date":"2023-10-06T18:09:21","date_gmt":"2023-10-06T16:09:21","guid":{"rendered":"https:\/\/leathermed.pl\/sklep\/leather-goods-care-kit\/"},"modified":"2023-11-25T09:29:38","modified_gmt":"2023-11-25T08:29:38","slug":"leather-goods-care-kit","status":"publish","type":"product","link":"https:\/\/leathermed.pl\/de\/e-sklep\/leather-goods-care-kit\/","title":{"rendered":"Leather Goods Care Kit &#8211; Pflege-Set f\u00fcr die Reinigung und Pflege von Lederwaren, Schuhen und Taschen"},"content":{"rendered":"<h2>Leather Goods Care Kit \u2013 Pflegeset f\u00fcr die Reinigung und Pflege von Lederwaren, Schuhen und Taschen<\/h2>\n<p>    <strong>Leather Goods Care Kit<\/strong> ist ein bew\u00e4hrtes Set zur Reinigung und Pflege von Lederwaren, Schuhen und Taschen. Das Kit enth\u00e4lt effektive und sichere Reinigungsmittel sowie notwendiges Zubeh\u00f6r. Es eignet sich f\u00fcr helle und dunkle Leder unabh\u00e4ngig von der Farbe.<\/p>\n<h3>Inhalt:<\/h3>\n<ul>\n<li>\u2714\ufe0fLeather Pro Cleaner 100 ml<\/li>\n<li>\u2714\ufe0fLeather Care Balm 100 ml<\/li>\n<li>\u2714\ufe0fWeiche B\u00fcrste<\/li>\n<li>\u2714\ufe0fGro\u00dfer Schwamm<\/li>\n<li>\u2714\ufe0fMikrofasertuch<\/li>\n<\/ul>\n<p>    <strong>Leather Pro Cleaner<\/strong> ist ein hochwertiges Reinigungsmittel f\u00fcr glattes Leder. Das Produkt entfernt effektiv Verschmutzungen und beseitigt gleichzeitig Ger\u00fcche von menschlichem Schwei\u00df oder Zigarettenrauch. Die bew\u00e4hrte Rezeptur enth\u00e4lt keine Alkohole, abrasive Materialien oder L\u00f6sungsmittel. Es bildet einen stabilen Schaum und erm\u00f6glicht die Arbeit, ohne das Leder zu durchn\u00e4ssen. Das Produkt ist sicher und gebrauchsfertig.<br \/>\n    <strong>Leather Care Balm<\/strong> ist eine Pflegecreme auf Basis nat\u00fcrlicher \u00d6le und Wachse. Sie eignet sich ideal zur Pflege neuer und gebrauchter Lederwaren. Das Produkt pflegt das Leder effektiv, hebt die Farbtiefe hervor und hinterl\u00e4sst ein satiniertes Finish. Die Haut wird weich und angenehm im Griff. Die Creme verstr\u00f6mt einen reichen und dezenten Duft nach neuem, hochwertigem Leder.<\/p>\n<h3>Warum unser Produkt w\u00e4hlen?<\/h3>\n<ul>\n<li><strong>\u27a1\ufe0fWirksamkeit-<\/strong> Reinigt auch sehr verschmutzte Leder effektiv<\/li>\n<li><strong>\u27a1\ufe0fZusammensetzung-<\/strong> Bew\u00e4hrte Rezeptur des Reinigungsmittels ohne Alkohol, abrasive Materialien oder L\u00f6sungsmittel<\/li>\n<li><strong>\u27a1\ufe0fDuft-<\/strong> Pflegecreme mit dem Duft von neuem Luxusleder<\/li>\n<li><strong>\u27a1\ufe0fVielseitigkeit-<\/strong> Ideal f\u00fcr die Reinigung und Pflege von neuen und gebrauchten Lederwaren. Geeignet f\u00fcr helle und dunkle Leder unabh\u00e4ngig von der Farbe<\/li>\n<\/ul>\n<h3>So verwenden Sie unser Set &#8211; Es ist so einfach!<\/h3>\n<h4>SCHRITT 1<\/h4>\n<ul>\n<li>Spr\u00fchen Sie Leather Pro Cleaner auf ein Tuch oder einen Schwamm und tragen Sie es auf das Leder auf.<\/li>\n<li>Warten Sie etwa 15 Sekunden \u2013 in dieser Zeit sollte sich der Schmutz aufl\u00f6sen.<\/li>\n<li>Reinigen Sie das Leder mit kreisenden Bewegungen. Bei sehr verschmutzten Oberfl\u00e4chen oder schwer zug\u00e4nglichen Stellen verwenden Sie unsere B\u00fcrste mit weichen, nat\u00fcrlichen Borsten.<\/li>\n<\/ul>\n<h3>SCHRITT 2<\/h3>\n<ul>\n<li>Tragen Sie auf das trockene und saubere Leder eine d\u00fcnne Schicht Leather Care Balm auf, indem Sie kreisende Bewegungen mit einem Schwamm oder einem im Set enthaltenen Mikrofasertuch machen.<\/li>\n<li>Lassen Sie die Pflegecreme nach dem Auftragen weitere 5 Minuten einwirken. Entfernen Sie dann \u00fcbersch\u00fcssiges Material, indem Sie das Leder vorsichtig polieren.<\/li>\n<\/ul>\n<h5>Verwenden Sie das Produkt nicht auf Wildleder oder Nubuk.<\/h5>\n<p><\/body><\/p>\n<p><\/html><\/p>\n","protected":false},"excerpt":{"rendered":"<p><strong>Leather Goods Care Kit \u2013 Wirksamer Schutz f\u00fcr Lederaccessoires<\/strong><\/p>\n","protected":false},"featured_media":122384,"template":"","meta":{"_acf_changed":false},"product_brand":[],"product_cat":[264],"product_tag":[],"class_list":{"0":"post-120019","1":"product","2":"type-product","3":"status-publish","4":"has-post-thumbnail","6":"product_cat-hautpflege","8":"first","9":"instock","10":"taxable","11":"shipping-taxable","12":"purchasable","13":"product-type-simple"},"acf":[],"yoast_head":"<!-- This site is optimized with the Yoast SEO plugin v23.6 - https:\/\/yoast.com\/wordpress\/plugins\/seo\/ -->\n<title>Leather Goods Care Kit - Pflege-Set f\u00fcr die Reinigung und Pflege von Lederwaren, Schuhen und Taschen - Leathermed<\/title>\n<meta name=\"robots\" content=\"index, follow, max-snippet:-1, max-image-preview:large, max-video-preview:-1\" \/>\n<link rel=\"canonical\" href=\"https:\/\/leathermed.pl\/e-sklep\/leather-goods-care-kit-pielegnacja-skory-torebek-i-galanterii\/\" \/>\n<meta property=\"og:locale\" content=\"de_DE\" \/>\n<meta property=\"og:type\" content=\"article\" \/>\n<meta property=\"og:title\" content=\"Leather Goods Care Kit - Pflege-Set f\u00fcr die Reinigung und Pflege von Lederwaren, Schuhen und Taschen - Leathermed\" \/>\n<meta property=\"og:description\" content=\"Leather Goods Care Kit \u2013 Wirksamer Schutz f\u00fcr Lederaccessoires\" \/>\n<meta property=\"og:url\" content=\"https:\/\/leathermed.pl\/e-sklep\/leather-goods-care-kit-pielegnacja-skory-torebek-i-galanterii\/\" \/>\n<meta property=\"og:site_name\" content=\"Leathermed\" \/>\n<meta property=\"article:publisher\" content=\"https:\/\/www.facebook.com\/p\/Leathermed-61557229173629\/\" \/>\n<meta property=\"article:modified_time\" content=\"2023-11-25T08:29:38+00:00\" \/>\n<meta property=\"og:image\" content=\"https:\/\/leathermed.pl\/wp-content\/uploads\/2023\/10\/Zestaw-do-czyszczenia-torebek-ze-skory2-.png\" \/>\n\t<meta property=\"og:image:width\" content=\"1600\" \/>\n\t<meta property=\"og:image:height\" content=\"1600\" \/>\n\t<meta property=\"og:image:type\" content=\"image\/png\" \/>\n<meta name=\"twitter:card\" content=\"summary_large_image\" \/>\n<meta name=\"twitter:label1\" content=\"Gesch\u00e4tzte Lesezeit\" \/>\n\t<meta name=\"twitter:data1\" content=\"2\u00a0Minuten\" \/>\n<script type=\"application\/ld+json\" class=\"yoast-schema-graph\">{\"@context\":\"https:\/\/schema.org\",\"@graph\":[{\"@type\":\"WebPage\",\"@id\":\"https:\/\/leathermed.pl\/e-sklep\/leather-goods-care-kit-pielegnacja-skory-torebek-i-galanterii\/\",\"url\":\"https:\/\/leathermed.pl\/e-sklep\/leather-goods-care-kit-pielegnacja-skory-torebek-i-galanterii\/\",\"name\":\"Leather Goods Care Kit - Pflege-Set f\u00fcr die Reinigung und Pflege von Lederwaren, Schuhen und Taschen - Leathermed\",\"isPartOf\":{\"@id\":\"https:\/\/leathermed.pl\/#website\"},\"primaryImageOfPage\":{\"@id\":\"https:\/\/leathermed.pl\/e-sklep\/leather-goods-care-kit-pielegnacja-skory-torebek-i-galanterii\/#primaryimage\"},\"image\":{\"@id\":\"https:\/\/leathermed.pl\/e-sklep\/leather-goods-care-kit-pielegnacja-skory-torebek-i-galanterii\/#primaryimage\"},\"thumbnailUrl\":\"https:\/\/leathermed.pl\/wp-content\/uploads\/2023\/10\/Zestaw-do-czyszczenia-torebek-ze-skory2-.png\",\"datePublished\":\"2023-10-06T16:09:21+00:00\",\"dateModified\":\"2023-11-25T08:29:38+00:00\",\"breadcrumb\":{\"@id\":\"https:\/\/leathermed.pl\/e-sklep\/leather-goods-care-kit-pielegnacja-skory-torebek-i-galanterii\/#breadcrumb\"},\"inLanguage\":\"de\",\"potentialAction\":[{\"@type\":\"ReadAction\",\"target\":[\"https:\/\/leathermed.pl\/e-sklep\/leather-goods-care-kit-pielegnacja-skory-torebek-i-galanterii\/\"]}]},{\"@type\":\"ImageObject\",\"inLanguage\":\"de\",\"@id\":\"https:\/\/leathermed.pl\/e-sklep\/leather-goods-care-kit-pielegnacja-skory-torebek-i-galanterii\/#primaryimage\",\"url\":\"https:\/\/leathermed.pl\/wp-content\/uploads\/2023\/10\/Zestaw-do-czyszczenia-torebek-ze-skory2-.png\",\"contentUrl\":\"https:\/\/leathermed.pl\/wp-content\/uploads\/2023\/10\/Zestaw-do-czyszczenia-torebek-ze-skory2-.png\",\"width\":1600,\"height\":1600,\"caption\":\"Zestaw produkt\u00f3w do czyszczenia i konserwacji sk\u00f3rzanej galanterii, but\u00f3w i torebek, zawieraj\u0105cy skuteczne \u015brodki i akcesoria\"},{\"@type\":\"BreadcrumbList\",\"@id\":\"https:\/\/leathermed.pl\/e-sklep\/leather-goods-care-kit-pielegnacja-skory-torebek-i-galanterii\/#breadcrumb\",\"itemListElement\":[{\"@type\":\"ListItem\",\"position\":1,\"name\":\"Strona g\u0142\u00f3wna\",\"item\":\"https:\/\/leathermed.pl\/de\/\"},{\"@type\":\"ListItem\",\"position\":2,\"name\":\"E-sklep\",\"item\":\"https:\/\/leathermed.pl\/e-sklep\/\"},{\"@type\":\"ListItem\",\"position\":3,\"name\":\"Leather Goods Care Kit &#8211; Pflege-Set f\u00fcr die Reinigung und Pflege von Lederwaren, Schuhen und Taschen\"}]},{\"@type\":\"WebSite\",\"@id\":\"https:\/\/leathermed.pl\/#website\",\"url\":\"https:\/\/leathermed.pl\/\",\"name\":\"Leathermed\",\"description\":\"\",\"publisher\":{\"@id\":\"https:\/\/leathermed.pl\/#organization\"},\"potentialAction\":[{\"@type\":\"SearchAction\",\"target\":{\"@type\":\"EntryPoint\",\"urlTemplate\":\"https:\/\/leathermed.pl\/?s={search_term_string}\"},\"query-input\":{\"@type\":\"PropertyValueSpecification\",\"valueRequired\":true,\"valueName\":\"search_term_string\"}}],\"inLanguage\":\"de\"},{\"@type\":\"Organization\",\"@id\":\"https:\/\/leathermed.pl\/#organization\",\"name\":\"Leathermed\",\"url\":\"https:\/\/leathermed.pl\/\",\"logo\":{\"@type\":\"ImageObject\",\"inLanguage\":\"de\",\"@id\":\"https:\/\/leathermed.pl\/#\/schema\/logo\/image\/\",\"url\":\"https:\/\/leathermed.pl\/wp-content\/uploads\/2023\/10\/Logo_Easy-Resize.com_.jpg\",\"contentUrl\":\"https:\/\/leathermed.pl\/wp-content\/uploads\/2023\/10\/Logo_Easy-Resize.com_.jpg\",\"width\":787,\"height\":600,\"caption\":\"Leathermed\"},\"image\":{\"@id\":\"https:\/\/leathermed.pl\/#\/schema\/logo\/image\/\"},\"sameAs\":[\"https:\/\/www.facebook.com\/p\/Leathermed-61557229173629\/\"]}]}<\/script>\n<!-- \/ Yoast SEO plugin. -->","yoast_head_json":{"title":"Leather Goods Care Kit - Pflege-Set f\u00fcr die Reinigung und Pflege von Lederwaren, Schuhen und Taschen - Leathermed","robots":{"index":"index","follow":"follow","max-snippet":"max-snippet:-1","max-image-preview":"max-image-preview:large","max-video-preview":"max-video-preview:-1"},"canonical":"https:\/\/leathermed.pl\/e-sklep\/leather-goods-care-kit-pielegnacja-skory-torebek-i-galanterii\/","og_locale":"de_DE","og_type":"article","og_title":"Leather Goods Care Kit - Pflege-Set f\u00fcr die Reinigung und Pflege von Lederwaren, Schuhen und Taschen - Leathermed","og_description":"Leather Goods Care Kit \u2013 Wirksamer Schutz f\u00fcr Lederaccessoires","og_url":"https:\/\/leathermed.pl\/e-sklep\/leather-goods-care-kit-pielegnacja-skory-torebek-i-galanterii\/","og_site_name":"Leathermed","article_publisher":"https:\/\/www.facebook.com\/p\/Leathermed-61557229173629\/","article_modified_time":"2023-11-25T08:29:38+00:00","og_image":[{"width":1600,"height":1600,"url":"https:\/\/leathermed.pl\/wp-content\/uploads\/2023\/10\/Zestaw-do-czyszczenia-torebek-ze-skory2-.png","type":"image\/png"}],"twitter_card":"summary_large_image","twitter_misc":{"Gesch\u00e4tzte Lesezeit":"2\u00a0Minuten"},"schema":{"@context":"https:\/\/schema.org","@graph":[{"@type":"WebPage","@id":"https:\/\/leathermed.pl\/e-sklep\/leather-goods-care-kit-pielegnacja-skory-torebek-i-galanterii\/","url":"https:\/\/leathermed.pl\/e-sklep\/leather-goods-care-kit-pielegnacja-skory-torebek-i-galanterii\/","name":"Leather Goods Care Kit - Pflege-Set f\u00fcr die Reinigung und Pflege von Lederwaren, Schuhen und Taschen - Leathermed","isPartOf":{"@id":"https:\/\/leathermed.pl\/#website"},"primaryImageOfPage":{"@id":"https:\/\/leathermed.pl\/e-sklep\/leather-goods-care-kit-pielegnacja-skory-torebek-i-galanterii\/#primaryimage"},"image":{"@id":"https:\/\/leathermed.pl\/e-sklep\/leather-goods-care-kit-pielegnacja-skory-torebek-i-galanterii\/#primaryimage"},"thumbnailUrl":"https:\/\/leathermed.pl\/wp-content\/uploads\/2023\/10\/Zestaw-do-czyszczenia-torebek-ze-skory2-.png","datePublished":"2023-10-06T16:09:21+00:00","dateModified":"2023-11-25T08:29:38+00:00","breadcrumb":{"@id":"https:\/\/leathermed.pl\/e-sklep\/leather-goods-care-kit-pielegnacja-skory-torebek-i-galanterii\/#breadcrumb"},"inLanguage":"de","potentialAction":[{"@type":"ReadAction","target":["https:\/\/leathermed.pl\/e-sklep\/leather-goods-care-kit-pielegnacja-skory-torebek-i-galanterii\/"]}]},{"@type":"ImageObject","inLanguage":"de","@id":"https:\/\/leathermed.pl\/e-sklep\/leather-goods-care-kit-pielegnacja-skory-torebek-i-galanterii\/#primaryimage","url":"https:\/\/leathermed.pl\/wp-content\/uploads\/2023\/10\/Zestaw-do-czyszczenia-torebek-ze-skory2-.png","contentUrl":"https:\/\/leathermed.pl\/wp-content\/uploads\/2023\/10\/Zestaw-do-czyszczenia-torebek-ze-skory2-.png","width":1600,"height":1600,"caption":"Zestaw produkt\u00f3w do czyszczenia i konserwacji sk\u00f3rzanej galanterii, but\u00f3w i torebek, zawieraj\u0105cy skuteczne \u015brodki i akcesoria"},{"@type":"BreadcrumbList","@id":"https:\/\/leathermed.pl\/e-sklep\/leather-goods-care-kit-pielegnacja-skory-torebek-i-galanterii\/#breadcrumb","itemListElement":[{"@type":"ListItem","position":1,"name":"Strona g\u0142\u00f3wna","item":"https:\/\/leathermed.pl\/de\/"},{"@type":"ListItem","position":2,"name":"E-sklep","item":"https:\/\/leathermed.pl\/e-sklep\/"},{"@type":"ListItem","position":3,"name":"Leather Goods Care Kit &#8211; Pflege-Set f\u00fcr die Reinigung und Pflege von Lederwaren, Schuhen und Taschen"}]},{"@type":"WebSite","@id":"https:\/\/leathermed.pl\/#website","url":"https:\/\/leathermed.pl\/","name":"Leathermed","description":"","publisher":{"@id":"https:\/\/leathermed.pl\/#organization"},"potentialAction":[{"@type":"SearchAction","target":{"@type":"EntryPoint","urlTemplate":"https:\/\/leathermed.pl\/?s={search_term_string}"},"query-input":{"@type":"PropertyValueSpecification","valueRequired":true,"valueName":"search_term_string"}}],"inLanguage":"de"},{"@type":"Organization","@id":"https:\/\/leathermed.pl\/#organization","name":"Leathermed","url":"https:\/\/leathermed.pl\/","logo":{"@type":"ImageObject","inLanguage":"de","@id":"https:\/\/leathermed.pl\/#\/schema\/logo\/image\/","url":"https:\/\/leathermed.pl\/wp-content\/uploads\/2023\/10\/Logo_Easy-Resize.com_.jpg","contentUrl":"https:\/\/leathermed.pl\/wp-content\/uploads\/2023\/10\/Logo_Easy-Resize.com_.jpg","width":787,"height":600,"caption":"Leathermed"},"image":{"@id":"https:\/\/leathermed.pl\/#\/schema\/logo\/image\/"},"sameAs":["https:\/\/www.facebook.com\/p\/Leathermed-61557229173629\/"]}]}},"_links":{"self":[{"href":"https:\/\/leathermed.pl\/de\/wp-json\/wp\/v2\/product\/120019","targetHints":{"allow":["GET"]}}],"collection":[{"href":"https:\/\/leathermed.pl\/de\/wp-json\/wp\/v2\/product"}],"about":[{"href":"https:\/\/leathermed.pl\/de\/wp-json\/wp\/v2\/types\/product"}],"wp:featuredmedia":[{"embeddable":true,"href":"https:\/\/leathermed.pl\/de\/wp-json\/wp\/v2\/media\/122384"}],"wp:attachment":[{"href":"https:\/\/leathermed.pl\/de\/wp-json\/wp\/v2\/media?parent=120019"}],"wp:term":[{"taxonomy":"product_brand","embeddable":true,"href":"https:\/\/leathermed.pl\/de\/wp-json\/wp\/v2\/product_brand?post=120019"},{"taxonomy":"product_cat","embeddable":true,"href":"https:\/\/leathermed.pl\/de\/wp-json\/wp\/v2\/product_cat?post=120019"},{"taxonomy":"product_tag","embeddable":true,"href":"https:\/\/leathermed.pl\/de\/wp-json\/wp\/v2\/product_tag?post=120019"}],"curies":[{"name":"wp","href":"https:\/\/api.w.org\/{rel}","templated":true}]}}