{"id":119993,"date":"2023-10-10T12:26:44","date_gmt":"2023-10-10T10:26:44","guid":{"rendered":"https:\/\/leathermed.pl\/sklep\/leather-bonder-4\/"},"modified":"2023-12-01T22:40:47","modified_gmt":"2023-12-01T21:40:47","slug":"leather-bonder-4","status":"publish","type":"product","link":"https:\/\/leathermed.pl\/de\/e-sklep\/leather-bonder-4\/","title":{"rendered":"Leather Bonder &#8211; Klebstoff f\u00fcr geschw\u00e4chtes Leder"},"content":{"rendered":"<h2>Leather Bonder &#8211; Klebstoff zur Verbindung und St\u00e4rkung abgenutzter Ledergewebe.<\/h2>\n<p><strong>Leather Bonder<\/strong> ist ein Mittel zur St\u00e4rkung von stark beanspruchtem, abgenutztem Leder bis zur Fleischseite (Bereich ohne Farbe und Lack). Das Produkt dringt tief in das Leder ein und verbindet lockere und geschw\u00e4chte Fasern, die als &#8220;Lederflusen&#8221; bekannt sind und beim Ber\u00fchren sp\u00fcrbar sind. Nach der Anwendung ist das Leder viel widerstandsf\u00e4higer gegen\u00fcber Dehnung, und Reparaturprodukte wie Spachtelmassen, fl\u00fcssiges Leder oder Farbe haften besser &#8211; die Renovierung ist wesentlich langlebiger. Das Produkt eignet sich auch ideal zur Reparatur von Kratzern oder Tierkratzern.<\/p>\n<h3>Warum unser Produkt w\u00e4hlen?<\/h3>\n<ul>\n<li><strong><b>\ud83d\udc49<\/b>Widerstandsf\u00e4higkeit<\/strong> \u2013 Die Verwendung des Klebstoffs st\u00e4rkt die Lederfasern erheblich und macht die Lederrenovierung viel haltbarer<\/li>\n<li><strong><b>\ud83d\udc49<\/b>Bequemlichkeit<\/strong> \u2013 Leather Bonder erleichtert den Renovierungsprozess erheblich und verbessert die Haftung von F\u00fcllstoffen oder Farbe<\/li>\n<li><strong><b>\ud83d\udc49<\/b>Vielseitigkeit<\/strong> \u2013 Das Produkt eignet sich hervorragend f\u00fcr die Renovierung von Autositzen, Lederwaren und Lederm\u00f6beln<\/li>\n<\/ul>\n<h3>Wie verwendet man Leather Bonder? Es ist ganz einfach!<\/h3>\n<ol>\n<li>Reinigen Sie das Leder gr\u00fcndlich mit Produkten wie Leather Pro Cleaner oder Leather Foam Cleaner, die Sie in unserem Gesch\u00e4ft finden.<\/li>\n<li>Mischen Sie vor Gebrauch den Leather Bonder gut. Tragen Sie dann mit einem Schwamm zwei oder drei d\u00fcnne Schichten auf jede besch\u00e4digte Stelle auf.<\/li>\n<li>Trocknen Sie die Oberfl\u00e4che nach dem Auftragen jeder Schicht.<\/li>\n<li>F\u00fcllen Sie die Defekte oder tragen Sie Leather Pro Colourant auf. Sie k\u00f6nnen dies mit einem Schwamm oder einer Spritzpistole tun.<\/li>\n<li>Sch\u00fctzen Sie die gef\u00e4rbte Oberfl\u00e4che mit Leather Top Finish Lack.<\/li>\n<li>Reinigen oder pflegen Sie das Leder 6 Tage nach der Reparatur nicht.<\/li>\n<\/ol>\n<p><strong>Verwenden Sie das Produkt nicht auf Wildleder und Nubuk.<\/strong><\/p>\n","protected":false},"excerpt":{"rendered":"<p class=\"western\"><span style=\"color: #00000a;\"><strong>Leather Bonder &#8211; Klebstoff zur Verbindung und St\u00e4rkung abgenutzter Ledergewebe.<\/strong> <\/span><\/p>\n","protected":false},"featured_media":121712,"template":"","meta":{"_acf_changed":false},"product_brand":[],"product_cat":[325],"product_tag":[],"class_list":{"0":"post-119993","1":"product","2":"type-product","3":"status-publish","4":"has-post-thumbnail","6":"product_cat-renovierung-von-leder","8":"first","9":"instock","10":"taxable","11":"shipping-taxable","12":"purchasable","13":"product-type-variable","14":"has-default-attributes"},"acf":[],"yoast_head":"<!-- This site is optimized with the Yoast SEO plugin v23.6 - https:\/\/yoast.com\/wordpress\/plugins\/seo\/ -->\n<title>Leather Bonder - Klebstoff f\u00fcr geschw\u00e4chtes Leder - Leathermed<\/title>\n<meta name=\"robots\" content=\"index, follow, max-snippet:-1, max-image-preview:large, max-video-preview:-1\" \/>\n<link rel=\"canonical\" href=\"https:\/\/leathermed.pl\/e-sklep\/leather-bonder-spoiwo\/\" \/>\n<meta property=\"og:locale\" content=\"de_DE\" \/>\n<meta property=\"og:type\" content=\"article\" \/>\n<meta property=\"og:title\" content=\"Leather Bonder - Klebstoff f\u00fcr geschw\u00e4chtes Leder - Leathermed\" \/>\n<meta property=\"og:description\" content=\"Leather Bonder - Klebstoff zur Verbindung und St\u00e4rkung abgenutzter Ledergewebe.\" \/>\n<meta property=\"og:url\" content=\"https:\/\/leathermed.pl\/e-sklep\/leather-bonder-spoiwo\/\" \/>\n<meta property=\"og:site_name\" content=\"Leathermed\" \/>\n<meta property=\"article:publisher\" content=\"https:\/\/www.facebook.com\/p\/Leathermed-61557229173629\/\" \/>\n<meta property=\"article:modified_time\" content=\"2023-12-01T21:40:47+00:00\" \/>\n<meta property=\"og:image\" content=\"https:\/\/leathermed.pl\/wp-content\/uploads\/2023\/10\/50ml-Leather-Bonder-akcesoria_Easy-Resize.com_.png\" \/>\n\t<meta property=\"og:image:width\" content=\"600\" \/>\n\t<meta property=\"og:image:height\" content=\"600\" \/>\n\t<meta property=\"og:image:type\" content=\"image\/png\" \/>\n<meta name=\"twitter:card\" content=\"summary_large_image\" \/>\n<meta name=\"twitter:label1\" content=\"Gesch\u00e4tzte Lesezeit\" \/>\n\t<meta name=\"twitter:data1\" content=\"1\u00a0Minute\" \/>\n<script type=\"application\/ld+json\" class=\"yoast-schema-graph\">{\"@context\":\"https:\/\/schema.org\",\"@graph\":[{\"@type\":\"WebPage\",\"@id\":\"https:\/\/leathermed.pl\/e-sklep\/leather-bonder-spoiwo\/\",\"url\":\"https:\/\/leathermed.pl\/e-sklep\/leather-bonder-spoiwo\/\",\"name\":\"Leather Bonder - Klebstoff f\u00fcr geschw\u00e4chtes Leder - Leathermed\",\"isPartOf\":{\"@id\":\"https:\/\/leathermed.pl\/#website\"},\"primaryImageOfPage\":{\"@id\":\"https:\/\/leathermed.pl\/e-sklep\/leather-bonder-spoiwo\/#primaryimage\"},\"image\":{\"@id\":\"https:\/\/leathermed.pl\/e-sklep\/leather-bonder-spoiwo\/#primaryimage\"},\"thumbnailUrl\":\"https:\/\/leathermed.pl\/wp-content\/uploads\/2023\/10\/50ml-Leather-Bonder-akcesoria_Easy-Resize.com_.png\",\"datePublished\":\"2023-10-10T10:26:44+00:00\",\"dateModified\":\"2023-12-01T21:40:47+00:00\",\"breadcrumb\":{\"@id\":\"https:\/\/leathermed.pl\/e-sklep\/leather-bonder-spoiwo\/#breadcrumb\"},\"inLanguage\":\"de\",\"potentialAction\":[{\"@type\":\"ReadAction\",\"target\":[\"https:\/\/leathermed.pl\/e-sklep\/leather-bonder-spoiwo\/\"]}]},{\"@type\":\"ImageObject\",\"inLanguage\":\"de\",\"@id\":\"https:\/\/leathermed.pl\/e-sklep\/leather-bonder-spoiwo\/#primaryimage\",\"url\":\"https:\/\/leathermed.pl\/wp-content\/uploads\/2023\/10\/50ml-Leather-Bonder-akcesoria_Easy-Resize.com_.png\",\"contentUrl\":\"https:\/\/leathermed.pl\/wp-content\/uploads\/2023\/10\/50ml-Leather-Bonder-akcesoria_Easy-Resize.com_.png\",\"width\":600,\"height\":600,\"caption\":\"Leather Bonder - Spoiwo\"},{\"@type\":\"BreadcrumbList\",\"@id\":\"https:\/\/leathermed.pl\/e-sklep\/leather-bonder-spoiwo\/#breadcrumb\",\"itemListElement\":[{\"@type\":\"ListItem\",\"position\":1,\"name\":\"Strona g\u0142\u00f3wna\",\"item\":\"https:\/\/leathermed.pl\/de\/\"},{\"@type\":\"ListItem\",\"position\":2,\"name\":\"E-sklep\",\"item\":\"https:\/\/leathermed.pl\/e-sklep\/\"},{\"@type\":\"ListItem\",\"position\":3,\"name\":\"Leather Bonder &#8211; Klebstoff f\u00fcr geschw\u00e4chtes Leder\"}]},{\"@type\":\"WebSite\",\"@id\":\"https:\/\/leathermed.pl\/#website\",\"url\":\"https:\/\/leathermed.pl\/\",\"name\":\"Leathermed\",\"description\":\"\",\"publisher\":{\"@id\":\"https:\/\/leathermed.pl\/#organization\"},\"potentialAction\":[{\"@type\":\"SearchAction\",\"target\":{\"@type\":\"EntryPoint\",\"urlTemplate\":\"https:\/\/leathermed.pl\/?s={search_term_string}\"},\"query-input\":{\"@type\":\"PropertyValueSpecification\",\"valueRequired\":true,\"valueName\":\"search_term_string\"}}],\"inLanguage\":\"de\"},{\"@type\":\"Organization\",\"@id\":\"https:\/\/leathermed.pl\/#organization\",\"name\":\"Leathermed\",\"url\":\"https:\/\/leathermed.pl\/\",\"logo\":{\"@type\":\"ImageObject\",\"inLanguage\":\"de\",\"@id\":\"https:\/\/leathermed.pl\/#\/schema\/logo\/image\/\",\"url\":\"https:\/\/leathermed.pl\/wp-content\/uploads\/2023\/10\/Logo_Easy-Resize.com_.jpg\",\"contentUrl\":\"https:\/\/leathermed.pl\/wp-content\/uploads\/2023\/10\/Logo_Easy-Resize.com_.jpg\",\"width\":787,\"height\":600,\"caption\":\"Leathermed\"},\"image\":{\"@id\":\"https:\/\/leathermed.pl\/#\/schema\/logo\/image\/\"},\"sameAs\":[\"https:\/\/www.facebook.com\/p\/Leathermed-61557229173629\/\"]}]}<\/script>\n<!-- \/ Yoast SEO plugin. -->","yoast_head_json":{"title":"Leather Bonder - Klebstoff f\u00fcr geschw\u00e4chtes Leder - Leathermed","robots":{"index":"index","follow":"follow","max-snippet":"max-snippet:-1","max-image-preview":"max-image-preview:large","max-video-preview":"max-video-preview:-1"},"canonical":"https:\/\/leathermed.pl\/e-sklep\/leather-bonder-spoiwo\/","og_locale":"de_DE","og_type":"article","og_title":"Leather Bonder - Klebstoff f\u00fcr geschw\u00e4chtes Leder - Leathermed","og_description":"Leather Bonder - Klebstoff zur Verbindung und St\u00e4rkung abgenutzter Ledergewebe.","og_url":"https:\/\/leathermed.pl\/e-sklep\/leather-bonder-spoiwo\/","og_site_name":"Leathermed","article_publisher":"https:\/\/www.facebook.com\/p\/Leathermed-61557229173629\/","article_modified_time":"2023-12-01T21:40:47+00:00","og_image":[{"width":600,"height":600,"url":"https:\/\/leathermed.pl\/wp-content\/uploads\/2023\/10\/50ml-Leather-Bonder-akcesoria_Easy-Resize.com_.png","type":"image\/png"}],"twitter_card":"summary_large_image","twitter_misc":{"Gesch\u00e4tzte Lesezeit":"1\u00a0Minute"},"schema":{"@context":"https:\/\/schema.org","@graph":[{"@type":"WebPage","@id":"https:\/\/leathermed.pl\/e-sklep\/leather-bonder-spoiwo\/","url":"https:\/\/leathermed.pl\/e-sklep\/leather-bonder-spoiwo\/","name":"Leather Bonder - Klebstoff f\u00fcr geschw\u00e4chtes Leder - Leathermed","isPartOf":{"@id":"https:\/\/leathermed.pl\/#website"},"primaryImageOfPage":{"@id":"https:\/\/leathermed.pl\/e-sklep\/leather-bonder-spoiwo\/#primaryimage"},"image":{"@id":"https:\/\/leathermed.pl\/e-sklep\/leather-bonder-spoiwo\/#primaryimage"},"thumbnailUrl":"https:\/\/leathermed.pl\/wp-content\/uploads\/2023\/10\/50ml-Leather-Bonder-akcesoria_Easy-Resize.com_.png","datePublished":"2023-10-10T10:26:44+00:00","dateModified":"2023-12-01T21:40:47+00:00","breadcrumb":{"@id":"https:\/\/leathermed.pl\/e-sklep\/leather-bonder-spoiwo\/#breadcrumb"},"inLanguage":"de","potentialAction":[{"@type":"ReadAction","target":["https:\/\/leathermed.pl\/e-sklep\/leather-bonder-spoiwo\/"]}]},{"@type":"ImageObject","inLanguage":"de","@id":"https:\/\/leathermed.pl\/e-sklep\/leather-bonder-spoiwo\/#primaryimage","url":"https:\/\/leathermed.pl\/wp-content\/uploads\/2023\/10\/50ml-Leather-Bonder-akcesoria_Easy-Resize.com_.png","contentUrl":"https:\/\/leathermed.pl\/wp-content\/uploads\/2023\/10\/50ml-Leather-Bonder-akcesoria_Easy-Resize.com_.png","width":600,"height":600,"caption":"Leather Bonder - Spoiwo"},{"@type":"BreadcrumbList","@id":"https:\/\/leathermed.pl\/e-sklep\/leather-bonder-spoiwo\/#breadcrumb","itemListElement":[{"@type":"ListItem","position":1,"name":"Strona g\u0142\u00f3wna","item":"https:\/\/leathermed.pl\/de\/"},{"@type":"ListItem","position":2,"name":"E-sklep","item":"https:\/\/leathermed.pl\/e-sklep\/"},{"@type":"ListItem","position":3,"name":"Leather Bonder &#8211; Klebstoff f\u00fcr geschw\u00e4chtes Leder"}]},{"@type":"WebSite","@id":"https:\/\/leathermed.pl\/#website","url":"https:\/\/leathermed.pl\/","name":"Leathermed","description":"","publisher":{"@id":"https:\/\/leathermed.pl\/#organization"},"potentialAction":[{"@type":"SearchAction","target":{"@type":"EntryPoint","urlTemplate":"https:\/\/leathermed.pl\/?s={search_term_string}"},"query-input":{"@type":"PropertyValueSpecification","valueRequired":true,"valueName":"search_term_string"}}],"inLanguage":"de"},{"@type":"Organization","@id":"https:\/\/leathermed.pl\/#organization","name":"Leathermed","url":"https:\/\/leathermed.pl\/","logo":{"@type":"ImageObject","inLanguage":"de","@id":"https:\/\/leathermed.pl\/#\/schema\/logo\/image\/","url":"https:\/\/leathermed.pl\/wp-content\/uploads\/2023\/10\/Logo_Easy-Resize.com_.jpg","contentUrl":"https:\/\/leathermed.pl\/wp-content\/uploads\/2023\/10\/Logo_Easy-Resize.com_.jpg","width":787,"height":600,"caption":"Leathermed"},"image":{"@id":"https:\/\/leathermed.pl\/#\/schema\/logo\/image\/"},"sameAs":["https:\/\/www.facebook.com\/p\/Leathermed-61557229173629\/"]}]}},"_links":{"self":[{"href":"https:\/\/leathermed.pl\/de\/wp-json\/wp\/v2\/product\/119993","targetHints":{"allow":["GET"]}}],"collection":[{"href":"https:\/\/leathermed.pl\/de\/wp-json\/wp\/v2\/product"}],"about":[{"href":"https:\/\/leathermed.pl\/de\/wp-json\/wp\/v2\/types\/product"}],"wp:featuredmedia":[{"embeddable":true,"href":"https:\/\/leathermed.pl\/de\/wp-json\/wp\/v2\/media\/121712"}],"wp:attachment":[{"href":"https:\/\/leathermed.pl\/de\/wp-json\/wp\/v2\/media?parent=119993"}],"wp:term":[{"taxonomy":"product_brand","embeddable":true,"href":"https:\/\/leathermed.pl\/de\/wp-json\/wp\/v2\/product_brand?post=119993"},{"taxonomy":"product_cat","embeddable":true,"href":"https:\/\/leathermed.pl\/de\/wp-json\/wp\/v2\/product_cat?post=119993"},{"taxonomy":"product_tag","embeddable":true,"href":"https:\/\/leathermed.pl\/de\/wp-json\/wp\/v2\/product_tag?post=119993"}],"curies":[{"name":"wp","href":"https:\/\/api.w.org\/{rel}","templated":true}]}}