{"id":119983,"date":"2023-10-10T12:31:04","date_gmt":"2023-10-10T10:31:04","guid":{"rendered":"https:\/\/leathermed.pl\/sklep\/leather-colour-prep\/"},"modified":"2023-12-06T12:14:25","modified_gmt":"2023-12-06T11:14:25","slug":"leather-colour-prep","status":"publish","type":"product","link":"https:\/\/leathermed.pl\/de\/e-sklep\/leather-colour-prep\/","title":{"rendered":"Leather Colour Prep &#8211; Entferner f\u00fcr Naturleder"},"content":{"rendered":"<h2>Leather Colour Prep &#8211; Entferner f\u00fcr Naturleder.<\/h2>\n<p><strong>Leather Colour Prep<\/strong> ist ein Mittel, das dazu dient, Beschichtungen von nat\u00fcrlichen Ledern zu entfernen. Es spielt eine entscheidende Rolle im Lederf\u00e4rbungsprozess, indem es die Haut aufweicht, indem es alte harte Schichten von Klarlack und Farbe entfernt und eine Basis f\u00fcr neue Beschichtungen schafft.<\/p>\n<h3>Warum unser Produkt w\u00e4hlen?<\/h3>\n<ul>\n<li><b>\ud83d\udc49<\/b><strong>Wirksamkeit<\/strong> \u2013 Entfernt m\u00fchelos alte Beschichtungen und gew\u00e4hrleistet eine dauerhafte Reparatur<\/li>\n<li><b>\ud83d\udc49<\/b><strong>Vielseitigkeit<\/strong> \u2013 Das Produkt eignet sich sowohl f\u00fcr professionelle Anwendungen als auch f\u00fcr individuelle Kunden<\/li>\n<li><strong> <b>\ud83d\udc49<\/b>Wirtschaftlichkeit<\/strong> \u2013 Sehr gutes Preis-Leistungs-Verh\u00e4ltnis<\/li>\n<\/ul>\n<h3>Wie verwendet man den Reiniger Leather Colour Prep? Es ist ganz einfach!<\/h3>\n<ol>\n<li>Reinigen Sie das Leder gr\u00fcndlich von Schmutz mit Produkten wie Leather Pro Cleaner oder Leather Foam Cleaner, die Sie in unseren anderen Auktionen finden.<\/li>\n<li>Entfernen Sie alte Beschichtungen mit Leather Colour Prep, verwenden Sie dazu ein Tuch oder eine Matte.<\/li>\n<li>Bereiten Sie das Leder f\u00fcr die Lackierung vor. Verwenden Sie Leather Grease Remover, um R\u00fcckst\u00e4nde der aufgel\u00f6sten Farbe und des Lackes zu entfernen.<\/li>\n<li>Tragen Sie mit einem Schwamm oder einer Spritzpistole die Farbe Leather Pro Colourant auf das Leder auf.<\/li>\n<li>Sch\u00fctzen Sie die lackierte Oberfl\u00e4che, indem Sie den Lack Leather Top Finish auftragen.<\/li>\n<li>Reinigen oder pflegen Sie das Leder 6 Tage nach dem Eingriff nicht.<\/li>\n<\/ol>\n<p><strong>Leather Colour Prep <\/strong>ist ideal f\u00fcr die Reparatur oder Renovierung von Autositzen, M\u00f6beln, Lederwaren und Handtaschen.<\/p>\n<p><strong>Verwenden Sie den Reiniger nur f\u00fcr nat\u00fcrliches Leder! Verwenden Sie ihn nicht auf Kunstleder, Wildleder und Nubuk!<\/strong><\/p>\n","protected":false},"excerpt":{"rendered":"<p>Leather Colour Prep &#8211; Produkt zum Entfernen alter Farbe und Lacke von Naturleder<\/p>\n","protected":false},"featured_media":121696,"template":"","meta":{"_acf_changed":false},"product_brand":[],"product_cat":[325],"product_tag":[],"class_list":{"0":"post-119983","1":"product","2":"type-product","3":"status-publish","4":"has-post-thumbnail","6":"product_cat-renovierung-von-leder","8":"first","9":"instock","10":"taxable","11":"shipping-taxable","12":"purchasable","13":"product-type-variable","14":"has-default-attributes"},"acf":[],"yoast_head":"<!-- This site is optimized with the Yoast SEO plugin v23.6 - https:\/\/yoast.com\/wordpress\/plugins\/seo\/ -->\n<title>Leather Colour Prep - Entferner f\u00fcr Naturleder - Leathermed<\/title>\n<meta name=\"robots\" content=\"index, follow, max-snippet:-1, max-image-preview:large, max-video-preview:-1\" \/>\n<link rel=\"canonical\" href=\"https:\/\/leathermed.pl\/e-sklep\/leather-colour-prep\/\" \/>\n<meta property=\"og:locale\" content=\"de_DE\" \/>\n<meta property=\"og:type\" content=\"article\" \/>\n<meta property=\"og:title\" content=\"Leather Colour Prep - Entferner f\u00fcr Naturleder - Leathermed\" \/>\n<meta property=\"og:description\" content=\"Leather Colour Prep - Produkt zum Entfernen alter Farbe und Lacke von Naturleder\" \/>\n<meta property=\"og:url\" content=\"https:\/\/leathermed.pl\/e-sklep\/leather-colour-prep\/\" \/>\n<meta property=\"og:site_name\" content=\"Leathermed\" \/>\n<meta property=\"article:publisher\" content=\"https:\/\/www.facebook.com\/p\/Leathermed-61557229173629\/\" \/>\n<meta property=\"article:modified_time\" content=\"2023-12-06T11:14:25+00:00\" \/>\n<meta property=\"og:image\" content=\"https:\/\/leathermed.pl\/wp-content\/uploads\/2023\/10\/50ml-Leather-Colour-Prep-Zestaw_Easy-Resize.com_.png\" \/>\n\t<meta property=\"og:image:width\" content=\"600\" \/>\n\t<meta property=\"og:image:height\" content=\"600\" \/>\n\t<meta property=\"og:image:type\" content=\"image\/png\" \/>\n<meta name=\"twitter:card\" content=\"summary_large_image\" \/>\n<meta name=\"twitter:label1\" content=\"Gesch\u00e4tzte Lesezeit\" \/>\n\t<meta name=\"twitter:data1\" content=\"1\u00a0Minute\" \/>\n<script type=\"application\/ld+json\" class=\"yoast-schema-graph\">{\"@context\":\"https:\/\/schema.org\",\"@graph\":[{\"@type\":\"WebPage\",\"@id\":\"https:\/\/leathermed.pl\/e-sklep\/leather-colour-prep\/\",\"url\":\"https:\/\/leathermed.pl\/e-sklep\/leather-colour-prep\/\",\"name\":\"Leather Colour Prep - Entferner f\u00fcr Naturleder - Leathermed\",\"isPartOf\":{\"@id\":\"https:\/\/leathermed.pl\/#website\"},\"primaryImageOfPage\":{\"@id\":\"https:\/\/leathermed.pl\/e-sklep\/leather-colour-prep\/#primaryimage\"},\"image\":{\"@id\":\"https:\/\/leathermed.pl\/e-sklep\/leather-colour-prep\/#primaryimage\"},\"thumbnailUrl\":\"https:\/\/leathermed.pl\/wp-content\/uploads\/2023\/10\/50ml-Leather-Colour-Prep-Zestaw_Easy-Resize.com_.png\",\"datePublished\":\"2023-10-10T10:31:04+00:00\",\"dateModified\":\"2023-12-06T11:14:25+00:00\",\"breadcrumb\":{\"@id\":\"https:\/\/leathermed.pl\/e-sklep\/leather-colour-prep\/#breadcrumb\"},\"inLanguage\":\"de\",\"potentialAction\":[{\"@type\":\"ReadAction\",\"target\":[\"https:\/\/leathermed.pl\/e-sklep\/leather-colour-prep\/\"]}]},{\"@type\":\"ImageObject\",\"inLanguage\":\"de\",\"@id\":\"https:\/\/leathermed.pl\/e-sklep\/leather-colour-prep\/#primaryimage\",\"url\":\"https:\/\/leathermed.pl\/wp-content\/uploads\/2023\/10\/50ml-Leather-Colour-Prep-Zestaw_Easy-Resize.com_.png\",\"contentUrl\":\"https:\/\/leathermed.pl\/wp-content\/uploads\/2023\/10\/50ml-Leather-Colour-Prep-Zestaw_Easy-Resize.com_.png\",\"width\":600,\"height\":600,\"caption\":\"Leather Colour Prep\"},{\"@type\":\"BreadcrumbList\",\"@id\":\"https:\/\/leathermed.pl\/e-sklep\/leather-colour-prep\/#breadcrumb\",\"itemListElement\":[{\"@type\":\"ListItem\",\"position\":1,\"name\":\"Strona g\u0142\u00f3wna\",\"item\":\"https:\/\/leathermed.pl\/de\/\"},{\"@type\":\"ListItem\",\"position\":2,\"name\":\"E-sklep\",\"item\":\"https:\/\/leathermed.pl\/e-sklep\/\"},{\"@type\":\"ListItem\",\"position\":3,\"name\":\"Leather Colour Prep &#8211; Entferner f\u00fcr Naturleder\"}]},{\"@type\":\"WebSite\",\"@id\":\"https:\/\/leathermed.pl\/#website\",\"url\":\"https:\/\/leathermed.pl\/\",\"name\":\"Leathermed\",\"description\":\"\",\"publisher\":{\"@id\":\"https:\/\/leathermed.pl\/#organization\"},\"potentialAction\":[{\"@type\":\"SearchAction\",\"target\":{\"@type\":\"EntryPoint\",\"urlTemplate\":\"https:\/\/leathermed.pl\/?s={search_term_string}\"},\"query-input\":{\"@type\":\"PropertyValueSpecification\",\"valueRequired\":true,\"valueName\":\"search_term_string\"}}],\"inLanguage\":\"de\"},{\"@type\":\"Organization\",\"@id\":\"https:\/\/leathermed.pl\/#organization\",\"name\":\"Leathermed\",\"url\":\"https:\/\/leathermed.pl\/\",\"logo\":{\"@type\":\"ImageObject\",\"inLanguage\":\"de\",\"@id\":\"https:\/\/leathermed.pl\/#\/schema\/logo\/image\/\",\"url\":\"https:\/\/leathermed.pl\/wp-content\/uploads\/2023\/10\/Logo_Easy-Resize.com_.jpg\",\"contentUrl\":\"https:\/\/leathermed.pl\/wp-content\/uploads\/2023\/10\/Logo_Easy-Resize.com_.jpg\",\"width\":787,\"height\":600,\"caption\":\"Leathermed\"},\"image\":{\"@id\":\"https:\/\/leathermed.pl\/#\/schema\/logo\/image\/\"},\"sameAs\":[\"https:\/\/www.facebook.com\/p\/Leathermed-61557229173629\/\"]}]}<\/script>\n<!-- \/ Yoast SEO plugin. -->","yoast_head_json":{"title":"Leather Colour Prep - Entferner f\u00fcr Naturleder - Leathermed","robots":{"index":"index","follow":"follow","max-snippet":"max-snippet:-1","max-image-preview":"max-image-preview:large","max-video-preview":"max-video-preview:-1"},"canonical":"https:\/\/leathermed.pl\/e-sklep\/leather-colour-prep\/","og_locale":"de_DE","og_type":"article","og_title":"Leather Colour Prep - Entferner f\u00fcr Naturleder - Leathermed","og_description":"Leather Colour Prep - Produkt zum Entfernen alter Farbe und Lacke von Naturleder","og_url":"https:\/\/leathermed.pl\/e-sklep\/leather-colour-prep\/","og_site_name":"Leathermed","article_publisher":"https:\/\/www.facebook.com\/p\/Leathermed-61557229173629\/","article_modified_time":"2023-12-06T11:14:25+00:00","og_image":[{"width":600,"height":600,"url":"https:\/\/leathermed.pl\/wp-content\/uploads\/2023\/10\/50ml-Leather-Colour-Prep-Zestaw_Easy-Resize.com_.png","type":"image\/png"}],"twitter_card":"summary_large_image","twitter_misc":{"Gesch\u00e4tzte Lesezeit":"1\u00a0Minute"},"schema":{"@context":"https:\/\/schema.org","@graph":[{"@type":"WebPage","@id":"https:\/\/leathermed.pl\/e-sklep\/leather-colour-prep\/","url":"https:\/\/leathermed.pl\/e-sklep\/leather-colour-prep\/","name":"Leather Colour Prep - Entferner f\u00fcr Naturleder - Leathermed","isPartOf":{"@id":"https:\/\/leathermed.pl\/#website"},"primaryImageOfPage":{"@id":"https:\/\/leathermed.pl\/e-sklep\/leather-colour-prep\/#primaryimage"},"image":{"@id":"https:\/\/leathermed.pl\/e-sklep\/leather-colour-prep\/#primaryimage"},"thumbnailUrl":"https:\/\/leathermed.pl\/wp-content\/uploads\/2023\/10\/50ml-Leather-Colour-Prep-Zestaw_Easy-Resize.com_.png","datePublished":"2023-10-10T10:31:04+00:00","dateModified":"2023-12-06T11:14:25+00:00","breadcrumb":{"@id":"https:\/\/leathermed.pl\/e-sklep\/leather-colour-prep\/#breadcrumb"},"inLanguage":"de","potentialAction":[{"@type":"ReadAction","target":["https:\/\/leathermed.pl\/e-sklep\/leather-colour-prep\/"]}]},{"@type":"ImageObject","inLanguage":"de","@id":"https:\/\/leathermed.pl\/e-sklep\/leather-colour-prep\/#primaryimage","url":"https:\/\/leathermed.pl\/wp-content\/uploads\/2023\/10\/50ml-Leather-Colour-Prep-Zestaw_Easy-Resize.com_.png","contentUrl":"https:\/\/leathermed.pl\/wp-content\/uploads\/2023\/10\/50ml-Leather-Colour-Prep-Zestaw_Easy-Resize.com_.png","width":600,"height":600,"caption":"Leather Colour Prep"},{"@type":"BreadcrumbList","@id":"https:\/\/leathermed.pl\/e-sklep\/leather-colour-prep\/#breadcrumb","itemListElement":[{"@type":"ListItem","position":1,"name":"Strona g\u0142\u00f3wna","item":"https:\/\/leathermed.pl\/de\/"},{"@type":"ListItem","position":2,"name":"E-sklep","item":"https:\/\/leathermed.pl\/e-sklep\/"},{"@type":"ListItem","position":3,"name":"Leather Colour Prep &#8211; Entferner f\u00fcr Naturleder"}]},{"@type":"WebSite","@id":"https:\/\/leathermed.pl\/#website","url":"https:\/\/leathermed.pl\/","name":"Leathermed","description":"","publisher":{"@id":"https:\/\/leathermed.pl\/#organization"},"potentialAction":[{"@type":"SearchAction","target":{"@type":"EntryPoint","urlTemplate":"https:\/\/leathermed.pl\/?s={search_term_string}"},"query-input":{"@type":"PropertyValueSpecification","valueRequired":true,"valueName":"search_term_string"}}],"inLanguage":"de"},{"@type":"Organization","@id":"https:\/\/leathermed.pl\/#organization","name":"Leathermed","url":"https:\/\/leathermed.pl\/","logo":{"@type":"ImageObject","inLanguage":"de","@id":"https:\/\/leathermed.pl\/#\/schema\/logo\/image\/","url":"https:\/\/leathermed.pl\/wp-content\/uploads\/2023\/10\/Logo_Easy-Resize.com_.jpg","contentUrl":"https:\/\/leathermed.pl\/wp-content\/uploads\/2023\/10\/Logo_Easy-Resize.com_.jpg","width":787,"height":600,"caption":"Leathermed"},"image":{"@id":"https:\/\/leathermed.pl\/#\/schema\/logo\/image\/"},"sameAs":["https:\/\/www.facebook.com\/p\/Leathermed-61557229173629\/"]}]}},"_links":{"self":[{"href":"https:\/\/leathermed.pl\/de\/wp-json\/wp\/v2\/product\/119983","targetHints":{"allow":["GET"]}}],"collection":[{"href":"https:\/\/leathermed.pl\/de\/wp-json\/wp\/v2\/product"}],"about":[{"href":"https:\/\/leathermed.pl\/de\/wp-json\/wp\/v2\/types\/product"}],"wp:featuredmedia":[{"embeddable":true,"href":"https:\/\/leathermed.pl\/de\/wp-json\/wp\/v2\/media\/121696"}],"wp:attachment":[{"href":"https:\/\/leathermed.pl\/de\/wp-json\/wp\/v2\/media?parent=119983"}],"wp:term":[{"taxonomy":"product_brand","embeddable":true,"href":"https:\/\/leathermed.pl\/de\/wp-json\/wp\/v2\/product_brand?post=119983"},{"taxonomy":"product_cat","embeddable":true,"href":"https:\/\/leathermed.pl\/de\/wp-json\/wp\/v2\/product_cat?post=119983"},{"taxonomy":"product_tag","embeddable":true,"href":"https:\/\/leathermed.pl\/de\/wp-json\/wp\/v2\/product_tag?post=119983"}],"curies":[{"name":"wp","href":"https:\/\/api.w.org\/{rel}","templated":true}]}}