{"id":119975,"date":"2023-10-10T12:36:26","date_gmt":"2023-10-10T10:36:26","guid":{"rendered":"https:\/\/leathermed.pl\/sklep\/leather-stabilizer\/"},"modified":"2023-12-06T10:08:30","modified_gmt":"2023-12-06T09:08:30","slug":"leather-stabilizer","status":"publish","type":"product","link":"https:\/\/leathermed.pl\/de\/e-sklep\/leather-stabilizer\/","title":{"rendered":"Leather Stabilizer &#8211; Stabilisator f\u00fcr Leder und Kunstleder"},"content":{"rendered":"<h2>Leather Stabilizer \u2013 Stabilisator f\u00fcr Leder und Kunstleder<\/h2>\n<p><strong>Leather Stabilizer<\/strong> ist ein Mittel, das die Haftung von Farbe und Lack verbessert und sich ideal f\u00fcr die F\u00e4rbung von Leder und Kunstleder eignet. Die Eigenschaften des Produkts sorgen daf\u00fcr, dass die Oberfl\u00e4che nach Renovierung oder Reparatur deutlich st\u00e4rker und langlebiger ist.<\/p>\n<h3>Warum unser Produkt w\u00e4hlen?<\/h3>\n<ul>\n<li><strong><b>\ud83d\udc49<\/b>Universalit\u00e4t<\/strong> \u2013 Das Produkt eignet sich sowohl f\u00fcr den professionellen Einsatz als auch f\u00fcr private Kunden.<\/li>\n<li><strong><b>\ud83d\udc49<\/b>Wirksamkeit<\/strong> \u2013 F\u00fcr einen sehr langlebigen Renovationseffekt ist nur eine geringe Menge erforderlich.<\/li>\n<li><strong><b>\ud83d\udc49<\/b>Best\u00e4ndigkeit<\/strong> \u2013 Die Verwendung des Stabilisators erh\u00f6ht erheblich die Haltbarkeit der renovierten Oberfl\u00e4che.<\/li>\n<\/ul>\n<p>Leather Stabilizer eignet sich hervorragend zur Reparatur oder Renovierung von Autoleder, M\u00f6beln, Accessoires und Handtaschen.<\/p>\n<h3>Wie verwendet man den Leather Stabilizer? Es ist so einfach!<\/h3>\n<ol>\n<li>F\u00fcgen Sie 5% des Produkts zu Mitteln wie:<\/li>\n<\/ol>\n<ul>\n<li><strong>Leather Primer,<\/strong><\/li>\n<li><strong>Leather Top Finish<\/strong><\/li>\n<\/ul>\n<p>Die Produkte sind in unserem Shop erh\u00e4ltlich.<\/p>\n<ol>\n<li>Sie m\u00fcssen die entstandene Mischung innerhalb von maximal 3,5 Stunden verbrauchen!<\/li>\n<li>Tragen Sie es vor dem Lackieren auf das Leder auf und aktivieren Sie das Produkt durch Erw\u00e4rmen mit einem Haartrockner oder einer Hei\u00dfluftpistole.<\/li>\n<li>Reinigen Sie das Leder in den ersten 6 Tagen nach Abschluss der Renovierung nicht und setzen Sie es keiner Konversation aus.<\/li>\n<\/ol>\n","protected":false},"excerpt":{"rendered":"<h5>Leather Stabilizer \u2013 Stabilisator f\u00fcr Leder und Kunstleder<\/h5>\n<p class=\"western\">\n","protected":false},"featured_media":121684,"template":"","meta":{"_acf_changed":false},"product_brand":[],"product_cat":[325],"product_tag":[],"class_list":{"0":"post-119975","1":"product","2":"type-product","3":"status-publish","4":"has-post-thumbnail","6":"product_cat-renovierung-von-leder","8":"first","9":"instock","10":"taxable","11":"shipping-taxable","12":"purchasable","13":"product-type-variable","14":"has-default-attributes"},"acf":[],"yoast_head":"<!-- This site is optimized with the Yoast SEO plugin v23.6 - https:\/\/yoast.com\/wordpress\/plugins\/seo\/ -->\n<title>Leather Stabilizer - Stabilisator f\u00fcr Leder und Kunstleder - Leathermed<\/title>\n<meta name=\"robots\" content=\"index, follow, max-snippet:-1, max-image-preview:large, max-video-preview:-1\" \/>\n<link rel=\"canonical\" href=\"https:\/\/leathermed.pl\/e-sklep\/leather-stabilizer-utrwalacz-do-skory\/\" \/>\n<meta property=\"og:locale\" content=\"de_DE\" \/>\n<meta property=\"og:type\" content=\"article\" \/>\n<meta property=\"og:title\" content=\"Leather Stabilizer - Stabilisator f\u00fcr Leder und Kunstleder - Leathermed\" \/>\n<meta property=\"og:description\" content=\"Leather Stabilizer \u2013 Stabilisator f\u00fcr Leder und Kunstleder\" \/>\n<meta property=\"og:url\" content=\"https:\/\/leathermed.pl\/e-sklep\/leather-stabilizer-utrwalacz-do-skory\/\" \/>\n<meta property=\"og:site_name\" content=\"Leathermed\" \/>\n<meta property=\"article:publisher\" content=\"https:\/\/www.facebook.com\/p\/Leathermed-61557229173629\/\" \/>\n<meta property=\"article:modified_time\" content=\"2023-12-06T09:08:30+00:00\" \/>\n<meta property=\"og:image\" content=\"https:\/\/leathermed.pl\/wp-content\/uploads\/2023\/10\/50ml-Leather-Stabilizer-Zestaw_Easy-Resize.com_.png\" \/>\n\t<meta property=\"og:image:width\" content=\"600\" \/>\n\t<meta property=\"og:image:height\" content=\"600\" \/>\n\t<meta property=\"og:image:type\" content=\"image\/png\" \/>\n<meta name=\"twitter:card\" content=\"summary_large_image\" \/>\n<meta name=\"twitter:label1\" content=\"Gesch\u00e4tzte Lesezeit\" \/>\n\t<meta name=\"twitter:data1\" content=\"1\u00a0Minute\" \/>\n<script type=\"application\/ld+json\" class=\"yoast-schema-graph\">{\"@context\":\"https:\/\/schema.org\",\"@graph\":[{\"@type\":\"WebPage\",\"@id\":\"https:\/\/leathermed.pl\/e-sklep\/leather-stabilizer-utrwalacz-do-skory\/\",\"url\":\"https:\/\/leathermed.pl\/e-sklep\/leather-stabilizer-utrwalacz-do-skory\/\",\"name\":\"Leather Stabilizer - Stabilisator f\u00fcr Leder und Kunstleder - Leathermed\",\"isPartOf\":{\"@id\":\"https:\/\/leathermed.pl\/#website\"},\"primaryImageOfPage\":{\"@id\":\"https:\/\/leathermed.pl\/e-sklep\/leather-stabilizer-utrwalacz-do-skory\/#primaryimage\"},\"image\":{\"@id\":\"https:\/\/leathermed.pl\/e-sklep\/leather-stabilizer-utrwalacz-do-skory\/#primaryimage\"},\"thumbnailUrl\":\"https:\/\/leathermed.pl\/wp-content\/uploads\/2023\/10\/50ml-Leather-Stabilizer-Zestaw_Easy-Resize.com_.png\",\"datePublished\":\"2023-10-10T10:36:26+00:00\",\"dateModified\":\"2023-12-06T09:08:30+00:00\",\"breadcrumb\":{\"@id\":\"https:\/\/leathermed.pl\/e-sklep\/leather-stabilizer-utrwalacz-do-skory\/#breadcrumb\"},\"inLanguage\":\"de\",\"potentialAction\":[{\"@type\":\"ReadAction\",\"target\":[\"https:\/\/leathermed.pl\/e-sklep\/leather-stabilizer-utrwalacz-do-skory\/\"]}]},{\"@type\":\"ImageObject\",\"inLanguage\":\"de\",\"@id\":\"https:\/\/leathermed.pl\/e-sklep\/leather-stabilizer-utrwalacz-do-skory\/#primaryimage\",\"url\":\"https:\/\/leathermed.pl\/wp-content\/uploads\/2023\/10\/50ml-Leather-Stabilizer-Zestaw_Easy-Resize.com_.png\",\"contentUrl\":\"https:\/\/leathermed.pl\/wp-content\/uploads\/2023\/10\/50ml-Leather-Stabilizer-Zestaw_Easy-Resize.com_.png\",\"width\":600,\"height\":600,\"caption\":\"Leather Stabilizer - Utrwalacz do sk\u00f3ry\"},{\"@type\":\"BreadcrumbList\",\"@id\":\"https:\/\/leathermed.pl\/e-sklep\/leather-stabilizer-utrwalacz-do-skory\/#breadcrumb\",\"itemListElement\":[{\"@type\":\"ListItem\",\"position\":1,\"name\":\"Strona g\u0142\u00f3wna\",\"item\":\"https:\/\/leathermed.pl\/de\/\"},{\"@type\":\"ListItem\",\"position\":2,\"name\":\"E-sklep\",\"item\":\"https:\/\/leathermed.pl\/e-sklep\/\"},{\"@type\":\"ListItem\",\"position\":3,\"name\":\"Leather Stabilizer &#8211; Stabilisator f\u00fcr Leder und Kunstleder\"}]},{\"@type\":\"WebSite\",\"@id\":\"https:\/\/leathermed.pl\/#website\",\"url\":\"https:\/\/leathermed.pl\/\",\"name\":\"Leathermed\",\"description\":\"\",\"publisher\":{\"@id\":\"https:\/\/leathermed.pl\/#organization\"},\"potentialAction\":[{\"@type\":\"SearchAction\",\"target\":{\"@type\":\"EntryPoint\",\"urlTemplate\":\"https:\/\/leathermed.pl\/?s={search_term_string}\"},\"query-input\":{\"@type\":\"PropertyValueSpecification\",\"valueRequired\":true,\"valueName\":\"search_term_string\"}}],\"inLanguage\":\"de\"},{\"@type\":\"Organization\",\"@id\":\"https:\/\/leathermed.pl\/#organization\",\"name\":\"Leathermed\",\"url\":\"https:\/\/leathermed.pl\/\",\"logo\":{\"@type\":\"ImageObject\",\"inLanguage\":\"de\",\"@id\":\"https:\/\/leathermed.pl\/#\/schema\/logo\/image\/\",\"url\":\"https:\/\/leathermed.pl\/wp-content\/uploads\/2023\/10\/Logo_Easy-Resize.com_.jpg\",\"contentUrl\":\"https:\/\/leathermed.pl\/wp-content\/uploads\/2023\/10\/Logo_Easy-Resize.com_.jpg\",\"width\":787,\"height\":600,\"caption\":\"Leathermed\"},\"image\":{\"@id\":\"https:\/\/leathermed.pl\/#\/schema\/logo\/image\/\"},\"sameAs\":[\"https:\/\/www.facebook.com\/p\/Leathermed-61557229173629\/\"]}]}<\/script>\n<!-- \/ Yoast SEO plugin. -->","yoast_head_json":{"title":"Leather Stabilizer - Stabilisator f\u00fcr Leder und Kunstleder - Leathermed","robots":{"index":"index","follow":"follow","max-snippet":"max-snippet:-1","max-image-preview":"max-image-preview:large","max-video-preview":"max-video-preview:-1"},"canonical":"https:\/\/leathermed.pl\/e-sklep\/leather-stabilizer-utrwalacz-do-skory\/","og_locale":"de_DE","og_type":"article","og_title":"Leather Stabilizer - Stabilisator f\u00fcr Leder und Kunstleder - Leathermed","og_description":"Leather Stabilizer \u2013 Stabilisator f\u00fcr Leder und Kunstleder","og_url":"https:\/\/leathermed.pl\/e-sklep\/leather-stabilizer-utrwalacz-do-skory\/","og_site_name":"Leathermed","article_publisher":"https:\/\/www.facebook.com\/p\/Leathermed-61557229173629\/","article_modified_time":"2023-12-06T09:08:30+00:00","og_image":[{"width":600,"height":600,"url":"https:\/\/leathermed.pl\/wp-content\/uploads\/2023\/10\/50ml-Leather-Stabilizer-Zestaw_Easy-Resize.com_.png","type":"image\/png"}],"twitter_card":"summary_large_image","twitter_misc":{"Gesch\u00e4tzte Lesezeit":"1\u00a0Minute"},"schema":{"@context":"https:\/\/schema.org","@graph":[{"@type":"WebPage","@id":"https:\/\/leathermed.pl\/e-sklep\/leather-stabilizer-utrwalacz-do-skory\/","url":"https:\/\/leathermed.pl\/e-sklep\/leather-stabilizer-utrwalacz-do-skory\/","name":"Leather Stabilizer - Stabilisator f\u00fcr Leder und Kunstleder - Leathermed","isPartOf":{"@id":"https:\/\/leathermed.pl\/#website"},"primaryImageOfPage":{"@id":"https:\/\/leathermed.pl\/e-sklep\/leather-stabilizer-utrwalacz-do-skory\/#primaryimage"},"image":{"@id":"https:\/\/leathermed.pl\/e-sklep\/leather-stabilizer-utrwalacz-do-skory\/#primaryimage"},"thumbnailUrl":"https:\/\/leathermed.pl\/wp-content\/uploads\/2023\/10\/50ml-Leather-Stabilizer-Zestaw_Easy-Resize.com_.png","datePublished":"2023-10-10T10:36:26+00:00","dateModified":"2023-12-06T09:08:30+00:00","breadcrumb":{"@id":"https:\/\/leathermed.pl\/e-sklep\/leather-stabilizer-utrwalacz-do-skory\/#breadcrumb"},"inLanguage":"de","potentialAction":[{"@type":"ReadAction","target":["https:\/\/leathermed.pl\/e-sklep\/leather-stabilizer-utrwalacz-do-skory\/"]}]},{"@type":"ImageObject","inLanguage":"de","@id":"https:\/\/leathermed.pl\/e-sklep\/leather-stabilizer-utrwalacz-do-skory\/#primaryimage","url":"https:\/\/leathermed.pl\/wp-content\/uploads\/2023\/10\/50ml-Leather-Stabilizer-Zestaw_Easy-Resize.com_.png","contentUrl":"https:\/\/leathermed.pl\/wp-content\/uploads\/2023\/10\/50ml-Leather-Stabilizer-Zestaw_Easy-Resize.com_.png","width":600,"height":600,"caption":"Leather Stabilizer - Utrwalacz do sk\u00f3ry"},{"@type":"BreadcrumbList","@id":"https:\/\/leathermed.pl\/e-sklep\/leather-stabilizer-utrwalacz-do-skory\/#breadcrumb","itemListElement":[{"@type":"ListItem","position":1,"name":"Strona g\u0142\u00f3wna","item":"https:\/\/leathermed.pl\/de\/"},{"@type":"ListItem","position":2,"name":"E-sklep","item":"https:\/\/leathermed.pl\/e-sklep\/"},{"@type":"ListItem","position":3,"name":"Leather Stabilizer &#8211; Stabilisator f\u00fcr Leder und Kunstleder"}]},{"@type":"WebSite","@id":"https:\/\/leathermed.pl\/#website","url":"https:\/\/leathermed.pl\/","name":"Leathermed","description":"","publisher":{"@id":"https:\/\/leathermed.pl\/#organization"},"potentialAction":[{"@type":"SearchAction","target":{"@type":"EntryPoint","urlTemplate":"https:\/\/leathermed.pl\/?s={search_term_string}"},"query-input":{"@type":"PropertyValueSpecification","valueRequired":true,"valueName":"search_term_string"}}],"inLanguage":"de"},{"@type":"Organization","@id":"https:\/\/leathermed.pl\/#organization","name":"Leathermed","url":"https:\/\/leathermed.pl\/","logo":{"@type":"ImageObject","inLanguage":"de","@id":"https:\/\/leathermed.pl\/#\/schema\/logo\/image\/","url":"https:\/\/leathermed.pl\/wp-content\/uploads\/2023\/10\/Logo_Easy-Resize.com_.jpg","contentUrl":"https:\/\/leathermed.pl\/wp-content\/uploads\/2023\/10\/Logo_Easy-Resize.com_.jpg","width":787,"height":600,"caption":"Leathermed"},"image":{"@id":"https:\/\/leathermed.pl\/#\/schema\/logo\/image\/"},"sameAs":["https:\/\/www.facebook.com\/p\/Leathermed-61557229173629\/"]}]}},"_links":{"self":[{"href":"https:\/\/leathermed.pl\/de\/wp-json\/wp\/v2\/product\/119975","targetHints":{"allow":["GET"]}}],"collection":[{"href":"https:\/\/leathermed.pl\/de\/wp-json\/wp\/v2\/product"}],"about":[{"href":"https:\/\/leathermed.pl\/de\/wp-json\/wp\/v2\/types\/product"}],"wp:featuredmedia":[{"embeddable":true,"href":"https:\/\/leathermed.pl\/de\/wp-json\/wp\/v2\/media\/121684"}],"wp:attachment":[{"href":"https:\/\/leathermed.pl\/de\/wp-json\/wp\/v2\/media?parent=119975"}],"wp:term":[{"taxonomy":"product_brand","embeddable":true,"href":"https:\/\/leathermed.pl\/de\/wp-json\/wp\/v2\/product_brand?post=119975"},{"taxonomy":"product_cat","embeddable":true,"href":"https:\/\/leathermed.pl\/de\/wp-json\/wp\/v2\/product_cat?post=119975"},{"taxonomy":"product_tag","embeddable":true,"href":"https:\/\/leathermed.pl\/de\/wp-json\/wp\/v2\/product_tag?post=119975"}],"curies":[{"name":"wp","href":"https:\/\/api.w.org\/{rel}","templated":true}]}}