{"id":119968,"date":"2023-10-10T12:41:17","date_gmt":"2023-10-10T10:41:17","guid":{"rendered":"https:\/\/leathermed.pl\/sklep\/leather-flexible-filler\/"},"modified":"2023-12-01T22:34:58","modified_gmt":"2023-12-01T21:34:58","slug":"leather-flexible-filler","status":"publish","type":"product","link":"https:\/\/leathermed.pl\/de\/e-sklep\/leather-flexible-filler\/","title":{"rendered":"Leather Flexible Filler \u2013 Fl\u00fcssiges Leder"},"content":{"rendered":"<h2>Leather Flexible Filler \u2013 Fl\u00fcssiges Leder<\/h2>\n<p><strong>Leather Flexible Filler<\/strong> ist eine sehr flexible Paste, die sich ideal zum Auff\u00fcllen von Lederdefekten eignet, die an stark beanspruchten Stellen auftreten.<\/p>\n<p>Dieses Produkt ist perfekt geeignet, um flache Defekte wie Kratzer, Absch\u00fcrfungen, leichte Falten und Risse zu f\u00fcllen, die oft auf gr\u00f6\u00dferen Lederoberfl\u00e4chen auftreten.<\/p>\n<h3>Warum unser Produkt w\u00e4hlen?<\/h3>\n<ul>\n<li><strong><b>\ud83d\udc49<\/b>Universalit\u00e4t<\/strong> \u2013 ideal f\u00fcr jede Lederfarbe, da die Paste nach dem Trocknen farblos wird<\/li>\n<li><strong><b>\ud83d\udc49<\/b>Best\u00e4ndigkeit<\/strong> \u2013 Mit der fl\u00fcssigen Haut gef\u00fcllte Defekte brechen niemals<\/li>\n<li><strong><b>\ud83d\udc49<\/b>Elastische Formel<\/strong> &#8211; Perfekte F\u00fcllung der reparierten Oberfl\u00e4che<\/li>\n<\/ul>\n<h3>Leather Flexible Filler eignet sich f\u00fcr die Renovierung verschiedener Lederarten:<\/h3>\n<ul>\n<li>lederner Autositze<\/li>\n<li>M\u00f6bel aus Leder<\/li>\n<li>Lederwaren oder Ledertaschen<\/li>\n<\/ul>\n<h3 class=\"western\"><strong>Wie verwendet man Leather Flexible Filler? Es ist ganz einfach!<\/strong><\/h3>\n<ol>\n<li>Bevor Sie die Leather Flexible Filler-Paste auftragen, reinigen Sie die Oberfl\u00e4che sorgf\u00e4ltig mit Produkten wie Leather Pro Cleaner oder Leather Foam Cleaner. Diese Produkte sind in unserem Shop erh\u00e4ltlich.<\/li>\n<li>Entfetten Sie die zu reparierende Oberfl\u00e4che mit Leather Grease Remover.<\/li>\n<li>Tragen Sie die Leather Flexible Filler Paste auf die trockene Haut mit einem Spachtel oder Applikator auf. Warten Sie, bis das Produkt getrocknet ist, oder trocknen Sie es gr\u00fcndlich mit einem Haartrockner. Die fl\u00fcssige Haut kann beim Trocknen schrumpfen, daher sollten Defekte schrittweise durch Auftragen weiterer Produktschichten gef\u00fcllt werden. Denken Sie daran, dass jede aufgetragene Produktschicht vor dem Auftragen einer weiteren vollst\u00e4ndig getrocknet sein muss.<\/li>\n<li>Nach dem gr\u00fcndlichen Trocknen des Produkts k\u00f6nnen Sie die Haut vorsichtig mit Nassschleifpapier schleifen, um eine perfekte Oberfl\u00e4che zu erhalten.<\/li>\n<li>Nach Abschluss des F\u00fcllvorgangs von Defekten und gr\u00fcndlichem Trocknen des F\u00fcllmittels malen Sie das Leder mit der Leather Pro Colourant-Farbe. Nach dem Malen sch\u00fctzen Sie die Farbe mit dem Leather Top Finish Lack &#8211; dies gew\u00e4hrleistet eine lang anhaltende Haltbarkeit der Ergebnisse.<\/li>\n<\/ol>\n<p><\/body><\/p>\n<p><\/html><\/p>\n","protected":false},"excerpt":{"rendered":"<p class=\"western\"><span style=\"color: #00000a;\"><span style=\"font-family: Times New Roman, serif;\"><span style=\"font-size: large;\">Leather Flexible Filler ist eine \u00e4u\u00dferst flexible Paste, die sich ideal zur Ausbesserung von Leder in stark beanspruchten Bereichen eignet<\/span><\/span><\/span><\/p>\n","protected":false},"featured_media":121672,"template":"","meta":{"_acf_changed":false},"product_brand":[],"product_cat":[325],"product_tag":[],"class_list":{"0":"post-119968","1":"product","2":"type-product","3":"status-publish","4":"has-post-thumbnail","6":"product_cat-renovierung-von-leder","8":"first","9":"instock","10":"taxable","11":"shipping-taxable","12":"purchasable","13":"product-type-variable","14":"has-default-attributes"},"acf":[],"yoast_head":"<!-- This site is optimized with the Yoast SEO plugin v23.6 - https:\/\/yoast.com\/wordpress\/plugins\/seo\/ -->\n<title>Leather Flexible Filler \u2013 Fl\u00fcssiges Leder - Leathermed<\/title>\n<meta name=\"robots\" content=\"index, follow, max-snippet:-1, max-image-preview:large, max-video-preview:-1\" \/>\n<link rel=\"canonical\" href=\"https:\/\/leathermed.pl\/e-sklep\/flexible-filler-plynna-skora\/\" \/>\n<meta property=\"og:locale\" content=\"de_DE\" \/>\n<meta property=\"og:type\" content=\"article\" \/>\n<meta property=\"og:title\" content=\"Leather Flexible Filler \u2013 Fl\u00fcssiges Leder - Leathermed\" \/>\n<meta property=\"og:description\" content=\"Leather Flexible Filler ist eine \u00e4u\u00dferst flexible Paste, die sich ideal zur Ausbesserung von Leder in stark beanspruchten Bereichen eignet\" \/>\n<meta property=\"og:url\" content=\"https:\/\/leathermed.pl\/e-sklep\/flexible-filler-plynna-skora\/\" \/>\n<meta property=\"og:site_name\" content=\"Leathermed\" \/>\n<meta property=\"article:publisher\" content=\"https:\/\/www.facebook.com\/p\/Leathermed-61557229173629\/\" \/>\n<meta property=\"article:modified_time\" content=\"2023-12-01T21:34:58+00:00\" \/>\n<meta property=\"og:image\" content=\"https:\/\/leathermed.pl\/wp-content\/uploads\/2023\/10\/25ml-Leather-Flexible-Filler-Zestaw_Easy-Resize.com_.png\" \/>\n\t<meta property=\"og:image:width\" content=\"600\" \/>\n\t<meta property=\"og:image:height\" content=\"600\" \/>\n\t<meta property=\"og:image:type\" content=\"image\/png\" \/>\n<meta name=\"twitter:card\" content=\"summary_large_image\" \/>\n<meta name=\"twitter:label1\" content=\"Gesch\u00e4tzte Lesezeit\" \/>\n\t<meta name=\"twitter:data1\" content=\"2\u00a0Minuten\" \/>\n<script type=\"application\/ld+json\" class=\"yoast-schema-graph\">{\"@context\":\"https:\/\/schema.org\",\"@graph\":[{\"@type\":\"WebPage\",\"@id\":\"https:\/\/leathermed.pl\/e-sklep\/flexible-filler-plynna-skora\/\",\"url\":\"https:\/\/leathermed.pl\/e-sklep\/flexible-filler-plynna-skora\/\",\"name\":\"Leather Flexible Filler \u2013 Fl\u00fcssiges Leder - Leathermed\",\"isPartOf\":{\"@id\":\"https:\/\/leathermed.pl\/#website\"},\"primaryImageOfPage\":{\"@id\":\"https:\/\/leathermed.pl\/e-sklep\/flexible-filler-plynna-skora\/#primaryimage\"},\"image\":{\"@id\":\"https:\/\/leathermed.pl\/e-sklep\/flexible-filler-plynna-skora\/#primaryimage\"},\"thumbnailUrl\":\"https:\/\/leathermed.pl\/wp-content\/uploads\/2023\/10\/25ml-Leather-Flexible-Filler-Zestaw_Easy-Resize.com_.png\",\"datePublished\":\"2023-10-10T10:41:17+00:00\",\"dateModified\":\"2023-12-01T21:34:58+00:00\",\"breadcrumb\":{\"@id\":\"https:\/\/leathermed.pl\/e-sklep\/flexible-filler-plynna-skora\/#breadcrumb\"},\"inLanguage\":\"de\",\"potentialAction\":[{\"@type\":\"ReadAction\",\"target\":[\"https:\/\/leathermed.pl\/e-sklep\/flexible-filler-plynna-skora\/\"]}]},{\"@type\":\"ImageObject\",\"inLanguage\":\"de\",\"@id\":\"https:\/\/leathermed.pl\/e-sklep\/flexible-filler-plynna-skora\/#primaryimage\",\"url\":\"https:\/\/leathermed.pl\/wp-content\/uploads\/2023\/10\/25ml-Leather-Flexible-Filler-Zestaw_Easy-Resize.com_.png\",\"contentUrl\":\"https:\/\/leathermed.pl\/wp-content\/uploads\/2023\/10\/25ml-Leather-Flexible-Filler-Zestaw_Easy-Resize.com_.png\",\"width\":600,\"height\":600,\"caption\":\"Leather Flexible Filler\"},{\"@type\":\"BreadcrumbList\",\"@id\":\"https:\/\/leathermed.pl\/e-sklep\/flexible-filler-plynna-skora\/#breadcrumb\",\"itemListElement\":[{\"@type\":\"ListItem\",\"position\":1,\"name\":\"Strona g\u0142\u00f3wna\",\"item\":\"https:\/\/leathermed.pl\/de\/\"},{\"@type\":\"ListItem\",\"position\":2,\"name\":\"E-sklep\",\"item\":\"https:\/\/leathermed.pl\/e-sklep\/\"},{\"@type\":\"ListItem\",\"position\":3,\"name\":\"Leather Flexible Filler \u2013 Fl\u00fcssiges Leder\"}]},{\"@type\":\"WebSite\",\"@id\":\"https:\/\/leathermed.pl\/#website\",\"url\":\"https:\/\/leathermed.pl\/\",\"name\":\"Leathermed\",\"description\":\"\",\"publisher\":{\"@id\":\"https:\/\/leathermed.pl\/#organization\"},\"potentialAction\":[{\"@type\":\"SearchAction\",\"target\":{\"@type\":\"EntryPoint\",\"urlTemplate\":\"https:\/\/leathermed.pl\/?s={search_term_string}\"},\"query-input\":{\"@type\":\"PropertyValueSpecification\",\"valueRequired\":true,\"valueName\":\"search_term_string\"}}],\"inLanguage\":\"de\"},{\"@type\":\"Organization\",\"@id\":\"https:\/\/leathermed.pl\/#organization\",\"name\":\"Leathermed\",\"url\":\"https:\/\/leathermed.pl\/\",\"logo\":{\"@type\":\"ImageObject\",\"inLanguage\":\"de\",\"@id\":\"https:\/\/leathermed.pl\/#\/schema\/logo\/image\/\",\"url\":\"https:\/\/leathermed.pl\/wp-content\/uploads\/2023\/10\/Logo_Easy-Resize.com_.jpg\",\"contentUrl\":\"https:\/\/leathermed.pl\/wp-content\/uploads\/2023\/10\/Logo_Easy-Resize.com_.jpg\",\"width\":787,\"height\":600,\"caption\":\"Leathermed\"},\"image\":{\"@id\":\"https:\/\/leathermed.pl\/#\/schema\/logo\/image\/\"},\"sameAs\":[\"https:\/\/www.facebook.com\/p\/Leathermed-61557229173629\/\"]}]}<\/script>\n<!-- \/ Yoast SEO plugin. -->","yoast_head_json":{"title":"Leather Flexible Filler \u2013 Fl\u00fcssiges Leder - Leathermed","robots":{"index":"index","follow":"follow","max-snippet":"max-snippet:-1","max-image-preview":"max-image-preview:large","max-video-preview":"max-video-preview:-1"},"canonical":"https:\/\/leathermed.pl\/e-sklep\/flexible-filler-plynna-skora\/","og_locale":"de_DE","og_type":"article","og_title":"Leather Flexible Filler \u2013 Fl\u00fcssiges Leder - Leathermed","og_description":"Leather Flexible Filler ist eine \u00e4u\u00dferst flexible Paste, die sich ideal zur Ausbesserung von Leder in stark beanspruchten Bereichen eignet","og_url":"https:\/\/leathermed.pl\/e-sklep\/flexible-filler-plynna-skora\/","og_site_name":"Leathermed","article_publisher":"https:\/\/www.facebook.com\/p\/Leathermed-61557229173629\/","article_modified_time":"2023-12-01T21:34:58+00:00","og_image":[{"width":600,"height":600,"url":"https:\/\/leathermed.pl\/wp-content\/uploads\/2023\/10\/25ml-Leather-Flexible-Filler-Zestaw_Easy-Resize.com_.png","type":"image\/png"}],"twitter_card":"summary_large_image","twitter_misc":{"Gesch\u00e4tzte Lesezeit":"2\u00a0Minuten"},"schema":{"@context":"https:\/\/schema.org","@graph":[{"@type":"WebPage","@id":"https:\/\/leathermed.pl\/e-sklep\/flexible-filler-plynna-skora\/","url":"https:\/\/leathermed.pl\/e-sklep\/flexible-filler-plynna-skora\/","name":"Leather Flexible Filler \u2013 Fl\u00fcssiges Leder - Leathermed","isPartOf":{"@id":"https:\/\/leathermed.pl\/#website"},"primaryImageOfPage":{"@id":"https:\/\/leathermed.pl\/e-sklep\/flexible-filler-plynna-skora\/#primaryimage"},"image":{"@id":"https:\/\/leathermed.pl\/e-sklep\/flexible-filler-plynna-skora\/#primaryimage"},"thumbnailUrl":"https:\/\/leathermed.pl\/wp-content\/uploads\/2023\/10\/25ml-Leather-Flexible-Filler-Zestaw_Easy-Resize.com_.png","datePublished":"2023-10-10T10:41:17+00:00","dateModified":"2023-12-01T21:34:58+00:00","breadcrumb":{"@id":"https:\/\/leathermed.pl\/e-sklep\/flexible-filler-plynna-skora\/#breadcrumb"},"inLanguage":"de","potentialAction":[{"@type":"ReadAction","target":["https:\/\/leathermed.pl\/e-sklep\/flexible-filler-plynna-skora\/"]}]},{"@type":"ImageObject","inLanguage":"de","@id":"https:\/\/leathermed.pl\/e-sklep\/flexible-filler-plynna-skora\/#primaryimage","url":"https:\/\/leathermed.pl\/wp-content\/uploads\/2023\/10\/25ml-Leather-Flexible-Filler-Zestaw_Easy-Resize.com_.png","contentUrl":"https:\/\/leathermed.pl\/wp-content\/uploads\/2023\/10\/25ml-Leather-Flexible-Filler-Zestaw_Easy-Resize.com_.png","width":600,"height":600,"caption":"Leather Flexible Filler"},{"@type":"BreadcrumbList","@id":"https:\/\/leathermed.pl\/e-sklep\/flexible-filler-plynna-skora\/#breadcrumb","itemListElement":[{"@type":"ListItem","position":1,"name":"Strona g\u0142\u00f3wna","item":"https:\/\/leathermed.pl\/de\/"},{"@type":"ListItem","position":2,"name":"E-sklep","item":"https:\/\/leathermed.pl\/e-sklep\/"},{"@type":"ListItem","position":3,"name":"Leather Flexible Filler \u2013 Fl\u00fcssiges Leder"}]},{"@type":"WebSite","@id":"https:\/\/leathermed.pl\/#website","url":"https:\/\/leathermed.pl\/","name":"Leathermed","description":"","publisher":{"@id":"https:\/\/leathermed.pl\/#organization"},"potentialAction":[{"@type":"SearchAction","target":{"@type":"EntryPoint","urlTemplate":"https:\/\/leathermed.pl\/?s={search_term_string}"},"query-input":{"@type":"PropertyValueSpecification","valueRequired":true,"valueName":"search_term_string"}}],"inLanguage":"de"},{"@type":"Organization","@id":"https:\/\/leathermed.pl\/#organization","name":"Leathermed","url":"https:\/\/leathermed.pl\/","logo":{"@type":"ImageObject","inLanguage":"de","@id":"https:\/\/leathermed.pl\/#\/schema\/logo\/image\/","url":"https:\/\/leathermed.pl\/wp-content\/uploads\/2023\/10\/Logo_Easy-Resize.com_.jpg","contentUrl":"https:\/\/leathermed.pl\/wp-content\/uploads\/2023\/10\/Logo_Easy-Resize.com_.jpg","width":787,"height":600,"caption":"Leathermed"},"image":{"@id":"https:\/\/leathermed.pl\/#\/schema\/logo\/image\/"},"sameAs":["https:\/\/www.facebook.com\/p\/Leathermed-61557229173629\/"]}]}},"_links":{"self":[{"href":"https:\/\/leathermed.pl\/de\/wp-json\/wp\/v2\/product\/119968","targetHints":{"allow":["GET"]}}],"collection":[{"href":"https:\/\/leathermed.pl\/de\/wp-json\/wp\/v2\/product"}],"about":[{"href":"https:\/\/leathermed.pl\/de\/wp-json\/wp\/v2\/types\/product"}],"wp:featuredmedia":[{"embeddable":true,"href":"https:\/\/leathermed.pl\/de\/wp-json\/wp\/v2\/media\/121672"}],"wp:attachment":[{"href":"https:\/\/leathermed.pl\/de\/wp-json\/wp\/v2\/media?parent=119968"}],"wp:term":[{"taxonomy":"product_brand","embeddable":true,"href":"https:\/\/leathermed.pl\/de\/wp-json\/wp\/v2\/product_brand?post=119968"},{"taxonomy":"product_cat","embeddable":true,"href":"https:\/\/leathermed.pl\/de\/wp-json\/wp\/v2\/product_cat?post=119968"},{"taxonomy":"product_tag","embeddable":true,"href":"https:\/\/leathermed.pl\/de\/wp-json\/wp\/v2\/product_tag?post=119968"}],"curies":[{"name":"wp","href":"https:\/\/api.w.org\/{rel}","templated":true}]}}