{"id":119951,"date":"2023-10-10T12:59:44","date_gmt":"2023-10-10T10:59:44","guid":{"rendered":"https:\/\/leathermed.pl\/sklep\/leather-spot-remover\/"},"modified":"2023-12-01T22:12:35","modified_gmt":"2023-12-01T21:12:35","slug":"leather-spot-remover","status":"publish","type":"product","link":"https:\/\/leathermed.pl\/de\/e-sklep\/leather-spot-remover\/","title":{"rendered":"Leather Spot Remover &#8211; Fleckenentferner f\u00fcr Leder"},"content":{"rendered":"<h2 class=\"western\" align=\"justify\"><span style=\"color: #00000a;\"><span lang=\"en-US\">Leather Spot Remover \u2013 Lederfleckentferner.<\/span><\/span><\/h2>\n<p><strong>Leather Spot Remover<\/strong> ist ein Produkt zur Entfernung von Flecken durch Farben, Lacke, S\u00e4fte, Kleidung, Jeans oder Kissen.<\/p>\n<p>Das Produkt eignet sich gut als sogenannte Erste Hilfe f\u00fcr gut gesch\u00fctzte Leder, wenn entstandene Flecken noch nicht in die Lederstruktur eingedrungen sind.<\/p>\n<h3 class=\"western\" align=\"justify\"><span style=\"font-size: medium;\">Warum sollten Sie unser Produkt w\u00e4hlen?<\/span><\/h3>\n<ul>\n<li><strong><b>\ud83d\udc49<\/b>Universalit\u00e4t<\/strong> \u2013 Ein Produkt zur Entfernung von Flecken auf Autoleder, M\u00f6beln, Accessoires oder Handtaschen<\/li>\n<li><strong><b>\ud83d\udc49<\/b>Geruch<\/strong> \u2013 Angenehmer, nicht reizender Geruch, der die Arbeit in geschlossenen, bel\u00fcfteten R\u00e4umen erm\u00f6glicht<\/li>\n<li><strong><b>\ud83d\udc49<\/b>Wirksamkeit<\/strong> \u2013 Entfernt Flecken auf gut gesch\u00fctzten Lederoberfl\u00e4chen, wenn entstandene Flecken noch nicht in die Lederstruktur eingedrungen sind<\/li>\n<\/ul>\n<h3 class=\"western\" align=\"justify\"><span style=\"font-size: medium;\">Wie verwenden Sie den Leather Spot Remover? Es ist ganz einfach!<\/span><\/h3>\n<p><strong>Tragen Sie den Fleckentferner nicht direkt auf das Leder auf.<\/strong><\/p>\n<p><strong>Testen Sie das Produkt vor Gebrauch an einer wenig sichtbaren Stelle.<\/strong><\/p>\n<p><strong>SCHRITT 1<\/strong><\/p>\n<ul>\n<li>Befeuchten Sie ein Baumwolltuch oder einen Wattebausch und wischen Sie vorsichtig \u00fcber den Fleck, um ihn aus dem Leder zu entfernen.<\/li>\n<li>Reiben Sie nicht zu fest, um den klaren Lack nicht zu besch\u00e4digen.<\/li>\n<\/ul>\n<p><strong>SCHRITT 2<\/strong><\/p>\n<p>Lassen Sie die Oberfl\u00e4che vollst\u00e4ndig trocknen.<\/p>\n<p><strong>SCHRITT 3<\/strong><\/p>\n<p>Wechseln Sie bei Bedarf zu einem sauberen Wattebausch oder Baumwolltuch und wiederholen Sie den Vorgang.<\/p>\n<p>Nach dem Entfernen des Flecks sch\u00fctzen Sie das Leder, indem Sie den Schutzcreme <strong>Leather Care Balm<\/strong> auftragen.<\/p>\n<p>&nbsp;<\/p>\n<p><strong>Verwenden Sie das Produkt nur f\u00fcr nat\u00fcrliches Leder.<\/strong><\/p>\n<p><strong>Nicht auf Wildleder, Nubukleder und zweifarbigen Ledern anwenden.<\/strong><\/p>\n<p>&nbsp;<\/p>\n","protected":false},"excerpt":{"rendered":"<p class=\"western\" align=\"justify\"><span style=\"color: #00000a;\"><span lang=\"en-US\">Leather Spot Remover &#8211; Produkt zur Entfernung von Flecken von Lederoberfl\u00e4chen.<br \/>\n<\/span><\/span><\/p>\n","protected":false},"featured_media":121648,"template":"","meta":{"_acf_changed":false},"product_brand":[],"product_cat":[325],"product_tag":[],"class_list":{"0":"post-119951","1":"product","2":"type-product","3":"status-publish","4":"has-post-thumbnail","6":"product_cat-renovierung-von-leder","8":"first","9":"instock","10":"taxable","11":"shipping-taxable","12":"purchasable","13":"product-type-variable","14":"has-default-attributes"},"acf":[],"yoast_head":"<!-- This site is optimized with the Yoast SEO plugin v23.6 - https:\/\/yoast.com\/wordpress\/plugins\/seo\/ -->\n<title>Leather Spot Remover - Fleckenentferner f\u00fcr Leder - Leathermed<\/title>\n<meta name=\"robots\" content=\"index, follow, max-snippet:-1, max-image-preview:large, max-video-preview:-1\" \/>\n<link rel=\"canonical\" href=\"https:\/\/leathermed.pl\/e-sklep\/leather-spot-remover\/\" \/>\n<meta property=\"og:locale\" content=\"de_DE\" \/>\n<meta property=\"og:type\" content=\"article\" \/>\n<meta property=\"og:title\" content=\"Leather Spot Remover - Fleckenentferner f\u00fcr Leder - Leathermed\" \/>\n<meta property=\"og:description\" content=\"Leather Spot Remover - Produkt zur Entfernung von Flecken von Lederoberfl\u00e4chen.\" \/>\n<meta property=\"og:url\" content=\"https:\/\/leathermed.pl\/e-sklep\/leather-spot-remover\/\" \/>\n<meta property=\"og:site_name\" content=\"Leathermed\" \/>\n<meta property=\"article:publisher\" content=\"https:\/\/www.facebook.com\/p\/Leathermed-61557229173629\/\" \/>\n<meta property=\"article:modified_time\" content=\"2023-12-01T21:12:35+00:00\" \/>\n<meta property=\"og:image\" content=\"https:\/\/leathermed.pl\/wp-content\/uploads\/2023\/10\/250ml-Leather-Spot-Remover-zestaw_Easy-Resize.com_.png\" \/>\n\t<meta property=\"og:image:width\" content=\"600\" \/>\n\t<meta property=\"og:image:height\" content=\"600\" \/>\n\t<meta property=\"og:image:type\" content=\"image\/png\" \/>\n<meta name=\"twitter:card\" content=\"summary_large_image\" \/>\n<meta name=\"twitter:label1\" content=\"Gesch\u00e4tzte Lesezeit\" \/>\n\t<meta name=\"twitter:data1\" content=\"1\u00a0Minute\" \/>\n<script type=\"application\/ld+json\" class=\"yoast-schema-graph\">{\"@context\":\"https:\/\/schema.org\",\"@graph\":[{\"@type\":\"WebPage\",\"@id\":\"https:\/\/leathermed.pl\/e-sklep\/leather-spot-remover\/\",\"url\":\"https:\/\/leathermed.pl\/e-sklep\/leather-spot-remover\/\",\"name\":\"Leather Spot Remover - Fleckenentferner f\u00fcr Leder - Leathermed\",\"isPartOf\":{\"@id\":\"https:\/\/leathermed.pl\/#website\"},\"primaryImageOfPage\":{\"@id\":\"https:\/\/leathermed.pl\/e-sklep\/leather-spot-remover\/#primaryimage\"},\"image\":{\"@id\":\"https:\/\/leathermed.pl\/e-sklep\/leather-spot-remover\/#primaryimage\"},\"thumbnailUrl\":\"https:\/\/leathermed.pl\/wp-content\/uploads\/2023\/10\/250ml-Leather-Spot-Remover-zestaw_Easy-Resize.com_.png\",\"datePublished\":\"2023-10-10T10:59:44+00:00\",\"dateModified\":\"2023-12-01T21:12:35+00:00\",\"breadcrumb\":{\"@id\":\"https:\/\/leathermed.pl\/e-sklep\/leather-spot-remover\/#breadcrumb\"},\"inLanguage\":\"de\",\"potentialAction\":[{\"@type\":\"ReadAction\",\"target\":[\"https:\/\/leathermed.pl\/e-sklep\/leather-spot-remover\/\"]}]},{\"@type\":\"ImageObject\",\"inLanguage\":\"de\",\"@id\":\"https:\/\/leathermed.pl\/e-sklep\/leather-spot-remover\/#primaryimage\",\"url\":\"https:\/\/leathermed.pl\/wp-content\/uploads\/2023\/10\/250ml-Leather-Spot-Remover-zestaw_Easy-Resize.com_.png\",\"contentUrl\":\"https:\/\/leathermed.pl\/wp-content\/uploads\/2023\/10\/250ml-Leather-Spot-Remover-zestaw_Easy-Resize.com_.png\",\"width\":600,\"height\":600,\"caption\":\"Leather Spot Remover\"},{\"@type\":\"BreadcrumbList\",\"@id\":\"https:\/\/leathermed.pl\/e-sklep\/leather-spot-remover\/#breadcrumb\",\"itemListElement\":[{\"@type\":\"ListItem\",\"position\":1,\"name\":\"Strona g\u0142\u00f3wna\",\"item\":\"https:\/\/leathermed.pl\/de\/\"},{\"@type\":\"ListItem\",\"position\":2,\"name\":\"E-sklep\",\"item\":\"https:\/\/leathermed.pl\/e-sklep\/\"},{\"@type\":\"ListItem\",\"position\":3,\"name\":\"Leather Spot Remover &#8211; Fleckenentferner f\u00fcr Leder\"}]},{\"@type\":\"WebSite\",\"@id\":\"https:\/\/leathermed.pl\/#website\",\"url\":\"https:\/\/leathermed.pl\/\",\"name\":\"Leathermed\",\"description\":\"\",\"publisher\":{\"@id\":\"https:\/\/leathermed.pl\/#organization\"},\"potentialAction\":[{\"@type\":\"SearchAction\",\"target\":{\"@type\":\"EntryPoint\",\"urlTemplate\":\"https:\/\/leathermed.pl\/?s={search_term_string}\"},\"query-input\":{\"@type\":\"PropertyValueSpecification\",\"valueRequired\":true,\"valueName\":\"search_term_string\"}}],\"inLanguage\":\"de\"},{\"@type\":\"Organization\",\"@id\":\"https:\/\/leathermed.pl\/#organization\",\"name\":\"Leathermed\",\"url\":\"https:\/\/leathermed.pl\/\",\"logo\":{\"@type\":\"ImageObject\",\"inLanguage\":\"de\",\"@id\":\"https:\/\/leathermed.pl\/#\/schema\/logo\/image\/\",\"url\":\"https:\/\/leathermed.pl\/wp-content\/uploads\/2023\/10\/Logo_Easy-Resize.com_.jpg\",\"contentUrl\":\"https:\/\/leathermed.pl\/wp-content\/uploads\/2023\/10\/Logo_Easy-Resize.com_.jpg\",\"width\":787,\"height\":600,\"caption\":\"Leathermed\"},\"image\":{\"@id\":\"https:\/\/leathermed.pl\/#\/schema\/logo\/image\/\"},\"sameAs\":[\"https:\/\/www.facebook.com\/p\/Leathermed-61557229173629\/\"]}]}<\/script>\n<!-- \/ Yoast SEO plugin. -->","yoast_head_json":{"title":"Leather Spot Remover - Fleckenentferner f\u00fcr Leder - Leathermed","robots":{"index":"index","follow":"follow","max-snippet":"max-snippet:-1","max-image-preview":"max-image-preview:large","max-video-preview":"max-video-preview:-1"},"canonical":"https:\/\/leathermed.pl\/e-sklep\/leather-spot-remover\/","og_locale":"de_DE","og_type":"article","og_title":"Leather Spot Remover - Fleckenentferner f\u00fcr Leder - Leathermed","og_description":"Leather Spot Remover - Produkt zur Entfernung von Flecken von Lederoberfl\u00e4chen.","og_url":"https:\/\/leathermed.pl\/e-sklep\/leather-spot-remover\/","og_site_name":"Leathermed","article_publisher":"https:\/\/www.facebook.com\/p\/Leathermed-61557229173629\/","article_modified_time":"2023-12-01T21:12:35+00:00","og_image":[{"width":600,"height":600,"url":"https:\/\/leathermed.pl\/wp-content\/uploads\/2023\/10\/250ml-Leather-Spot-Remover-zestaw_Easy-Resize.com_.png","type":"image\/png"}],"twitter_card":"summary_large_image","twitter_misc":{"Gesch\u00e4tzte Lesezeit":"1\u00a0Minute"},"schema":{"@context":"https:\/\/schema.org","@graph":[{"@type":"WebPage","@id":"https:\/\/leathermed.pl\/e-sklep\/leather-spot-remover\/","url":"https:\/\/leathermed.pl\/e-sklep\/leather-spot-remover\/","name":"Leather Spot Remover - Fleckenentferner f\u00fcr Leder - Leathermed","isPartOf":{"@id":"https:\/\/leathermed.pl\/#website"},"primaryImageOfPage":{"@id":"https:\/\/leathermed.pl\/e-sklep\/leather-spot-remover\/#primaryimage"},"image":{"@id":"https:\/\/leathermed.pl\/e-sklep\/leather-spot-remover\/#primaryimage"},"thumbnailUrl":"https:\/\/leathermed.pl\/wp-content\/uploads\/2023\/10\/250ml-Leather-Spot-Remover-zestaw_Easy-Resize.com_.png","datePublished":"2023-10-10T10:59:44+00:00","dateModified":"2023-12-01T21:12:35+00:00","breadcrumb":{"@id":"https:\/\/leathermed.pl\/e-sklep\/leather-spot-remover\/#breadcrumb"},"inLanguage":"de","potentialAction":[{"@type":"ReadAction","target":["https:\/\/leathermed.pl\/e-sklep\/leather-spot-remover\/"]}]},{"@type":"ImageObject","inLanguage":"de","@id":"https:\/\/leathermed.pl\/e-sklep\/leather-spot-remover\/#primaryimage","url":"https:\/\/leathermed.pl\/wp-content\/uploads\/2023\/10\/250ml-Leather-Spot-Remover-zestaw_Easy-Resize.com_.png","contentUrl":"https:\/\/leathermed.pl\/wp-content\/uploads\/2023\/10\/250ml-Leather-Spot-Remover-zestaw_Easy-Resize.com_.png","width":600,"height":600,"caption":"Leather Spot Remover"},{"@type":"BreadcrumbList","@id":"https:\/\/leathermed.pl\/e-sklep\/leather-spot-remover\/#breadcrumb","itemListElement":[{"@type":"ListItem","position":1,"name":"Strona g\u0142\u00f3wna","item":"https:\/\/leathermed.pl\/de\/"},{"@type":"ListItem","position":2,"name":"E-sklep","item":"https:\/\/leathermed.pl\/e-sklep\/"},{"@type":"ListItem","position":3,"name":"Leather Spot Remover &#8211; Fleckenentferner f\u00fcr Leder"}]},{"@type":"WebSite","@id":"https:\/\/leathermed.pl\/#website","url":"https:\/\/leathermed.pl\/","name":"Leathermed","description":"","publisher":{"@id":"https:\/\/leathermed.pl\/#organization"},"potentialAction":[{"@type":"SearchAction","target":{"@type":"EntryPoint","urlTemplate":"https:\/\/leathermed.pl\/?s={search_term_string}"},"query-input":{"@type":"PropertyValueSpecification","valueRequired":true,"valueName":"search_term_string"}}],"inLanguage":"de"},{"@type":"Organization","@id":"https:\/\/leathermed.pl\/#organization","name":"Leathermed","url":"https:\/\/leathermed.pl\/","logo":{"@type":"ImageObject","inLanguage":"de","@id":"https:\/\/leathermed.pl\/#\/schema\/logo\/image\/","url":"https:\/\/leathermed.pl\/wp-content\/uploads\/2023\/10\/Logo_Easy-Resize.com_.jpg","contentUrl":"https:\/\/leathermed.pl\/wp-content\/uploads\/2023\/10\/Logo_Easy-Resize.com_.jpg","width":787,"height":600,"caption":"Leathermed"},"image":{"@id":"https:\/\/leathermed.pl\/#\/schema\/logo\/image\/"},"sameAs":["https:\/\/www.facebook.com\/p\/Leathermed-61557229173629\/"]}]}},"_links":{"self":[{"href":"https:\/\/leathermed.pl\/de\/wp-json\/wp\/v2\/product\/119951","targetHints":{"allow":["GET"]}}],"collection":[{"href":"https:\/\/leathermed.pl\/de\/wp-json\/wp\/v2\/product"}],"about":[{"href":"https:\/\/leathermed.pl\/de\/wp-json\/wp\/v2\/types\/product"}],"wp:featuredmedia":[{"embeddable":true,"href":"https:\/\/leathermed.pl\/de\/wp-json\/wp\/v2\/media\/121648"}],"wp:attachment":[{"href":"https:\/\/leathermed.pl\/de\/wp-json\/wp\/v2\/media?parent=119951"}],"wp:term":[{"taxonomy":"product_brand","embeddable":true,"href":"https:\/\/leathermed.pl\/de\/wp-json\/wp\/v2\/product_brand?post=119951"},{"taxonomy":"product_cat","embeddable":true,"href":"https:\/\/leathermed.pl\/de\/wp-json\/wp\/v2\/product_cat?post=119951"},{"taxonomy":"product_tag","embeddable":true,"href":"https:\/\/leathermed.pl\/de\/wp-json\/wp\/v2\/product_tag?post=119951"}],"curies":[{"name":"wp","href":"https:\/\/api.w.org\/{rel}","templated":true}]}}