{"id":119931,"date":"2023-10-10T13:15:19","date_gmt":"2023-10-10T11:15:19","guid":{"rendered":"https:\/\/leathermed.pl\/sklep\/zestaw-do-kierownicy\/"},"modified":"2023-11-26T00:14:49","modified_gmt":"2023-11-25T23:14:49","slug":"zestaw-do-kierownicy","status":"publish","type":"product","link":"https:\/\/leathermed.pl\/de\/e-sklep\/zestaw-do-kierownicy\/","title":{"rendered":"Leather Steering Wheel Restoration Kit &#8211; Lederlenkrad-Restaurationsset"},"content":{"rendered":"<h2>Leather Steering Wheel Restoration Kit \u2013 Set zur Restaurierung von Autolederlenkr\u00e4dern.<\/h2>\n<p><strong>Leather Steering Wheel Restoration Repair Kit<\/strong> \u2013 das erste vollst\u00e4ndige Set auf dem Markt zur Restaurierung von Autolederlenkr\u00e4dern und Schaltkn\u00fcppeln.<\/p>\n<p>Im Unterschied zu anderen Sets enth\u00e4lt es auch das Produkt <strong>Leather Pro Cleaner<\/strong> zur Reinigung des Leders vor Beginn der Restaurierung.<\/p>\n<p><strong>Dadurch haben Sie die Gewissheit, dass:<\/strong><\/p>\n<ul>\n<li>\ud83d\udc49 das Leder richtig von Schmutz und oberfl\u00e4chlichen Verunreinigungen gereinigt wurde<\/li>\n<li>\ud83d\udc49 Sie keinen Schmutz w\u00e4hrend der Restaurierung in das Leder einreiben<\/li>\n<li>\ud83d\udc49 Sie die Restaurierung auf die richtige Weise durchf\u00fchren und die Ergebnisse viel l\u00e4nger halten werden<\/li>\n<\/ul>\n<h3>Inhalt:<\/h3>\n<ul>\n<li>\u2714\ufe0fLeather Pro Cleaner 50 ml<\/li>\n<li>\u2714\ufe0fLeather Colour Prep 50 ml<\/li>\n<li>\u2714\ufe0fLeather Grease Remover 50 ml<\/li>\n<li>\u2714\ufe0fLeather Pro Colourant 50 ml<\/li>\n<li>\u2714\ufe0fLeather Top Finish 50 ml<\/li>\n<li>\u2714\ufe0f3 x Schwamm<\/li>\n<li>\u2714\ufe0fSchleifpapier auf dem Schwamm<\/li>\n<li>\u2714\ufe0fMikrofasertuch<\/li>\n<\/ul>\n<h3>Produktbeschreibung:<\/h3>\n<p><strong>Leather Pro Cleaner &#8211;<\/strong> Hochwertiges Reinigungsmittel f\u00fcr Leder. Wirksam und sicher f\u00fcr helle und dunkle Leder, unabh\u00e4ngig von der Farbe.<\/p>\n<p><strong>Leather Colour Prep \u2013<\/strong> Entfernt alte, harte Schichten von Klarlack und Farbe. Bereitet das Leder vor und schafft eine Grundlage f\u00fcr neue Oberfl\u00e4chen.<\/p>\n<p><strong>Leather Grease Remover &#8211;<\/strong> Ein Mittel zur Entfettung von Leder vor dem Lackieren. Die Verwendung ist entscheidend f\u00fcr die Haftung der Farbe auf dem Leder.<\/p>\n<p><strong>Leather Pro Colourant \u2013<\/strong> Fertige, moderne, deckende Lederfarbe. Sie ist flexibel, trocknet nicht aus und h\u00e4rtet das Leder nicht aus.<\/p>\n<p><strong>Leather Top Finish 50 ml \u2013<\/strong> Klarlack auf Polyurethanbasis f\u00fcr die Endbearbeitung von Leder. Sch\u00fctzt das Leder vor Reibung, Feuchtigkeit, hohen Temperaturen und atmosph\u00e4rischen Bedingungen.<\/p>\n<h3>Warum unser Produkt w\u00e4hlen?<\/h3>\n<ul>\n<li><strong>\u27a1\ufe0f Haltbarkeit<\/strong> \u2013 Das Set mit Produkten und Zubeh\u00f6r erm\u00f6glicht eine korrekte Restaurierung.<\/li>\n<li><strong>\u27a1\ufe0f Vielseitigkeit<\/strong> \u2013 Das Set eignet sich auch f\u00fcr die Restaurierung von Lederautositzen, M\u00f6beln aus Leder, Accessoires und Handtaschen.<\/li>\n<li><strong>\u27a1\ufe0f \u00c4sthetik<\/strong> \u2013 Die Produkte sind in einer eleganten Box verpackt und eignen sich hervorragend als Geschenk.<\/li>\n<\/ul>\n<h3>Wie man unser Set verwendet? &#8211; Es ist ganz einfach!<\/h3>\n<p><strong>SCHRITT 1<\/strong><\/p>\n<p>Reinigen Sie das Leder mit <strong>Leather Pro Cleaner<\/strong> und einem Schwamm von oberfl\u00e4chlichem Schmutz. Nachdem das Leder getrocknet ist (Sie k\u00f6nnen den Prozess beschleunigen, indem Sie einen Haartrockner verwenden), entfernen Sie mit <strong>Leather Colour Prep<\/strong> und einem Mikrofasertuch teilweise die alte Klarlackschicht und Farbe. Wenn Sie Unebenheiten auf der Haut sp\u00fcren, verwenden Sie das im Set enthaltene Schleifpapier und schleifen Sie die Oberfl\u00e4che vorsichtig.<\/p>\n<p><strong>SCHRITT 2<\/strong><\/p>\n<p>Entfetten Sie die Oberfl\u00e4che des Leders mit <strong>Leather Grease Remover<\/strong> und einem Mikrofasertuch oder einem Baumwolltuch. Dadurch entfernen Sie R\u00fcckst\u00e4nde der gel\u00f6sten Farbe und des Lacks. Die neue Farbe haftet besser.<\/p>\n<p><strong>SCHRITT 3<\/strong><\/p>\n<p>Mischen Sie die Farbe <strong>Leather Pro Colourant<\/strong> und tragen Sie die erste Schicht mit einem Schwamm auf \u2013 verteilen Sie die Farbe in kreisenden Bewegungen. Warten Sie, bis die erste Schicht vollst\u00e4ndig getrocknet ist. Sie k\u00f6nnen den Trocknungsprozess mit einem Haartrockner beschleunigen. Tragen Sie weitere Schichten (3 oder 4) auf, bis die vollst\u00e4ndige Abdeckung mit einem Schwamm oder einem Spritzpistole erfolgt. Es ist wichtig, dass jede Farbschicht vollst\u00e4ndig getrocknet ist, bevor die n\u00e4chste aufgetragen wird.<\/p>\n<p><strong>SCHRITT 4<\/strong><\/p>\n<p>Sch\u00fctzen Sie die Beschichtung mit dem klaren Finishlack <strong>Leather Top Finish.<\/strong> Tragen Sie 3 oder 4 d\u00fcnne Schichten auf. Jede aufgetragene Schicht muss vor dem Auftragen der n\u00e4chsten vollst\u00e4ndig getrocknet sein.<br \/>\n<\/html><\/p>\n","protected":false},"excerpt":{"rendered":"<p class=\"western\" align=\"justify\">Leather Steering Wheel Restoration Kit \u2013 Set effektiver Produkte zur Wiederherstellung von Leder auf Lenkr\u00e4dern, Sitzen und anderen Elementen<\/p>\n","protected":false},"featured_media":119243,"template":"","meta":{"_acf_changed":false},"product_brand":[],"product_cat":[214],"product_tag":[],"class_list":{"0":"post-119931","1":"product","2":"type-product","3":"status-publish","4":"has-post-thumbnail","6":"product_cat-renowacja-skory","8":"first","9":"instock","10":"taxable","11":"shipping-taxable","12":"purchasable","13":"product-type-variable"},"acf":[],"yoast_head":"<!-- This site is optimized with the Yoast SEO plugin v23.6 - https:\/\/yoast.com\/wordpress\/plugins\/seo\/ -->\n<title>Leather Steering Wheel Restoration Kit - Lederlenkrad-Restaurationsset - Leathermed<\/title>\n<meta name=\"robots\" content=\"index, follow, max-snippet:-1, max-image-preview:large, max-video-preview:-1\" \/>\n<link rel=\"canonical\" href=\"https:\/\/leathermed.pl\/de\/e-sklep\/zestaw-do-kierownicy\/\" \/>\n<meta property=\"og:locale\" content=\"de_DE\" \/>\n<meta property=\"og:type\" content=\"article\" \/>\n<meta property=\"og:title\" content=\"Leather Steering Wheel Restoration Kit - Lederlenkrad-Restaurationsset - Leathermed\" \/>\n<meta property=\"og:description\" content=\"Leather Steering Wheel Restoration Kit \u2013 Set effektiver Produkte zur Wiederherstellung von Leder auf Lenkr\u00e4dern, Sitzen und anderen Elementen\" \/>\n<meta property=\"og:url\" content=\"https:\/\/leathermed.pl\/de\/e-sklep\/zestaw-do-kierownicy\/\" \/>\n<meta property=\"og:site_name\" content=\"Leathermed\" \/>\n<meta property=\"article:publisher\" content=\"https:\/\/www.facebook.com\/p\/Leathermed-61557229173629\/\" \/>\n<meta property=\"article:modified_time\" content=\"2023-11-25T23:14:49+00:00\" \/>\n<meta property=\"og:image\" content=\"https:\/\/leathermed.pl\/wp-content\/uploads\/2023\/10\/Zestaw-do-renowacji-skory-kierownicy.png\" \/>\n\t<meta property=\"og:image:width\" content=\"1600\" \/>\n\t<meta property=\"og:image:height\" content=\"1600\" \/>\n\t<meta property=\"og:image:type\" content=\"image\/png\" \/>\n<meta name=\"twitter:card\" content=\"summary_large_image\" \/>\n<meta name=\"twitter:label1\" content=\"Gesch\u00e4tzte Lesezeit\" \/>\n\t<meta name=\"twitter:data1\" content=\"3\u00a0Minuten\" \/>\n<script type=\"application\/ld+json\" class=\"yoast-schema-graph\">{\"@context\":\"https:\/\/schema.org\",\"@graph\":[{\"@type\":\"WebPage\",\"@id\":\"https:\/\/leathermed.pl\/de\/e-sklep\/zestaw-do-kierownicy\/\",\"url\":\"https:\/\/leathermed.pl\/de\/e-sklep\/zestaw-do-kierownicy\/\",\"name\":\"Leather Steering Wheel Restoration Kit - Lederlenkrad-Restaurationsset - Leathermed\",\"isPartOf\":{\"@id\":\"https:\/\/leathermed.pl\/#website\"},\"primaryImageOfPage\":{\"@id\":\"https:\/\/leathermed.pl\/de\/e-sklep\/zestaw-do-kierownicy\/#primaryimage\"},\"image\":{\"@id\":\"https:\/\/leathermed.pl\/de\/e-sklep\/zestaw-do-kierownicy\/#primaryimage\"},\"thumbnailUrl\":\"https:\/\/leathermed.pl\/wp-content\/uploads\/2023\/10\/Zestaw-do-renowacji-skory-kierownicy.png\",\"datePublished\":\"2023-10-10T11:15:19+00:00\",\"dateModified\":\"2023-11-25T23:14:49+00:00\",\"breadcrumb\":{\"@id\":\"https:\/\/leathermed.pl\/de\/e-sklep\/zestaw-do-kierownicy\/#breadcrumb\"},\"inLanguage\":\"de\",\"potentialAction\":[{\"@type\":\"ReadAction\",\"target\":[\"https:\/\/leathermed.pl\/de\/e-sklep\/zestaw-do-kierownicy\/\"]}]},{\"@type\":\"ImageObject\",\"inLanguage\":\"de\",\"@id\":\"https:\/\/leathermed.pl\/de\/e-sklep\/zestaw-do-kierownicy\/#primaryimage\",\"url\":\"https:\/\/leathermed.pl\/wp-content\/uploads\/2023\/10\/Zestaw-do-renowacji-skory-kierownicy.png\",\"contentUrl\":\"https:\/\/leathermed.pl\/wp-content\/uploads\/2023\/10\/Zestaw-do-renowacji-skory-kierownicy.png\",\"width\":1600,\"height\":1600},{\"@type\":\"BreadcrumbList\",\"@id\":\"https:\/\/leathermed.pl\/de\/e-sklep\/zestaw-do-kierownicy\/#breadcrumb\",\"itemListElement\":[{\"@type\":\"ListItem\",\"position\":1,\"name\":\"Strona g\u0142\u00f3wna\",\"item\":\"https:\/\/leathermed.pl\/de\/\"},{\"@type\":\"ListItem\",\"position\":2,\"name\":\"E-sklep\",\"item\":\"https:\/\/leathermed.pl\/e-sklep\/\"},{\"@type\":\"ListItem\",\"position\":3,\"name\":\"Leather Steering Wheel Restoration Kit &#8211; Lederlenkrad-Restaurationsset\"}]},{\"@type\":\"WebSite\",\"@id\":\"https:\/\/leathermed.pl\/#website\",\"url\":\"https:\/\/leathermed.pl\/\",\"name\":\"Leathermed\",\"description\":\"\",\"publisher\":{\"@id\":\"https:\/\/leathermed.pl\/#organization\"},\"potentialAction\":[{\"@type\":\"SearchAction\",\"target\":{\"@type\":\"EntryPoint\",\"urlTemplate\":\"https:\/\/leathermed.pl\/?s={search_term_string}\"},\"query-input\":{\"@type\":\"PropertyValueSpecification\",\"valueRequired\":true,\"valueName\":\"search_term_string\"}}],\"inLanguage\":\"de\"},{\"@type\":\"Organization\",\"@id\":\"https:\/\/leathermed.pl\/#organization\",\"name\":\"Leathermed\",\"url\":\"https:\/\/leathermed.pl\/\",\"logo\":{\"@type\":\"ImageObject\",\"inLanguage\":\"de\",\"@id\":\"https:\/\/leathermed.pl\/#\/schema\/logo\/image\/\",\"url\":\"https:\/\/leathermed.pl\/wp-content\/uploads\/2023\/10\/Logo_Easy-Resize.com_.jpg\",\"contentUrl\":\"https:\/\/leathermed.pl\/wp-content\/uploads\/2023\/10\/Logo_Easy-Resize.com_.jpg\",\"width\":787,\"height\":600,\"caption\":\"Leathermed\"},\"image\":{\"@id\":\"https:\/\/leathermed.pl\/#\/schema\/logo\/image\/\"},\"sameAs\":[\"https:\/\/www.facebook.com\/p\/Leathermed-61557229173629\/\"]}]}<\/script>\n<!-- \/ Yoast SEO plugin. -->","yoast_head_json":{"title":"Leather Steering Wheel Restoration Kit - Lederlenkrad-Restaurationsset - Leathermed","robots":{"index":"index","follow":"follow","max-snippet":"max-snippet:-1","max-image-preview":"max-image-preview:large","max-video-preview":"max-video-preview:-1"},"canonical":"https:\/\/leathermed.pl\/de\/e-sklep\/zestaw-do-kierownicy\/","og_locale":"de_DE","og_type":"article","og_title":"Leather Steering Wheel Restoration Kit - Lederlenkrad-Restaurationsset - Leathermed","og_description":"Leather Steering Wheel Restoration Kit \u2013 Set effektiver Produkte zur Wiederherstellung von Leder auf Lenkr\u00e4dern, Sitzen und anderen Elementen","og_url":"https:\/\/leathermed.pl\/de\/e-sklep\/zestaw-do-kierownicy\/","og_site_name":"Leathermed","article_publisher":"https:\/\/www.facebook.com\/p\/Leathermed-61557229173629\/","article_modified_time":"2023-11-25T23:14:49+00:00","og_image":[{"width":1600,"height":1600,"url":"https:\/\/leathermed.pl\/wp-content\/uploads\/2023\/10\/Zestaw-do-renowacji-skory-kierownicy.png","type":"image\/png"}],"twitter_card":"summary_large_image","twitter_misc":{"Gesch\u00e4tzte Lesezeit":"3\u00a0Minuten"},"schema":{"@context":"https:\/\/schema.org","@graph":[{"@type":"WebPage","@id":"https:\/\/leathermed.pl\/de\/e-sklep\/zestaw-do-kierownicy\/","url":"https:\/\/leathermed.pl\/de\/e-sklep\/zestaw-do-kierownicy\/","name":"Leather Steering Wheel Restoration Kit - Lederlenkrad-Restaurationsset - Leathermed","isPartOf":{"@id":"https:\/\/leathermed.pl\/#website"},"primaryImageOfPage":{"@id":"https:\/\/leathermed.pl\/de\/e-sklep\/zestaw-do-kierownicy\/#primaryimage"},"image":{"@id":"https:\/\/leathermed.pl\/de\/e-sklep\/zestaw-do-kierownicy\/#primaryimage"},"thumbnailUrl":"https:\/\/leathermed.pl\/wp-content\/uploads\/2023\/10\/Zestaw-do-renowacji-skory-kierownicy.png","datePublished":"2023-10-10T11:15:19+00:00","dateModified":"2023-11-25T23:14:49+00:00","breadcrumb":{"@id":"https:\/\/leathermed.pl\/de\/e-sklep\/zestaw-do-kierownicy\/#breadcrumb"},"inLanguage":"de","potentialAction":[{"@type":"ReadAction","target":["https:\/\/leathermed.pl\/de\/e-sklep\/zestaw-do-kierownicy\/"]}]},{"@type":"ImageObject","inLanguage":"de","@id":"https:\/\/leathermed.pl\/de\/e-sklep\/zestaw-do-kierownicy\/#primaryimage","url":"https:\/\/leathermed.pl\/wp-content\/uploads\/2023\/10\/Zestaw-do-renowacji-skory-kierownicy.png","contentUrl":"https:\/\/leathermed.pl\/wp-content\/uploads\/2023\/10\/Zestaw-do-renowacji-skory-kierownicy.png","width":1600,"height":1600},{"@type":"BreadcrumbList","@id":"https:\/\/leathermed.pl\/de\/e-sklep\/zestaw-do-kierownicy\/#breadcrumb","itemListElement":[{"@type":"ListItem","position":1,"name":"Strona g\u0142\u00f3wna","item":"https:\/\/leathermed.pl\/de\/"},{"@type":"ListItem","position":2,"name":"E-sklep","item":"https:\/\/leathermed.pl\/e-sklep\/"},{"@type":"ListItem","position":3,"name":"Leather Steering Wheel Restoration Kit &#8211; Lederlenkrad-Restaurationsset"}]},{"@type":"WebSite","@id":"https:\/\/leathermed.pl\/#website","url":"https:\/\/leathermed.pl\/","name":"Leathermed","description":"","publisher":{"@id":"https:\/\/leathermed.pl\/#organization"},"potentialAction":[{"@type":"SearchAction","target":{"@type":"EntryPoint","urlTemplate":"https:\/\/leathermed.pl\/?s={search_term_string}"},"query-input":{"@type":"PropertyValueSpecification","valueRequired":true,"valueName":"search_term_string"}}],"inLanguage":"de"},{"@type":"Organization","@id":"https:\/\/leathermed.pl\/#organization","name":"Leathermed","url":"https:\/\/leathermed.pl\/","logo":{"@type":"ImageObject","inLanguage":"de","@id":"https:\/\/leathermed.pl\/#\/schema\/logo\/image\/","url":"https:\/\/leathermed.pl\/wp-content\/uploads\/2023\/10\/Logo_Easy-Resize.com_.jpg","contentUrl":"https:\/\/leathermed.pl\/wp-content\/uploads\/2023\/10\/Logo_Easy-Resize.com_.jpg","width":787,"height":600,"caption":"Leathermed"},"image":{"@id":"https:\/\/leathermed.pl\/#\/schema\/logo\/image\/"},"sameAs":["https:\/\/www.facebook.com\/p\/Leathermed-61557229173629\/"]}]}},"_links":{"self":[{"href":"https:\/\/leathermed.pl\/de\/wp-json\/wp\/v2\/product\/119931","targetHints":{"allow":["GET"]}}],"collection":[{"href":"https:\/\/leathermed.pl\/de\/wp-json\/wp\/v2\/product"}],"about":[{"href":"https:\/\/leathermed.pl\/de\/wp-json\/wp\/v2\/types\/product"}],"wp:featuredmedia":[{"embeddable":true,"href":"https:\/\/leathermed.pl\/de\/wp-json\/wp\/v2\/media\/119243"}],"wp:attachment":[{"href":"https:\/\/leathermed.pl\/de\/wp-json\/wp\/v2\/media?parent=119931"}],"wp:term":[{"taxonomy":"product_brand","embeddable":true,"href":"https:\/\/leathermed.pl\/de\/wp-json\/wp\/v2\/product_brand?post=119931"},{"taxonomy":"product_cat","embeddable":true,"href":"https:\/\/leathermed.pl\/de\/wp-json\/wp\/v2\/product_cat?post=119931"},{"taxonomy":"product_tag","embeddable":true,"href":"https:\/\/leathermed.pl\/de\/wp-json\/wp\/v2\/product_tag?post=119931"}],"curies":[{"name":"wp","href":"https:\/\/api.w.org\/{rel}","templated":true}]}}