{"id":119929,"date":"2023-10-10T13:20:30","date_gmt":"2023-10-10T11:20:30","guid":{"rendered":"https:\/\/leathermed.pl\/sklep\/zestaw-naprawczy\/"},"modified":"2023-12-06T10:12:07","modified_gmt":"2023-12-06T09:12:07","slug":"zestaw-naprawczy","status":"publish","type":"product","link":"https:\/\/leathermed.pl\/de\/e-sklep\/zestaw-naprawczy\/","title":{"rendered":"Leather Spot Remover Kit \u2013 Fleckenentfernungset f\u00fcr Leder"},"content":{"rendered":"<h2><b>Leather &amp; Vinyl Repair Kit \u2013 Reparaturset f\u00fcr Leder und Vinyl.<\/b><\/h2>\n<p><strong>Leather &amp; Vinyl Repair Kit<\/strong> \u2013 das erste vollst\u00e4ndige Set auf dem Markt zur Reparatur von Leder und Vinyl. Im Unterschied zu anderen Sets enth\u00e4lt es auch das Reinigungsmittel Leather Pro Cleaner, um das Leder vor der Renovierung zu reinigen.<\/p>\n<p><strong>Dadurch stellen Sie sicher, dass:<\/strong><\/p>\n<ul>\n<li>\ud83d\udc49 das Leder ordnungsgem\u00e4\u00df von Schmutz und oberfl\u00e4chlichen Verunreinigungen gereinigt wurde<\/li>\n<li>\ud83d\udc49 Sie keinen Schmutz w\u00e4hrend der Renovierung in das Leder einreiben<\/li>\n<li>\ud83d\udc49 Sie die Renovierung auf die richtige Weise durchf\u00fchren, was zu wesentlich l\u00e4nger anhaltenden Ergebnissen f\u00fchrt<\/li>\n<\/ul>\n<h3>Zusammensetzung:<\/h3>\n<ul>\n<li>\u2714\ufe0f Leather Pro Cleaner 50 ml<\/li>\n<li>\u2714\ufe0f Leather Bonder 50 ml<\/li>\n<li>\u2714\ufe0f Leather Strong Glue 50 ml<\/li>\n<li>\u2714\ufe0f Leather Filler Paste 25 ml<\/li>\n<li>\u2714\ufe0f Leather Flexible Filler 25 ml<\/li>\n<li>\u2714\ufe0f 2 x Schwamm<\/li>\n<li>\u2714\ufe0f Lederflicken zum Aufkleben<\/li>\n<li>\u2714\ufe0f Leinwand zum Aufkleben<\/li>\n<li>\u2714\ufe0f Spachtel<\/li>\n<li>\u2714\ufe0f Schleifpapier auf Schwamm<\/li>\n<li>\u2714\ufe0f Mikrofasertuch<\/li>\n<li>\u2714\ufe0f Anleitung zur Anwendung<\/li>\n<\/ul>\n<h3>Beschreibung der Produkte:<\/h3>\n<p><strong>Leather Pro Cleaner &#8211;<\/strong> entfernt Verschmutzungen und beseitigt gleichzeitig Ger\u00fcche wie Schwei\u00df oder Zigarettenrauch. Wirksam und sicher f\u00fcr helle und dunkle Lederoberfl\u00e4chen, unabh\u00e4ngig von der Farbe. Spr\u00fchen Sie Leather Pro Cleaner auf ein Tuch oder einen Schwamm und tragen Sie es auf das Leder auf. Warten Sie etwa 15 Sekunden \u2013 in dieser Zeit sollte sich der Schmutz aufl\u00f6sen. Reinigen Sie das Leder mit kreisenden Bewegungen.<\/p>\n<p><strong>Leather Bonder &#8211;<\/strong> ein Mittel zur St\u00e4rkung von stark beanspruchtem Naturleder &#8211; abgenutzt bis zur Fleischseite (Bereich ohne Farbe und Lack). Das Produkt dringt tief in das Leder ein und bindet lose und geschw\u00e4chte Fasern, die als &#8220;Lederflusen&#8221; f\u00fchlbar sind. Tragen Sie zwei oder drei d\u00fcnne Schichten auf jede besch\u00e4digte Stelle mit einem Schwamm auf. Trocknen Sie die Fl\u00e4che nach dem Auftragen jeder Schicht gut.<\/p>\n<p><strong>Leather Strong Glue &#8211;<\/strong> sehr flexibler Kleber f\u00fcr Leder, dessen Basis auf wasserbasierten Polyurethanen beruht. Das Produkt zeichnet sich durch eine sehr hohe Klebkraft aus und ist sehr ergiebig. Kleben Sie das Leder von innen, indem Sie es mit Fasern aneinander kleben. Tragen Sie eine d\u00fcnne Schicht des Produkts auf beide zu klebenden Oberfl\u00e4chen auf. Bei gr\u00f6\u00dferen Sch\u00e4den verwenden Sie d\u00fcnnere Leinwand oder d\u00fcnnes Leder, um die geklebte Fl\u00e4che zu unterf\u00fcttern.<\/p>\n<p><strong>Leather Filler Paste &#8211;<\/strong> eine Spachtelmasse f\u00fcr Leder, die sich ideal zur Reparatur von L\u00f6chern, Kratzern und Rissen eignet. Tragen Sie die Paste mit einem Spachtel oder Applikator auf die trockene Haut\/ Kunstleder auf. Bei tieferen L\u00f6chern f\u00fcllen Sie sie schrittweise, indem Sie d\u00fcnne Schichten auftragen. Lassen Sie jede Schicht nach dem Auftragen gut trocknen.<\/p>\n<p><strong>Leather Flexible Filler &#8211;<\/strong> eine sehr flexible Paste, die sich ideal zum Ausbessern von Lederl\u00f6chern eignet, die an stark beanspruchten Stellen entstehen. Leather Flexible Filler ist ein Produkt, das perfekt darauf ausgelegt ist, flache Sch\u00e4den (Kratzer, oberfl\u00e4chliche Falten, Risse) auszuf\u00fcllen, die oft auf gr\u00f6\u00dferen Lederfl\u00e4chen auftreten.<\/p>\n<p>Tragen Sie die <strong>Leather Flexible Filler<\/strong> Paste mit einem Spachtel oder Applikator auf die trockene Haut auf. Warten Sie, bis das Produkt getrocknet ist, oder trocknen Sie es gr\u00fcndlich mit einem Haartrockner. Fl\u00fcssiges Leder kann beim Trocknen schrumpfen, daher f\u00fcllen Sie L\u00f6cher schrittweise, indem Sie mehrere Schichten des Produkts auftragen. Denken Sie daran, dass jede aufgetragene Schicht des Produkts vor dem Auftragen der n\u00e4chsten Schicht gr\u00fcndlich getrocknet sein muss.<\/p>\n<h3>Warum unser Produkt w\u00e4hlen?<\/h3>\n<ul>\n<li><strong>\u27a1\ufe0f Langlebigkeit <\/strong>\u2013 Das Set erm\u00f6glicht eine effektive Renovierung auf die richtige Weise<\/li>\n<li><strong>\u27a1\ufe0f Vielseitigkeit<\/strong>\u2013 Das Set eignet sich auch zur Renovierung von Lederautositzen, M\u00f6beln aus Leder, Lederwaren und Handtaschen<\/li>\n<li><strong>\u27a1\ufe0f \u00c4sthetik <\/strong>\u2013 Die Produkte sind in einer eleganten Box verpackt und eignen sich hervorragend als Geschenk<\/li>\n<\/ul>\n<h3>Empfehlungen:<\/h3>\n<p><strong>Nach Abschluss der Reparatur gehen Sie zur Lederf\u00e4rbung \u00fcber, um die Farbe wiederherzustellen.<\/strong><\/p>\n<p><strong>SCHRITT 1<\/strong><\/p>\n<p>Entfetten Sie die Lederoberfl\u00e4che mit Leather Grease Remover und einem Mikrofasertuch oder Baumwolltuch.<br \/>\n<strong>SCHRITT 2<\/strong><\/p>\n<p>Mischen Sie die Leather Pro Colourant-Farbe und tragen Sie die erste Schicht mit einem Schwamm auf \u2013 denken Sie daran, die Farbe mit kreisenden Bewegungen zu verteilen. Warten Sie, bis die erste Schicht gr\u00fcndlich getrocknet ist. Sie k\u00f6nnen den Trocknungsprozess mit einem Haartrockner beschleunigen. Tragen Sie weitere Schichten (3 oder 4) auf, bis die Farbe vollst\u00e4ndig bedeckt ist, entweder mit einem Schwamm oder mit einer Spritzpistole. Es ist wichtig, dass jede Farbschicht gr\u00fcndlich getrocknet ist, bevor die n\u00e4chste aufgetragen wird.<br \/>\n<strong>SCHRITT 3<\/strong><\/p>\n<p>Versiegeln Sie die Lackoberfl\u00e4che mit dem klaren Finish-Lack Leather Top Finish. Tragen Sie 3 oder 4 d\u00fcnne Schichten des Produkts auf. Denken Sie daran, dass jede aufgetragene Schicht des Produkts vor dem Auftragen der n\u00e4chsten Schicht gr\u00fcndlich getrocknet sein muss.<\/p>\n<p>&nbsp;<\/p>\n","protected":false},"excerpt":{"rendered":"<div class=\"flex-1 overflow-hidden\">\n<div class=\"react-scroll-to-bottom--css-bqwpx-79elbk h-full\">\n<div class=\"react-scroll-to-bottom--css-bqwpx-1n7m0yu\">\n<div class=\"flex flex-col text-sm gizmo:pb-9 dark:bg-gray-800 gizmo:dark:bg-transparent\">\n<div class=\"w-full text-token-text-primary border-b border-black\/10 gizmo:border-0 dark:border-gray-900\/50 gizmo:dark:border-0 bg-gray-50 gizmo:bg-transparent dark:bg-[#444654] gizmo:dark:bg-transparent\" data-testid=\"conversation-turn-19\">\n<div class=\"p-4 gizmo:py-2 justify-center text-base md:gap-6 md:py-6 m-auto\">\n<div class=\"flex flex-1 gap-4 text-base mx-auto md:gap-6 gizmo:gap-3 gizmo:md:px-5 gizmo:lg:px-1 gizmo:xl:px-5 md:max-w-2xl lg:max-w-[38rem] gizmo:md:max-w-3xl gizmo:lg:max-w-[40rem] gizmo:xl:max-w-[48rem] xl:max-w-3xl } group final-completion\">\n<div class=\"relative flex w-[calc(100%-50px)] flex-col gizmo:w-full lg:w-[calc(100%-115px)] agent-turn\">\n<div class=\"flex-col gap-1 md:gap-3\">\n<div class=\"flex flex-grow flex-col max-w-full gap-3 gizmo:gap-0\">\n<div class=\"min-h-[20px] text-message flex flex-col items-start gap-3 whitespace-pre-wrap break-words [.text-message+&amp;]:mt-5 overflow-x-auto\" data-message-author-role=\"assistant\" data-message-id=\"a0975969-30ad-4152-84a4-18ed0a601a3d\">\n<div class=\"markdown prose w-full break-words dark:prose-invert light\">\n<p>Leather &amp; Vinyl Repair Kit \u2013 Reparaturset f\u00fcr Leder\/Kunstleder<\/p>\n<\/div>\n<\/div>\n<\/div>\n<\/div>\n<\/div>\n<\/div>\n<\/div>\n<\/div>\n<\/div>\n<\/div>\n<\/div>\n<\/div>\n","protected":false},"featured_media":121604,"template":"","meta":{"_acf_changed":false},"product_brand":[],"product_cat":[325],"product_tag":[],"class_list":{"0":"post-119929","1":"product","2":"type-product","3":"status-publish","4":"has-post-thumbnail","6":"product_cat-renovierung-von-leder","8":"first","9":"instock","10":"taxable","11":"shipping-taxable","12":"purchasable","13":"product-type-simple"},"acf":[],"yoast_head":"<!-- This site is optimized with the Yoast SEO plugin v23.6 - https:\/\/yoast.com\/wordpress\/plugins\/seo\/ -->\n<title>Leather Spot Remover Kit \u2013 Fleckenentfernungset f\u00fcr Leder - Leathermed<\/title>\n<meta name=\"robots\" content=\"index, follow, max-snippet:-1, max-image-preview:large, max-video-preview:-1\" \/>\n<link rel=\"canonical\" href=\"https:\/\/leathermed.pl\/e-sklep\/zestaw-do-naprawy-uszkodzen-skory\/\" \/>\n<meta property=\"og:locale\" content=\"de_DE\" \/>\n<meta property=\"og:type\" content=\"article\" \/>\n<meta property=\"og:title\" content=\"Leather Spot Remover Kit \u2013 Fleckenentfernungset f\u00fcr Leder - Leathermed\" \/>\n<meta property=\"og:description\" content=\"Leather &amp; Vinyl Repair Kit \u2013 Reparaturset f\u00fcr Leder\/Kunstleder\" \/>\n<meta property=\"og:url\" content=\"https:\/\/leathermed.pl\/e-sklep\/zestaw-do-naprawy-uszkodzen-skory\/\" \/>\n<meta property=\"og:site_name\" content=\"Leathermed\" \/>\n<meta property=\"article:publisher\" content=\"https:\/\/www.facebook.com\/p\/Leathermed-61557229173629\/\" \/>\n<meta property=\"article:modified_time\" content=\"2023-12-06T09:12:07+00:00\" \/>\n<meta property=\"og:image\" content=\"https:\/\/leathermed.pl\/wp-content\/uploads\/2023\/10\/Leather-Vinyl-Repair-Kit-Zestaw.png\" \/>\n\t<meta property=\"og:image:width\" content=\"600\" \/>\n\t<meta property=\"og:image:height\" content=\"600\" \/>\n\t<meta property=\"og:image:type\" content=\"image\/png\" \/>\n<meta name=\"twitter:card\" content=\"summary_large_image\" \/>\n<meta name=\"twitter:label1\" content=\"Gesch\u00e4tzte Lesezeit\" \/>\n\t<meta name=\"twitter:data1\" content=\"4\u00a0Minuten\" \/>\n<script type=\"application\/ld+json\" class=\"yoast-schema-graph\">{\"@context\":\"https:\/\/schema.org\",\"@graph\":[{\"@type\":\"WebPage\",\"@id\":\"https:\/\/leathermed.pl\/e-sklep\/zestaw-do-naprawy-uszkodzen-skory\/\",\"url\":\"https:\/\/leathermed.pl\/e-sklep\/zestaw-do-naprawy-uszkodzen-skory\/\",\"name\":\"Leather Spot Remover Kit \u2013 Fleckenentfernungset f\u00fcr Leder - Leathermed\",\"isPartOf\":{\"@id\":\"https:\/\/leathermed.pl\/#website\"},\"primaryImageOfPage\":{\"@id\":\"https:\/\/leathermed.pl\/e-sklep\/zestaw-do-naprawy-uszkodzen-skory\/#primaryimage\"},\"image\":{\"@id\":\"https:\/\/leathermed.pl\/e-sklep\/zestaw-do-naprawy-uszkodzen-skory\/#primaryimage\"},\"thumbnailUrl\":\"https:\/\/leathermed.pl\/wp-content\/uploads\/2023\/10\/Leather-Vinyl-Repair-Kit-Zestaw.png\",\"datePublished\":\"2023-10-10T11:20:30+00:00\",\"dateModified\":\"2023-12-06T09:12:07+00:00\",\"breadcrumb\":{\"@id\":\"https:\/\/leathermed.pl\/e-sklep\/zestaw-do-naprawy-uszkodzen-skory\/#breadcrumb\"},\"inLanguage\":\"de\",\"potentialAction\":[{\"@type\":\"ReadAction\",\"target\":[\"https:\/\/leathermed.pl\/e-sklep\/zestaw-do-naprawy-uszkodzen-skory\/\"]}]},{\"@type\":\"ImageObject\",\"inLanguage\":\"de\",\"@id\":\"https:\/\/leathermed.pl\/e-sklep\/zestaw-do-naprawy-uszkodzen-skory\/#primaryimage\",\"url\":\"https:\/\/leathermed.pl\/wp-content\/uploads\/2023\/10\/Leather-Vinyl-Repair-Kit-Zestaw.png\",\"contentUrl\":\"https:\/\/leathermed.pl\/wp-content\/uploads\/2023\/10\/Leather-Vinyl-Repair-Kit-Zestaw.png\",\"width\":600,\"height\":600,\"caption\":\"Leather & Vinyl Repair Kit\"},{\"@type\":\"BreadcrumbList\",\"@id\":\"https:\/\/leathermed.pl\/e-sklep\/zestaw-do-naprawy-uszkodzen-skory\/#breadcrumb\",\"itemListElement\":[{\"@type\":\"ListItem\",\"position\":1,\"name\":\"Strona g\u0142\u00f3wna\",\"item\":\"https:\/\/leathermed.pl\/de\/\"},{\"@type\":\"ListItem\",\"position\":2,\"name\":\"E-sklep\",\"item\":\"https:\/\/leathermed.pl\/e-sklep\/\"},{\"@type\":\"ListItem\",\"position\":3,\"name\":\"Leather Spot Remover Kit \u2013 Fleckenentfernungset f\u00fcr Leder\"}]},{\"@type\":\"WebSite\",\"@id\":\"https:\/\/leathermed.pl\/#website\",\"url\":\"https:\/\/leathermed.pl\/\",\"name\":\"Leathermed\",\"description\":\"\",\"publisher\":{\"@id\":\"https:\/\/leathermed.pl\/#organization\"},\"potentialAction\":[{\"@type\":\"SearchAction\",\"target\":{\"@type\":\"EntryPoint\",\"urlTemplate\":\"https:\/\/leathermed.pl\/?s={search_term_string}\"},\"query-input\":{\"@type\":\"PropertyValueSpecification\",\"valueRequired\":true,\"valueName\":\"search_term_string\"}}],\"inLanguage\":\"de\"},{\"@type\":\"Organization\",\"@id\":\"https:\/\/leathermed.pl\/#organization\",\"name\":\"Leathermed\",\"url\":\"https:\/\/leathermed.pl\/\",\"logo\":{\"@type\":\"ImageObject\",\"inLanguage\":\"de\",\"@id\":\"https:\/\/leathermed.pl\/#\/schema\/logo\/image\/\",\"url\":\"https:\/\/leathermed.pl\/wp-content\/uploads\/2023\/10\/Logo_Easy-Resize.com_.jpg\",\"contentUrl\":\"https:\/\/leathermed.pl\/wp-content\/uploads\/2023\/10\/Logo_Easy-Resize.com_.jpg\",\"width\":787,\"height\":600,\"caption\":\"Leathermed\"},\"image\":{\"@id\":\"https:\/\/leathermed.pl\/#\/schema\/logo\/image\/\"},\"sameAs\":[\"https:\/\/www.facebook.com\/p\/Leathermed-61557229173629\/\"]}]}<\/script>\n<!-- \/ Yoast SEO plugin. -->","yoast_head_json":{"title":"Leather Spot Remover Kit \u2013 Fleckenentfernungset f\u00fcr Leder - Leathermed","robots":{"index":"index","follow":"follow","max-snippet":"max-snippet:-1","max-image-preview":"max-image-preview:large","max-video-preview":"max-video-preview:-1"},"canonical":"https:\/\/leathermed.pl\/e-sklep\/zestaw-do-naprawy-uszkodzen-skory\/","og_locale":"de_DE","og_type":"article","og_title":"Leather Spot Remover Kit \u2013 Fleckenentfernungset f\u00fcr Leder - Leathermed","og_description":"Leather &amp; Vinyl Repair Kit \u2013 Reparaturset f\u00fcr Leder\/Kunstleder","og_url":"https:\/\/leathermed.pl\/e-sklep\/zestaw-do-naprawy-uszkodzen-skory\/","og_site_name":"Leathermed","article_publisher":"https:\/\/www.facebook.com\/p\/Leathermed-61557229173629\/","article_modified_time":"2023-12-06T09:12:07+00:00","og_image":[{"width":600,"height":600,"url":"https:\/\/leathermed.pl\/wp-content\/uploads\/2023\/10\/Leather-Vinyl-Repair-Kit-Zestaw.png","type":"image\/png"}],"twitter_card":"summary_large_image","twitter_misc":{"Gesch\u00e4tzte Lesezeit":"4\u00a0Minuten"},"schema":{"@context":"https:\/\/schema.org","@graph":[{"@type":"WebPage","@id":"https:\/\/leathermed.pl\/e-sklep\/zestaw-do-naprawy-uszkodzen-skory\/","url":"https:\/\/leathermed.pl\/e-sklep\/zestaw-do-naprawy-uszkodzen-skory\/","name":"Leather Spot Remover Kit \u2013 Fleckenentfernungset f\u00fcr Leder - Leathermed","isPartOf":{"@id":"https:\/\/leathermed.pl\/#website"},"primaryImageOfPage":{"@id":"https:\/\/leathermed.pl\/e-sklep\/zestaw-do-naprawy-uszkodzen-skory\/#primaryimage"},"image":{"@id":"https:\/\/leathermed.pl\/e-sklep\/zestaw-do-naprawy-uszkodzen-skory\/#primaryimage"},"thumbnailUrl":"https:\/\/leathermed.pl\/wp-content\/uploads\/2023\/10\/Leather-Vinyl-Repair-Kit-Zestaw.png","datePublished":"2023-10-10T11:20:30+00:00","dateModified":"2023-12-06T09:12:07+00:00","breadcrumb":{"@id":"https:\/\/leathermed.pl\/e-sklep\/zestaw-do-naprawy-uszkodzen-skory\/#breadcrumb"},"inLanguage":"de","potentialAction":[{"@type":"ReadAction","target":["https:\/\/leathermed.pl\/e-sklep\/zestaw-do-naprawy-uszkodzen-skory\/"]}]},{"@type":"ImageObject","inLanguage":"de","@id":"https:\/\/leathermed.pl\/e-sklep\/zestaw-do-naprawy-uszkodzen-skory\/#primaryimage","url":"https:\/\/leathermed.pl\/wp-content\/uploads\/2023\/10\/Leather-Vinyl-Repair-Kit-Zestaw.png","contentUrl":"https:\/\/leathermed.pl\/wp-content\/uploads\/2023\/10\/Leather-Vinyl-Repair-Kit-Zestaw.png","width":600,"height":600,"caption":"Leather & Vinyl Repair Kit"},{"@type":"BreadcrumbList","@id":"https:\/\/leathermed.pl\/e-sklep\/zestaw-do-naprawy-uszkodzen-skory\/#breadcrumb","itemListElement":[{"@type":"ListItem","position":1,"name":"Strona g\u0142\u00f3wna","item":"https:\/\/leathermed.pl\/de\/"},{"@type":"ListItem","position":2,"name":"E-sklep","item":"https:\/\/leathermed.pl\/e-sklep\/"},{"@type":"ListItem","position":3,"name":"Leather Spot Remover Kit \u2013 Fleckenentfernungset f\u00fcr Leder"}]},{"@type":"WebSite","@id":"https:\/\/leathermed.pl\/#website","url":"https:\/\/leathermed.pl\/","name":"Leathermed","description":"","publisher":{"@id":"https:\/\/leathermed.pl\/#organization"},"potentialAction":[{"@type":"SearchAction","target":{"@type":"EntryPoint","urlTemplate":"https:\/\/leathermed.pl\/?s={search_term_string}"},"query-input":{"@type":"PropertyValueSpecification","valueRequired":true,"valueName":"search_term_string"}}],"inLanguage":"de"},{"@type":"Organization","@id":"https:\/\/leathermed.pl\/#organization","name":"Leathermed","url":"https:\/\/leathermed.pl\/","logo":{"@type":"ImageObject","inLanguage":"de","@id":"https:\/\/leathermed.pl\/#\/schema\/logo\/image\/","url":"https:\/\/leathermed.pl\/wp-content\/uploads\/2023\/10\/Logo_Easy-Resize.com_.jpg","contentUrl":"https:\/\/leathermed.pl\/wp-content\/uploads\/2023\/10\/Logo_Easy-Resize.com_.jpg","width":787,"height":600,"caption":"Leathermed"},"image":{"@id":"https:\/\/leathermed.pl\/#\/schema\/logo\/image\/"},"sameAs":["https:\/\/www.facebook.com\/p\/Leathermed-61557229173629\/"]}]}},"_links":{"self":[{"href":"https:\/\/leathermed.pl\/de\/wp-json\/wp\/v2\/product\/119929","targetHints":{"allow":["GET"]}}],"collection":[{"href":"https:\/\/leathermed.pl\/de\/wp-json\/wp\/v2\/product"}],"about":[{"href":"https:\/\/leathermed.pl\/de\/wp-json\/wp\/v2\/types\/product"}],"wp:featuredmedia":[{"embeddable":true,"href":"https:\/\/leathermed.pl\/de\/wp-json\/wp\/v2\/media\/121604"}],"wp:attachment":[{"href":"https:\/\/leathermed.pl\/de\/wp-json\/wp\/v2\/media?parent=119929"}],"wp:term":[{"taxonomy":"product_brand","embeddable":true,"href":"https:\/\/leathermed.pl\/de\/wp-json\/wp\/v2\/product_brand?post=119929"},{"taxonomy":"product_cat","embeddable":true,"href":"https:\/\/leathermed.pl\/de\/wp-json\/wp\/v2\/product_cat?post=119929"},{"taxonomy":"product_tag","embeddable":true,"href":"https:\/\/leathermed.pl\/de\/wp-json\/wp\/v2\/product_tag?post=119929"}],"curies":[{"name":"wp","href":"https:\/\/api.w.org\/{rel}","templated":true}]}}