{"id":119927,"date":"2023-10-10T13:20:36","date_gmt":"2023-10-10T11:20:36","guid":{"rendered":"https:\/\/leathermed.pl\/sklep\/zestaw-do-usuwania-przebarwien\/"},"modified":"2023-11-26T00:15:49","modified_gmt":"2023-11-25T23:15:49","slug":"zestaw-do-usuwania-przebarwien","status":"publish","type":"product","link":"https:\/\/leathermed.pl\/de\/e-sklep\/zestaw-do-usuwania-przebarwien\/","title":{"rendered":"Leather Spot Remover Kit &#8211; Kit zur Fleckenentfernung von Leder"},"content":{"rendered":"<h2><b>Leather Colour Matching Repair Kit \u2013 Zebra Reparaturset f\u00fcr Leder\/Kunstleder mit Farbanpassung<\/b><\/h2>\n<p>Leather Colour Matching Repair Kit \u2013 vollst\u00e4ndiges Set zur Reparatur von Leder\/Kunstleder. Ausgestattet mit allen notwendigen Produkten und Zubeh\u00f6rteilen, um die Reparatur ordnungsgem\u00e4\u00df durchzuf\u00fchren. Das Set enth\u00e4lt auch die Grundfarbe und Pigmente, mit denen Sie die Farbe an Ihr Leder anpassen k\u00f6nnen. Mit den beigef\u00fcgten Leather Top Finish Lacken verleihen Sie der Beschichtung m\u00fchelos den gew\u00fcnschten Glanz, und die Reparatur wird unsichtbar.<\/p>\n<h3><b>Inhalt:<\/b><\/h3>\n<ul>\n<li>\u2714\ufe0f Leather Grease Remover 30 ml<\/li>\n<li>\u2714\ufe0f Leather Strong Glue 30 ml<\/li>\n<li>\u2714\ufe0f Leather Filler Paste 25 ml<\/li>\n<li>\u2714\ufe0f Leather Pro Coloutant 50 ml<\/li>\n<li>\u2714\ufe0f 5 x 10 ml \u2013 Pigmente zur Farbanpassung<\/li>\n<li>\u2714\ufe0f Leather Top Finish MAT 30 ml<\/li>\n<li>\u2714\ufe0f Leather Top Finish GLANZ 30 ml<\/li>\n<li>\u2714\ufe0f Leinwand zum Aufkleben<\/li>\n<li>\u2714\ufe0f Spachtelapplikator<\/li>\n<li>\u2714\ufe0f Schleifpapier auf Schwamm<\/li>\n<li>\u2714\ufe0f Mischbecher<\/li>\n<li>\u2714\ufe0f R\u00fchrstab<\/li>\n<li>\u2714\ufe0f 2 x Schwamm<\/li>\n<li>\u2714\ufe0f Mikrofasertuch<\/li>\n<li>\u2714\ufe0f Gebrauchsanleitung<\/li>\n<\/ul>\n<p><b>Leather Grease Remover<\/b> &#8211; Mittel zur Entfettung von Leder vor der Erg\u00e4nzung von Defekten und Malerei. Die Verwendung ist entscheidend f\u00fcr die Haftung von F\u00fcllmitteln und Farben auf dem Leder. Tragen Sie das Mittel auf ein Baumwolltuch oder ein Mikrofasertuch auf und verwenden Sie es zur Entfettung der Oberfl\u00e4che.<\/p>\n<p><b>Leather Strong Glue<\/b> &#8211; Sehr flexibler Kleber f\u00fcr Leder, dessen Basis auf wasserbasiertem Polyurethan beruht. Das Produkt zeichnet sich durch eine sehr hohe Klebekraft aus und ist sehr effizient. Kleben Sie das Leder von der Innenseite, indem Sie es miteinander verweben. Tragen Sie eine d\u00fcnne Schicht des Produkts auf die zu klebenden Oberfl\u00e4chen auf. Bei gr\u00f6\u00dferen Sch\u00e4den verwenden Sie d\u00fcnnere Leinwand oder d\u00fcnnere Haut, um die geklebte Fl\u00e4che zu verst\u00e4rken.<\/p>\n<p><b>Leather Filler Paste<\/b> &#8211; Lederf\u00fcllspachtel ist ein modernes Produkt, das sich ideal zur Reparatur von Leder oder Kunstleder eignet. Das Produkt wird empfohlen, um Defekte wie L\u00f6cher, Kratzer, Schnitte, Risse und tiefe Falten zu f\u00fcllen. Tragen Sie Leather Filler Paste mit einem Spachtel oder Applikator auf das trockene Leder\/Kunstleder auf. Bei tieferen Defekten schichten Sie ihn schrittweise auf, indem Sie d\u00fcnnere Schichten auftragen. Trocknen Sie jede Schicht gut aus, nachdem Sie sie aufgetragen haben.<\/p>\n<p><b>Leather Pro Colourant<\/b> &#8211; Moderner, deckender Lederpro-Farbstoff ist ein praktisches, gebrauchsfertiges Produkt auf Wasserbasis &#8211; ideal zum Wiederherstellen und Einf\u00e4rben von Lederartikeln (sowohl aus echtem Leder als auch aus Kunstleder).<\/p>\n<h3><b>Warum unser Produkt w\u00e4hlen?<\/b><\/h3>\n<ul>\n<li><b>\u27a1\ufe0f Haltbarkeit<\/b> \u2013 Das Set mit Inhaltsstoffen und Zubeh\u00f6r erm\u00f6glicht Ihnen eine ordnungsgem\u00e4\u00dfe Renovierung<\/li>\n<li><b>\u27a1\ufe0f Vielseitigkeit<\/b> \u2013 Das Set eignet sich auch zur Renovierung von Ledersitzen im Auto, M\u00f6beln aus Leder, Lederwaren und Handtaschen<\/li>\n<li><b>\u27a1\ufe0f \u00c4sthetik<\/b> \u2013 Die Produkte sind in einer eleganten Box verpackt und eignen sich hervorragend als Geschenk<\/li>\n<\/ul>\n<p><b>W\u00e4hlen Sie die Farbe f\u00fcr Ihr Leder entsprechend den Anweisungen aus.<\/b><\/p>\n<p>Tragen Sie die erste Schicht des Produkts mit einem Schwamm auf &#8211; achten Sie darauf, die Farbe in kreisenden Bewegungen zu verteilen. <b>Warten Sie, bis die erste Schicht gr\u00fcndlich trocken ist.<\/b> Sie k\u00f6nnen den Trocknungsprozess beschleunigen, indem Sie einen Haartrockner verwenden. Es ist wichtig, dass jede Farbschicht gr\u00fcndlich getrocknet ist, bevor Sie die n\u00e4chste auftragen. Tragen Sie die verbleibenden Schichten mit einem Schwamm auf &#8211; achten Sie darauf, dass die Schichten d\u00fcnn und \u00e4sthetisch sind.<\/p>\n<p><b>Leather Top Finish<\/b> &#8211; Klarer Polyurethan-Finishlack f\u00fcr Leder. Sch\u00fctzt das Leder vor Reibung, Feuchtigkeit, hoher Temperatur und Witterungseinfl\u00fcssen.<\/p>\n<p>Passen Sie den Glanzgrad an Ihr Leder entsprechend den Anweisungen an.<\/p>\n<p>Tragen Sie auf die trockene bemalte Oberfl\u00e4che von Leder\/Kunstleder eine d\u00fcnne Schicht des Produkts mit einer Spritzpistole, einem Airbrush oder einem Schwamm auf. Tragen Sie 3 oder 4 d\u00fcnnere Schichten<\/p>\n","protected":false},"excerpt":{"rendered":"<p class=\"western\" align=\"justify\"><span lang=\"en-US\">Leather Spot Remover Kit \u2013 Fleckenentfernungset f\u00fcr Leder<\/span><\/p>\n","protected":false},"featured_media":121600,"template":"","meta":{"_acf_changed":false},"product_brand":[],"product_cat":[325],"product_tag":[],"class_list":{"0":"post-119927","1":"product","2":"type-product","3":"status-publish","4":"has-post-thumbnail","6":"product_cat-renovierung-von-leder","8":"first","9":"instock","10":"taxable","11":"shipping-taxable","12":"purchasable","13":"product-type-simple"},"acf":[],"yoast_head":"<!-- This site is optimized with the Yoast SEO plugin v23.6 - https:\/\/yoast.com\/wordpress\/plugins\/seo\/ -->\n<title>Leather Spot Remover Kit - Kit zur Fleckenentfernung von Leder - Leathermed<\/title>\n<meta name=\"robots\" content=\"index, follow, max-snippet:-1, max-image-preview:large, max-video-preview:-1\" \/>\n<link rel=\"canonical\" href=\"https:\/\/leathermed.pl\/e-sklep\/zestaw-do-wywabiania-plam-ze-skory\/\" \/>\n<meta property=\"og:locale\" content=\"de_DE\" \/>\n<meta property=\"og:type\" content=\"article\" \/>\n<meta property=\"og:title\" content=\"Leather Spot Remover Kit - Kit zur Fleckenentfernung von Leder - Leathermed\" \/>\n<meta property=\"og:description\" content=\"Leather Spot Remover Kit \u2013 Fleckenentfernungset f\u00fcr Leder\" \/>\n<meta property=\"og:url\" content=\"https:\/\/leathermed.pl\/e-sklep\/zestaw-do-wywabiania-plam-ze-skory\/\" \/>\n<meta property=\"og:site_name\" content=\"Leathermed\" \/>\n<meta property=\"article:publisher\" content=\"https:\/\/www.facebook.com\/p\/Leathermed-61557229173629\/\" \/>\n<meta property=\"article:modified_time\" content=\"2023-11-25T23:15:49+00:00\" \/>\n<meta property=\"og:image\" content=\"https:\/\/leathermed.pl\/wp-content\/uploads\/2023\/10\/2x50ml-Leather-Spot-Remover-Kit-Zestaw.png\" \/>\n\t<meta property=\"og:image:width\" content=\"600\" \/>\n\t<meta property=\"og:image:height\" content=\"600\" \/>\n\t<meta property=\"og:image:type\" content=\"image\/png\" \/>\n<meta name=\"twitter:card\" content=\"summary_large_image\" \/>\n<meta name=\"twitter:label1\" content=\"Gesch\u00e4tzte Lesezeit\" \/>\n\t<meta name=\"twitter:data1\" content=\"3\u00a0Minuten\" \/>\n<script type=\"application\/ld+json\" class=\"yoast-schema-graph\">{\"@context\":\"https:\/\/schema.org\",\"@graph\":[{\"@type\":\"WebPage\",\"@id\":\"https:\/\/leathermed.pl\/e-sklep\/zestaw-do-wywabiania-plam-ze-skory\/\",\"url\":\"https:\/\/leathermed.pl\/e-sklep\/zestaw-do-wywabiania-plam-ze-skory\/\",\"name\":\"Leather Spot Remover Kit - Kit zur Fleckenentfernung von Leder - Leathermed\",\"isPartOf\":{\"@id\":\"https:\/\/leathermed.pl\/#website\"},\"primaryImageOfPage\":{\"@id\":\"https:\/\/leathermed.pl\/e-sklep\/zestaw-do-wywabiania-plam-ze-skory\/#primaryimage\"},\"image\":{\"@id\":\"https:\/\/leathermed.pl\/e-sklep\/zestaw-do-wywabiania-plam-ze-skory\/#primaryimage\"},\"thumbnailUrl\":\"https:\/\/leathermed.pl\/wp-content\/uploads\/2023\/10\/2x50ml-Leather-Spot-Remover-Kit-Zestaw.png\",\"datePublished\":\"2023-10-10T11:20:36+00:00\",\"dateModified\":\"2023-11-25T23:15:49+00:00\",\"breadcrumb\":{\"@id\":\"https:\/\/leathermed.pl\/e-sklep\/zestaw-do-wywabiania-plam-ze-skory\/#breadcrumb\"},\"inLanguage\":\"de\",\"potentialAction\":[{\"@type\":\"ReadAction\",\"target\":[\"https:\/\/leathermed.pl\/e-sklep\/zestaw-do-wywabiania-plam-ze-skory\/\"]}]},{\"@type\":\"ImageObject\",\"inLanguage\":\"de\",\"@id\":\"https:\/\/leathermed.pl\/e-sklep\/zestaw-do-wywabiania-plam-ze-skory\/#primaryimage\",\"url\":\"https:\/\/leathermed.pl\/wp-content\/uploads\/2023\/10\/2x50ml-Leather-Spot-Remover-Kit-Zestaw.png\",\"contentUrl\":\"https:\/\/leathermed.pl\/wp-content\/uploads\/2023\/10\/2x50ml-Leather-Spot-Remover-Kit-Zestaw.png\",\"width\":600,\"height\":600,\"caption\":\"Zestaw do wywabiania plam ze sk\u00f3ry\"},{\"@type\":\"BreadcrumbList\",\"@id\":\"https:\/\/leathermed.pl\/e-sklep\/zestaw-do-wywabiania-plam-ze-skory\/#breadcrumb\",\"itemListElement\":[{\"@type\":\"ListItem\",\"position\":1,\"name\":\"Strona g\u0142\u00f3wna\",\"item\":\"https:\/\/leathermed.pl\/de\/\"},{\"@type\":\"ListItem\",\"position\":2,\"name\":\"E-sklep\",\"item\":\"https:\/\/leathermed.pl\/e-sklep\/\"},{\"@type\":\"ListItem\",\"position\":3,\"name\":\"Leather Spot Remover Kit &#8211; Kit zur Fleckenentfernung von Leder\"}]},{\"@type\":\"WebSite\",\"@id\":\"https:\/\/leathermed.pl\/#website\",\"url\":\"https:\/\/leathermed.pl\/\",\"name\":\"Leathermed\",\"description\":\"\",\"publisher\":{\"@id\":\"https:\/\/leathermed.pl\/#organization\"},\"potentialAction\":[{\"@type\":\"SearchAction\",\"target\":{\"@type\":\"EntryPoint\",\"urlTemplate\":\"https:\/\/leathermed.pl\/?s={search_term_string}\"},\"query-input\":{\"@type\":\"PropertyValueSpecification\",\"valueRequired\":true,\"valueName\":\"search_term_string\"}}],\"inLanguage\":\"de\"},{\"@type\":\"Organization\",\"@id\":\"https:\/\/leathermed.pl\/#organization\",\"name\":\"Leathermed\",\"url\":\"https:\/\/leathermed.pl\/\",\"logo\":{\"@type\":\"ImageObject\",\"inLanguage\":\"de\",\"@id\":\"https:\/\/leathermed.pl\/#\/schema\/logo\/image\/\",\"url\":\"https:\/\/leathermed.pl\/wp-content\/uploads\/2023\/10\/Logo_Easy-Resize.com_.jpg\",\"contentUrl\":\"https:\/\/leathermed.pl\/wp-content\/uploads\/2023\/10\/Logo_Easy-Resize.com_.jpg\",\"width\":787,\"height\":600,\"caption\":\"Leathermed\"},\"image\":{\"@id\":\"https:\/\/leathermed.pl\/#\/schema\/logo\/image\/\"},\"sameAs\":[\"https:\/\/www.facebook.com\/p\/Leathermed-61557229173629\/\"]}]}<\/script>\n<!-- \/ Yoast SEO plugin. -->","yoast_head_json":{"title":"Leather Spot Remover Kit - Kit zur Fleckenentfernung von Leder - Leathermed","robots":{"index":"index","follow":"follow","max-snippet":"max-snippet:-1","max-image-preview":"max-image-preview:large","max-video-preview":"max-video-preview:-1"},"canonical":"https:\/\/leathermed.pl\/e-sklep\/zestaw-do-wywabiania-plam-ze-skory\/","og_locale":"de_DE","og_type":"article","og_title":"Leather Spot Remover Kit - Kit zur Fleckenentfernung von Leder - Leathermed","og_description":"Leather Spot Remover Kit \u2013 Fleckenentfernungset f\u00fcr Leder","og_url":"https:\/\/leathermed.pl\/e-sklep\/zestaw-do-wywabiania-plam-ze-skory\/","og_site_name":"Leathermed","article_publisher":"https:\/\/www.facebook.com\/p\/Leathermed-61557229173629\/","article_modified_time":"2023-11-25T23:15:49+00:00","og_image":[{"width":600,"height":600,"url":"https:\/\/leathermed.pl\/wp-content\/uploads\/2023\/10\/2x50ml-Leather-Spot-Remover-Kit-Zestaw.png","type":"image\/png"}],"twitter_card":"summary_large_image","twitter_misc":{"Gesch\u00e4tzte Lesezeit":"3\u00a0Minuten"},"schema":{"@context":"https:\/\/schema.org","@graph":[{"@type":"WebPage","@id":"https:\/\/leathermed.pl\/e-sklep\/zestaw-do-wywabiania-plam-ze-skory\/","url":"https:\/\/leathermed.pl\/e-sklep\/zestaw-do-wywabiania-plam-ze-skory\/","name":"Leather Spot Remover Kit - Kit zur Fleckenentfernung von Leder - Leathermed","isPartOf":{"@id":"https:\/\/leathermed.pl\/#website"},"primaryImageOfPage":{"@id":"https:\/\/leathermed.pl\/e-sklep\/zestaw-do-wywabiania-plam-ze-skory\/#primaryimage"},"image":{"@id":"https:\/\/leathermed.pl\/e-sklep\/zestaw-do-wywabiania-plam-ze-skory\/#primaryimage"},"thumbnailUrl":"https:\/\/leathermed.pl\/wp-content\/uploads\/2023\/10\/2x50ml-Leather-Spot-Remover-Kit-Zestaw.png","datePublished":"2023-10-10T11:20:36+00:00","dateModified":"2023-11-25T23:15:49+00:00","breadcrumb":{"@id":"https:\/\/leathermed.pl\/e-sklep\/zestaw-do-wywabiania-plam-ze-skory\/#breadcrumb"},"inLanguage":"de","potentialAction":[{"@type":"ReadAction","target":["https:\/\/leathermed.pl\/e-sklep\/zestaw-do-wywabiania-plam-ze-skory\/"]}]},{"@type":"ImageObject","inLanguage":"de","@id":"https:\/\/leathermed.pl\/e-sklep\/zestaw-do-wywabiania-plam-ze-skory\/#primaryimage","url":"https:\/\/leathermed.pl\/wp-content\/uploads\/2023\/10\/2x50ml-Leather-Spot-Remover-Kit-Zestaw.png","contentUrl":"https:\/\/leathermed.pl\/wp-content\/uploads\/2023\/10\/2x50ml-Leather-Spot-Remover-Kit-Zestaw.png","width":600,"height":600,"caption":"Zestaw do wywabiania plam ze sk\u00f3ry"},{"@type":"BreadcrumbList","@id":"https:\/\/leathermed.pl\/e-sklep\/zestaw-do-wywabiania-plam-ze-skory\/#breadcrumb","itemListElement":[{"@type":"ListItem","position":1,"name":"Strona g\u0142\u00f3wna","item":"https:\/\/leathermed.pl\/de\/"},{"@type":"ListItem","position":2,"name":"E-sklep","item":"https:\/\/leathermed.pl\/e-sklep\/"},{"@type":"ListItem","position":3,"name":"Leather Spot Remover Kit &#8211; Kit zur Fleckenentfernung von Leder"}]},{"@type":"WebSite","@id":"https:\/\/leathermed.pl\/#website","url":"https:\/\/leathermed.pl\/","name":"Leathermed","description":"","publisher":{"@id":"https:\/\/leathermed.pl\/#organization"},"potentialAction":[{"@type":"SearchAction","target":{"@type":"EntryPoint","urlTemplate":"https:\/\/leathermed.pl\/?s={search_term_string}"},"query-input":{"@type":"PropertyValueSpecification","valueRequired":true,"valueName":"search_term_string"}}],"inLanguage":"de"},{"@type":"Organization","@id":"https:\/\/leathermed.pl\/#organization","name":"Leathermed","url":"https:\/\/leathermed.pl\/","logo":{"@type":"ImageObject","inLanguage":"de","@id":"https:\/\/leathermed.pl\/#\/schema\/logo\/image\/","url":"https:\/\/leathermed.pl\/wp-content\/uploads\/2023\/10\/Logo_Easy-Resize.com_.jpg","contentUrl":"https:\/\/leathermed.pl\/wp-content\/uploads\/2023\/10\/Logo_Easy-Resize.com_.jpg","width":787,"height":600,"caption":"Leathermed"},"image":{"@id":"https:\/\/leathermed.pl\/#\/schema\/logo\/image\/"},"sameAs":["https:\/\/www.facebook.com\/p\/Leathermed-61557229173629\/"]}]}},"_links":{"self":[{"href":"https:\/\/leathermed.pl\/de\/wp-json\/wp\/v2\/product\/119927","targetHints":{"allow":["GET"]}}],"collection":[{"href":"https:\/\/leathermed.pl\/de\/wp-json\/wp\/v2\/product"}],"about":[{"href":"https:\/\/leathermed.pl\/de\/wp-json\/wp\/v2\/types\/product"}],"wp:featuredmedia":[{"embeddable":true,"href":"https:\/\/leathermed.pl\/de\/wp-json\/wp\/v2\/media\/121600"}],"wp:attachment":[{"href":"https:\/\/leathermed.pl\/de\/wp-json\/wp\/v2\/media?parent=119927"}],"wp:term":[{"taxonomy":"product_brand","embeddable":true,"href":"https:\/\/leathermed.pl\/de\/wp-json\/wp\/v2\/product_brand?post=119927"},{"taxonomy":"product_cat","embeddable":true,"href":"https:\/\/leathermed.pl\/de\/wp-json\/wp\/v2\/product_cat?post=119927"},{"taxonomy":"product_tag","embeddable":true,"href":"https:\/\/leathermed.pl\/de\/wp-json\/wp\/v2\/product_tag?post=119927"}],"curies":[{"name":"wp","href":"https:\/\/api.w.org\/{rel}","templated":true}]}}