{"id":119919,"date":"2023-10-10T15:17:48","date_gmt":"2023-10-10T13:17:48","guid":{"rendered":"https:\/\/leathermed.pl\/sklep\/leather-primer-2\/"},"modified":"2023-12-01T21:47:51","modified_gmt":"2023-12-01T20:47:51","slug":"leather-primer-2","status":"publish","type":"product","link":"https:\/\/leathermed.pl\/de\/e-sklep\/leather-primer-2\/","title":{"rendered":"Leather Primer &#8211; Haftvermittler f\u00fcr Leder"},"content":{"rendered":"<h2>Leather Primer &#8211; Produkt zur Verbesserung der Farbbindung auf Leder und Vinyl.<\/h2>\n<p class=\"western\" align=\"justify\"><span style=\"font-size: medium;\"><strong>Leather Primer<\/strong> ist ein Mittel, das die Farbbindung auf Leder und Kunstleder verbessert. Nach Anwendung des Produkts entsteht eine Mikroschicht, die die Haftung der Farbe Leather Pro Colourant erh\u00f6ht. <\/span><\/p>\n<p class=\"western\" align=\"justify\"><span style=\"font-size: medium;\"><strong>Leather Primer<\/strong> ver\u00e4ndert nicht die Eigenschaften des Leders. Nach dem Malen bleibt das Leder weich und elastisch, und die Reparatur ist viel dauerhafter und entspricht den Prinzipien der Restaurierungskunst.<\/span><\/p>\n<h3 class=\"western\" align=\"justify\"><span style=\"font-size: medium;\">Warum unser Produkt w\u00e4hlen? <\/span><\/h3>\n<ul>\n<li class=\"western\"><span style=\"font-size: medium;\"><b>\ud83d\udc49Wirksamkeit \u2013 <\/b><\/span><span style=\"font-size: medium;\">die Verwendung des Haftvermittlers bewirkt, dass die Farbstoffe in der Farbe viel besser auf der Oberfl\u00e4che von Leder oder Kunstleder haften<\/span><\/li>\n<li class=\"western\"><span style=\"font-size: medium;\"><b>\ud83d\udc49Langlebigkeit \u2013 <\/b><\/span><span style=\"font-size: medium;\">Leather Primer<\/span><span style=\"font-size: medium;\"> tr\u00e4gt dazu bei, die Effektivit\u00e4t des F\u00e4rbens erheblich zu steigern, was die Haltbarkeit und Widerstandsf\u00e4higkeit der Restaurierung unterst\u00fctzt<\/span><\/li>\n<li class=\"western\"><span style=\"font-size: medium;\"><b>\ud83d\udc49Vielseitigkeit &#8211; <\/b><\/span><span style=\"font-size: medium;\"> Leather Primer eignet sich hervorragend f\u00fcr die Restaurierung von Ledersitzen im Auto, Lederwaren und Lederm\u00f6beln<\/span><\/li>\n<\/ul>\n<p class=\"western\"><span style=\"font-size: medium;\"><b>Wie verwendet man den Haftvermittler Leather Primer? Es ist so einfach! <\/b><\/span><\/p>\n<ol>\n<li><span style=\"font-size: medium;\">Tragen Sie das Produkt vor dem Auftragen von <strong>Leather Pro Colourant<\/strong> auf &#8211; so erzeugen Sie eine elastische Mikroschicht, die die Farbe mit dem Leder verbindet. <\/span><\/li>\n<li><span style=\"font-size: medium;\">Verwenden Sie das Produkt als Mischung zusammen mit <strong>Leather Stabilizer<\/strong> &#8211; Ihre erstellte Mischung sollte etwa 95% Leather Primer und 5% Leather Stabilizer enthalten.<\/span><\/li>\n<\/ol>\n<h3>Verwenden Sie die erstellte Mischung innerhalb von 3,5 Stunden!<\/h3>\n<ol>\n<li><span style=\"font-size: medium;\">Tragen Sie eine oder zwei d\u00fcnne Schichten auf das Leder oder Kunstleder auf.<\/span><\/li>\n<li><span style=\"font-size: medium;\">Das Mittel wird durch W\u00e4rme aktiviert &#8211; verwenden Sie zwischen den Schichten W\u00e4rme von einem Haartrockner oder einem Hei\u00dfluftgebl\u00e4se. Trocknen Sie es nicht vollst\u00e4ndig, es reicht aus, es leicht anzutrocknen.<\/span><\/li>\n<li><span style=\"font-size: medium;\">Nach der Aktivierung des Haftvermittlers warten Sie nicht &#8211; tragen Sie Leather Pro Colourant auf und beginnen Sie mit dem F\u00e4rben des Leders.<\/span><\/li>\n<\/ol>\n<p class=\"western\"><span style=\"font-size: medium;\"><b>Reinigen und pflegen Sie das Leder 6 Tage nach Abschluss der Restaurierung nicht! <\/b><\/span><\/p>\n","protected":false},"excerpt":{"rendered":"<p class=\"western\"><span style=\"color: #00000a;\"><span lang=\"en-US\">Leather Primer &#8211; Grundierungsmittel &#8211; Haftvermittler<\/span><\/span><\/p>\n","protected":false},"featured_media":121588,"template":"","meta":{"_acf_changed":false},"product_brand":[],"product_cat":[325],"product_tag":[],"class_list":{"0":"post-119919","1":"product","2":"type-product","3":"status-publish","4":"has-post-thumbnail","6":"product_cat-renovierung-von-leder","8":"first","9":"instock","10":"taxable","11":"shipping-taxable","12":"purchasable","13":"product-type-variable","14":"has-default-attributes"},"acf":[],"yoast_head":"<!-- This site is optimized with the Yoast SEO plugin v23.6 - https:\/\/yoast.com\/wordpress\/plugins\/seo\/ -->\n<title>Leather Primer - Haftvermittler f\u00fcr Leder - Leathermed<\/title>\n<meta name=\"robots\" content=\"index, follow, max-snippet:-1, max-image-preview:large, max-video-preview:-1\" \/>\n<link rel=\"canonical\" href=\"https:\/\/leathermed.pl\/e-sklep\/leather-primer\/\" \/>\n<meta property=\"og:locale\" content=\"de_DE\" \/>\n<meta property=\"og:type\" content=\"article\" \/>\n<meta property=\"og:title\" content=\"Leather Primer - Haftvermittler f\u00fcr Leder - Leathermed\" \/>\n<meta property=\"og:description\" content=\"Leather Primer - Grundierungsmittel - Haftvermittler\" \/>\n<meta property=\"og:url\" content=\"https:\/\/leathermed.pl\/e-sklep\/leather-primer\/\" \/>\n<meta property=\"og:site_name\" content=\"Leathermed\" \/>\n<meta property=\"article:publisher\" content=\"https:\/\/www.facebook.com\/p\/Leathermed-61557229173629\/\" \/>\n<meta property=\"article:modified_time\" content=\"2023-12-01T20:47:51+00:00\" \/>\n<meta property=\"og:image\" content=\"https:\/\/leathermed.pl\/wp-content\/uploads\/2023\/10\/50ml-Leather-Primer-zestaw_Easy-Resize.com_.png\" \/>\n\t<meta property=\"og:image:width\" content=\"600\" \/>\n\t<meta property=\"og:image:height\" content=\"600\" \/>\n\t<meta property=\"og:image:type\" content=\"image\/png\" \/>\n<meta name=\"twitter:card\" content=\"summary_large_image\" \/>\n<meta name=\"twitter:label1\" content=\"Gesch\u00e4tzte Lesezeit\" \/>\n\t<meta name=\"twitter:data1\" content=\"1\u00a0Minute\" \/>\n<script type=\"application\/ld+json\" class=\"yoast-schema-graph\">{\"@context\":\"https:\/\/schema.org\",\"@graph\":[{\"@type\":\"WebPage\",\"@id\":\"https:\/\/leathermed.pl\/e-sklep\/leather-primer\/\",\"url\":\"https:\/\/leathermed.pl\/e-sklep\/leather-primer\/\",\"name\":\"Leather Primer - Haftvermittler f\u00fcr Leder - Leathermed\",\"isPartOf\":{\"@id\":\"https:\/\/leathermed.pl\/#website\"},\"primaryImageOfPage\":{\"@id\":\"https:\/\/leathermed.pl\/e-sklep\/leather-primer\/#primaryimage\"},\"image\":{\"@id\":\"https:\/\/leathermed.pl\/e-sklep\/leather-primer\/#primaryimage\"},\"thumbnailUrl\":\"https:\/\/leathermed.pl\/wp-content\/uploads\/2023\/10\/50ml-Leather-Primer-zestaw_Easy-Resize.com_.png\",\"datePublished\":\"2023-10-10T13:17:48+00:00\",\"dateModified\":\"2023-12-01T20:47:51+00:00\",\"breadcrumb\":{\"@id\":\"https:\/\/leathermed.pl\/e-sklep\/leather-primer\/#breadcrumb\"},\"inLanguage\":\"de\",\"potentialAction\":[{\"@type\":\"ReadAction\",\"target\":[\"https:\/\/leathermed.pl\/e-sklep\/leather-primer\/\"]}]},{\"@type\":\"ImageObject\",\"inLanguage\":\"de\",\"@id\":\"https:\/\/leathermed.pl\/e-sklep\/leather-primer\/#primaryimage\",\"url\":\"https:\/\/leathermed.pl\/wp-content\/uploads\/2023\/10\/50ml-Leather-Primer-zestaw_Easy-Resize.com_.png\",\"contentUrl\":\"https:\/\/leathermed.pl\/wp-content\/uploads\/2023\/10\/50ml-Leather-Primer-zestaw_Easy-Resize.com_.png\",\"width\":600,\"height\":600,\"caption\":\"Leather Primer\"},{\"@type\":\"BreadcrumbList\",\"@id\":\"https:\/\/leathermed.pl\/e-sklep\/leather-primer\/#breadcrumb\",\"itemListElement\":[{\"@type\":\"ListItem\",\"position\":1,\"name\":\"Strona g\u0142\u00f3wna\",\"item\":\"https:\/\/leathermed.pl\/de\/\"},{\"@type\":\"ListItem\",\"position\":2,\"name\":\"E-sklep\",\"item\":\"https:\/\/leathermed.pl\/e-sklep\/\"},{\"@type\":\"ListItem\",\"position\":3,\"name\":\"Leather Primer &#8211; Haftvermittler f\u00fcr Leder\"}]},{\"@type\":\"WebSite\",\"@id\":\"https:\/\/leathermed.pl\/#website\",\"url\":\"https:\/\/leathermed.pl\/\",\"name\":\"Leathermed\",\"description\":\"\",\"publisher\":{\"@id\":\"https:\/\/leathermed.pl\/#organization\"},\"potentialAction\":[{\"@type\":\"SearchAction\",\"target\":{\"@type\":\"EntryPoint\",\"urlTemplate\":\"https:\/\/leathermed.pl\/?s={search_term_string}\"},\"query-input\":{\"@type\":\"PropertyValueSpecification\",\"valueRequired\":true,\"valueName\":\"search_term_string\"}}],\"inLanguage\":\"de\"},{\"@type\":\"Organization\",\"@id\":\"https:\/\/leathermed.pl\/#organization\",\"name\":\"Leathermed\",\"url\":\"https:\/\/leathermed.pl\/\",\"logo\":{\"@type\":\"ImageObject\",\"inLanguage\":\"de\",\"@id\":\"https:\/\/leathermed.pl\/#\/schema\/logo\/image\/\",\"url\":\"https:\/\/leathermed.pl\/wp-content\/uploads\/2023\/10\/Logo_Easy-Resize.com_.jpg\",\"contentUrl\":\"https:\/\/leathermed.pl\/wp-content\/uploads\/2023\/10\/Logo_Easy-Resize.com_.jpg\",\"width\":787,\"height\":600,\"caption\":\"Leathermed\"},\"image\":{\"@id\":\"https:\/\/leathermed.pl\/#\/schema\/logo\/image\/\"},\"sameAs\":[\"https:\/\/www.facebook.com\/p\/Leathermed-61557229173629\/\"]}]}<\/script>\n<!-- \/ Yoast SEO plugin. -->","yoast_head_json":{"title":"Leather Primer - Haftvermittler f\u00fcr Leder - Leathermed","robots":{"index":"index","follow":"follow","max-snippet":"max-snippet:-1","max-image-preview":"max-image-preview:large","max-video-preview":"max-video-preview:-1"},"canonical":"https:\/\/leathermed.pl\/e-sklep\/leather-primer\/","og_locale":"de_DE","og_type":"article","og_title":"Leather Primer - Haftvermittler f\u00fcr Leder - Leathermed","og_description":"Leather Primer - Grundierungsmittel - Haftvermittler","og_url":"https:\/\/leathermed.pl\/e-sklep\/leather-primer\/","og_site_name":"Leathermed","article_publisher":"https:\/\/www.facebook.com\/p\/Leathermed-61557229173629\/","article_modified_time":"2023-12-01T20:47:51+00:00","og_image":[{"width":600,"height":600,"url":"https:\/\/leathermed.pl\/wp-content\/uploads\/2023\/10\/50ml-Leather-Primer-zestaw_Easy-Resize.com_.png","type":"image\/png"}],"twitter_card":"summary_large_image","twitter_misc":{"Gesch\u00e4tzte Lesezeit":"1\u00a0Minute"},"schema":{"@context":"https:\/\/schema.org","@graph":[{"@type":"WebPage","@id":"https:\/\/leathermed.pl\/e-sklep\/leather-primer\/","url":"https:\/\/leathermed.pl\/e-sklep\/leather-primer\/","name":"Leather Primer - Haftvermittler f\u00fcr Leder - Leathermed","isPartOf":{"@id":"https:\/\/leathermed.pl\/#website"},"primaryImageOfPage":{"@id":"https:\/\/leathermed.pl\/e-sklep\/leather-primer\/#primaryimage"},"image":{"@id":"https:\/\/leathermed.pl\/e-sklep\/leather-primer\/#primaryimage"},"thumbnailUrl":"https:\/\/leathermed.pl\/wp-content\/uploads\/2023\/10\/50ml-Leather-Primer-zestaw_Easy-Resize.com_.png","datePublished":"2023-10-10T13:17:48+00:00","dateModified":"2023-12-01T20:47:51+00:00","breadcrumb":{"@id":"https:\/\/leathermed.pl\/e-sklep\/leather-primer\/#breadcrumb"},"inLanguage":"de","potentialAction":[{"@type":"ReadAction","target":["https:\/\/leathermed.pl\/e-sklep\/leather-primer\/"]}]},{"@type":"ImageObject","inLanguage":"de","@id":"https:\/\/leathermed.pl\/e-sklep\/leather-primer\/#primaryimage","url":"https:\/\/leathermed.pl\/wp-content\/uploads\/2023\/10\/50ml-Leather-Primer-zestaw_Easy-Resize.com_.png","contentUrl":"https:\/\/leathermed.pl\/wp-content\/uploads\/2023\/10\/50ml-Leather-Primer-zestaw_Easy-Resize.com_.png","width":600,"height":600,"caption":"Leather Primer"},{"@type":"BreadcrumbList","@id":"https:\/\/leathermed.pl\/e-sklep\/leather-primer\/#breadcrumb","itemListElement":[{"@type":"ListItem","position":1,"name":"Strona g\u0142\u00f3wna","item":"https:\/\/leathermed.pl\/de\/"},{"@type":"ListItem","position":2,"name":"E-sklep","item":"https:\/\/leathermed.pl\/e-sklep\/"},{"@type":"ListItem","position":3,"name":"Leather Primer &#8211; Haftvermittler f\u00fcr Leder"}]},{"@type":"WebSite","@id":"https:\/\/leathermed.pl\/#website","url":"https:\/\/leathermed.pl\/","name":"Leathermed","description":"","publisher":{"@id":"https:\/\/leathermed.pl\/#organization"},"potentialAction":[{"@type":"SearchAction","target":{"@type":"EntryPoint","urlTemplate":"https:\/\/leathermed.pl\/?s={search_term_string}"},"query-input":{"@type":"PropertyValueSpecification","valueRequired":true,"valueName":"search_term_string"}}],"inLanguage":"de"},{"@type":"Organization","@id":"https:\/\/leathermed.pl\/#organization","name":"Leathermed","url":"https:\/\/leathermed.pl\/","logo":{"@type":"ImageObject","inLanguage":"de","@id":"https:\/\/leathermed.pl\/#\/schema\/logo\/image\/","url":"https:\/\/leathermed.pl\/wp-content\/uploads\/2023\/10\/Logo_Easy-Resize.com_.jpg","contentUrl":"https:\/\/leathermed.pl\/wp-content\/uploads\/2023\/10\/Logo_Easy-Resize.com_.jpg","width":787,"height":600,"caption":"Leathermed"},"image":{"@id":"https:\/\/leathermed.pl\/#\/schema\/logo\/image\/"},"sameAs":["https:\/\/www.facebook.com\/p\/Leathermed-61557229173629\/"]}]}},"_links":{"self":[{"href":"https:\/\/leathermed.pl\/de\/wp-json\/wp\/v2\/product\/119919","targetHints":{"allow":["GET"]}}],"collection":[{"href":"https:\/\/leathermed.pl\/de\/wp-json\/wp\/v2\/product"}],"about":[{"href":"https:\/\/leathermed.pl\/de\/wp-json\/wp\/v2\/types\/product"}],"wp:featuredmedia":[{"embeddable":true,"href":"https:\/\/leathermed.pl\/de\/wp-json\/wp\/v2\/media\/121588"}],"wp:attachment":[{"href":"https:\/\/leathermed.pl\/de\/wp-json\/wp\/v2\/media?parent=119919"}],"wp:term":[{"taxonomy":"product_brand","embeddable":true,"href":"https:\/\/leathermed.pl\/de\/wp-json\/wp\/v2\/product_brand?post=119919"},{"taxonomy":"product_cat","embeddable":true,"href":"https:\/\/leathermed.pl\/de\/wp-json\/wp\/v2\/product_cat?post=119919"},{"taxonomy":"product_tag","embeddable":true,"href":"https:\/\/leathermed.pl\/de\/wp-json\/wp\/v2\/product_tag?post=119919"}],"curies":[{"name":"wp","href":"https:\/\/api.w.org\/{rel}","templated":true}]}}