{"id":119891,"date":"2023-11-14T10:35:59","date_gmt":"2023-11-14T09:35:59","guid":{"rendered":"https:\/\/leathermed.pl\/sklep\/leathermed-farba-do-renowacji-skor-kierownic-tapicerki-skorzane\/"},"modified":"2023-12-06T09:37:22","modified_gmt":"2023-12-06T08:37:22","slug":"leathermed-farba-do-renowacji-skor-kierownic-tapicerki-skorzane","status":"publish","type":"product","link":"https:\/\/leathermed.pl\/de\/e-sklep\/leathermed-farba-do-renowacji-skor-kierownic-tapicerki-skorzane\/","title":{"rendered":"Leathermed Lederfarbe zur Renovierung von Lenkr\u00e4dern und Ledersitzen"},"content":{"rendered":"<h1 class=\"mgmw_wo mli8_k4 mp0t_ji munh_0 m3h2_0 mp4t_0 mqu1_1j m9qz_yq mgn2_16 mgn2_17_s mryx_8 _7030e_LKD2N\">Leathermed <span style=\"font-size: large;\"><b>Leather Pro Colourant &#8211; Leder- und Kunstlederfarbe<\/b><\/span><\/h1>\n<p>Die moderne, deckende <b>Lether Pro Colourant-Farbe<\/b> ist ein praktisches, gebrauchsfertiges Produkt auf Wasserbasis &#8211; ideal f\u00fcr die Restaurierung und das Einf\u00e4rben von Lederelementen <b>(sowohl aus echtem Leder als auch aus Kunstleder).<\/b><\/p>\n<h3>Warum unser Produkt w\u00e4hlen?<\/h3>\n<ul>\n<li><strong><b>\ud83d\udc49<\/b><\/strong><b>M\u00f6glichkeit zum sicheren Mischen aller Farbvarianten<\/b><\/li>\n<li><strong><b>\ud83d\udc49<\/b><\/strong><b>Elastische, nicht austrocknende Formel<\/b><\/li>\n<li><strong><b>\ud83d\udc49<\/b><\/strong><b>Kein Risiko der Hautverh\u00e4rtung<\/b><\/li>\n<\/ul>\n<p><b>Leather Pro Colourant eignet sich hervorragend f\u00fcr die Restaurierung von Autoleder, Lederwaren und Lederm\u00f6beln.<\/b><\/p>\n<div class=\"mpof_ki myre_zn myre_8v_l m389_6m_l\">\n<div class=\"mp4t_16_s mryx_16_s mr3m_1 mli2_1 mh85_56 mh85_0_l\">\n<div class=\"mgn2_16 _0d3bd_am0a-\">\n<h3>Wie man die Leather Pro Colourant-Farbe verwendet? Es ist so einfach!<\/h3>\n<\/div>\n<\/div>\n<\/div>\n<div class=\"mpof_ki myre_zn myre_8v_l m389_6m_l\">\n<div class=\"mp4t_16_s mryx_16_s mr3m_1 mli2_1 mh85_56 mh85_0_l\">\n<div class=\"mgn2_16 _0d3bd_am0a-\">\n<p><b>Schritt 1<\/b><b>Reinigen Sie die Lederoberfl\u00e4che sorgf\u00e4ltig<\/b> &#8211; Sie k\u00f6nnen dies mit dem Produkt Leather Pro Cleaner oder Leather Foam Cleaner tun. Entfernen Sie dann teilweise alte Oberfl\u00e4chenfinish mit dem Leather Colour Prep und entfetten Sie die Oberfl\u00e4che mit dem Leather Grease Remover.<\/p>\n<p><strong>Alle Produkte sind in unseren anderen Auktionen erh\u00e4ltlich.<\/strong><\/p>\n<p><b>Schritt 2<\/b><\/p>\n<p>Vor Gebrauch die Leather Pro Colourant-Farbe gr\u00fcndlich mischen. Tragen Sie die erste Schicht des Produkts mit einem Schwamm auf &#8211; achten Sie darauf, die Farbe mit kreisenden Bewegungen zu verteilen. <b>Warten Sie, bis die erste Schicht vollst\u00e4ndig getrocknet ist<\/b>. Sie k\u00f6nnen den Trocknungsprozess mit einem Haartrockner beschleunigen. <strong>Es ist wichtig, dass jede Farbschicht vollst\u00e4ndig getrocknet ist, bevor die n\u00e4chste aufgetragen wird.<\/strong> Tragen Sie die verbleibenden Schichten mit einem Schwamm auf &#8211; achten Sie darauf, dass die Schichten d\u00fcnn und \u00e4sthetisch sind.<\/p>\n<p><b>Schritt 3<\/b><\/p>\n<p>Nach dem Auftragen der letzten Schicht &#8211; <b>sch\u00fctzen Sie die Farbe mit dem Leder Top Finish-Lack<\/b>. Reinigen und pflegen Sie das Leder 6 Tage nach der Reparatur nicht.<\/p>\n<p><b>Verwenden Sie eine Spritzpistole?<\/b><\/p>\n<p>Vergessen Sie nicht, eine D\u00fcse von 0,8 mm &#8211; 1 mm zu verwenden. Farben &#8211; aufgrund unterschiedlicher Pigmente in ihnen &#8211; k\u00f6nnen unterschiedliche Dichten haben. Bei Verwendung kleinerer D\u00fcsen k\u00f6nnen Sie bis zu 10% Wasser hinzuf\u00fcgen.<\/p>\n<p><b>Verwenden Sie das Produkt nicht auf Wildleder und Veloursleder.<\/b><\/p>\n<\/div>\n<\/div>\n<\/div>\n","protected":false},"excerpt":{"rendered":"<p>Farbe zur Renovierung von Lederlenkr\u00e4dern und Ledersitzen<\/p>\n","protected":false},"featured_media":121544,"template":"","meta":{"_acf_changed":false},"product_brand":[],"product_cat":[325],"product_tag":[],"class_list":{"0":"post-119891","1":"product","2":"type-product","3":"status-publish","4":"has-post-thumbnail","6":"product_cat-renovierung-von-leder","8":"first","9":"instock","10":"taxable","11":"shipping-taxable","12":"purchasable","13":"product-type-variable","14":"has-default-attributes"},"acf":[],"yoast_head":"<!-- This site is optimized with the Yoast SEO plugin v23.6 - https:\/\/yoast.com\/wordpress\/plugins\/seo\/ -->\n<title>Leathermed Lederfarbe zur Renovierung von Lenkr\u00e4dern und Ledersitzen - Leathermed<\/title>\n<meta name=\"robots\" content=\"index, follow, max-snippet:-1, max-image-preview:large, max-video-preview:-1\" \/>\n<link rel=\"canonical\" href=\"https:\/\/leathermed.pl\/e-sklep\/leathermed-farba-do-renowacji-skor\/\" \/>\n<meta property=\"og:locale\" content=\"de_DE\" \/>\n<meta property=\"og:type\" content=\"article\" \/>\n<meta property=\"og:title\" content=\"Leathermed Lederfarbe zur Renovierung von Lenkr\u00e4dern und Ledersitzen - Leathermed\" \/>\n<meta property=\"og:description\" content=\"Farbe zur Renovierung von Lederlenkr\u00e4dern und Ledersitzen\" \/>\n<meta property=\"og:url\" content=\"https:\/\/leathermed.pl\/e-sklep\/leathermed-farba-do-renowacji-skor\/\" \/>\n<meta property=\"og:site_name\" content=\"Leathermed\" \/>\n<meta property=\"article:publisher\" content=\"https:\/\/www.facebook.com\/p\/Leathermed-61557229173629\/\" \/>\n<meta property=\"article:modified_time\" content=\"2023-12-06T08:37:22+00:00\" \/>\n<meta property=\"og:image\" content=\"https:\/\/leathermed.pl\/wp-content\/uploads\/2023\/11\/50ml-Leather-Pro-Colourant.png\" \/>\n\t<meta property=\"og:image:width\" content=\"1280\" \/>\n\t<meta property=\"og:image:height\" content=\"1280\" \/>\n\t<meta property=\"og:image:type\" content=\"image\/png\" \/>\n<meta name=\"twitter:card\" content=\"summary_large_image\" \/>\n<meta name=\"twitter:label1\" content=\"Gesch\u00e4tzte Lesezeit\" \/>\n\t<meta name=\"twitter:data1\" content=\"2\u00a0Minuten\" \/>\n<script type=\"application\/ld+json\" class=\"yoast-schema-graph\">{\"@context\":\"https:\/\/schema.org\",\"@graph\":[{\"@type\":\"WebPage\",\"@id\":\"https:\/\/leathermed.pl\/e-sklep\/leathermed-farba-do-renowacji-skor\/\",\"url\":\"https:\/\/leathermed.pl\/e-sklep\/leathermed-farba-do-renowacji-skor\/\",\"name\":\"Leathermed Lederfarbe zur Renovierung von Lenkr\u00e4dern und Ledersitzen - Leathermed\",\"isPartOf\":{\"@id\":\"https:\/\/leathermed.pl\/#website\"},\"primaryImageOfPage\":{\"@id\":\"https:\/\/leathermed.pl\/e-sklep\/leathermed-farba-do-renowacji-skor\/#primaryimage\"},\"image\":{\"@id\":\"https:\/\/leathermed.pl\/e-sklep\/leathermed-farba-do-renowacji-skor\/#primaryimage\"},\"thumbnailUrl\":\"https:\/\/leathermed.pl\/wp-content\/uploads\/2023\/11\/50ml-Leather-Pro-Colourant.png\",\"datePublished\":\"2023-11-14T09:35:59+00:00\",\"dateModified\":\"2023-12-06T08:37:22+00:00\",\"breadcrumb\":{\"@id\":\"https:\/\/leathermed.pl\/e-sklep\/leathermed-farba-do-renowacji-skor\/#breadcrumb\"},\"inLanguage\":\"de\",\"potentialAction\":[{\"@type\":\"ReadAction\",\"target\":[\"https:\/\/leathermed.pl\/e-sklep\/leathermed-farba-do-renowacji-skor\/\"]}]},{\"@type\":\"ImageObject\",\"inLanguage\":\"de\",\"@id\":\"https:\/\/leathermed.pl\/e-sklep\/leathermed-farba-do-renowacji-skor\/#primaryimage\",\"url\":\"https:\/\/leathermed.pl\/wp-content\/uploads\/2023\/11\/50ml-Leather-Pro-Colourant.png\",\"contentUrl\":\"https:\/\/leathermed.pl\/wp-content\/uploads\/2023\/11\/50ml-Leather-Pro-Colourant.png\",\"width\":1280,\"height\":1280,\"caption\":\"Leathermed Farba do renowacji sk\u00f3r\"},{\"@type\":\"BreadcrumbList\",\"@id\":\"https:\/\/leathermed.pl\/e-sklep\/leathermed-farba-do-renowacji-skor\/#breadcrumb\",\"itemListElement\":[{\"@type\":\"ListItem\",\"position\":1,\"name\":\"Strona g\u0142\u00f3wna\",\"item\":\"https:\/\/leathermed.pl\/de\/\"},{\"@type\":\"ListItem\",\"position\":2,\"name\":\"E-sklep\",\"item\":\"https:\/\/leathermed.pl\/e-sklep\/\"},{\"@type\":\"ListItem\",\"position\":3,\"name\":\"Leathermed Lederfarbe zur Renovierung von Lenkr\u00e4dern und Ledersitzen\"}]},{\"@type\":\"WebSite\",\"@id\":\"https:\/\/leathermed.pl\/#website\",\"url\":\"https:\/\/leathermed.pl\/\",\"name\":\"Leathermed\",\"description\":\"\",\"publisher\":{\"@id\":\"https:\/\/leathermed.pl\/#organization\"},\"potentialAction\":[{\"@type\":\"SearchAction\",\"target\":{\"@type\":\"EntryPoint\",\"urlTemplate\":\"https:\/\/leathermed.pl\/?s={search_term_string}\"},\"query-input\":{\"@type\":\"PropertyValueSpecification\",\"valueRequired\":true,\"valueName\":\"search_term_string\"}}],\"inLanguage\":\"de\"},{\"@type\":\"Organization\",\"@id\":\"https:\/\/leathermed.pl\/#organization\",\"name\":\"Leathermed\",\"url\":\"https:\/\/leathermed.pl\/\",\"logo\":{\"@type\":\"ImageObject\",\"inLanguage\":\"de\",\"@id\":\"https:\/\/leathermed.pl\/#\/schema\/logo\/image\/\",\"url\":\"https:\/\/leathermed.pl\/wp-content\/uploads\/2023\/10\/Logo_Easy-Resize.com_.jpg\",\"contentUrl\":\"https:\/\/leathermed.pl\/wp-content\/uploads\/2023\/10\/Logo_Easy-Resize.com_.jpg\",\"width\":787,\"height\":600,\"caption\":\"Leathermed\"},\"image\":{\"@id\":\"https:\/\/leathermed.pl\/#\/schema\/logo\/image\/\"},\"sameAs\":[\"https:\/\/www.facebook.com\/p\/Leathermed-61557229173629\/\"]}]}<\/script>\n<!-- \/ Yoast SEO plugin. -->","yoast_head_json":{"title":"Leathermed Lederfarbe zur Renovierung von Lenkr\u00e4dern und Ledersitzen - Leathermed","robots":{"index":"index","follow":"follow","max-snippet":"max-snippet:-1","max-image-preview":"max-image-preview:large","max-video-preview":"max-video-preview:-1"},"canonical":"https:\/\/leathermed.pl\/e-sklep\/leathermed-farba-do-renowacji-skor\/","og_locale":"de_DE","og_type":"article","og_title":"Leathermed Lederfarbe zur Renovierung von Lenkr\u00e4dern und Ledersitzen - Leathermed","og_description":"Farbe zur Renovierung von Lederlenkr\u00e4dern und Ledersitzen","og_url":"https:\/\/leathermed.pl\/e-sklep\/leathermed-farba-do-renowacji-skor\/","og_site_name":"Leathermed","article_publisher":"https:\/\/www.facebook.com\/p\/Leathermed-61557229173629\/","article_modified_time":"2023-12-06T08:37:22+00:00","og_image":[{"width":1280,"height":1280,"url":"https:\/\/leathermed.pl\/wp-content\/uploads\/2023\/11\/50ml-Leather-Pro-Colourant.png","type":"image\/png"}],"twitter_card":"summary_large_image","twitter_misc":{"Gesch\u00e4tzte Lesezeit":"2\u00a0Minuten"},"schema":{"@context":"https:\/\/schema.org","@graph":[{"@type":"WebPage","@id":"https:\/\/leathermed.pl\/e-sklep\/leathermed-farba-do-renowacji-skor\/","url":"https:\/\/leathermed.pl\/e-sklep\/leathermed-farba-do-renowacji-skor\/","name":"Leathermed Lederfarbe zur Renovierung von Lenkr\u00e4dern und Ledersitzen - Leathermed","isPartOf":{"@id":"https:\/\/leathermed.pl\/#website"},"primaryImageOfPage":{"@id":"https:\/\/leathermed.pl\/e-sklep\/leathermed-farba-do-renowacji-skor\/#primaryimage"},"image":{"@id":"https:\/\/leathermed.pl\/e-sklep\/leathermed-farba-do-renowacji-skor\/#primaryimage"},"thumbnailUrl":"https:\/\/leathermed.pl\/wp-content\/uploads\/2023\/11\/50ml-Leather-Pro-Colourant.png","datePublished":"2023-11-14T09:35:59+00:00","dateModified":"2023-12-06T08:37:22+00:00","breadcrumb":{"@id":"https:\/\/leathermed.pl\/e-sklep\/leathermed-farba-do-renowacji-skor\/#breadcrumb"},"inLanguage":"de","potentialAction":[{"@type":"ReadAction","target":["https:\/\/leathermed.pl\/e-sklep\/leathermed-farba-do-renowacji-skor\/"]}]},{"@type":"ImageObject","inLanguage":"de","@id":"https:\/\/leathermed.pl\/e-sklep\/leathermed-farba-do-renowacji-skor\/#primaryimage","url":"https:\/\/leathermed.pl\/wp-content\/uploads\/2023\/11\/50ml-Leather-Pro-Colourant.png","contentUrl":"https:\/\/leathermed.pl\/wp-content\/uploads\/2023\/11\/50ml-Leather-Pro-Colourant.png","width":1280,"height":1280,"caption":"Leathermed Farba do renowacji sk\u00f3r"},{"@type":"BreadcrumbList","@id":"https:\/\/leathermed.pl\/e-sklep\/leathermed-farba-do-renowacji-skor\/#breadcrumb","itemListElement":[{"@type":"ListItem","position":1,"name":"Strona g\u0142\u00f3wna","item":"https:\/\/leathermed.pl\/de\/"},{"@type":"ListItem","position":2,"name":"E-sklep","item":"https:\/\/leathermed.pl\/e-sklep\/"},{"@type":"ListItem","position":3,"name":"Leathermed Lederfarbe zur Renovierung von Lenkr\u00e4dern und Ledersitzen"}]},{"@type":"WebSite","@id":"https:\/\/leathermed.pl\/#website","url":"https:\/\/leathermed.pl\/","name":"Leathermed","description":"","publisher":{"@id":"https:\/\/leathermed.pl\/#organization"},"potentialAction":[{"@type":"SearchAction","target":{"@type":"EntryPoint","urlTemplate":"https:\/\/leathermed.pl\/?s={search_term_string}"},"query-input":{"@type":"PropertyValueSpecification","valueRequired":true,"valueName":"search_term_string"}}],"inLanguage":"de"},{"@type":"Organization","@id":"https:\/\/leathermed.pl\/#organization","name":"Leathermed","url":"https:\/\/leathermed.pl\/","logo":{"@type":"ImageObject","inLanguage":"de","@id":"https:\/\/leathermed.pl\/#\/schema\/logo\/image\/","url":"https:\/\/leathermed.pl\/wp-content\/uploads\/2023\/10\/Logo_Easy-Resize.com_.jpg","contentUrl":"https:\/\/leathermed.pl\/wp-content\/uploads\/2023\/10\/Logo_Easy-Resize.com_.jpg","width":787,"height":600,"caption":"Leathermed"},"image":{"@id":"https:\/\/leathermed.pl\/#\/schema\/logo\/image\/"},"sameAs":["https:\/\/www.facebook.com\/p\/Leathermed-61557229173629\/"]}]}},"_links":{"self":[{"href":"https:\/\/leathermed.pl\/de\/wp-json\/wp\/v2\/product\/119891","targetHints":{"allow":["GET"]}}],"collection":[{"href":"https:\/\/leathermed.pl\/de\/wp-json\/wp\/v2\/product"}],"about":[{"href":"https:\/\/leathermed.pl\/de\/wp-json\/wp\/v2\/types\/product"}],"wp:featuredmedia":[{"embeddable":true,"href":"https:\/\/leathermed.pl\/de\/wp-json\/wp\/v2\/media\/121544"}],"wp:attachment":[{"href":"https:\/\/leathermed.pl\/de\/wp-json\/wp\/v2\/media?parent=119891"}],"wp:term":[{"taxonomy":"product_brand","embeddable":true,"href":"https:\/\/leathermed.pl\/de\/wp-json\/wp\/v2\/product_brand?post=119891"},{"taxonomy":"product_cat","embeddable":true,"href":"https:\/\/leathermed.pl\/de\/wp-json\/wp\/v2\/product_cat?post=119891"},{"taxonomy":"product_tag","embeddable":true,"href":"https:\/\/leathermed.pl\/de\/wp-json\/wp\/v2\/product_tag?post=119891"}],"curies":[{"name":"wp","href":"https:\/\/api.w.org\/{rel}","templated":true}]}}