{"id":119885,"date":"2023-11-14T11:56:13","date_gmt":"2023-11-14T10:56:13","guid":{"rendered":"https:\/\/leathermed.pl\/sklep\/leathermed-pad-szlifujacy\/"},"modified":"2023-11-25T10:22:43","modified_gmt":"2023-11-25T09:22:43","slug":"leathermed-pad-szlifujacy","status":"publish","type":"product","link":"https:\/\/leathermed.pl\/de\/e-sklep\/leathermed-pad-szlifujacy\/","title":{"rendered":"LEATHERMED Schleifpad auf Schwamm zur Renovierung von Lederpolstern und Ledersitzen"},"content":{"rendered":"<h2 class=\"mp4t_0 mryx_0 mj7a_4 mp0t_ji m9qz_yo munh_0 m3h2_0 mqu1_1j mgmw_wo mgn2_21 mgn2_25_s\">LEATHERMED Schleifpad auf Schwamm zur Renovierung von Lederpolstern und Ledersitzen<\/h2>\n<div class=\"mp4t_16_s mryx_16_s mr3m_1 mli2_1 mh85_56 mh85_0_l\">\n<div class=\"mgn2_16 _0d3bd_am0a-\">\nEmpfohlen von <b>Leathermed<\/b> &#8211; das Pad zur Vorbereitung des Leders vor der Renovierung. Dank eines speziell ausgew\u00e4hlten Schleifelements gew\u00e4hrleistet das Pad sicheres Schleifen, ohne das Leder zu besch\u00e4digen.<\/p>\n<p>Auf dem Schwamm platziert, bietet es eine bessere Kontrolle w\u00e4hrend des Schleifens. Das Pad eignet sich hervorragend f\u00fcr verschiedene Detailarbeiten wie das Gl\u00e4tten rauer Lederoberfl\u00e4chen, die Vorbereitung f\u00fcr die F\u00e4rbung, die Anwendung von fl\u00fcssigem Leder oder sogar das sanfte Abschleifen glatter Lederoberfl\u00e4chen.<\/p>\n<p><b>Ein Pad reicht f\u00fcr umfassendes Schleifen von Autositzen aus, was es besonders wirtschaftlich macht.<\/b><\/p>\n<p><b>DATEN:<\/b><\/p>\n<ul>\n<li><b>\u2714\ufe0f<\/b> L\u00e4nge: 12cm<\/li>\n<li><b>\u2714\ufe0f<\/b> Breite: 10cm<\/li>\n<li><b>\u2714\ufe0f<\/b> H\u00f6he: 1cm<\/li>\n<\/ul>\n<\/div>\n<\/div>\n","protected":false},"excerpt":{"rendered":"<p class=\"mp4t_0 mryx_0 mj7a_4 mp0t_ji m9qz_yo munh_0 m3h2_0 mqu1_1j mgmw_wo mgn2_21 mgn2_25_s\"><strong>LEATHERMED Schleifpad auf Schwamm zur Renovierung von Lederpolstern und Ledersitzen<\/strong><\/p>\n<p><strong>\u00a0<\/strong><\/p>\n","protected":false},"featured_media":119704,"template":"","meta":{"_acf_changed":false},"product_brand":[],"product_cat":[326],"product_tag":[],"class_list":{"0":"post-119885","1":"product","2":"type-product","3":"status-publish","4":"has-post-thumbnail","6":"product_cat-zubehor","8":"first","9":"instock","10":"taxable","11":"shipping-taxable","12":"purchasable","13":"product-type-simple"},"acf":[],"yoast_head":"<!-- This site is optimized with the Yoast SEO plugin v23.6 - https:\/\/yoast.com\/wordpress\/plugins\/seo\/ -->\n<title>LEATHERMED Schleifpad auf Schwamm zur Renovierung von Lederpolstern und Ledersitzen - Leathermed<\/title>\n<meta name=\"robots\" content=\"index, follow, max-snippet:-1, max-image-preview:large, max-video-preview:-1\" \/>\n<link rel=\"canonical\" href=\"https:\/\/leathermed.pl\/e-sklep\/leathermed-pad-szlifujacy-na-gabce\/\" \/>\n<meta property=\"og:locale\" content=\"de_DE\" \/>\n<meta property=\"og:type\" content=\"article\" \/>\n<meta property=\"og:title\" content=\"LEATHERMED Schleifpad auf Schwamm zur Renovierung von Lederpolstern und Ledersitzen - Leathermed\" \/>\n<meta property=\"og:description\" content=\"LEATHERMED Schleifpad auf Schwamm zur Renovierung von Lederpolstern und Ledersitzen \u00a0\" \/>\n<meta property=\"og:url\" content=\"https:\/\/leathermed.pl\/e-sklep\/leathermed-pad-szlifujacy-na-gabce\/\" \/>\n<meta property=\"og:site_name\" content=\"Leathermed\" \/>\n<meta property=\"article:publisher\" content=\"https:\/\/www.facebook.com\/p\/Leathermed-61557229173629\/\" \/>\n<meta property=\"article:modified_time\" content=\"2023-11-25T09:22:43+00:00\" \/>\n<meta property=\"og:image\" content=\"https:\/\/leathermed.pl\/wp-content\/uploads\/2023\/11\/LEATHERMED-Pad-szlifujacy-na-gabce-do-renowacji-skory-tapicerki-skorzanej.jpeg\" \/>\n\t<meta property=\"og:image:width\" content=\"720\" \/>\n\t<meta property=\"og:image:height\" content=\"720\" \/>\n\t<meta property=\"og:image:type\" content=\"image\/jpeg\" \/>\n<meta name=\"twitter:card\" content=\"summary_large_image\" \/>\n<meta name=\"twitter:label1\" content=\"Gesch\u00e4tzte Lesezeit\" \/>\n\t<meta name=\"twitter:data1\" content=\"1\u00a0Minute\" \/>\n<script type=\"application\/ld+json\" class=\"yoast-schema-graph\">{\"@context\":\"https:\/\/schema.org\",\"@graph\":[{\"@type\":\"WebPage\",\"@id\":\"https:\/\/leathermed.pl\/e-sklep\/leathermed-pad-szlifujacy-na-gabce\/\",\"url\":\"https:\/\/leathermed.pl\/e-sklep\/leathermed-pad-szlifujacy-na-gabce\/\",\"name\":\"LEATHERMED Schleifpad auf Schwamm zur Renovierung von Lederpolstern und Ledersitzen - Leathermed\",\"isPartOf\":{\"@id\":\"https:\/\/leathermed.pl\/#website\"},\"primaryImageOfPage\":{\"@id\":\"https:\/\/leathermed.pl\/e-sklep\/leathermed-pad-szlifujacy-na-gabce\/#primaryimage\"},\"image\":{\"@id\":\"https:\/\/leathermed.pl\/e-sklep\/leathermed-pad-szlifujacy-na-gabce\/#primaryimage\"},\"thumbnailUrl\":\"https:\/\/leathermed.pl\/wp-content\/uploads\/2023\/11\/LEATHERMED-Pad-szlifujacy-na-gabce-do-renowacji-skory-tapicerki-skorzanej.jpeg\",\"datePublished\":\"2023-11-14T10:56:13+00:00\",\"dateModified\":\"2023-11-25T09:22:43+00:00\",\"breadcrumb\":{\"@id\":\"https:\/\/leathermed.pl\/e-sklep\/leathermed-pad-szlifujacy-na-gabce\/#breadcrumb\"},\"inLanguage\":\"de\",\"potentialAction\":[{\"@type\":\"ReadAction\",\"target\":[\"https:\/\/leathermed.pl\/e-sklep\/leathermed-pad-szlifujacy-na-gabce\/\"]}]},{\"@type\":\"ImageObject\",\"inLanguage\":\"de\",\"@id\":\"https:\/\/leathermed.pl\/e-sklep\/leathermed-pad-szlifujacy-na-gabce\/#primaryimage\",\"url\":\"https:\/\/leathermed.pl\/wp-content\/uploads\/2023\/11\/LEATHERMED-Pad-szlifujacy-na-gabce-do-renowacji-skory-tapicerki-skorzanej.jpeg\",\"contentUrl\":\"https:\/\/leathermed.pl\/wp-content\/uploads\/2023\/11\/LEATHERMED-Pad-szlifujacy-na-gabce-do-renowacji-skory-tapicerki-skorzanej.jpeg\",\"width\":720,\"height\":720,\"caption\":\"LEATHERMED Pad szlifuj\u0105cy na g\u0105bce\"},{\"@type\":\"BreadcrumbList\",\"@id\":\"https:\/\/leathermed.pl\/e-sklep\/leathermed-pad-szlifujacy-na-gabce\/#breadcrumb\",\"itemListElement\":[{\"@type\":\"ListItem\",\"position\":1,\"name\":\"Strona g\u0142\u00f3wna\",\"item\":\"https:\/\/leathermed.pl\/de\/\"},{\"@type\":\"ListItem\",\"position\":2,\"name\":\"E-sklep\",\"item\":\"https:\/\/leathermed.pl\/e-sklep\/\"},{\"@type\":\"ListItem\",\"position\":3,\"name\":\"LEATHERMED Schleifpad auf Schwamm zur Renovierung von Lederpolstern und Ledersitzen\"}]},{\"@type\":\"WebSite\",\"@id\":\"https:\/\/leathermed.pl\/#website\",\"url\":\"https:\/\/leathermed.pl\/\",\"name\":\"Leathermed\",\"description\":\"\",\"publisher\":{\"@id\":\"https:\/\/leathermed.pl\/#organization\"},\"potentialAction\":[{\"@type\":\"SearchAction\",\"target\":{\"@type\":\"EntryPoint\",\"urlTemplate\":\"https:\/\/leathermed.pl\/?s={search_term_string}\"},\"query-input\":{\"@type\":\"PropertyValueSpecification\",\"valueRequired\":true,\"valueName\":\"search_term_string\"}}],\"inLanguage\":\"de\"},{\"@type\":\"Organization\",\"@id\":\"https:\/\/leathermed.pl\/#organization\",\"name\":\"Leathermed\",\"url\":\"https:\/\/leathermed.pl\/\",\"logo\":{\"@type\":\"ImageObject\",\"inLanguage\":\"de\",\"@id\":\"https:\/\/leathermed.pl\/#\/schema\/logo\/image\/\",\"url\":\"https:\/\/leathermed.pl\/wp-content\/uploads\/2023\/10\/Logo_Easy-Resize.com_.jpg\",\"contentUrl\":\"https:\/\/leathermed.pl\/wp-content\/uploads\/2023\/10\/Logo_Easy-Resize.com_.jpg\",\"width\":787,\"height\":600,\"caption\":\"Leathermed\"},\"image\":{\"@id\":\"https:\/\/leathermed.pl\/#\/schema\/logo\/image\/\"},\"sameAs\":[\"https:\/\/www.facebook.com\/p\/Leathermed-61557229173629\/\"]}]}<\/script>\n<!-- \/ Yoast SEO plugin. -->","yoast_head_json":{"title":"LEATHERMED Schleifpad auf Schwamm zur Renovierung von Lederpolstern und Ledersitzen - Leathermed","robots":{"index":"index","follow":"follow","max-snippet":"max-snippet:-1","max-image-preview":"max-image-preview:large","max-video-preview":"max-video-preview:-1"},"canonical":"https:\/\/leathermed.pl\/e-sklep\/leathermed-pad-szlifujacy-na-gabce\/","og_locale":"de_DE","og_type":"article","og_title":"LEATHERMED Schleifpad auf Schwamm zur Renovierung von Lederpolstern und Ledersitzen - Leathermed","og_description":"LEATHERMED Schleifpad auf Schwamm zur Renovierung von Lederpolstern und Ledersitzen \u00a0","og_url":"https:\/\/leathermed.pl\/e-sklep\/leathermed-pad-szlifujacy-na-gabce\/","og_site_name":"Leathermed","article_publisher":"https:\/\/www.facebook.com\/p\/Leathermed-61557229173629\/","article_modified_time":"2023-11-25T09:22:43+00:00","og_image":[{"width":720,"height":720,"url":"https:\/\/leathermed.pl\/wp-content\/uploads\/2023\/11\/LEATHERMED-Pad-szlifujacy-na-gabce-do-renowacji-skory-tapicerki-skorzanej.jpeg","type":"image\/jpeg"}],"twitter_card":"summary_large_image","twitter_misc":{"Gesch\u00e4tzte Lesezeit":"1\u00a0Minute"},"schema":{"@context":"https:\/\/schema.org","@graph":[{"@type":"WebPage","@id":"https:\/\/leathermed.pl\/e-sklep\/leathermed-pad-szlifujacy-na-gabce\/","url":"https:\/\/leathermed.pl\/e-sklep\/leathermed-pad-szlifujacy-na-gabce\/","name":"LEATHERMED Schleifpad auf Schwamm zur Renovierung von Lederpolstern und Ledersitzen - Leathermed","isPartOf":{"@id":"https:\/\/leathermed.pl\/#website"},"primaryImageOfPage":{"@id":"https:\/\/leathermed.pl\/e-sklep\/leathermed-pad-szlifujacy-na-gabce\/#primaryimage"},"image":{"@id":"https:\/\/leathermed.pl\/e-sklep\/leathermed-pad-szlifujacy-na-gabce\/#primaryimage"},"thumbnailUrl":"https:\/\/leathermed.pl\/wp-content\/uploads\/2023\/11\/LEATHERMED-Pad-szlifujacy-na-gabce-do-renowacji-skory-tapicerki-skorzanej.jpeg","datePublished":"2023-11-14T10:56:13+00:00","dateModified":"2023-11-25T09:22:43+00:00","breadcrumb":{"@id":"https:\/\/leathermed.pl\/e-sklep\/leathermed-pad-szlifujacy-na-gabce\/#breadcrumb"},"inLanguage":"de","potentialAction":[{"@type":"ReadAction","target":["https:\/\/leathermed.pl\/e-sklep\/leathermed-pad-szlifujacy-na-gabce\/"]}]},{"@type":"ImageObject","inLanguage":"de","@id":"https:\/\/leathermed.pl\/e-sklep\/leathermed-pad-szlifujacy-na-gabce\/#primaryimage","url":"https:\/\/leathermed.pl\/wp-content\/uploads\/2023\/11\/LEATHERMED-Pad-szlifujacy-na-gabce-do-renowacji-skory-tapicerki-skorzanej.jpeg","contentUrl":"https:\/\/leathermed.pl\/wp-content\/uploads\/2023\/11\/LEATHERMED-Pad-szlifujacy-na-gabce-do-renowacji-skory-tapicerki-skorzanej.jpeg","width":720,"height":720,"caption":"LEATHERMED Pad szlifuj\u0105cy na g\u0105bce"},{"@type":"BreadcrumbList","@id":"https:\/\/leathermed.pl\/e-sklep\/leathermed-pad-szlifujacy-na-gabce\/#breadcrumb","itemListElement":[{"@type":"ListItem","position":1,"name":"Strona g\u0142\u00f3wna","item":"https:\/\/leathermed.pl\/de\/"},{"@type":"ListItem","position":2,"name":"E-sklep","item":"https:\/\/leathermed.pl\/e-sklep\/"},{"@type":"ListItem","position":3,"name":"LEATHERMED Schleifpad auf Schwamm zur Renovierung von Lederpolstern und Ledersitzen"}]},{"@type":"WebSite","@id":"https:\/\/leathermed.pl\/#website","url":"https:\/\/leathermed.pl\/","name":"Leathermed","description":"","publisher":{"@id":"https:\/\/leathermed.pl\/#organization"},"potentialAction":[{"@type":"SearchAction","target":{"@type":"EntryPoint","urlTemplate":"https:\/\/leathermed.pl\/?s={search_term_string}"},"query-input":{"@type":"PropertyValueSpecification","valueRequired":true,"valueName":"search_term_string"}}],"inLanguage":"de"},{"@type":"Organization","@id":"https:\/\/leathermed.pl\/#organization","name":"Leathermed","url":"https:\/\/leathermed.pl\/","logo":{"@type":"ImageObject","inLanguage":"de","@id":"https:\/\/leathermed.pl\/#\/schema\/logo\/image\/","url":"https:\/\/leathermed.pl\/wp-content\/uploads\/2023\/10\/Logo_Easy-Resize.com_.jpg","contentUrl":"https:\/\/leathermed.pl\/wp-content\/uploads\/2023\/10\/Logo_Easy-Resize.com_.jpg","width":787,"height":600,"caption":"Leathermed"},"image":{"@id":"https:\/\/leathermed.pl\/#\/schema\/logo\/image\/"},"sameAs":["https:\/\/www.facebook.com\/p\/Leathermed-61557229173629\/"]}]}},"_links":{"self":[{"href":"https:\/\/leathermed.pl\/de\/wp-json\/wp\/v2\/product\/119885","targetHints":{"allow":["GET"]}}],"collection":[{"href":"https:\/\/leathermed.pl\/de\/wp-json\/wp\/v2\/product"}],"about":[{"href":"https:\/\/leathermed.pl\/de\/wp-json\/wp\/v2\/types\/product"}],"wp:featuredmedia":[{"embeddable":true,"href":"https:\/\/leathermed.pl\/de\/wp-json\/wp\/v2\/media\/119704"}],"wp:attachment":[{"href":"https:\/\/leathermed.pl\/de\/wp-json\/wp\/v2\/media?parent=119885"}],"wp:term":[{"taxonomy":"product_brand","embeddable":true,"href":"https:\/\/leathermed.pl\/de\/wp-json\/wp\/v2\/product_brand?post=119885"},{"taxonomy":"product_cat","embeddable":true,"href":"https:\/\/leathermed.pl\/de\/wp-json\/wp\/v2\/product_cat?post=119885"},{"taxonomy":"product_tag","embeddable":true,"href":"https:\/\/leathermed.pl\/de\/wp-json\/wp\/v2\/product_tag?post=119885"}],"curies":[{"name":"wp","href":"https:\/\/api.w.org\/{rel}","templated":true}]}}