{"id":119883,"date":"2023-11-14T12:07:41","date_gmt":"2023-11-14T11:07:41","guid":{"rendered":"https:\/\/leathermed.pl\/sklep\/leathermed-szczotka-miekka\/"},"modified":"2023-11-25T10:25:41","modified_gmt":"2023-11-25T09:25:41","slug":"leathermed-szczotka-miekka","status":"publish","type":"product","link":"https:\/\/leathermed.pl\/de\/e-sklep\/leathermed-szczotka-miekka\/","title":{"rendered":"LEATHERMED Weiche B\u00fcrste zur Reinigung von Ledersitzen und Lederausstattung"},"content":{"rendered":"<h2>Leathermed PROFESSIONELLE B\u00fcrste zur Reinigung von Leder 11cm x 4 cm x 3,5 cm<\/h2>\n<\/p><\/div><\/div>\n<\/div>\n<div class=\"mpof_ki myre_zn myre_8v_l m389_6m_l\">\n<div class=\"mp4t_16_s mryx_16_s mr3m_1 mli2_1 mh85_56 mh85_0_l\">\n<div class=\"mgn2_16 _0d3bd_am0a-\">\n      <b>Holzb\u00fcrste zur Reinigung von Leder<\/b> &#8211; eine perfekte Kombination aus Haltbarkeit und Komfort. Ihre robuste Konstruktion und die ergonomische Form machen sie einfach zu bedienen. Die weichen Borsten aus Naturborsten sorgen f\u00fcr sanfte Reinigung des Leders.<\/p>\n<p>      Zus\u00e4tzlich verleiht der elegante h\u00f6lzerne Griff ihr ein stilvolles Aussehen und macht sie nicht nur zu einem praktischen Pflegeinstrument, sondern auch zu einer \u00e4sthetischen Erg\u00e4nzung.<\/p>\n<p>      <b>DATEN:<\/b><\/p>\n<ul>\n<li><b>\u2714\ufe0f<\/b> L\u00e4nge: 11cm<\/li>\n<li><b>\u2714\ufe0f<\/b> Breite: 4cm<\/li>\n<li><b>\u2714\ufe0f<\/b> H\u00f6he: 3,5cm<\/li>\n<\/ul><\/div><\/div>\n<\/div>\n","protected":false},"excerpt":{"rendered":"<p class=\"mgmw_wo mli8_k4 mp0t_ji munh_0 m3h2_0 mp4t_0 mqu1_1j m9qz_yq mgn2_16 mgn2_17_s mryx_8 _7030e_LKD2N\"><strong>LEATHERMED Weiche B\u00fcrste zur Reinigung von Ledersitzen<\/strong><\/p>\n","protected":false},"featured_media":119709,"template":"","meta":{"_acf_changed":false},"product_brand":[],"product_cat":[326],"product_tag":[],"class_list":{"0":"post-119883","1":"product","2":"type-product","3":"status-publish","4":"has-post-thumbnail","6":"product_cat-zubehor","8":"first","9":"instock","10":"taxable","11":"shipping-taxable","12":"purchasable","13":"product-type-simple"},"acf":[],"yoast_head":"<!-- This site is optimized with the Yoast SEO plugin v23.6 - https:\/\/yoast.com\/wordpress\/plugins\/seo\/ -->\n<title>LEATHERMED Weiche B\u00fcrste zur Reinigung von Ledersitzen und Lederausstattung - Leathermed<\/title>\n<meta name=\"robots\" content=\"index, follow, max-snippet:-1, max-image-preview:large, max-video-preview:-1\" \/>\n<link rel=\"canonical\" href=\"https:\/\/leathermed.pl\/e-sklep\/leathermed-szczotka-miekka-do-czyszczenia\/\" \/>\n<meta property=\"og:locale\" content=\"de_DE\" \/>\n<meta property=\"og:type\" content=\"article\" \/>\n<meta property=\"og:title\" content=\"LEATHERMED Weiche B\u00fcrste zur Reinigung von Ledersitzen und Lederausstattung - Leathermed\" \/>\n<meta property=\"og:description\" content=\"LEATHERMED Weiche B\u00fcrste zur Reinigung von Ledersitzen\" \/>\n<meta property=\"og:url\" content=\"https:\/\/leathermed.pl\/e-sklep\/leathermed-szczotka-miekka-do-czyszczenia\/\" \/>\n<meta property=\"og:site_name\" content=\"Leathermed\" \/>\n<meta property=\"article:publisher\" content=\"https:\/\/www.facebook.com\/p\/Leathermed-61557229173629\/\" \/>\n<meta property=\"article:modified_time\" content=\"2023-11-25T09:25:41+00:00\" \/>\n<meta property=\"og:image\" content=\"https:\/\/leathermed.pl\/wp-content\/uploads\/2023\/11\/LEATHERMED-Szczotka-miekka-do-czyszczenia-skory-tapicerki-skorzanej.jpeg\" \/>\n\t<meta property=\"og:image:width\" content=\"720\" \/>\n\t<meta property=\"og:image:height\" content=\"720\" \/>\n\t<meta property=\"og:image:type\" content=\"image\/jpeg\" \/>\n<meta name=\"twitter:card\" content=\"summary_large_image\" \/>\n<script type=\"application\/ld+json\" class=\"yoast-schema-graph\">{\"@context\":\"https:\/\/schema.org\",\"@graph\":[{\"@type\":\"WebPage\",\"@id\":\"https:\/\/leathermed.pl\/e-sklep\/leathermed-szczotka-miekka-do-czyszczenia\/\",\"url\":\"https:\/\/leathermed.pl\/e-sklep\/leathermed-szczotka-miekka-do-czyszczenia\/\",\"name\":\"LEATHERMED Weiche B\u00fcrste zur Reinigung von Ledersitzen und Lederausstattung - Leathermed\",\"isPartOf\":{\"@id\":\"https:\/\/leathermed.pl\/#website\"},\"primaryImageOfPage\":{\"@id\":\"https:\/\/leathermed.pl\/e-sklep\/leathermed-szczotka-miekka-do-czyszczenia\/#primaryimage\"},\"image\":{\"@id\":\"https:\/\/leathermed.pl\/e-sklep\/leathermed-szczotka-miekka-do-czyszczenia\/#primaryimage\"},\"thumbnailUrl\":\"https:\/\/leathermed.pl\/wp-content\/uploads\/2023\/11\/LEATHERMED-Szczotka-miekka-do-czyszczenia-skory-tapicerki-skorzanej.jpeg\",\"datePublished\":\"2023-11-14T11:07:41+00:00\",\"dateModified\":\"2023-11-25T09:25:41+00:00\",\"breadcrumb\":{\"@id\":\"https:\/\/leathermed.pl\/e-sklep\/leathermed-szczotka-miekka-do-czyszczenia\/#breadcrumb\"},\"inLanguage\":\"de\",\"potentialAction\":[{\"@type\":\"ReadAction\",\"target\":[\"https:\/\/leathermed.pl\/e-sklep\/leathermed-szczotka-miekka-do-czyszczenia\/\"]}]},{\"@type\":\"ImageObject\",\"inLanguage\":\"de\",\"@id\":\"https:\/\/leathermed.pl\/e-sklep\/leathermed-szczotka-miekka-do-czyszczenia\/#primaryimage\",\"url\":\"https:\/\/leathermed.pl\/wp-content\/uploads\/2023\/11\/LEATHERMED-Szczotka-miekka-do-czyszczenia-skory-tapicerki-skorzanej.jpeg\",\"contentUrl\":\"https:\/\/leathermed.pl\/wp-content\/uploads\/2023\/11\/LEATHERMED-Szczotka-miekka-do-czyszczenia-skory-tapicerki-skorzanej.jpeg\",\"width\":720,\"height\":720,\"caption\":\"LEATHERMED Szczotka mi\u0119kka do czyszczenia sk\u00f3ry tapicerki sk\u00f3rzanej\"},{\"@type\":\"BreadcrumbList\",\"@id\":\"https:\/\/leathermed.pl\/e-sklep\/leathermed-szczotka-miekka-do-czyszczenia\/#breadcrumb\",\"itemListElement\":[{\"@type\":\"ListItem\",\"position\":1,\"name\":\"Strona g\u0142\u00f3wna\",\"item\":\"https:\/\/leathermed.pl\/de\/\"},{\"@type\":\"ListItem\",\"position\":2,\"name\":\"E-sklep\",\"item\":\"https:\/\/leathermed.pl\/e-sklep\/\"},{\"@type\":\"ListItem\",\"position\":3,\"name\":\"LEATHERMED Weiche B\u00fcrste zur Reinigung von Ledersitzen und Lederausstattung\"}]},{\"@type\":\"WebSite\",\"@id\":\"https:\/\/leathermed.pl\/#website\",\"url\":\"https:\/\/leathermed.pl\/\",\"name\":\"Leathermed\",\"description\":\"\",\"publisher\":{\"@id\":\"https:\/\/leathermed.pl\/#organization\"},\"potentialAction\":[{\"@type\":\"SearchAction\",\"target\":{\"@type\":\"EntryPoint\",\"urlTemplate\":\"https:\/\/leathermed.pl\/?s={search_term_string}\"},\"query-input\":{\"@type\":\"PropertyValueSpecification\",\"valueRequired\":true,\"valueName\":\"search_term_string\"}}],\"inLanguage\":\"de\"},{\"@type\":\"Organization\",\"@id\":\"https:\/\/leathermed.pl\/#organization\",\"name\":\"Leathermed\",\"url\":\"https:\/\/leathermed.pl\/\",\"logo\":{\"@type\":\"ImageObject\",\"inLanguage\":\"de\",\"@id\":\"https:\/\/leathermed.pl\/#\/schema\/logo\/image\/\",\"url\":\"https:\/\/leathermed.pl\/wp-content\/uploads\/2023\/10\/Logo_Easy-Resize.com_.jpg\",\"contentUrl\":\"https:\/\/leathermed.pl\/wp-content\/uploads\/2023\/10\/Logo_Easy-Resize.com_.jpg\",\"width\":787,\"height\":600,\"caption\":\"Leathermed\"},\"image\":{\"@id\":\"https:\/\/leathermed.pl\/#\/schema\/logo\/image\/\"},\"sameAs\":[\"https:\/\/www.facebook.com\/p\/Leathermed-61557229173629\/\"]}]}<\/script>\n<!-- \/ Yoast SEO plugin. -->","yoast_head_json":{"title":"LEATHERMED Weiche B\u00fcrste zur Reinigung von Ledersitzen und Lederausstattung - Leathermed","robots":{"index":"index","follow":"follow","max-snippet":"max-snippet:-1","max-image-preview":"max-image-preview:large","max-video-preview":"max-video-preview:-1"},"canonical":"https:\/\/leathermed.pl\/e-sklep\/leathermed-szczotka-miekka-do-czyszczenia\/","og_locale":"de_DE","og_type":"article","og_title":"LEATHERMED Weiche B\u00fcrste zur Reinigung von Ledersitzen und Lederausstattung - Leathermed","og_description":"LEATHERMED Weiche B\u00fcrste zur Reinigung von Ledersitzen","og_url":"https:\/\/leathermed.pl\/e-sklep\/leathermed-szczotka-miekka-do-czyszczenia\/","og_site_name":"Leathermed","article_publisher":"https:\/\/www.facebook.com\/p\/Leathermed-61557229173629\/","article_modified_time":"2023-11-25T09:25:41+00:00","og_image":[{"width":720,"height":720,"url":"https:\/\/leathermed.pl\/wp-content\/uploads\/2023\/11\/LEATHERMED-Szczotka-miekka-do-czyszczenia-skory-tapicerki-skorzanej.jpeg","type":"image\/jpeg"}],"twitter_card":"summary_large_image","schema":{"@context":"https:\/\/schema.org","@graph":[{"@type":"WebPage","@id":"https:\/\/leathermed.pl\/e-sklep\/leathermed-szczotka-miekka-do-czyszczenia\/","url":"https:\/\/leathermed.pl\/e-sklep\/leathermed-szczotka-miekka-do-czyszczenia\/","name":"LEATHERMED Weiche B\u00fcrste zur Reinigung von Ledersitzen und Lederausstattung - Leathermed","isPartOf":{"@id":"https:\/\/leathermed.pl\/#website"},"primaryImageOfPage":{"@id":"https:\/\/leathermed.pl\/e-sklep\/leathermed-szczotka-miekka-do-czyszczenia\/#primaryimage"},"image":{"@id":"https:\/\/leathermed.pl\/e-sklep\/leathermed-szczotka-miekka-do-czyszczenia\/#primaryimage"},"thumbnailUrl":"https:\/\/leathermed.pl\/wp-content\/uploads\/2023\/11\/LEATHERMED-Szczotka-miekka-do-czyszczenia-skory-tapicerki-skorzanej.jpeg","datePublished":"2023-11-14T11:07:41+00:00","dateModified":"2023-11-25T09:25:41+00:00","breadcrumb":{"@id":"https:\/\/leathermed.pl\/e-sklep\/leathermed-szczotka-miekka-do-czyszczenia\/#breadcrumb"},"inLanguage":"de","potentialAction":[{"@type":"ReadAction","target":["https:\/\/leathermed.pl\/e-sklep\/leathermed-szczotka-miekka-do-czyszczenia\/"]}]},{"@type":"ImageObject","inLanguage":"de","@id":"https:\/\/leathermed.pl\/e-sklep\/leathermed-szczotka-miekka-do-czyszczenia\/#primaryimage","url":"https:\/\/leathermed.pl\/wp-content\/uploads\/2023\/11\/LEATHERMED-Szczotka-miekka-do-czyszczenia-skory-tapicerki-skorzanej.jpeg","contentUrl":"https:\/\/leathermed.pl\/wp-content\/uploads\/2023\/11\/LEATHERMED-Szczotka-miekka-do-czyszczenia-skory-tapicerki-skorzanej.jpeg","width":720,"height":720,"caption":"LEATHERMED Szczotka mi\u0119kka do czyszczenia sk\u00f3ry tapicerki sk\u00f3rzanej"},{"@type":"BreadcrumbList","@id":"https:\/\/leathermed.pl\/e-sklep\/leathermed-szczotka-miekka-do-czyszczenia\/#breadcrumb","itemListElement":[{"@type":"ListItem","position":1,"name":"Strona g\u0142\u00f3wna","item":"https:\/\/leathermed.pl\/de\/"},{"@type":"ListItem","position":2,"name":"E-sklep","item":"https:\/\/leathermed.pl\/e-sklep\/"},{"@type":"ListItem","position":3,"name":"LEATHERMED Weiche B\u00fcrste zur Reinigung von Ledersitzen und Lederausstattung"}]},{"@type":"WebSite","@id":"https:\/\/leathermed.pl\/#website","url":"https:\/\/leathermed.pl\/","name":"Leathermed","description":"","publisher":{"@id":"https:\/\/leathermed.pl\/#organization"},"potentialAction":[{"@type":"SearchAction","target":{"@type":"EntryPoint","urlTemplate":"https:\/\/leathermed.pl\/?s={search_term_string}"},"query-input":{"@type":"PropertyValueSpecification","valueRequired":true,"valueName":"search_term_string"}}],"inLanguage":"de"},{"@type":"Organization","@id":"https:\/\/leathermed.pl\/#organization","name":"Leathermed","url":"https:\/\/leathermed.pl\/","logo":{"@type":"ImageObject","inLanguage":"de","@id":"https:\/\/leathermed.pl\/#\/schema\/logo\/image\/","url":"https:\/\/leathermed.pl\/wp-content\/uploads\/2023\/10\/Logo_Easy-Resize.com_.jpg","contentUrl":"https:\/\/leathermed.pl\/wp-content\/uploads\/2023\/10\/Logo_Easy-Resize.com_.jpg","width":787,"height":600,"caption":"Leathermed"},"image":{"@id":"https:\/\/leathermed.pl\/#\/schema\/logo\/image\/"},"sameAs":["https:\/\/www.facebook.com\/p\/Leathermed-61557229173629\/"]}]}},"_links":{"self":[{"href":"https:\/\/leathermed.pl\/de\/wp-json\/wp\/v2\/product\/119883","targetHints":{"allow":["GET"]}}],"collection":[{"href":"https:\/\/leathermed.pl\/de\/wp-json\/wp\/v2\/product"}],"about":[{"href":"https:\/\/leathermed.pl\/de\/wp-json\/wp\/v2\/types\/product"}],"wp:featuredmedia":[{"embeddable":true,"href":"https:\/\/leathermed.pl\/de\/wp-json\/wp\/v2\/media\/119709"}],"wp:attachment":[{"href":"https:\/\/leathermed.pl\/de\/wp-json\/wp\/v2\/media?parent=119883"}],"wp:term":[{"taxonomy":"product_brand","embeddable":true,"href":"https:\/\/leathermed.pl\/de\/wp-json\/wp\/v2\/product_brand?post=119883"},{"taxonomy":"product_cat","embeddable":true,"href":"https:\/\/leathermed.pl\/de\/wp-json\/wp\/v2\/product_cat?post=119883"},{"taxonomy":"product_tag","embeddable":true,"href":"https:\/\/leathermed.pl\/de\/wp-json\/wp\/v2\/product_tag?post=119883"}],"curies":[{"name":"wp","href":"https:\/\/api.w.org\/{rel}","templated":true}]}}