{"id":119879,"date":"2023-11-14T12:15:07","date_gmt":"2023-11-14T11:15:07","guid":{"rendered":"https:\/\/leathermed.pl\/sklep\/leathermed-gabka-mala-6cm-x-45cm-x-25cm-pakiet-5-sztuk\/"},"modified":"2023-11-25T10:30:11","modified_gmt":"2023-11-25T09:30:11","slug":"leathermed-gabka-mala-6cm-x-45cm-x-25cm-pakiet-5-sztuk","status":"publish","type":"product","link":"https:\/\/leathermed.pl\/de\/e-sklep\/leathermed-gabka-mala-6cm-x-45cm-x-25cm-pakiet-5-sztuk\/","title":{"rendered":"LEATHERMED Kleiner Schwamm 6cm x 4,5cm x 2,5cm &#8211; Packung mit 5 St\u00fcck"},"content":{"rendered":"<h2>Leathermed Kleiner Schwamm 6cm x 4,5cm x 2,5cm &#8211; Packung mit 5 St\u00fcck<\/h2>\n<\/p><\/div><\/div>\n<\/div>\n<div class=\"mpof_ki myre_zn myre_8v_l m389_6m_l\">\n<div class=\"mp4t_16_s mryx_16_s mr3m_1 mli2_1 mh85_56 mh85_0_l\">\n<div class=\"mgn2_16 _0d3bd_am0a-\">\n      <b>Schwamm zur Auftragung von Farbe und Lack der Marke<\/b> <b>Leathermed.<\/b><\/p>\n<p>      Seine ergonomischen Abmessungen <b>6cm x 4,5cm x 2,5cm<\/b> machen ihn handlich und erm\u00f6glichen eine einfache und pr\u00e4zise Verteilung des Produkts auf der Haut.<\/p>\n<p>      <b>Leathermed<\/b> steht f\u00fcr Qualit\u00e4t und Pr\u00e4zision in der Hautpflege.<\/p>\n<p>      <b>DATEN:<\/b><\/p>\n<ul>\n<li><b>\u2714\ufe0f MENGE: 5 St\u00fcck<\/b><\/li>\n<li><b>\u2714\ufe0f ABMESSUNG: 6cm x 4,5cm x 2,5cm<\/b><\/li>\n<\/ul><\/div>\n","protected":false},"excerpt":{"rendered":"<p>LEATHERMED Kleiner Schwamm 6cm x 4,5cm x 2,5cm &#8211; Packung mit 5 St\u00fcck<\/p>\n","protected":false},"featured_media":119718,"template":"","meta":{"_acf_changed":false},"product_brand":[],"product_cat":[326],"product_tag":[],"class_list":{"0":"post-119879","1":"product","2":"type-product","3":"status-publish","4":"has-post-thumbnail","6":"product_cat-zubehor","8":"first","9":"instock","10":"taxable","11":"shipping-taxable","12":"purchasable","13":"product-type-simple"},"acf":[],"yoast_head":"<!-- This site is optimized with the Yoast SEO plugin v23.6 - https:\/\/yoast.com\/wordpress\/plugins\/seo\/ -->\n<title>LEATHERMED Kleiner Schwamm 6cm x 4,5cm x 2,5cm - Packung mit 5 St\u00fcck - Leathermed<\/title>\n<meta name=\"robots\" content=\"index, follow, max-snippet:-1, max-image-preview:large, max-video-preview:-1\" \/>\n<link rel=\"canonical\" href=\"https:\/\/leathermed.pl\/e-sklep\/leathermed-gabka-mala-6cm-x-45cm-x-25cm-pakiet-5-sztuk\/\" \/>\n<meta property=\"og:locale\" content=\"de_DE\" \/>\n<meta property=\"og:type\" content=\"article\" \/>\n<meta property=\"og:title\" content=\"LEATHERMED Kleiner Schwamm 6cm x 4,5cm x 2,5cm - Packung mit 5 St\u00fcck - Leathermed\" \/>\n<meta property=\"og:description\" content=\"LEATHERMED Kleiner Schwamm 6cm x 4,5cm x 2,5cm - Packung mit 5 St\u00fcck\" \/>\n<meta property=\"og:url\" content=\"https:\/\/leathermed.pl\/e-sklep\/leathermed-gabka-mala-6cm-x-45cm-x-25cm-pakiet-5-sztuk\/\" \/>\n<meta property=\"og:site_name\" content=\"Leathermed\" \/>\n<meta property=\"article:publisher\" content=\"https:\/\/www.facebook.com\/p\/Leathermed-61557229173629\/\" \/>\n<meta property=\"article:modified_time\" content=\"2023-11-25T09:30:11+00:00\" \/>\n<meta property=\"og:image\" content=\"https:\/\/leathermed.pl\/wp-content\/uploads\/2023\/11\/LEATHERMED-Gabka-mala-6cm-x-4-5cm-x-2-5cm-pakiet-5-sztuk.jpeg\" \/>\n\t<meta property=\"og:image:width\" content=\"720\" \/>\n\t<meta property=\"og:image:height\" content=\"720\" \/>\n\t<meta property=\"og:image:type\" content=\"image\/jpeg\" \/>\n<meta name=\"twitter:card\" content=\"summary_large_image\" \/>\n<script type=\"application\/ld+json\" class=\"yoast-schema-graph\">{\"@context\":\"https:\/\/schema.org\",\"@graph\":[{\"@type\":\"WebPage\",\"@id\":\"https:\/\/leathermed.pl\/e-sklep\/leathermed-gabka-mala-6cm-x-45cm-x-25cm-pakiet-5-sztuk\/\",\"url\":\"https:\/\/leathermed.pl\/e-sklep\/leathermed-gabka-mala-6cm-x-45cm-x-25cm-pakiet-5-sztuk\/\",\"name\":\"LEATHERMED Kleiner Schwamm 6cm x 4,5cm x 2,5cm - Packung mit 5 St\u00fcck - Leathermed\",\"isPartOf\":{\"@id\":\"https:\/\/leathermed.pl\/#website\"},\"primaryImageOfPage\":{\"@id\":\"https:\/\/leathermed.pl\/e-sklep\/leathermed-gabka-mala-6cm-x-45cm-x-25cm-pakiet-5-sztuk\/#primaryimage\"},\"image\":{\"@id\":\"https:\/\/leathermed.pl\/e-sklep\/leathermed-gabka-mala-6cm-x-45cm-x-25cm-pakiet-5-sztuk\/#primaryimage\"},\"thumbnailUrl\":\"https:\/\/leathermed.pl\/wp-content\/uploads\/2023\/11\/LEATHERMED-Gabka-mala-6cm-x-4-5cm-x-2-5cm-pakiet-5-sztuk.jpeg\",\"datePublished\":\"2023-11-14T11:15:07+00:00\",\"dateModified\":\"2023-11-25T09:30:11+00:00\",\"breadcrumb\":{\"@id\":\"https:\/\/leathermed.pl\/e-sklep\/leathermed-gabka-mala-6cm-x-45cm-x-25cm-pakiet-5-sztuk\/#breadcrumb\"},\"inLanguage\":\"de\",\"potentialAction\":[{\"@type\":\"ReadAction\",\"target\":[\"https:\/\/leathermed.pl\/e-sklep\/leathermed-gabka-mala-6cm-x-45cm-x-25cm-pakiet-5-sztuk\/\"]}]},{\"@type\":\"ImageObject\",\"inLanguage\":\"de\",\"@id\":\"https:\/\/leathermed.pl\/e-sklep\/leathermed-gabka-mala-6cm-x-45cm-x-25cm-pakiet-5-sztuk\/#primaryimage\",\"url\":\"https:\/\/leathermed.pl\/wp-content\/uploads\/2023\/11\/LEATHERMED-Gabka-mala-6cm-x-4-5cm-x-2-5cm-pakiet-5-sztuk.jpeg\",\"contentUrl\":\"https:\/\/leathermed.pl\/wp-content\/uploads\/2023\/11\/LEATHERMED-Gabka-mala-6cm-x-4-5cm-x-2-5cm-pakiet-5-sztuk.jpeg\",\"width\":720,\"height\":720,\"caption\":\"LEATHERMED G\u0105bka ma\u0142a\"},{\"@type\":\"BreadcrumbList\",\"@id\":\"https:\/\/leathermed.pl\/e-sklep\/leathermed-gabka-mala-6cm-x-45cm-x-25cm-pakiet-5-sztuk\/#breadcrumb\",\"itemListElement\":[{\"@type\":\"ListItem\",\"position\":1,\"name\":\"Strona g\u0142\u00f3wna\",\"item\":\"https:\/\/leathermed.pl\/de\/\"},{\"@type\":\"ListItem\",\"position\":2,\"name\":\"E-sklep\",\"item\":\"https:\/\/leathermed.pl\/e-sklep\/\"},{\"@type\":\"ListItem\",\"position\":3,\"name\":\"LEATHERMED Kleiner Schwamm 6cm x 4,5cm x 2,5cm &#8211; Packung mit 5 St\u00fcck\"}]},{\"@type\":\"WebSite\",\"@id\":\"https:\/\/leathermed.pl\/#website\",\"url\":\"https:\/\/leathermed.pl\/\",\"name\":\"Leathermed\",\"description\":\"\",\"publisher\":{\"@id\":\"https:\/\/leathermed.pl\/#organization\"},\"potentialAction\":[{\"@type\":\"SearchAction\",\"target\":{\"@type\":\"EntryPoint\",\"urlTemplate\":\"https:\/\/leathermed.pl\/?s={search_term_string}\"},\"query-input\":{\"@type\":\"PropertyValueSpecification\",\"valueRequired\":true,\"valueName\":\"search_term_string\"}}],\"inLanguage\":\"de\"},{\"@type\":\"Organization\",\"@id\":\"https:\/\/leathermed.pl\/#organization\",\"name\":\"Leathermed\",\"url\":\"https:\/\/leathermed.pl\/\",\"logo\":{\"@type\":\"ImageObject\",\"inLanguage\":\"de\",\"@id\":\"https:\/\/leathermed.pl\/#\/schema\/logo\/image\/\",\"url\":\"https:\/\/leathermed.pl\/wp-content\/uploads\/2023\/10\/Logo_Easy-Resize.com_.jpg\",\"contentUrl\":\"https:\/\/leathermed.pl\/wp-content\/uploads\/2023\/10\/Logo_Easy-Resize.com_.jpg\",\"width\":787,\"height\":600,\"caption\":\"Leathermed\"},\"image\":{\"@id\":\"https:\/\/leathermed.pl\/#\/schema\/logo\/image\/\"},\"sameAs\":[\"https:\/\/www.facebook.com\/p\/Leathermed-61557229173629\/\"]}]}<\/script>\n<!-- \/ Yoast SEO plugin. -->","yoast_head_json":{"title":"LEATHERMED Kleiner Schwamm 6cm x 4,5cm x 2,5cm - Packung mit 5 St\u00fcck - Leathermed","robots":{"index":"index","follow":"follow","max-snippet":"max-snippet:-1","max-image-preview":"max-image-preview:large","max-video-preview":"max-video-preview:-1"},"canonical":"https:\/\/leathermed.pl\/e-sklep\/leathermed-gabka-mala-6cm-x-45cm-x-25cm-pakiet-5-sztuk\/","og_locale":"de_DE","og_type":"article","og_title":"LEATHERMED Kleiner Schwamm 6cm x 4,5cm x 2,5cm - Packung mit 5 St\u00fcck - Leathermed","og_description":"LEATHERMED Kleiner Schwamm 6cm x 4,5cm x 2,5cm - Packung mit 5 St\u00fcck","og_url":"https:\/\/leathermed.pl\/e-sklep\/leathermed-gabka-mala-6cm-x-45cm-x-25cm-pakiet-5-sztuk\/","og_site_name":"Leathermed","article_publisher":"https:\/\/www.facebook.com\/p\/Leathermed-61557229173629\/","article_modified_time":"2023-11-25T09:30:11+00:00","og_image":[{"width":720,"height":720,"url":"https:\/\/leathermed.pl\/wp-content\/uploads\/2023\/11\/LEATHERMED-Gabka-mala-6cm-x-4-5cm-x-2-5cm-pakiet-5-sztuk.jpeg","type":"image\/jpeg"}],"twitter_card":"summary_large_image","schema":{"@context":"https:\/\/schema.org","@graph":[{"@type":"WebPage","@id":"https:\/\/leathermed.pl\/e-sklep\/leathermed-gabka-mala-6cm-x-45cm-x-25cm-pakiet-5-sztuk\/","url":"https:\/\/leathermed.pl\/e-sklep\/leathermed-gabka-mala-6cm-x-45cm-x-25cm-pakiet-5-sztuk\/","name":"LEATHERMED Kleiner Schwamm 6cm x 4,5cm x 2,5cm - Packung mit 5 St\u00fcck - Leathermed","isPartOf":{"@id":"https:\/\/leathermed.pl\/#website"},"primaryImageOfPage":{"@id":"https:\/\/leathermed.pl\/e-sklep\/leathermed-gabka-mala-6cm-x-45cm-x-25cm-pakiet-5-sztuk\/#primaryimage"},"image":{"@id":"https:\/\/leathermed.pl\/e-sklep\/leathermed-gabka-mala-6cm-x-45cm-x-25cm-pakiet-5-sztuk\/#primaryimage"},"thumbnailUrl":"https:\/\/leathermed.pl\/wp-content\/uploads\/2023\/11\/LEATHERMED-Gabka-mala-6cm-x-4-5cm-x-2-5cm-pakiet-5-sztuk.jpeg","datePublished":"2023-11-14T11:15:07+00:00","dateModified":"2023-11-25T09:30:11+00:00","breadcrumb":{"@id":"https:\/\/leathermed.pl\/e-sklep\/leathermed-gabka-mala-6cm-x-45cm-x-25cm-pakiet-5-sztuk\/#breadcrumb"},"inLanguage":"de","potentialAction":[{"@type":"ReadAction","target":["https:\/\/leathermed.pl\/e-sklep\/leathermed-gabka-mala-6cm-x-45cm-x-25cm-pakiet-5-sztuk\/"]}]},{"@type":"ImageObject","inLanguage":"de","@id":"https:\/\/leathermed.pl\/e-sklep\/leathermed-gabka-mala-6cm-x-45cm-x-25cm-pakiet-5-sztuk\/#primaryimage","url":"https:\/\/leathermed.pl\/wp-content\/uploads\/2023\/11\/LEATHERMED-Gabka-mala-6cm-x-4-5cm-x-2-5cm-pakiet-5-sztuk.jpeg","contentUrl":"https:\/\/leathermed.pl\/wp-content\/uploads\/2023\/11\/LEATHERMED-Gabka-mala-6cm-x-4-5cm-x-2-5cm-pakiet-5-sztuk.jpeg","width":720,"height":720,"caption":"LEATHERMED G\u0105bka ma\u0142a"},{"@type":"BreadcrumbList","@id":"https:\/\/leathermed.pl\/e-sklep\/leathermed-gabka-mala-6cm-x-45cm-x-25cm-pakiet-5-sztuk\/#breadcrumb","itemListElement":[{"@type":"ListItem","position":1,"name":"Strona g\u0142\u00f3wna","item":"https:\/\/leathermed.pl\/de\/"},{"@type":"ListItem","position":2,"name":"E-sklep","item":"https:\/\/leathermed.pl\/e-sklep\/"},{"@type":"ListItem","position":3,"name":"LEATHERMED Kleiner Schwamm 6cm x 4,5cm x 2,5cm &#8211; Packung mit 5 St\u00fcck"}]},{"@type":"WebSite","@id":"https:\/\/leathermed.pl\/#website","url":"https:\/\/leathermed.pl\/","name":"Leathermed","description":"","publisher":{"@id":"https:\/\/leathermed.pl\/#organization"},"potentialAction":[{"@type":"SearchAction","target":{"@type":"EntryPoint","urlTemplate":"https:\/\/leathermed.pl\/?s={search_term_string}"},"query-input":{"@type":"PropertyValueSpecification","valueRequired":true,"valueName":"search_term_string"}}],"inLanguage":"de"},{"@type":"Organization","@id":"https:\/\/leathermed.pl\/#organization","name":"Leathermed","url":"https:\/\/leathermed.pl\/","logo":{"@type":"ImageObject","inLanguage":"de","@id":"https:\/\/leathermed.pl\/#\/schema\/logo\/image\/","url":"https:\/\/leathermed.pl\/wp-content\/uploads\/2023\/10\/Logo_Easy-Resize.com_.jpg","contentUrl":"https:\/\/leathermed.pl\/wp-content\/uploads\/2023\/10\/Logo_Easy-Resize.com_.jpg","width":787,"height":600,"caption":"Leathermed"},"image":{"@id":"https:\/\/leathermed.pl\/#\/schema\/logo\/image\/"},"sameAs":["https:\/\/www.facebook.com\/p\/Leathermed-61557229173629\/"]}]}},"_links":{"self":[{"href":"https:\/\/leathermed.pl\/de\/wp-json\/wp\/v2\/product\/119879","targetHints":{"allow":["GET"]}}],"collection":[{"href":"https:\/\/leathermed.pl\/de\/wp-json\/wp\/v2\/product"}],"about":[{"href":"https:\/\/leathermed.pl\/de\/wp-json\/wp\/v2\/types\/product"}],"wp:featuredmedia":[{"embeddable":true,"href":"https:\/\/leathermed.pl\/de\/wp-json\/wp\/v2\/media\/119718"}],"wp:attachment":[{"href":"https:\/\/leathermed.pl\/de\/wp-json\/wp\/v2\/media?parent=119879"}],"wp:term":[{"taxonomy":"product_brand","embeddable":true,"href":"https:\/\/leathermed.pl\/de\/wp-json\/wp\/v2\/product_brand?post=119879"},{"taxonomy":"product_cat","embeddable":true,"href":"https:\/\/leathermed.pl\/de\/wp-json\/wp\/v2\/product_cat?post=119879"},{"taxonomy":"product_tag","embeddable":true,"href":"https:\/\/leathermed.pl\/de\/wp-json\/wp\/v2\/product_tag?post=119879"}],"curies":[{"name":"wp","href":"https:\/\/api.w.org\/{rel}","templated":true}]}}