{"id":119875,"date":"2023-11-14T12:24:21","date_gmt":"2023-11-14T11:24:21","guid":{"rendered":"https:\/\/leathermed.pl\/sklep\/leathermed-szpachelka-do-nakladania-plynnej-skory\/"},"modified":"2023-12-05T19:08:38","modified_gmt":"2023-12-05T18:08:38","slug":"leathermed-szpachelka-do-nakladania-plynnej-skory","status":"publish","type":"product","link":"https:\/\/leathermed.pl\/de\/e-sklep\/leathermed-szpachelka-do-nakladania-plynnej-skory\/","title":{"rendered":"LEATHERMED Spachtel zum Auftragen von fl\u00fcssigem Leder"},"content":{"rendered":"<h2 class=\"mp4t_0 mryx_0 mj7a_4 mp0t_ji m9qz_yo munh_0 m3h2_0 mqu1_1j mgmw_wo mgn2_21 mgn2_25_s\">LEATHERMED Spachtel f\u00fcr die Auftragung von fl\u00fcssigem Leder<\/h2>\n<div class=\"mpof_ki myre_zn myre_8v_l m389_6m_l\">\n<div class=\"mp4t_16_s mryx_16_s mr3m_1 mli2_1 mh85_56 mh85_0_l\">\n<div class=\"mgn2_16 _0d3bd_am0a-\">\n<div class=\"mp4t_16_s mryx_16_s mr3m_1 mli2_1 mh85_56 mh85_0_l\">\n<div class=\"mgn2_16 _0d3bd_am0a-\">\n<div class=\"mpof_ki myre_zn myre_8v_l m389_6m_l\">\n<div class=\"mp4t_16_s mryx_16_s mr3m_1 mli2_1 mh85_56 mh85_0_l\">\n<div class=\"mgn2_16 _0d3bd_am0a-\">\n<p><b>Holzspachtel<\/b> zum Auftragen von fl\u00fcssigem Leder von <b>Leathermed<\/b> w\u00e4hrend der Renovierung zeichnet sich durch einen flachen und flexiblen Metallteil sowie einen ergonomischen Holzgriff aus, der eine pr\u00e4zise Anwendung des Produkts auf der Haut erm\u00f6glicht. Die bequeme Form erleichtert die Handhabung und macht den Renovierungsprozess einfacher und effizienter.<\/p>\n<p><b>DATEN:<\/b><\/p>\n<ul>\n<li><b>\u2714\ufe0f<\/b> Gesamtl\u00e4nge des Produkts: 205 mm<\/li>\n<li><b>\u2714\ufe0f<\/b> L\u00e4nge der Spachtel: 54 mm<\/li>\n<li><b>\u2714\ufe0f<\/b> Breite der Spachtel: 17 mm<\/li>\n<\/ul>\n<\/div>\n<\/div>\n<\/div>\n<\/div>\n<\/div>\n<\/div>\n<\/div>\n<\/div>\n","protected":false},"excerpt":{"rendered":"<div class=\"mpof_ki myre_zn myre_8v_l m389_6m_l\">\n<div class=\"mp4t_16_s mryx_16_s mr3m_1 mli2_1 mh85_56 mh85_0_l\">\n<div class=\"mgn2_16 _0d3bd_am0a-\">\n<p><strong>Gro\u00dfer Spachtel zum Auftragen von fl\u00fcssigem Leder<\/strong><\/p>\n<\/div>\n<\/div>\n<\/div>\n","protected":false},"featured_media":121520,"template":"","meta":{"_acf_changed":false},"product_brand":[],"product_cat":[326],"product_tag":[],"class_list":{"0":"post-119875","1":"product","2":"type-product","3":"status-publish","4":"has-post-thumbnail","6":"product_cat-zubehor","8":"first","9":"instock","10":"taxable","11":"shipping-taxable","12":"purchasable","13":"product-type-simple"},"acf":[],"yoast_head":"<!-- This site is optimized with the Yoast SEO plugin v23.6 - https:\/\/yoast.com\/wordpress\/plugins\/seo\/ -->\n<title>LEATHERMED Spachtel zum Auftragen von fl\u00fcssigem Leder - Leathermed<\/title>\n<meta name=\"robots\" content=\"index, follow, max-snippet:-1, max-image-preview:large, max-video-preview:-1\" \/>\n<link rel=\"canonical\" href=\"https:\/\/leathermed.pl\/e-sklep\/szpachelka-do-nakladania-plynnej-skory\/\" \/>\n<meta property=\"og:locale\" content=\"de_DE\" \/>\n<meta property=\"og:type\" content=\"article\" \/>\n<meta property=\"og:title\" content=\"LEATHERMED Spachtel zum Auftragen von fl\u00fcssigem Leder - Leathermed\" \/>\n<meta property=\"og:description\" content=\"Gro\u00dfer Spachtel zum Auftragen von fl\u00fcssigem Leder\" \/>\n<meta property=\"og:url\" content=\"https:\/\/leathermed.pl\/e-sklep\/szpachelka-do-nakladania-plynnej-skory\/\" \/>\n<meta property=\"og:site_name\" content=\"Leathermed\" \/>\n<meta property=\"article:publisher\" content=\"https:\/\/www.facebook.com\/p\/Leathermed-61557229173629\/\" \/>\n<meta property=\"article:modified_time\" content=\"2023-12-05T18:08:38+00:00\" \/>\n<meta property=\"og:image\" content=\"https:\/\/leathermed.pl\/wp-content\/uploads\/2023\/11\/Szpachelka-duza.jpg\" \/>\n\t<meta property=\"og:image:width\" content=\"1280\" \/>\n\t<meta property=\"og:image:height\" content=\"1280\" \/>\n\t<meta property=\"og:image:type\" content=\"image\/jpeg\" \/>\n<meta name=\"twitter:card\" content=\"summary_large_image\" \/>\n<script type=\"application\/ld+json\" class=\"yoast-schema-graph\">{\"@context\":\"https:\/\/schema.org\",\"@graph\":[{\"@type\":\"WebPage\",\"@id\":\"https:\/\/leathermed.pl\/e-sklep\/szpachelka-do-nakladania-plynnej-skory\/\",\"url\":\"https:\/\/leathermed.pl\/e-sklep\/szpachelka-do-nakladania-plynnej-skory\/\",\"name\":\"LEATHERMED Spachtel zum Auftragen von fl\u00fcssigem Leder - Leathermed\",\"isPartOf\":{\"@id\":\"https:\/\/leathermed.pl\/#website\"},\"primaryImageOfPage\":{\"@id\":\"https:\/\/leathermed.pl\/e-sklep\/szpachelka-do-nakladania-plynnej-skory\/#primaryimage\"},\"image\":{\"@id\":\"https:\/\/leathermed.pl\/e-sklep\/szpachelka-do-nakladania-plynnej-skory\/#primaryimage\"},\"thumbnailUrl\":\"https:\/\/leathermed.pl\/wp-content\/uploads\/2023\/11\/Szpachelka-duza.jpg\",\"datePublished\":\"2023-11-14T11:24:21+00:00\",\"dateModified\":\"2023-12-05T18:08:38+00:00\",\"breadcrumb\":{\"@id\":\"https:\/\/leathermed.pl\/e-sklep\/szpachelka-do-nakladania-plynnej-skory\/#breadcrumb\"},\"inLanguage\":\"de\",\"potentialAction\":[{\"@type\":\"ReadAction\",\"target\":[\"https:\/\/leathermed.pl\/e-sklep\/szpachelka-do-nakladania-plynnej-skory\/\"]}]},{\"@type\":\"ImageObject\",\"inLanguage\":\"de\",\"@id\":\"https:\/\/leathermed.pl\/e-sklep\/szpachelka-do-nakladania-plynnej-skory\/#primaryimage\",\"url\":\"https:\/\/leathermed.pl\/wp-content\/uploads\/2023\/11\/Szpachelka-duza.jpg\",\"contentUrl\":\"https:\/\/leathermed.pl\/wp-content\/uploads\/2023\/11\/Szpachelka-duza.jpg\",\"width\":1280,\"height\":1280,\"caption\":\"LEATHERMED\"},{\"@type\":\"BreadcrumbList\",\"@id\":\"https:\/\/leathermed.pl\/e-sklep\/szpachelka-do-nakladania-plynnej-skory\/#breadcrumb\",\"itemListElement\":[{\"@type\":\"ListItem\",\"position\":1,\"name\":\"Strona g\u0142\u00f3wna\",\"item\":\"https:\/\/leathermed.pl\/de\/\"},{\"@type\":\"ListItem\",\"position\":2,\"name\":\"E-sklep\",\"item\":\"https:\/\/leathermed.pl\/e-sklep\/\"},{\"@type\":\"ListItem\",\"position\":3,\"name\":\"LEATHERMED Spachtel zum Auftragen von fl\u00fcssigem Leder\"}]},{\"@type\":\"WebSite\",\"@id\":\"https:\/\/leathermed.pl\/#website\",\"url\":\"https:\/\/leathermed.pl\/\",\"name\":\"Leathermed\",\"description\":\"\",\"publisher\":{\"@id\":\"https:\/\/leathermed.pl\/#organization\"},\"potentialAction\":[{\"@type\":\"SearchAction\",\"target\":{\"@type\":\"EntryPoint\",\"urlTemplate\":\"https:\/\/leathermed.pl\/?s={search_term_string}\"},\"query-input\":{\"@type\":\"PropertyValueSpecification\",\"valueRequired\":true,\"valueName\":\"search_term_string\"}}],\"inLanguage\":\"de\"},{\"@type\":\"Organization\",\"@id\":\"https:\/\/leathermed.pl\/#organization\",\"name\":\"Leathermed\",\"url\":\"https:\/\/leathermed.pl\/\",\"logo\":{\"@type\":\"ImageObject\",\"inLanguage\":\"de\",\"@id\":\"https:\/\/leathermed.pl\/#\/schema\/logo\/image\/\",\"url\":\"https:\/\/leathermed.pl\/wp-content\/uploads\/2023\/10\/Logo_Easy-Resize.com_.jpg\",\"contentUrl\":\"https:\/\/leathermed.pl\/wp-content\/uploads\/2023\/10\/Logo_Easy-Resize.com_.jpg\",\"width\":787,\"height\":600,\"caption\":\"Leathermed\"},\"image\":{\"@id\":\"https:\/\/leathermed.pl\/#\/schema\/logo\/image\/\"},\"sameAs\":[\"https:\/\/www.facebook.com\/p\/Leathermed-61557229173629\/\"]}]}<\/script>\n<!-- \/ Yoast SEO plugin. -->","yoast_head_json":{"title":"LEATHERMED Spachtel zum Auftragen von fl\u00fcssigem Leder - Leathermed","robots":{"index":"index","follow":"follow","max-snippet":"max-snippet:-1","max-image-preview":"max-image-preview:large","max-video-preview":"max-video-preview:-1"},"canonical":"https:\/\/leathermed.pl\/e-sklep\/szpachelka-do-nakladania-plynnej-skory\/","og_locale":"de_DE","og_type":"article","og_title":"LEATHERMED Spachtel zum Auftragen von fl\u00fcssigem Leder - Leathermed","og_description":"Gro\u00dfer Spachtel zum Auftragen von fl\u00fcssigem Leder","og_url":"https:\/\/leathermed.pl\/e-sklep\/szpachelka-do-nakladania-plynnej-skory\/","og_site_name":"Leathermed","article_publisher":"https:\/\/www.facebook.com\/p\/Leathermed-61557229173629\/","article_modified_time":"2023-12-05T18:08:38+00:00","og_image":[{"width":1280,"height":1280,"url":"https:\/\/leathermed.pl\/wp-content\/uploads\/2023\/11\/Szpachelka-duza.jpg","type":"image\/jpeg"}],"twitter_card":"summary_large_image","schema":{"@context":"https:\/\/schema.org","@graph":[{"@type":"WebPage","@id":"https:\/\/leathermed.pl\/e-sklep\/szpachelka-do-nakladania-plynnej-skory\/","url":"https:\/\/leathermed.pl\/e-sklep\/szpachelka-do-nakladania-plynnej-skory\/","name":"LEATHERMED Spachtel zum Auftragen von fl\u00fcssigem Leder - Leathermed","isPartOf":{"@id":"https:\/\/leathermed.pl\/#website"},"primaryImageOfPage":{"@id":"https:\/\/leathermed.pl\/e-sklep\/szpachelka-do-nakladania-plynnej-skory\/#primaryimage"},"image":{"@id":"https:\/\/leathermed.pl\/e-sklep\/szpachelka-do-nakladania-plynnej-skory\/#primaryimage"},"thumbnailUrl":"https:\/\/leathermed.pl\/wp-content\/uploads\/2023\/11\/Szpachelka-duza.jpg","datePublished":"2023-11-14T11:24:21+00:00","dateModified":"2023-12-05T18:08:38+00:00","breadcrumb":{"@id":"https:\/\/leathermed.pl\/e-sklep\/szpachelka-do-nakladania-plynnej-skory\/#breadcrumb"},"inLanguage":"de","potentialAction":[{"@type":"ReadAction","target":["https:\/\/leathermed.pl\/e-sklep\/szpachelka-do-nakladania-plynnej-skory\/"]}]},{"@type":"ImageObject","inLanguage":"de","@id":"https:\/\/leathermed.pl\/e-sklep\/szpachelka-do-nakladania-plynnej-skory\/#primaryimage","url":"https:\/\/leathermed.pl\/wp-content\/uploads\/2023\/11\/Szpachelka-duza.jpg","contentUrl":"https:\/\/leathermed.pl\/wp-content\/uploads\/2023\/11\/Szpachelka-duza.jpg","width":1280,"height":1280,"caption":"LEATHERMED"},{"@type":"BreadcrumbList","@id":"https:\/\/leathermed.pl\/e-sklep\/szpachelka-do-nakladania-plynnej-skory\/#breadcrumb","itemListElement":[{"@type":"ListItem","position":1,"name":"Strona g\u0142\u00f3wna","item":"https:\/\/leathermed.pl\/de\/"},{"@type":"ListItem","position":2,"name":"E-sklep","item":"https:\/\/leathermed.pl\/e-sklep\/"},{"@type":"ListItem","position":3,"name":"LEATHERMED Spachtel zum Auftragen von fl\u00fcssigem Leder"}]},{"@type":"WebSite","@id":"https:\/\/leathermed.pl\/#website","url":"https:\/\/leathermed.pl\/","name":"Leathermed","description":"","publisher":{"@id":"https:\/\/leathermed.pl\/#organization"},"potentialAction":[{"@type":"SearchAction","target":{"@type":"EntryPoint","urlTemplate":"https:\/\/leathermed.pl\/?s={search_term_string}"},"query-input":{"@type":"PropertyValueSpecification","valueRequired":true,"valueName":"search_term_string"}}],"inLanguage":"de"},{"@type":"Organization","@id":"https:\/\/leathermed.pl\/#organization","name":"Leathermed","url":"https:\/\/leathermed.pl\/","logo":{"@type":"ImageObject","inLanguage":"de","@id":"https:\/\/leathermed.pl\/#\/schema\/logo\/image\/","url":"https:\/\/leathermed.pl\/wp-content\/uploads\/2023\/10\/Logo_Easy-Resize.com_.jpg","contentUrl":"https:\/\/leathermed.pl\/wp-content\/uploads\/2023\/10\/Logo_Easy-Resize.com_.jpg","width":787,"height":600,"caption":"Leathermed"},"image":{"@id":"https:\/\/leathermed.pl\/#\/schema\/logo\/image\/"},"sameAs":["https:\/\/www.facebook.com\/p\/Leathermed-61557229173629\/"]}]}},"_links":{"self":[{"href":"https:\/\/leathermed.pl\/de\/wp-json\/wp\/v2\/product\/119875","targetHints":{"allow":["GET"]}}],"collection":[{"href":"https:\/\/leathermed.pl\/de\/wp-json\/wp\/v2\/product"}],"about":[{"href":"https:\/\/leathermed.pl\/de\/wp-json\/wp\/v2\/types\/product"}],"wp:featuredmedia":[{"embeddable":true,"href":"https:\/\/leathermed.pl\/de\/wp-json\/wp\/v2\/media\/121520"}],"wp:attachment":[{"href":"https:\/\/leathermed.pl\/de\/wp-json\/wp\/v2\/media?parent=119875"}],"wp:term":[{"taxonomy":"product_brand","embeddable":true,"href":"https:\/\/leathermed.pl\/de\/wp-json\/wp\/v2\/product_brand?post=119875"},{"taxonomy":"product_cat","embeddable":true,"href":"https:\/\/leathermed.pl\/de\/wp-json\/wp\/v2\/product_cat?post=119875"},{"taxonomy":"product_tag","embeddable":true,"href":"https:\/\/leathermed.pl\/de\/wp-json\/wp\/v2\/product_tag?post=119875"}],"curies":[{"name":"wp","href":"https:\/\/api.w.org\/{rel}","templated":true}]}}