{"id":119145,"date":"2023-10-08T19:10:04","date_gmt":"2023-10-08T17:10:04","guid":{"rendered":"https:\/\/leathermed.pl\/?post_type=product&#038;p=119145"},"modified":"2024-01-27T21:52:21","modified_gmt":"2024-01-27T20:52:21","slug":"srodek-do-czyszczenia-skory","status":"publish","type":"product","link":"https:\/\/leathermed.pl\/de\/e-sklep\/srodek-do-czyszczenia-skory\/","title":{"rendered":"Leather Pro Cleaner &#8211; \u015arodek do czyszczenia sk\u00f3r"},"content":{"rendered":"<h2>Leather Pro Cleaner \u2013 skuteczny \u015brodek do czyszczenia sk\u00f3ry<\/h2>\n<p><strong>\u015arodek do czyszczenia sk\u00f3ry Leather Pro Cleaner<\/strong> to wysokiej jako\u015bci \u015brodek czyszcz\u0105cy przeznaczony do sk\u00f3r g\u0142adkich. Produkt skutecznie usuwa zabrudzenia eliminuj\u0105c jednocze\u015bnie zapach ludzkiego potu czy dymu papierosowego. Skuteczny i bezpieczny do sk\u00f3r jasnych i ciemnych niezale\u017cnie od koloru.<\/p>\n<h3>Dlaczego warto wybra\u0107 nasz produkt?<\/h3>\n<ul>\n<li><strong><b>\ud83d\udc49<\/b>sk\u0142ad-<\/strong> sprawdzona receptura bez alkoholi, materia\u0142\u00f3w ciernych czy rozpuszczalnik\u00f3w<\/li>\n<li><strong><b>\ud83d\udc49<\/b>skuteczno\u015b\u0107-<\/strong> \u015bwietnie czy\u015bci nawet bardzo brudne sk\u00f3ry<\/li>\n<li><strong><b>\ud83d\udc49<\/b>uniwersalno\u015b\u0107-<\/strong> idealnie sprawdzi przy czyszczeniu sk\u00f3rzanych tapicerek samochodowych, mebli wykonanych ze sk\u00f3ry, galanterii oraz torebek<\/li>\n<\/ul>\n<h3>Jak u\u017cywa\u0107 Leather Pro Cleaner? To takie proste!<\/h3>\n<h4>KROK 1<\/h4>\n<ul>\n<li>Rozpry\u015bnij Produkt na \u015bciereczk\u0119 lub g\u0105bk\u0119 i nanie\u015b na sk\u00f3r\u0119.<\/li>\n<li>Odczekaj ok. 15 sekund \u2013 mniej wi\u0119cej po tym czasie brud powinien si\u0119 rozpu\u015bci\u0107.<\/li>\n<\/ul>\n<h4>KROK 2<\/h4>\n<ul>\n<li>Czy\u015b\u0107 sk\u00f3r\u0119 ruchami okr\u0119\u017cnymi. Przy bardzo zabrudzonych powierzchniach lub w miejscach trudno dost\u0119pnych u\u017cyj naszej szczoteczki z mi\u0119kkim, naturalnym w\u0142osiem.<\/li>\n<\/ul>\n<h4>KROK 3<\/h4>\n<ul>\n<li>Po czyszczeniu sk\u00f3ry zabezpiecz powierzchni\u0119 produktem <a href=\"https:\/\/leathermed.pl\/sklep\/leather-care-balm\/\">Leather Care Balm.<\/a><\/li>\n<li>Nie stosuj produktu na zamszu lub nubuku.<\/li>\n<\/ul>\n<h5>Nie stosuj produktu do zamszu i nubuku.<\/h5>\n<p>Zapraszamy do skorzystania z naszej kompleksowej pomocy technicznej i wsparcia po zakupowego w firmie <span class=\"hiddenSpellError\">LEATHETRMED<\/span>! Nasz zesp\u00f3\u0142 bardzo ch\u0119tnie udzieli Pa\u0144stwu pomocy. Gwarantujemy szybk\u0105 i skuteczn\u0105 odpowied\u017a na Twoje pytania.<\/p>\n<p>Wybierz <span class=\"hiddenSpellError\">LEATHERMED<\/span>, aby cieszy\u0107 si\u0119 kompleksowym wsparciem od profesjonalist\u00f3w!<\/p>\n","protected":false},"excerpt":{"rendered":"<p><strong>Leather Pro Cleaner &#8211; Skuteczny i bezpieczny preparat do czyszczenia sk\u00f3r<\/strong><\/p>\n","protected":false},"featured_media":121797,"template":"","meta":{"_acf_changed":false},"product_brand":[],"product_cat":[155],"product_tag":[482],"class_list":{"0":"post-119145","1":"product","2":"type-product","3":"status-publish","4":"has-post-thumbnail","6":"product_cat-pielegnacja-skory","7":"product_tag-top","9":"first","10":"instock","11":"taxable","12":"shipping-taxable","13":"purchasable","14":"product-type-variable","15":"has-default-attributes"},"acf":[],"yoast_head":"<!-- This site is optimized with the Yoast SEO plugin v23.6 - https:\/\/yoast.com\/wordpress\/plugins\/seo\/ -->\n<title>\u015arodek do czyszczenia sk\u00f3ry - Leather Pro Cleaner<\/title>\n<meta name=\"description\" content=\"\u015arodek do czyszczenia sk\u00f3ry to wysokiej jako\u015bci \u015brodek czyszcz\u0105cy przeznaczony do sk\u00f3r g\u0142adkich. Produkt skutecznie usuwa zabrudzenia\" \/>\n<meta name=\"robots\" content=\"index, follow, max-snippet:-1, max-image-preview:large, max-video-preview:-1\" \/>\n<link rel=\"canonical\" href=\"https:\/\/leathermed.pl\/e-sklep\/srodek-do-czyszczenia-skory\/\" \/>\n<meta property=\"og:locale\" content=\"de_DE\" \/>\n<meta property=\"og:type\" content=\"article\" \/>\n<meta property=\"og:title\" content=\"\u015arodek do czyszczenia sk\u00f3ry - Leather Pro Cleaner\" \/>\n<meta property=\"og:description\" content=\"\u015arodek do czyszczenia sk\u00f3ry to wysokiej jako\u015bci \u015brodek czyszcz\u0105cy przeznaczony do sk\u00f3r g\u0142adkich. Produkt skutecznie usuwa zabrudzenia\" \/>\n<meta property=\"og:url\" content=\"https:\/\/leathermed.pl\/e-sklep\/srodek-do-czyszczenia-skory\/\" \/>\n<meta property=\"og:site_name\" content=\"Leathermed\" \/>\n<meta property=\"article:publisher\" content=\"https:\/\/www.facebook.com\/p\/Leathermed-61557229173629\/\" \/>\n<meta property=\"article:modified_time\" content=\"2024-01-27T20:52:21+00:00\" \/>\n<meta property=\"og:image\" content=\"https:\/\/leathermed.pl\/wp-content\/uploads\/2023\/10\/100ml-Leather-Pro-Cleaner-Zestaw_Easy-Resize.com_-1.jpg\" \/>\n\t<meta property=\"og:image:width\" content=\"600\" \/>\n\t<meta property=\"og:image:height\" content=\"600\" \/>\n\t<meta property=\"og:image:type\" content=\"image\/jpeg\" \/>\n<meta name=\"twitter:card\" content=\"summary_large_image\" \/>\n<meta name=\"twitter:label1\" content=\"Gesch\u00e4tzte Lesezeit\" \/>\n\t<meta name=\"twitter:data1\" content=\"2\u00a0Minuten\" \/>\n<script type=\"application\/ld+json\" class=\"yoast-schema-graph\">{\"@context\":\"https:\/\/schema.org\",\"@graph\":[{\"@type\":\"WebPage\",\"@id\":\"https:\/\/leathermed.pl\/e-sklep\/srodek-do-czyszczenia-skory\/\",\"url\":\"https:\/\/leathermed.pl\/e-sklep\/srodek-do-czyszczenia-skory\/\",\"name\":\"\u015arodek do czyszczenia sk\u00f3ry - Leather Pro Cleaner\",\"isPartOf\":{\"@id\":\"https:\/\/leathermed.pl\/#website\"},\"primaryImageOfPage\":{\"@id\":\"https:\/\/leathermed.pl\/e-sklep\/srodek-do-czyszczenia-skory\/#primaryimage\"},\"image\":{\"@id\":\"https:\/\/leathermed.pl\/e-sklep\/srodek-do-czyszczenia-skory\/#primaryimage\"},\"thumbnailUrl\":\"https:\/\/leathermed.pl\/wp-content\/uploads\/2023\/10\/100ml-Leather-Pro-Cleaner-Zestaw_Easy-Resize.com_-1.jpg\",\"datePublished\":\"2023-10-08T17:10:04+00:00\",\"dateModified\":\"2024-01-27T20:52:21+00:00\",\"description\":\"\u015arodek do czyszczenia sk\u00f3ry to wysokiej jako\u015bci \u015brodek czyszcz\u0105cy przeznaczony do sk\u00f3r g\u0142adkich. Produkt skutecznie usuwa zabrudzenia\",\"breadcrumb\":{\"@id\":\"https:\/\/leathermed.pl\/e-sklep\/srodek-do-czyszczenia-skory\/#breadcrumb\"},\"inLanguage\":\"de\",\"potentialAction\":[{\"@type\":\"ReadAction\",\"target\":[\"https:\/\/leathermed.pl\/e-sklep\/srodek-do-czyszczenia-skory\/\"]}]},{\"@type\":\"ImageObject\",\"inLanguage\":\"de\",\"@id\":\"https:\/\/leathermed.pl\/e-sklep\/srodek-do-czyszczenia-skory\/#primaryimage\",\"url\":\"https:\/\/leathermed.pl\/wp-content\/uploads\/2023\/10\/100ml-Leather-Pro-Cleaner-Zestaw_Easy-Resize.com_-1.jpg\",\"contentUrl\":\"https:\/\/leathermed.pl\/wp-content\/uploads\/2023\/10\/100ml-Leather-Pro-Cleaner-Zestaw_Easy-Resize.com_-1.jpg\",\"width\":600,\"height\":600,\"caption\":\"\u015arodek do czyszczenia sk\u00f3ry\"},{\"@type\":\"BreadcrumbList\",\"@id\":\"https:\/\/leathermed.pl\/e-sklep\/srodek-do-czyszczenia-skory\/#breadcrumb\",\"itemListElement\":[{\"@type\":\"ListItem\",\"position\":1,\"name\":\"Strona g\u0142\u00f3wna\",\"item\":\"https:\/\/leathermed.pl\/de\/\"},{\"@type\":\"ListItem\",\"position\":2,\"name\":\"E-sklep\",\"item\":\"https:\/\/leathermed.pl\/e-sklep\/\"},{\"@type\":\"ListItem\",\"position\":3,\"name\":\"Leather Pro Cleaner &#8211; \u015arodek do czyszczenia sk\u00f3r\"}]},{\"@type\":\"WebSite\",\"@id\":\"https:\/\/leathermed.pl\/#website\",\"url\":\"https:\/\/leathermed.pl\/\",\"name\":\"Leathermed\",\"description\":\"\",\"publisher\":{\"@id\":\"https:\/\/leathermed.pl\/#organization\"},\"potentialAction\":[{\"@type\":\"SearchAction\",\"target\":{\"@type\":\"EntryPoint\",\"urlTemplate\":\"https:\/\/leathermed.pl\/?s={search_term_string}\"},\"query-input\":{\"@type\":\"PropertyValueSpecification\",\"valueRequired\":true,\"valueName\":\"search_term_string\"}}],\"inLanguage\":\"de\"},{\"@type\":\"Organization\",\"@id\":\"https:\/\/leathermed.pl\/#organization\",\"name\":\"Leathermed\",\"url\":\"https:\/\/leathermed.pl\/\",\"logo\":{\"@type\":\"ImageObject\",\"inLanguage\":\"de\",\"@id\":\"https:\/\/leathermed.pl\/#\/schema\/logo\/image\/\",\"url\":\"https:\/\/leathermed.pl\/wp-content\/uploads\/2023\/10\/Logo_Easy-Resize.com_.jpg\",\"contentUrl\":\"https:\/\/leathermed.pl\/wp-content\/uploads\/2023\/10\/Logo_Easy-Resize.com_.jpg\",\"width\":787,\"height\":600,\"caption\":\"Leathermed\"},\"image\":{\"@id\":\"https:\/\/leathermed.pl\/#\/schema\/logo\/image\/\"},\"sameAs\":[\"https:\/\/www.facebook.com\/p\/Leathermed-61557229173629\/\"]}]}<\/script>\n<!-- \/ Yoast SEO plugin. -->","yoast_head_json":{"title":"\u015arodek do czyszczenia sk\u00f3ry - Leather Pro Cleaner","description":"\u015arodek do czyszczenia sk\u00f3ry to wysokiej jako\u015bci \u015brodek czyszcz\u0105cy przeznaczony do sk\u00f3r g\u0142adkich. Produkt skutecznie usuwa zabrudzenia","robots":{"index":"index","follow":"follow","max-snippet":"max-snippet:-1","max-image-preview":"max-image-preview:large","max-video-preview":"max-video-preview:-1"},"canonical":"https:\/\/leathermed.pl\/e-sklep\/srodek-do-czyszczenia-skory\/","og_locale":"de_DE","og_type":"article","og_title":"\u015arodek do czyszczenia sk\u00f3ry - Leather Pro Cleaner","og_description":"\u015arodek do czyszczenia sk\u00f3ry to wysokiej jako\u015bci \u015brodek czyszcz\u0105cy przeznaczony do sk\u00f3r g\u0142adkich. Produkt skutecznie usuwa zabrudzenia","og_url":"https:\/\/leathermed.pl\/e-sklep\/srodek-do-czyszczenia-skory\/","og_site_name":"Leathermed","article_publisher":"https:\/\/www.facebook.com\/p\/Leathermed-61557229173629\/","article_modified_time":"2024-01-27T20:52:21+00:00","og_image":[{"width":600,"height":600,"url":"https:\/\/leathermed.pl\/wp-content\/uploads\/2023\/10\/100ml-Leather-Pro-Cleaner-Zestaw_Easy-Resize.com_-1.jpg","type":"image\/jpeg"}],"twitter_card":"summary_large_image","twitter_misc":{"Gesch\u00e4tzte Lesezeit":"2\u00a0Minuten"},"schema":{"@context":"https:\/\/schema.org","@graph":[{"@type":"WebPage","@id":"https:\/\/leathermed.pl\/e-sklep\/srodek-do-czyszczenia-skory\/","url":"https:\/\/leathermed.pl\/e-sklep\/srodek-do-czyszczenia-skory\/","name":"\u015arodek do czyszczenia sk\u00f3ry - Leather Pro Cleaner","isPartOf":{"@id":"https:\/\/leathermed.pl\/#website"},"primaryImageOfPage":{"@id":"https:\/\/leathermed.pl\/e-sklep\/srodek-do-czyszczenia-skory\/#primaryimage"},"image":{"@id":"https:\/\/leathermed.pl\/e-sklep\/srodek-do-czyszczenia-skory\/#primaryimage"},"thumbnailUrl":"https:\/\/leathermed.pl\/wp-content\/uploads\/2023\/10\/100ml-Leather-Pro-Cleaner-Zestaw_Easy-Resize.com_-1.jpg","datePublished":"2023-10-08T17:10:04+00:00","dateModified":"2024-01-27T20:52:21+00:00","description":"\u015arodek do czyszczenia sk\u00f3ry to wysokiej jako\u015bci \u015brodek czyszcz\u0105cy przeznaczony do sk\u00f3r g\u0142adkich. Produkt skutecznie usuwa zabrudzenia","breadcrumb":{"@id":"https:\/\/leathermed.pl\/e-sklep\/srodek-do-czyszczenia-skory\/#breadcrumb"},"inLanguage":"de","potentialAction":[{"@type":"ReadAction","target":["https:\/\/leathermed.pl\/e-sklep\/srodek-do-czyszczenia-skory\/"]}]},{"@type":"ImageObject","inLanguage":"de","@id":"https:\/\/leathermed.pl\/e-sklep\/srodek-do-czyszczenia-skory\/#primaryimage","url":"https:\/\/leathermed.pl\/wp-content\/uploads\/2023\/10\/100ml-Leather-Pro-Cleaner-Zestaw_Easy-Resize.com_-1.jpg","contentUrl":"https:\/\/leathermed.pl\/wp-content\/uploads\/2023\/10\/100ml-Leather-Pro-Cleaner-Zestaw_Easy-Resize.com_-1.jpg","width":600,"height":600,"caption":"\u015arodek do czyszczenia sk\u00f3ry"},{"@type":"BreadcrumbList","@id":"https:\/\/leathermed.pl\/e-sklep\/srodek-do-czyszczenia-skory\/#breadcrumb","itemListElement":[{"@type":"ListItem","position":1,"name":"Strona g\u0142\u00f3wna","item":"https:\/\/leathermed.pl\/de\/"},{"@type":"ListItem","position":2,"name":"E-sklep","item":"https:\/\/leathermed.pl\/e-sklep\/"},{"@type":"ListItem","position":3,"name":"Leather Pro Cleaner &#8211; \u015arodek do czyszczenia sk\u00f3r"}]},{"@type":"WebSite","@id":"https:\/\/leathermed.pl\/#website","url":"https:\/\/leathermed.pl\/","name":"Leathermed","description":"","publisher":{"@id":"https:\/\/leathermed.pl\/#organization"},"potentialAction":[{"@type":"SearchAction","target":{"@type":"EntryPoint","urlTemplate":"https:\/\/leathermed.pl\/?s={search_term_string}"},"query-input":{"@type":"PropertyValueSpecification","valueRequired":true,"valueName":"search_term_string"}}],"inLanguage":"de"},{"@type":"Organization","@id":"https:\/\/leathermed.pl\/#organization","name":"Leathermed","url":"https:\/\/leathermed.pl\/","logo":{"@type":"ImageObject","inLanguage":"de","@id":"https:\/\/leathermed.pl\/#\/schema\/logo\/image\/","url":"https:\/\/leathermed.pl\/wp-content\/uploads\/2023\/10\/Logo_Easy-Resize.com_.jpg","contentUrl":"https:\/\/leathermed.pl\/wp-content\/uploads\/2023\/10\/Logo_Easy-Resize.com_.jpg","width":787,"height":600,"caption":"Leathermed"},"image":{"@id":"https:\/\/leathermed.pl\/#\/schema\/logo\/image\/"},"sameAs":["https:\/\/www.facebook.com\/p\/Leathermed-61557229173629\/"]}]}},"_links":{"self":[{"href":"https:\/\/leathermed.pl\/de\/wp-json\/wp\/v2\/product\/119145","targetHints":{"allow":["GET"]}}],"collection":[{"href":"https:\/\/leathermed.pl\/de\/wp-json\/wp\/v2\/product"}],"about":[{"href":"https:\/\/leathermed.pl\/de\/wp-json\/wp\/v2\/types\/product"}],"wp:featuredmedia":[{"embeddable":true,"href":"https:\/\/leathermed.pl\/de\/wp-json\/wp\/v2\/media\/121797"}],"wp:attachment":[{"href":"https:\/\/leathermed.pl\/de\/wp-json\/wp\/v2\/media?parent=119145"}],"wp:term":[{"taxonomy":"product_brand","embeddable":true,"href":"https:\/\/leathermed.pl\/de\/wp-json\/wp\/v2\/product_brand?post=119145"},{"taxonomy":"product_cat","embeddable":true,"href":"https:\/\/leathermed.pl\/de\/wp-json\/wp\/v2\/product_cat?post=119145"},{"taxonomy":"product_tag","embeddable":true,"href":"https:\/\/leathermed.pl\/de\/wp-json\/wp\/v2\/product_tag?post=119145"}],"curies":[{"name":"wp","href":"https:\/\/api.w.org\/{rel}","templated":true}]}}