{"id":24,"date":"2023-05-30T19:35:33","date_gmt":"2023-05-30T17:35:33","guid":{"rendered":"https:\/\/leathermed.pl\/?page_id=24"},"modified":"2024-01-16T20:56:46","modified_gmt":"2024-01-16T19:56:46","slug":"branding","status":"publish","type":"page","link":"https:\/\/leathermed.pl\/de\/branding\/","title":{"rendered":"Branding"},"content":{"rendered":"<div class=\"wpb-content-wrapper\"><p>[vc_row unlock_row_content=&#8221;yes&#8221; row_height_percent=&#8221;0&#8243; override_padding=&#8221;yes&#8221; h_padding=&#8221;7&#8243; top_padding=&#8221;3&#8243; bottom_padding=&#8221;3&#8243; back_color=&#8221;color-843585&#8243; overlay_alpha=&#8221;50&#8243; gutter_size=&#8221;3&#8243; column_width_percent=&#8221;100&#8243; shift_y=&#8221;0&#8243; z_index=&#8221;0&#8243; uncode_shortcode_id=&#8221;100352&#8243; back_color_type=&#8221;uncode-palette&#8221;][vc_column column_width_percent=&#8221;100&#8243; align_horizontal=&#8221;align_center&#8221; gutter_size=&#8221;3&#8243; overlay_alpha=&#8221;50&#8243; shift_x=&#8221;0&#8243; shift_y=&#8221;0&#8243; shift_y_down=&#8221;0&#8243; z_index=&#8221;0&#8243; medium_width=&#8221;0&#8243; mobile_width=&#8221;0&#8243; width=&#8221;1\/1&#8243;][vc_custom_heading text_weight=&#8221;500&#8243; uncode_shortcode_id=&#8221;124527&#8243;]Branding[\/vc_custom_heading][\/vc_column][\/vc_row][vc_row unlock_row_content=&#8221;yes&#8221; row_height_percent=&#8221;0&#8243; override_padding=&#8221;yes&#8221; h_padding=&#8221;5&#8243; top_padding=&#8221;0&#8243; bottom_padding=&#8221;4&#8243; back_color=&#8221;color-843585&#8243; overlay_alpha=&#8221;50&#8243; equal_height=&#8221;yes&#8221; gutter_size=&#8221;0&#8243; column_width_percent=&#8221;100&#8243; shift_y=&#8221;0&#8243; z_index=&#8221;0&#8243; enable_top_divider=&#8221;default&#8221; top_divider_inv=&#8221;step_2_3&#8243; shape_top_invert=&#8221;yes&#8221; shape_top_h_use_pixel=&#8221;&#8221; shape_top_height=&#8221;150&#8243; shape_top_color=&#8221;color-187408&#8243; shape_top_opacity=&#8221;100&#8243; shape_top_index=&#8221;0&#8243; uncode_shortcode_id=&#8221;609575&#8243; back_color_type=&#8221;uncode-palette&#8221; shape_top_color_type=&#8221;uncode-palette&#8221;][vc_column column_width_use_pixel=&#8221;yes&#8221; position_horizontal=&#8221;right&#8221; gutter_size=&#8221;3&#8243; override_padding=&#8221;yes&#8221; column_padding=&#8221;3&#8243; overlay_alpha=&#8221;50&#8243; shift_x=&#8221;0&#8243; shift_y=&#8221;0&#8243; shift_y_down=&#8221;0&#8243; z_index=&#8221;0&#8243; medium_width=&#8221;0&#8243; mobile_width=&#8221;0&#8243; css_animation=&#8221;alpha-anim&#8221; animation_speed=&#8221;1000&#8243; animation_delay=&#8221;200&#8243; width=&#8221;7\/12&#8243; column_width_pixel=&#8221;752&#8243; uncode_shortcode_id=&#8221;109579&#8243;][vc_custom_heading heading_semantic=&#8221;p&#8221; text_size=&#8221;h4&#8243; text_weight=&#8221;300&#8243; uncode_shortcode_id=&#8221;319490&#8243;]Specjalizujemy si\u0119 w dostarczaniu us\u0142ug brandingowych dla innych przedsi\u0119biorstw w bran\u017cy sk\u00f3rzanej. Nasza firma oferuje pe\u0142en zakres us\u0142ug zwi\u0105zanych z brandingiem, kt\u00f3re pozwalaj\u0105 naszym klientom sprzedawa\u0107 \u015brodki do sk\u00f3r pod w\u0142asn\u0105 mark\u0105, zyskuj\u0105c tym samym konkurencyjn\u0105 przewag\u0119 na rynku.[\/vc_custom_heading][vc_column_text uncode_shortcode_id=&#8221;101556&#8243;]Wsp\u00f3\u0142pracuj\u0105c z nasz\u0105 firm\u0105, klienci mog\u0105 skupi\u0107 si\u0119 na swoim rdzennym biznesie, a my zajmiemy si\u0119 procesem brandingu. Nasz do\u015bwiadczony zesp\u00f3\u0142 projektowy oferuje pe\u0142ne wsparcie w zakresie projektowania graficznego, brandingowej strategii.<\/p>\n<p>Dzi\u0119ki personalizacjom \u015brodki do sk\u00f3r staj\u0105 si\u0119 unikalne i w pe\u0142ni dostosowane do wizualnej identyfikacji marki klienta.<\/p>\n<p>Dodatkowo, nasza firma mo\u017ce dostarczy\u0107 karty charakterystyki oraz specjalne opakowania, oklejone logo klienta, co dodatkowo wzmacnia mark\u0119 i tworzy sp\u00f3jny wizerunek.<\/p>\n<p>Jako firma dzia\u0142aj\u0105ca w bran\u017cy sk\u00f3rzanej, doskonale rozumiemy warto\u015b\u0107 i znaczenie marki w budowaniu lojalno\u015bci klient\u00f3w oraz osi\u0105ganiu sukcesu na konkurencyjnym rynku. Dlatego te\u017c, nasze us\u0142ugi brandingowe s\u0105 zaprojektowane tak, aby pom\u00f3c naszym klientom w kreowaniu wyj\u0105tkowego wizerunku marki, zwi\u0119kszeniu rozpoznawalno\u015bci i budowaniu lojalnej bazy klient\u00f3w.[\/vc_column_text][\/vc_column][vc_column column_width_percent=&#8221;100&#8243; position_vertical=&#8221;middle&#8221; gutter_size=&#8221;3&#8243; overlay_alpha=&#8221;50&#8243; shift_x=&#8221;0&#8243; shift_y=&#8221;0&#8243; shift_y_down=&#8221;0&#8243; z_index=&#8221;0&#8243; medium_width=&#8221;0&#8243; mobile_width=&#8221;0&#8243; parallax_intensity=&#8221;3&#8243; width=&#8221;5\/12&#8243; uncode_shortcode_id=&#8221;195098&#8243;][vc_single_image media=&#8221;119656&#8243; media_width_percent=&#8221;100&#8243; media_ratio=&#8221;three-two&#8221; shadow=&#8221;yes&#8221; lbox_skin=&#8221;white&#8221; uncode_shortcode_id=&#8221;209103&#8243;][\/vc_column][\/vc_row][vc_row unlock_row_content=&#8221;yes&#8221; row_height_percent=&#8221;0&#8243; override_padding=&#8221;yes&#8221; h_padding=&#8221;4&#8243; top_padding=&#8221;5&#8243; bottom_padding=&#8221;0&#8243; overlay_alpha=&#8221;50&#8243; gutter_size=&#8221;3&#8243; column_width_use_pixel=&#8221;yes&#8221; shift_y=&#8221;0&#8243; z_index=&#8221;2&#8243; enable_top_divider=&#8221;default&#8221; top_divider=&#8221;step&#8221; shape_top_h_use_pixel=&#8221;true&#8221; shape_top_height_percent=&#8221;33&#8243; shape_top_color=&#8221;color-xsdn&#8221; shape_top_opacity=&#8221;100&#8243; shape_top_index=&#8221;0&#8243; uncode_shortcode_id=&#8221;146097&#8243; shape_top_color_type=&#8221;uncode-palette&#8221; column_width_pixel=&#8221;1360&#8243;][vc_column column_width_percent=&#8221;100&#8243; align_horizontal=&#8221;align_center&#8221; gutter_size=&#8221;3&#8243; override_padding=&#8221;yes&#8221; column_padding=&#8221;0&#8243; style=&#8221;dark&#8221; back_color=&#8221;accent&#8221; overlay_alpha=&#8221;50&#8243; shift_x=&#8221;0&#8243; shift_y=&#8221;-5&#8243; shift_y_fixed=&#8221;yes&#8221; shift_y_down=&#8221;0&#8243; z_index=&#8221;0&#8243; medium_width=&#8221;0&#8243; mobile_width=&#8221;0&#8243; radius=&#8221;std&#8221; width=&#8221;1\/1&#8243; uncode_shortcode_id=&#8221;558447&#8243; back_color_type=&#8221;uncode-palette&#8221;][vc_row_inner row_inner_height_percent=&#8221;0&#8243; overlay_alpha=&#8221;50&#8243; gutter_size=&#8221;4&#8243; shift_y=&#8221;0&#8243; z_index=&#8221;0&#8243; limit_content=&#8221;&#8221; uncode_shortcode_id=&#8221;698809&#8243;][vc_column_inner column_width_percent=&#8221;100&#8243; position_vertical=&#8221;middle&#8221; align_horizontal=&#8221;align_center&#8221; gutter_size=&#8221;3&#8243; override_padding=&#8221;yes&#8221; column_padding=&#8221;3&#8243; style=&#8221;dark&#8221; overlay_alpha=&#8221;50&#8243; shift_x=&#8221;0&#8243; shift_y=&#8221;0&#8243; shift_y_down=&#8221;0&#8243; z_index=&#8221;0&#8243; align_medium=&#8221;align_center_tablet&#8221; medium_width=&#8221;0&#8243; align_mobile=&#8221;align_center_mobile&#8221; mobile_width=&#8221;0&#8243; width=&#8221;1\/1&#8243; uncode_shortcode_id=&#8221;195249&#8243;][vc_custom_heading text_color=&#8221;color-843585&#8243; text_size=&#8221;h3&#8243; uncode_shortcode_id=&#8221;521883&#8243; text_color_type=&#8221;uncode-palette&#8221;]Zaufaj nam, a pomo\u017cemy Ci osi\u0105gn\u0105\u0107 sukces na rynku. Skontaktuj si\u0119 z nami ju\u017c dzi\u015b, aby dowiedzie\u0107 si\u0119 wi\u0119cej o naszych us\u0142ugach i rozpocz\u0105\u0107 wsp\u00f3\u0142prac\u0119![\/vc_custom_heading][\/vc_column_inner][\/vc_row_inner][\/vc_column][\/vc_row][vc_row row_height_percent=&#8221;0&#8243; override_padding=&#8221;yes&#8221; h_padding=&#8221;2&#8243; top_padding=&#8221;2&#8243; bottom_padding=&#8221;3&#8243; overlay_alpha=&#8221;50&#8243; gutter_size=&#8221;3&#8243; column_width_percent=&#8221;100&#8243; shift_y=&#8221;0&#8243; z_index=&#8221;0&#8243; uncode_shortcode_id=&#8221;149409&#8243;][vc_column column_width_percent=&#8221;50&#8243; gutter_size=&#8221;3&#8243; override_padding=&#8221;yes&#8221; column_padding=&#8221;2&#8243; overlay_alpha=&#8221;50&#8243; shift_x=&#8221;0&#8243; shift_y=&#8221;0&#8243; shift_y_down=&#8221;0&#8243; z_index=&#8221;0&#8243; medium_width=&#8221;0&#8243; mobile_width=&#8221;0&#8243; width=&#8221;1\/1&#8243; uncode_shortcode_id=&#8221;194471&#8243;][vc_custom_heading uncode_shortcode_id=&#8221;169869&#8243;]Skontaktuj si\u0119[\/vc_custom_heading]\n<div class=\"wpcf7 no-js\" id=\"wpcf7-f8-o1\" lang=\"pl-PL\" dir=\"ltr\">\n<div class=\"screen-reader-response\"><p role=\"status\" aria-live=\"polite\" aria-atomic=\"true\"><\/p> <ul><\/ul><\/div>\n<form action=\"\/de\/wp-json\/wp\/v2\/pages\/24#wpcf7-f8-o1\" method=\"post\" class=\"wpcf7-form init\" aria-label=\"Formularz kontaktowy\" novalidate=\"novalidate\" data-status=\"init\">\n<div style=\"display: none;\">\n<input type=\"hidden\" name=\"_wpcf7\" value=\"8\" \/>\n<input type=\"hidden\" name=\"_wpcf7_version\" value=\"5.9.8\" \/>\n<input type=\"hidden\" name=\"_wpcf7_locale\" value=\"pl_PL\" \/>\n<input type=\"hidden\" name=\"_wpcf7_unit_tag\" value=\"wpcf7-f8-o1\" \/>\n<input type=\"hidden\" name=\"_wpcf7_container_post\" value=\"0\" \/>\n<input type=\"hidden\" name=\"_wpcf7_posted_data_hash\" value=\"\" \/>\n<input type=\"hidden\" name=\"_wpcf7_recaptcha_response\" value=\"\" \/>\n<\/div>\n<p><label> Twoje imi\u0119<br \/>\n<span class=\"wpcf7-form-control-wrap\" data-name=\"your-name\"><input size=\"40\" maxlength=\"400\" class=\"wpcf7-form-control wpcf7-text wpcf7-validates-as-required\" autocomplete=\"name\" aria-required=\"true\" aria-invalid=\"false\" value=\"\" type=\"text\" name=\"your-name\" \/><\/span> <\/label>\n<\/p>\n<p><label> E-mail<br \/>\n<span class=\"wpcf7-form-control-wrap\" data-name=\"your-email\"><input size=\"40\" maxlength=\"400\" class=\"wpcf7-form-control wpcf7-email wpcf7-validates-as-required wpcf7-text wpcf7-validates-as-email\" autocomplete=\"email\" aria-required=\"true\" aria-invalid=\"false\" value=\"\" type=\"email\" name=\"your-email\" \/><\/span> <\/label>\n<\/p>\n<p><label> Twoja wiadomo\u015b\u0107<br \/>\n<span class=\"wpcf7-form-control-wrap\" data-name=\"your-message\"><textarea cols=\"40\" rows=\"10\" maxlength=\"2000\" class=\"wpcf7-form-control wpcf7-textarea\" aria-invalid=\"false\" name=\"your-message\"><\/textarea><\/span> <\/label>\n<\/p>\n<p><input class=\"wpcf7-form-control wpcf7-submit has-spinner btn btn-accent\" type=\"submit\" value=\"Wy\u015blij\" \/>\n<\/p><div class=\"wpcf7-response-output\" aria-hidden=\"true\"><\/div>\n<\/form>\n<\/div>\n[\/vc_column][\/vc_row]<\/p>\n<\/div>","protected":false},"excerpt":{"rendered":"<p>[vc_row unlock_row_content=&#8221;yes&#8221; row_height_percent=&#8221;0&#8243; override_padding=&#8221;yes&#8221; h_padding=&#8221;7&#8243; top_padding=&#8221;3&#8243; bottom_padding=&#8221;3&#8243; back_color=&#8221;color-843585&#8243; overlay_alpha=&#8221;50&#8243; gutter_size=&#8221;3&#8243; column_width_percent=&#8221;100&#8243; shift_y=&#8221;0&#8243; z_index=&#8221;0&#8243; uncode_shortcode_id=&#8221;100352&#8243; back_color_type=&#8221;uncode-palette&#8221;][vc_column column_width_percent=&#8221;100&#8243; align_horizontal=&#8221;align_center&#8221; gutter_size=&#8221;3&#8243; overlay_alpha=&#8221;50&#8243; shift_x=&#8221;0&#8243; [&hellip;]<\/p>\n","protected":false},"author":1,"featured_media":0,"parent":0,"menu_order":0,"comment_status":"closed","ping_status":"closed","template":"","meta":{"_acf_changed":false,"footnotes":""},"class_list":["post-24","page","type-page","status-publish","hentry"],"acf":[],"yoast_head":"<!-- This site is optimized with the Yoast SEO plugin v23.6 - https:\/\/yoast.com\/wordpress\/plugins\/seo\/ -->\n<title>Branding - Leathermed<\/title>\n<meta name=\"robots\" content=\"index, follow, max-snippet:-1, max-image-preview:large, max-video-preview:-1\" \/>\n<link rel=\"canonical\" href=\"https:\/\/leathermed.pl\/branding\/\" \/>\n<meta property=\"og:locale\" content=\"de_DE\" \/>\n<meta property=\"og:type\" content=\"article\" \/>\n<meta property=\"og:title\" content=\"Branding - Leathermed\" \/>\n<meta property=\"og:description\" content=\"[vc_row unlock_row_content=&#8221;yes&#8221; row_height_percent=&#8221;0&#8243; override_padding=&#8221;yes&#8221; h_padding=&#8221;7&#8243; top_padding=&#8221;3&#8243; bottom_padding=&#8221;3&#8243; back_color=&#8221;color-843585&#8243; overlay_alpha=&#8221;50&#8243; gutter_size=&#8221;3&#8243; column_width_percent=&#8221;100&#8243; shift_y=&#8221;0&#8243; z_index=&#8221;0&#8243; uncode_shortcode_id=&#8221;100352&#8243; back_color_type=&#8221;uncode-palette&#8221;][vc_column column_width_percent=&#8221;100&#8243; align_horizontal=&#8221;align_center&#8221; gutter_size=&#8221;3&#8243; overlay_alpha=&#8221;50&#8243; shift_x=&#8221;0&#8243; [&hellip;]\" \/>\n<meta property=\"og:url\" content=\"https:\/\/leathermed.pl\/branding\/\" \/>\n<meta property=\"og:site_name\" content=\"Leathermed\" \/>\n<meta property=\"article:publisher\" content=\"https:\/\/www.facebook.com\/p\/Leathermed-61557229173629\/\" \/>\n<meta property=\"article:modified_time\" content=\"2024-01-16T19:56:46+00:00\" \/>\n<meta name=\"twitter:card\" content=\"summary_large_image\" \/>\n<meta name=\"twitter:label1\" content=\"Gesch\u00e4tzte Lesezeit\" \/>\n\t<meta name=\"twitter:data1\" content=\"4\u00a0Minuten\" \/>\n<script type=\"application\/ld+json\" class=\"yoast-schema-graph\">{\"@context\":\"https:\/\/schema.org\",\"@graph\":[{\"@type\":\"WebPage\",\"@id\":\"https:\/\/leathermed.pl\/branding\/\",\"url\":\"https:\/\/leathermed.pl\/branding\/\",\"name\":\"Branding - Leathermed\",\"isPartOf\":{\"@id\":\"https:\/\/leathermed.pl\/#website\"},\"datePublished\":\"2023-05-30T17:35:33+00:00\",\"dateModified\":\"2024-01-16T19:56:46+00:00\",\"breadcrumb\":{\"@id\":\"https:\/\/leathermed.pl\/branding\/#breadcrumb\"},\"inLanguage\":\"de\",\"potentialAction\":[{\"@type\":\"ReadAction\",\"target\":[\"https:\/\/leathermed.pl\/branding\/\"]}]},{\"@type\":\"BreadcrumbList\",\"@id\":\"https:\/\/leathermed.pl\/branding\/#breadcrumb\",\"itemListElement\":[{\"@type\":\"ListItem\",\"position\":1,\"name\":\"Strona g\u0142\u00f3wna\",\"item\":\"https:\/\/leathermed.pl\/de\/\"},{\"@type\":\"ListItem\",\"position\":2,\"name\":\"Branding\"}]},{\"@type\":\"WebSite\",\"@id\":\"https:\/\/leathermed.pl\/#website\",\"url\":\"https:\/\/leathermed.pl\/\",\"name\":\"Leathermed\",\"description\":\"\",\"publisher\":{\"@id\":\"https:\/\/leathermed.pl\/#organization\"},\"potentialAction\":[{\"@type\":\"SearchAction\",\"target\":{\"@type\":\"EntryPoint\",\"urlTemplate\":\"https:\/\/leathermed.pl\/?s={search_term_string}\"},\"query-input\":{\"@type\":\"PropertyValueSpecification\",\"valueRequired\":true,\"valueName\":\"search_term_string\"}}],\"inLanguage\":\"de\"},{\"@type\":\"Organization\",\"@id\":\"https:\/\/leathermed.pl\/#organization\",\"name\":\"Leathermed\",\"url\":\"https:\/\/leathermed.pl\/\",\"logo\":{\"@type\":\"ImageObject\",\"inLanguage\":\"de\",\"@id\":\"https:\/\/leathermed.pl\/#\/schema\/logo\/image\/\",\"url\":\"https:\/\/leathermed.pl\/wp-content\/uploads\/2023\/10\/Logo_Easy-Resize.com_.jpg\",\"contentUrl\":\"https:\/\/leathermed.pl\/wp-content\/uploads\/2023\/10\/Logo_Easy-Resize.com_.jpg\",\"width\":787,\"height\":600,\"caption\":\"Leathermed\"},\"image\":{\"@id\":\"https:\/\/leathermed.pl\/#\/schema\/logo\/image\/\"},\"sameAs\":[\"https:\/\/www.facebook.com\/p\/Leathermed-61557229173629\/\"]}]}<\/script>\n<!-- \/ Yoast SEO plugin. -->","yoast_head_json":{"title":"Branding - Leathermed","robots":{"index":"index","follow":"follow","max-snippet":"max-snippet:-1","max-image-preview":"max-image-preview:large","max-video-preview":"max-video-preview:-1"},"canonical":"https:\/\/leathermed.pl\/branding\/","og_locale":"de_DE","og_type":"article","og_title":"Branding - Leathermed","og_description":"[vc_row unlock_row_content=&#8221;yes&#8221; row_height_percent=&#8221;0&#8243; override_padding=&#8221;yes&#8221; h_padding=&#8221;7&#8243; top_padding=&#8221;3&#8243; bottom_padding=&#8221;3&#8243; back_color=&#8221;color-843585&#8243; overlay_alpha=&#8221;50&#8243; gutter_size=&#8221;3&#8243; column_width_percent=&#8221;100&#8243; shift_y=&#8221;0&#8243; z_index=&#8221;0&#8243; uncode_shortcode_id=&#8221;100352&#8243; back_color_type=&#8221;uncode-palette&#8221;][vc_column column_width_percent=&#8221;100&#8243; align_horizontal=&#8221;align_center&#8221; gutter_size=&#8221;3&#8243; overlay_alpha=&#8221;50&#8243; shift_x=&#8221;0&#8243; [&hellip;]","og_url":"https:\/\/leathermed.pl\/branding\/","og_site_name":"Leathermed","article_publisher":"https:\/\/www.facebook.com\/p\/Leathermed-61557229173629\/","article_modified_time":"2024-01-16T19:56:46+00:00","twitter_card":"summary_large_image","twitter_misc":{"Gesch\u00e4tzte Lesezeit":"4\u00a0Minuten"},"schema":{"@context":"https:\/\/schema.org","@graph":[{"@type":"WebPage","@id":"https:\/\/leathermed.pl\/branding\/","url":"https:\/\/leathermed.pl\/branding\/","name":"Branding - Leathermed","isPartOf":{"@id":"https:\/\/leathermed.pl\/#website"},"datePublished":"2023-05-30T17:35:33+00:00","dateModified":"2024-01-16T19:56:46+00:00","breadcrumb":{"@id":"https:\/\/leathermed.pl\/branding\/#breadcrumb"},"inLanguage":"de","potentialAction":[{"@type":"ReadAction","target":["https:\/\/leathermed.pl\/branding\/"]}]},{"@type":"BreadcrumbList","@id":"https:\/\/leathermed.pl\/branding\/#breadcrumb","itemListElement":[{"@type":"ListItem","position":1,"name":"Strona g\u0142\u00f3wna","item":"https:\/\/leathermed.pl\/de\/"},{"@type":"ListItem","position":2,"name":"Branding"}]},{"@type":"WebSite","@id":"https:\/\/leathermed.pl\/#website","url":"https:\/\/leathermed.pl\/","name":"Leathermed","description":"","publisher":{"@id":"https:\/\/leathermed.pl\/#organization"},"potentialAction":[{"@type":"SearchAction","target":{"@type":"EntryPoint","urlTemplate":"https:\/\/leathermed.pl\/?s={search_term_string}"},"query-input":{"@type":"PropertyValueSpecification","valueRequired":true,"valueName":"search_term_string"}}],"inLanguage":"de"},{"@type":"Organization","@id":"https:\/\/leathermed.pl\/#organization","name":"Leathermed","url":"https:\/\/leathermed.pl\/","logo":{"@type":"ImageObject","inLanguage":"de","@id":"https:\/\/leathermed.pl\/#\/schema\/logo\/image\/","url":"https:\/\/leathermed.pl\/wp-content\/uploads\/2023\/10\/Logo_Easy-Resize.com_.jpg","contentUrl":"https:\/\/leathermed.pl\/wp-content\/uploads\/2023\/10\/Logo_Easy-Resize.com_.jpg","width":787,"height":600,"caption":"Leathermed"},"image":{"@id":"https:\/\/leathermed.pl\/#\/schema\/logo\/image\/"},"sameAs":["https:\/\/www.facebook.com\/p\/Leathermed-61557229173629\/"]}]}},"_links":{"self":[{"href":"https:\/\/leathermed.pl\/de\/wp-json\/wp\/v2\/pages\/24","targetHints":{"allow":["GET"]}}],"collection":[{"href":"https:\/\/leathermed.pl\/de\/wp-json\/wp\/v2\/pages"}],"about":[{"href":"https:\/\/leathermed.pl\/de\/wp-json\/wp\/v2\/types\/page"}],"author":[{"embeddable":true,"href":"https:\/\/leathermed.pl\/de\/wp-json\/wp\/v2\/users\/1"}],"replies":[{"embeddable":true,"href":"https:\/\/leathermed.pl\/de\/wp-json\/wp\/v2\/comments?post=24"}],"version-history":[{"count":0,"href":"https:\/\/leathermed.pl\/de\/wp-json\/wp\/v2\/pages\/24\/revisions"}],"wp:attachment":[{"href":"https:\/\/leathermed.pl\/de\/wp-json\/wp\/v2\/media?parent=24"}],"curies":[{"name":"wp","href":"https:\/\/api.w.org\/{rel}","templated":true}]}}