{"id":14,"date":"2023-06-21T23:58:12","date_gmt":"2023-06-21T21:58:12","guid":{"rendered":"https:\/\/leathermed.pl\/?page_id=14"},"modified":"2023-07-24T20:53:15","modified_gmt":"2023-07-24T18:53:15","slug":"reklamacje-i-zwroty","status":"publish","type":"page","link":"https:\/\/leathermed.pl\/de\/reklamacje-i-zwroty\/","title":{"rendered":"Reklamacje i zwroty"},"content":{"rendered":"<div class=\"wpb-content-wrapper\"><p>[vc_row][vc_column][vc_column_text uncode_shortcode_id=&#8221;127332&#8243;]<\/p>\n<h1 class=\"western\">Zwroty i reklamacje<\/h1>\n<h5 class=\"western\" align=\"JUSTIFY\"><strong>Dbamy, aby nasze produkty by\u0142y najwy\u017cszej jako\u015bci. Dlatego w Leathermed gwarantujemy satysfakcj\u0119 z zakupionych towar\u00f3w<\/strong>.<\/h5>\n<p align=\"JUSTIFY\">Paczk\u0119 wystarczy zwr\u00f3ci\u0107 nie p\u00f3\u017aniej ni\u017c 14 dni po jej otrzymaniu od nas w pierwotnym zam\u00f3wieniu. Pieni\u0105dze zostan\u0105 Ci zwr\u00f3cone w ci\u0105gu 5 dni roboczych przelewem bankowym na wskazany numer rachunku. Prosimy o zapakowanie i zabezpieczenie odsy\u0142anych Towar\u00f3w tak, aby nie zosta\u0142y uszkodzone w transporcie. Aby dokona\u0107 zwrotu wype\u0142nij jedynie poni\u017cszy formularz i ode\u015blij go wraz z produktem na poni\u017cszy adres:<\/p>\n<p align=\"JUSTIFY\">C&amp;V Wioleta Ci\u0119ciera<\/p>\n<p align=\"JUSTIFY\">Sitaniec Kolonia 104<\/p>\n<p align=\"JUSTIFY\">22-400 Zamo\u015b\u0107<\/p>\n<p align=\"JUSTIFY\">email: <span style=\"color: #000080;\"><span lang=\"pl-PL\"><u><a href=\"mailto:biuro@leathermed.pl\">biuro@leathermed.pl<\/a><\/u><\/span><\/span><\/p>\n<p align=\"JUSTIFY\">telefon: +48 690 -460 220<\/p>\n<p>[\/vc_column_text][vc_button button_color=&#8221;accent&#8221; border_width=&#8221;0&#8243; link=&#8221;url:http%3A%2F%2Fleathermed.pl%2Fwp-content%2Fuploads%2F2023%2F07%2FOswiadczenie-o-odstapieniu-od-umowy-LEATHERMED.pdf|title:Pobierz%20formularz%20zwrotu%20i%20wymuiany&#8221; button_color_type=&#8221;uncode-palette&#8221; uncode_shortcode_id=&#8221;481386&#8243;]Pobierz formularz zwrotu i wymiany[\/vc_button][vc_column_text uncode_shortcode_id=&#8221;703983&#8243;]<\/p>\n<p align=\"JUSTIFY\">Odsy\u0142aj\u0105c produkt, zabezpiecz go w taki spos\u00f3b, aby nie zosta\u0142 uszkodzony podczas transportu. Je\u015bli jednak produkt zostanie uszkodzony lub nie b\u0119dzie posiada\u0142 kt\u00f3rego\u015b z element\u00f3w wchodz\u0105cych w jego sk\u0142ad, zwrot nie zostanie uznany, a paczka b\u0119dzie odes\u0142ana na Tw\u00f3j koszt. Zwracany produkt musi nadawa\u0107 si\u0119 do ponownej sprzeda\u017cy.<\/p>\n<p align=\"JUSTIFY\">Ze wzgl\u0119du na ochron\u0119 zdrowia oraz wzgl\u0119d\u00f3w higienicznych <strong><u>NIE PRZYJMUJEMY ZWROTU PRODUKT\u00d3W OTWARTYCH LUB U\u017bYTYCH.<\/u><\/strong><\/p>\n<p align=\"JUSTIFY\">Klient ponosi odpowiedzialno\u015b\u0107 za zmniejszenie warto\u015bci rzeczy b\u0119d\u0105ce wynikiem korzystania z niej w spos\u00f3b wykraczaj\u0105cy poza konieczny do stwierdzenia charakteru, cech i funkcjonowania rzeczy.\u00a0Je\u017celi zatem zwracany towar b\u0119dzie uszkodzony lub b\u0119dzie nosi\u0107 \u015blady wi\u0119kszego zu\u017cycia ni\u017c to jest niezb\u0119dne do sprawdzenia towaru Sklep ma prawo do rekompensaty, kt\u00f3ra zostanie potr\u0105cona z zap\u0142aty.<\/p>\n<p align=\"JUSTIFY\">Niestety nie przyjmujemy paczek za pobraniem oraz wys\u0142anych do paczkomatu. Je\u015bli w ci\u0105gu tygodnia od nadania paczki nie otrzymasz od nas \u017cadnej informacji odno\u015bnie zwrotu, napisz nam wiadomo\u015b\u0107 na adres email biuro@leathermed.pl.\u00a0Prawdopodobnie Twoja paczka le\u017cy w oddziale pocztowym lub kurierskim, a my nawet o niej nie wiemy. Zwrot \u015brodk\u00f3w zostanie wykonany w ci\u0105gu 14 dni na wskazane w formularzu konto. W sytuacji, gdy chcia\u0142by\u015b dokona\u0107 wymiany produktu post\u0119puj tak jak w przypadku zwrotu, ale w formularzu poinformuj nas jaki produkt chcia\u0142by\u015b otrzyma\u0107 w ramach wymiany. Koszt wymiany jest r\u00f3wnowa\u017cny z ponownym kosztem wysy\u0142ki.<\/p>\n<h5 class=\"western\" align=\"LEFT\"><b>REGULAMIN ODST\u0104PIENIA<\/b><\/h5>\n<ol>\n<li>\n<p align=\"JUSTIFY\">Zgodnie z Ustaw\u0105 z dnia 30 maja 2014 r. o prawach konsumenta (Dz. U. z 2014 r., poz. 827 z p\u00f3\u017an. zm.) Klient, kt\u00f3ry zawar\u0142 umow\u0119 na odleg\u0142o\u015b\u0107 lub poza lokalem przedsi\u0119biorstwa, mo\u017ce w terminie 14 dni odst\u0105pi\u0107 od umowy bez podania przyczyny i bez ponoszenia koszt\u00f3w (z wyj\u0105tkiem bezpo\u015brednich koszt\u00f3w odes\u0142ania Towaru).<\/p>\n<\/li>\n<li>\n<p align=\"JUSTIFY\">Bieg 14-dniowego terminu do odst\u0105pienia od umowy rozpoczyna si\u0119 w przypadku Umowy Sprzeda\u017cy od obj\u0119cia Towar\u00f3w w posiadanie przez Klienta lub wskazan\u0105 przez niego osob\u0119 trzeci\u0105 inn\u0105, ni\u017c przewo\u017anik. Je\u017celi Umowa Sprzeda\u017cy obejmuje wiele Towar\u00f3w, kt\u00f3re s\u0105 dostarczane osobno, partiami lub w cz\u0119\u015bciach \u2013 od obj\u0119cia w posiadanie ostatniej rzeczy (Towar\u00f3w), partii lub cz\u0119\u015bci.<\/p>\n<\/li>\n<li>\n<p align=\"LEFT\">W przypadku z\u0142o\u017cenia przez Klienta o\u015bwiadczenia o odst\u0105pieniu od umowy, nale\u017cy je wys\u0142a\u0107 na adres:<\/p>\n<p>C&amp;V Wioleta Ci\u0119ciera<\/li>\n<\/ol>\n<p align=\"LEFT\">Sitaniec Kolonia 104<\/p>\n<p align=\"LEFT\">22-400 Zamo\u015b\u0107<\/p>\n<p align=\"LEFT\">email: <span style=\"color: #000080;\"><span lang=\"pl-PL\"><u><a href=\"mailto:biuro@leathermed.pl\">biuro@leathermed.pl<\/a><\/u><\/span><\/span><\/p>\n<p align=\"LEFT\">telefon: +48 690 460 220<\/p>\n<ol start=\"4\">\n<li>\n<p align=\"JUSTIFY\">Do zachowania 14 \u2013 dniowego terminu na odst\u0105pienie wystarczy wys\u0142anie o\u015bwiadczenia wraz ze zwracanym produktem, przed up\u0142ywem 14 dni od otrzymania.<\/p>\n<\/li>\n<li>\n<p align=\"JUSTIFY\">Sprzedawca niezw\u0142ocznie potwierdzi Klientowi poprzez wiadomo\u015b\u0107 e-mail (podany przy zawieraniu Umowy sprzeda\u017cy) otrzymanie o\u015bwiadczenia o odst\u0105pieniu od umowy.<\/p>\n<\/li>\n<li>\n<p align=\"JUSTIFY\">W przypadku odst\u0105pienia od umowy zawartej na odleg\u0142o\u015b\u0107, umow\u0119 uwa\u017ca si\u0119 za niezawart\u0105. Sprzedawca ma obowi\u0105zek niezw\u0142ocznie, nie p\u00f3\u017aniej ni\u017c w terminie 14 dni od dnia otrzymania o\u015bwiadczenia Klienta o odst\u0105pieniu od umowy, zwr\u00f3ci\u0107 Klientowi wszystkie dokonane przez niego p\u0142atno\u015bci, w tym koszty dostarczenia Towar\u00f3w. Sprzedawca dokonuje zwrotu p\u0142atno\u015bci przy u\u017cyciu takiego samego sposobu zap\u0142aty, jakiego u\u017cy\u0142 Klient, chyba \u017ce Klient wyra\u017anie zgodzi\u0142 si\u0119 na inny spos\u00f3b zwrotu, kt\u00f3ry nie wi\u0105\u017ce si\u0119 dla niego z \u017cadnymi dodatkowymi kosztami.<\/p>\n<\/li>\n<li>\n<p align=\"JUSTIFY\">Sprzedawca mo\u017ce wstrzyma\u0107 si\u0119 ze zwrotem p\u0142atno\u015bci otrzymanych od Klienta do chwili otrzymania Towar\u00f3w z powrotem.<\/p>\n<\/li>\n<li>\n<p align=\"JUSTIFY\">Je\u017celi Klient wybiera spos\u00f3b dostarczenia Towar\u00f3w inny ni\u017c najta\u0144szy spos\u00f3b dostarczenia oferowany przez Sprzedawc\u0119, Sprzedawca nie jest zobowi\u0105zany do zwrotu Klientowi poniesionych przez niego dodatkowych koszt\u00f3w.<\/p>\n<\/li>\n<li>\n<p align=\"JUSTIFY\">Klient ponosi odpowiedzialno\u015b\u0107 za zmniejszenie warto\u015bci rzeczy b\u0119d\u0105ce wynikiem korzystania z niej w spos\u00f3b wykraczaj\u0105cy poza konieczny do stwierdzenia charakteru, cech i funkcjonowania rzeczy.<\/p>\n<\/li>\n<li>\n<p align=\"JUSTIFY\">Zgodnie z art. 38 ustawy z dnia 30 kwietnia 2014 roku o prawach konsumenta (Dz. U. z 2014 r., poz. 827), prawo odst\u0105pienia od umowy zawartej na odleg\u0142o\u015b\u0107 nie przys\u0142uguje Konsumentowi w odniesieniu do um\u00f3w:<\/p>\n<ul>\n<li>\n<p align=\"JUSTIFY\">o \u015bwiadczenie us\u0142ug, je\u017celi przedsi\u0119biorca wykona\u0142 w pe\u0142ni us\u0142ug\u0119 za wyra\u017an\u0105 zgod\u0105 konsumenta, kt\u00f3ry zosta\u0142 poinformowany przed rozpocz\u0119ciem \u015bwiadczenia, \u017ce po spe\u0142nieniu \u015bwiadczenia przez przedsi\u0119biorc\u0119 utraci prawo odst\u0105pienia od umowy;<\/p>\n<\/li>\n<li>\n<p align=\"JUSTIFY\">w kt\u00f3rej przedmiotem \u015bwiadczenia jest rzecz nieprefabrykowana, wyprodukowana wed\u0142ug specyfikacji konsumenta lub s\u0142u\u017c\u0105ca zaspokojeniu jego zindywidualizowanych potrzeb;<\/p>\n<\/li>\n<li>\n<p align=\"JUSTIFY\">w kt\u00f3rej przedmiotem \u015bwiadczenia jest rzecz ulegaj\u0105ca szybkiemu zepsuciu lub maj\u0105ca kr\u00f3tki termin przydatno\u015bci do u\u017cycia;<\/p>\n<\/li>\n<li>\n<p align=\"JUSTIFY\">w kt\u00f3rej przedmiotem \u015bwiadczenia jest rzecz dostarczana w zapiecz\u0119towanym opakowaniu, kt\u00f3rej po otwarciu opakowania nie mo\u017cna zwr\u00f3ci\u0107 ze wzgl\u0119du na ochron\u0119 zdrowia lub ze wzgl\u0119d\u00f3w higienicznych, je\u017celi opakowanie zosta\u0142o otwarte po dostarczeniu;<\/p>\n<\/li>\n<li>\n<p align=\"JUSTIFY\">w kt\u00f3rej przedmiotem \u015bwiadczenia s\u0105 rzeczy, kt\u00f3re po dostarczeniu, ze wzgl\u0119du na sw\u00f3j charakter, zostaj\u0105 nieroz\u0142\u0105cznie po\u0142\u0105czone z innymi rzeczami.<\/p>\n<\/li>\n<\/ul>\n<\/li>\n<\/ol>\n<h5 class=\"western\" align=\"LEFT\"><b>POST\u0118POWANIE REKLAMACYJNE<\/b><\/h5>\n<ol>\n<li>\n<p align=\"JUSTIFY\">Podstawa i zakres odpowiedzialno\u015bci Sprzedawcy wobec Klienta b\u0119d\u0105cego Konsumentem, z tytu\u0142u r\u0119kojmi obejmuj\u0105cej wady fizyczne i prawne, s\u0105 okre\u015blone w ustawie Kodeks cywilny z dnia 23 kwietnia 1964 r. (Dz. U. nr 16, poz. 93 ze zm.)<\/p>\n<\/li>\n<li>\n<p align=\"JUSTIFY\"><a name=\"Bookmark\"><\/a> Zawiadomienia o wadach dotycz\u0105cych Produktu oraz zg\u0142oszenie odpowiedniego \u017c\u0105dania mo\u017cna dokona\u0107 za po\u015brednictwem poczty elektronicznej na adres: <span style=\"color: #000080;\"><span lang=\"pl-PL\"><u><a href=\"mailto:biuro@leathermed.pl\">biuro@leathermed.pl<\/a><\/u><\/span><\/span> lub pisemnie na adres: C &amp;V Wioleta Ci\u0119ciera, Sitaniec Kolonia 104, 22-400 Zamo\u015b\u0107.<\/p>\n<\/li>\n<li>\n<p align=\"JUSTIFY\">W powy\u017cszej wiadomo\u015bci e-mail nale\u017cy poda\u0107 jak najwi\u0119cej informacji i okoliczno\u015bci dotycz\u0105cych przedmiotu reklamacji, w szczeg\u00f3lno\u015bci rodzaj i dat\u0119 wyst\u0105pienia nieprawid\u0142owo\u015bci, dane kontaktowe oraz dokumentacj\u0119 zdj\u0119ciow\u0105. Podane informacje znacznie u\u0142atwi\u0105 i przyspiesz\u0105 rozpatrzenie reklamacji przez Sprzedawc\u0119.<\/p>\n<\/li>\n<li>\n<p align=\"JUSTIFY\">Gdy jest to niezb\u0119dne dla oceny wad fizycznych Produktu, nale\u017cy go dostarczy\u0107 na adres: C &amp;V Wioleta Ci\u0119ciera, Sitaniec Kolonia 104, 22-400 Zamo\u015b\u0107.<\/p>\n<\/li>\n<li>\n<p align=\"JUSTIFY\">Sprzedawca ustosunkuje si\u0119 do \u017c\u0105dania Klienta niezw\u0142ocznie, nie p\u00f3\u017aniej ni\u017c w terminie 14 dni. Odpowied\u017a w sprawie reklamacji jest wysy\u0142ana na podany przez Klienta adres e-mail lub w inny podany przez Klienta spos\u00f3b.<\/p>\n<\/li>\n<li>\n<p align=\"JUSTIFY\">W przypadku reklamacji Klienta b\u0119d\u0105cego Konsumentem \u2013 nierozpatrzenie reklamacji w terminie 14 dni jest jednoznaczne z jej uwzgl\u0119dnieniem.\u00a0W zwi\u0105zku z reklamacj\u0105 Klienta b\u0119d\u0105cego Konsumentem Sprzedawca pokrywa koszty odbioru, dostawy i wymiany Produktu na wolny od wad.<\/p>\n<\/li>\n<\/ol>\n<p>[\/vc_column_text][\/vc_column][\/vc_row]<\/p>\n<\/div>","protected":false},"excerpt":{"rendered":"<p>[vc_row][vc_column][vc_column_text uncode_shortcode_id=&#8221;127332&#8243;] Zwroty i reklamacje Dbamy, aby nasze produkty by\u0142y najwy\u017cszej jako\u015bci. Dlatego w Leathermed gwarantujemy satysfakcj\u0119 z zakupionych towar\u00f3w. [&hellip;]<\/p>\n","protected":false},"author":1,"featured_media":0,"parent":0,"menu_order":0,"comment_status":"closed","ping_status":"closed","template":"","meta":{"_acf_changed":false,"footnotes":""},"class_list":["post-14","page","type-page","status-publish","hentry"],"acf":[],"yoast_head":"<!-- This site is optimized with the Yoast SEO plugin v23.6 - https:\/\/yoast.com\/wordpress\/plugins\/seo\/ -->\n<title>Reklamacje i zwroty - Leathermed<\/title>\n<meta name=\"robots\" content=\"index, follow, max-snippet:-1, max-image-preview:large, max-video-preview:-1\" \/>\n<link rel=\"canonical\" href=\"https:\/\/leathermed.pl\/reklamacje-i-zwroty\/\" \/>\n<meta property=\"og:locale\" content=\"de_DE\" \/>\n<meta property=\"og:type\" content=\"article\" \/>\n<meta property=\"og:title\" content=\"Reklamacje i zwroty - Leathermed\" \/>\n<meta property=\"og:description\" content=\"[vc_row][vc_column][vc_column_text uncode_shortcode_id=&#8221;127332&#8243;] Zwroty i reklamacje Dbamy, aby nasze produkty by\u0142y najwy\u017cszej jako\u015bci. Dlatego w Leathermed gwarantujemy satysfakcj\u0119 z zakupionych towar\u00f3w. [&hellip;]\" \/>\n<meta property=\"og:url\" content=\"https:\/\/leathermed.pl\/reklamacje-i-zwroty\/\" \/>\n<meta property=\"og:site_name\" content=\"Leathermed\" \/>\n<meta property=\"article:publisher\" content=\"https:\/\/www.facebook.com\/p\/Leathermed-61557229173629\/\" \/>\n<meta property=\"article:modified_time\" content=\"2023-07-24T18:53:15+00:00\" \/>\n<meta name=\"twitter:card\" content=\"summary_large_image\" \/>\n<meta name=\"twitter:label1\" content=\"Gesch\u00e4tzte Lesezeit\" \/>\n\t<meta name=\"twitter:data1\" content=\"6\u00a0Minuten\" \/>\n<script type=\"application\/ld+json\" class=\"yoast-schema-graph\">{\"@context\":\"https:\/\/schema.org\",\"@graph\":[{\"@type\":\"WebPage\",\"@id\":\"https:\/\/leathermed.pl\/reklamacje-i-zwroty\/\",\"url\":\"https:\/\/leathermed.pl\/reklamacje-i-zwroty\/\",\"name\":\"Reklamacje i zwroty - Leathermed\",\"isPartOf\":{\"@id\":\"https:\/\/leathermed.pl\/#website\"},\"datePublished\":\"2023-06-21T21:58:12+00:00\",\"dateModified\":\"2023-07-24T18:53:15+00:00\",\"breadcrumb\":{\"@id\":\"https:\/\/leathermed.pl\/reklamacje-i-zwroty\/#breadcrumb\"},\"inLanguage\":\"de\",\"potentialAction\":[{\"@type\":\"ReadAction\",\"target\":[\"https:\/\/leathermed.pl\/reklamacje-i-zwroty\/\"]}]},{\"@type\":\"BreadcrumbList\",\"@id\":\"https:\/\/leathermed.pl\/reklamacje-i-zwroty\/#breadcrumb\",\"itemListElement\":[{\"@type\":\"ListItem\",\"position\":1,\"name\":\"Strona g\u0142\u00f3wna\",\"item\":\"https:\/\/leathermed.pl\/de\/\"},{\"@type\":\"ListItem\",\"position\":2,\"name\":\"Reklamacje i zwroty\"}]},{\"@type\":\"WebSite\",\"@id\":\"https:\/\/leathermed.pl\/#website\",\"url\":\"https:\/\/leathermed.pl\/\",\"name\":\"Leathermed\",\"description\":\"\",\"publisher\":{\"@id\":\"https:\/\/leathermed.pl\/#organization\"},\"potentialAction\":[{\"@type\":\"SearchAction\",\"target\":{\"@type\":\"EntryPoint\",\"urlTemplate\":\"https:\/\/leathermed.pl\/?s={search_term_string}\"},\"query-input\":{\"@type\":\"PropertyValueSpecification\",\"valueRequired\":true,\"valueName\":\"search_term_string\"}}],\"inLanguage\":\"de\"},{\"@type\":\"Organization\",\"@id\":\"https:\/\/leathermed.pl\/#organization\",\"name\":\"Leathermed\",\"url\":\"https:\/\/leathermed.pl\/\",\"logo\":{\"@type\":\"ImageObject\",\"inLanguage\":\"de\",\"@id\":\"https:\/\/leathermed.pl\/#\/schema\/logo\/image\/\",\"url\":\"https:\/\/leathermed.pl\/wp-content\/uploads\/2023\/10\/Logo_Easy-Resize.com_.jpg\",\"contentUrl\":\"https:\/\/leathermed.pl\/wp-content\/uploads\/2023\/10\/Logo_Easy-Resize.com_.jpg\",\"width\":787,\"height\":600,\"caption\":\"Leathermed\"},\"image\":{\"@id\":\"https:\/\/leathermed.pl\/#\/schema\/logo\/image\/\"},\"sameAs\":[\"https:\/\/www.facebook.com\/p\/Leathermed-61557229173629\/\"]}]}<\/script>\n<!-- \/ Yoast SEO plugin. -->","yoast_head_json":{"title":"Reklamacje i zwroty - Leathermed","robots":{"index":"index","follow":"follow","max-snippet":"max-snippet:-1","max-image-preview":"max-image-preview:large","max-video-preview":"max-video-preview:-1"},"canonical":"https:\/\/leathermed.pl\/reklamacje-i-zwroty\/","og_locale":"de_DE","og_type":"article","og_title":"Reklamacje i zwroty - Leathermed","og_description":"[vc_row][vc_column][vc_column_text uncode_shortcode_id=&#8221;127332&#8243;] Zwroty i reklamacje Dbamy, aby nasze produkty by\u0142y najwy\u017cszej jako\u015bci. Dlatego w Leathermed gwarantujemy satysfakcj\u0119 z zakupionych towar\u00f3w. [&hellip;]","og_url":"https:\/\/leathermed.pl\/reklamacje-i-zwroty\/","og_site_name":"Leathermed","article_publisher":"https:\/\/www.facebook.com\/p\/Leathermed-61557229173629\/","article_modified_time":"2023-07-24T18:53:15+00:00","twitter_card":"summary_large_image","twitter_misc":{"Gesch\u00e4tzte Lesezeit":"6\u00a0Minuten"},"schema":{"@context":"https:\/\/schema.org","@graph":[{"@type":"WebPage","@id":"https:\/\/leathermed.pl\/reklamacje-i-zwroty\/","url":"https:\/\/leathermed.pl\/reklamacje-i-zwroty\/","name":"Reklamacje i zwroty - Leathermed","isPartOf":{"@id":"https:\/\/leathermed.pl\/#website"},"datePublished":"2023-06-21T21:58:12+00:00","dateModified":"2023-07-24T18:53:15+00:00","breadcrumb":{"@id":"https:\/\/leathermed.pl\/reklamacje-i-zwroty\/#breadcrumb"},"inLanguage":"de","potentialAction":[{"@type":"ReadAction","target":["https:\/\/leathermed.pl\/reklamacje-i-zwroty\/"]}]},{"@type":"BreadcrumbList","@id":"https:\/\/leathermed.pl\/reklamacje-i-zwroty\/#breadcrumb","itemListElement":[{"@type":"ListItem","position":1,"name":"Strona g\u0142\u00f3wna","item":"https:\/\/leathermed.pl\/de\/"},{"@type":"ListItem","position":2,"name":"Reklamacje i zwroty"}]},{"@type":"WebSite","@id":"https:\/\/leathermed.pl\/#website","url":"https:\/\/leathermed.pl\/","name":"Leathermed","description":"","publisher":{"@id":"https:\/\/leathermed.pl\/#organization"},"potentialAction":[{"@type":"SearchAction","target":{"@type":"EntryPoint","urlTemplate":"https:\/\/leathermed.pl\/?s={search_term_string}"},"query-input":{"@type":"PropertyValueSpecification","valueRequired":true,"valueName":"search_term_string"}}],"inLanguage":"de"},{"@type":"Organization","@id":"https:\/\/leathermed.pl\/#organization","name":"Leathermed","url":"https:\/\/leathermed.pl\/","logo":{"@type":"ImageObject","inLanguage":"de","@id":"https:\/\/leathermed.pl\/#\/schema\/logo\/image\/","url":"https:\/\/leathermed.pl\/wp-content\/uploads\/2023\/10\/Logo_Easy-Resize.com_.jpg","contentUrl":"https:\/\/leathermed.pl\/wp-content\/uploads\/2023\/10\/Logo_Easy-Resize.com_.jpg","width":787,"height":600,"caption":"Leathermed"},"image":{"@id":"https:\/\/leathermed.pl\/#\/schema\/logo\/image\/"},"sameAs":["https:\/\/www.facebook.com\/p\/Leathermed-61557229173629\/"]}]}},"_links":{"self":[{"href":"https:\/\/leathermed.pl\/de\/wp-json\/wp\/v2\/pages\/14","targetHints":{"allow":["GET"]}}],"collection":[{"href":"https:\/\/leathermed.pl\/de\/wp-json\/wp\/v2\/pages"}],"about":[{"href":"https:\/\/leathermed.pl\/de\/wp-json\/wp\/v2\/types\/page"}],"author":[{"embeddable":true,"href":"https:\/\/leathermed.pl\/de\/wp-json\/wp\/v2\/users\/1"}],"replies":[{"embeddable":true,"href":"https:\/\/leathermed.pl\/de\/wp-json\/wp\/v2\/comments?post=14"}],"version-history":[{"count":0,"href":"https:\/\/leathermed.pl\/de\/wp-json\/wp\/v2\/pages\/14\/revisions"}],"wp:attachment":[{"href":"https:\/\/leathermed.pl\/de\/wp-json\/wp\/v2\/media?parent=14"}],"curies":[{"name":"wp","href":"https:\/\/api.w.org\/{rel}","templated":true}]}}